{"id":5189,"date":"2021-05-24T16:10:03","date_gmt":"2021-05-24T16:10:03","guid":{"rendered":"https:\/\/blogsaverroes.juntadeandalucia.es\/iesacci\/?page_id=5189"},"modified":"2021-06-29T06:47:40","modified_gmt":"2021-06-29T06:47:40","slug":"laurel","status":"publish","type":"page","link":"https:\/\/blogsaverroes.juntadeandalucia.es\/iesacci\/laurel\/","title":{"rendered":"LAUREL"},"content":{"rendered":"<p><strong>Laurel.&nbsp; <em>Laurus nobilis<\/em><\/strong><\/p>\n<p><strong>\u00bfSAB\u00cdAS QUE\u2026? <\/strong>El laurel es una planta t\u00f3xica y si se abusa de ella puede causar graves trastornos intestinales.<\/p>\n<p><strong>DESCRIPCI\u00d3N<\/strong><\/p>\n<p>El laurel es un peque\u00f1o \u00e1rbol de tronco recto, corteza lisa y gris\u00e1cea, que alcanza los 10 m de altura y que proyecta una densa sombra. Toda la planta contiene aceites esenciales que la hacen arom\u00e1tica, sobre todo sus hojas, que son persistentes, simples, alternas, de hasta 15 cm de largo, oblongo-lanceoladas, de margen entero \u2014aunque a veces se vean un poco onduladas\u2014 y verde oscuras por ambas caras. Las flores son amarillentas, no muy aparentes, y est\u00e1n dispuestas en distintos pies de planta. El fruto es carnoso y negro al madurar (drupa), del tama\u00f1o de un guisante.<\/p>\n<p><strong>ECOLOG\u00cdA<\/strong><\/p>\n<p>Crece en lugares de clima suave y fresco como acompa\u00f1ante de otras formaciones arb\u00f3reas de hoja caduca, aunque algunas veces forma bosquetes. Suele estar asociado a lugares cercanos al mar, barrancos y vaguadas h\u00famedas y sombr\u00edas, sobre cualquier tipo de suelo. No asciende mucho en altitud porque le afectan las heladas.<\/p>\n<p><strong>DISTRIBUCI\u00d3N<\/strong><\/p>\n<p>Esta planta habita de forma natural en la regi\u00f3n mediterr\u00e1nea, aunque est\u00e1 ampliamente cultivada en todo el territorio y a veces naturalizada, pues germina muy bien de semilla, as\u00ed que su distribuci\u00f3n natural es dif\u00edcil de delimitar. Es mucho m\u00e1s abundante en la costa cant\u00e1brica y atl\u00e1ntica, en Catalu\u00f1a y Baleares, mientras que por el sur est\u00e1 presente en las sierras gaditanas.<\/p>\n","protected":false},"excerpt":{"rendered":"<p>Laurel.&nbsp; Laurus nobilis \u00bfSAB\u00cdAS QUE\u2026? El laurel es una planta t\u00f3xica y si se abusa de ella puede causar graves trastornos intestinales. DESCRIPCI\u00d3N El laurel es un peque\u00f1o \u00e1rbol de tronco recto, corteza lisa&#46;&#46;&#46;<\/p>\n","protected":false},"author":2064,"featured_media":0,"parent":0,"menu_order":0,"comment_status":"closed","ping_status":"closed","template":"","meta":{"ngg_post_thumbnail":0,"footnotes":"","_mc_calendar":[]},"aioseo_notices":[],"_links":{"self":[{"href":"https:\/\/blogsaverroes.juntadeandalucia.es\/iesacci\/wp-json\/wp\/v2\/pages\/5189"}],"collection":[{"href":"https:\/\/blogsaverroes.juntadeandalucia.es\/iesacci\/wp-json\/wp\/v2\/pages"}],"about":[{"href":"https:\/\/blogsaverroes.juntadeandalucia.es\/iesacci\/wp-json\/wp\/v2\/types\/page"}],"author":[{"embeddable":true,"href":"https:\/\/blogsaverroes.juntadeandalucia.es\/iesacci\/wp-json\/wp\/v2\/users\/2064"}],"replies":[{"embeddable":true,"href":"https:\/\/blogsaverroes.juntadeandalucia.es\/iesacci\/wp-json\/wp\/v2\/comments?post=5189"}],"version-history":[{"count":2,"href":"https:\/\/blogsaverroes.juntadeandalucia.es\/iesacci\/wp-json\/wp\/v2\/pages\/5189\/revisions"}],"predecessor-version":[{"id":5309,"href":"https:\/\/blogsaverroes.juntadeandalucia.es\/iesacci\/wp-json\/wp\/v2\/pages\/5189\/revisions\/5309"}],"wp:attachment":[{"href":"https:\/\/blogsaverroes.juntadeandalucia.es\/iesacci\/wp-json\/wp\/v2\/media?parent=5189"}],"curies":[{"name":"wp","href":"https:\/\/api.w.org\/{rel}","templated":true}]}}