{"id":5195,"date":"2021-05-24T16:10:39","date_gmt":"2021-05-24T16:10:39","guid":{"rendered":"https:\/\/blogsaverroes.juntadeandalucia.es\/iesacci\/?page_id=5195"},"modified":"2021-06-29T06:50:43","modified_gmt":"2021-06-29T06:50:43","slug":"manzano","status":"publish","type":"page","link":"https:\/\/blogsaverroes.juntadeandalucia.es\/iesacci\/manzano\/","title":{"rendered":"MANZANO"},"content":{"rendered":"<p><strong>Manzano. <em>Malus domestica.<\/em><\/strong><\/p>\n<p><strong>\u00bfSAB\u00cdAS QUE\u2026? <\/strong>La manzana es un fruto muy saludable para limpiar los dientes de manera natural.<\/p>\n<p><strong>DESCRIPCI\u00d3N<\/strong><\/p>\n<p>Es un \u00e1rbol de mediano tama\u00f1o (4 m de altura), inerme, caducifolio, de copa redondeada abierta y numerosas ramas que se desarrollan casi horizontalmente. El tronco tiene corteza agrietada que se desprende en placas. Las hojas, estipuladas y cortamente pecioladas, son ovaladas, acuminadas u obtusas, de base cuneada o redondeada, generalmente de bordes aserradas pero ocasionalmente sub-enteras, de fuerte color verde y con pubescencia en el env\u00e9s. Al estrujarlas despiden un agradable aroma.<\/p>\n<p>La inflorescencia es una cima umbeliforme o corimbiforme con 4-8 flores hermafroditas de ovario \u00ednfero, siendo la central la primera en formarse en posici\u00f3n terminal, resultando la m\u00e1s desarrollada y competitiva. A esta se le llama com\u00fanmente \u00abflor reina\u00bb y generalmente produce los frutos de mayor tama\u00f1o y calidad. Dichas flores son hermafrodita, con un c\u00e1liz de cinco s\u00e9palos, una corola de 5 p\u00e9talos blancos, redondeados, frecuentemente veteados de rojo o rosa, con u\u00f1a milim\u00e9trica y 20 estambres. El manzano florece en primavera antes de la aparici\u00f3n anual de sus hojas. El fruto, la manzana, es un pomo de 30-100 por 35-110 mm, globoso, con restos del c\u00e1liz en el \u00e1pice, verde, amarillo, rojizo, etc&#8230;, &nbsp;con semillas de 7-8 por 4 mm. La manzana suele madurar hacia el oto\u00f1o.<\/p>\n<p><strong>ECOLOG\u00cdA<\/strong><\/p>\n<p>La madera del manzano es utilizada en artesan\u00eda, dada su dureza, pero su uso m\u00e1s masificado guarda relaci\u00f3n con su valor ornamental y por su fruto, muy apetecido. Es una fruta muy rica en az\u00facares simples, siendo poco indicada en personas que presentan trastornos del metabolismo de los carbohidratos, como la diabetes. Act\u00faa como dent\u00edfrico natural, ya que tanto la carne como la c\u00e1scara de la manzana permiten la limpieza de los dientes mientras \u00e9sta es ingerida. A partir de la fermentaci\u00f3n de esta fruta es posible obtener un licor llamado sidra, muy popular en las zonas rurales. Tambi\u00e9n a partir de los frutos se fabrican dulces y pasteles.<\/p>\n<p><strong>DISTRIBUCI\u00d3N<\/strong><\/p>\n<p>Aunque no se conoce con total seguridad, se cree que la procedencia de los manzanos se halla en el C\u00e1ucaso y Turkest\u00e1n, que es donde se encuentran mayor n\u00famero de variedades. El manzano aparece en toda la Pen\u00ednsula Ib\u00e9rica como especie cultivada y en ocasiones como naturalizada.<\/p>\n","protected":false},"excerpt":{"rendered":"<p>Manzano. Malus domestica. \u00bfSAB\u00cdAS QUE\u2026? La manzana es un fruto muy saludable para limpiar los dientes de manera natural. DESCRIPCI\u00d3N Es un \u00e1rbol de mediano tama\u00f1o (4 m de altura), inerme, caducifolio, de copa&#46;&#46;&#46;<\/p>\n","protected":false},"author":2064,"featured_media":0,"parent":0,"menu_order":0,"comment_status":"closed","ping_status":"closed","template":"","meta":{"ngg_post_thumbnail":0,"footnotes":"","_mc_calendar":[]},"aioseo_notices":[],"_links":{"self":[{"href":"https:\/\/blogsaverroes.juntadeandalucia.es\/iesacci\/wp-json\/wp\/v2\/pages\/5195"}],"collection":[{"href":"https:\/\/blogsaverroes.juntadeandalucia.es\/iesacci\/wp-json\/wp\/v2\/pages"}],"about":[{"href":"https:\/\/blogsaverroes.juntadeandalucia.es\/iesacci\/wp-json\/wp\/v2\/types\/page"}],"author":[{"embeddable":true,"href":"https:\/\/blogsaverroes.juntadeandalucia.es\/iesacci\/wp-json\/wp\/v2\/users\/2064"}],"replies":[{"embeddable":true,"href":"https:\/\/blogsaverroes.juntadeandalucia.es\/iesacci\/wp-json\/wp\/v2\/comments?post=5195"}],"version-history":[{"count":2,"href":"https:\/\/blogsaverroes.juntadeandalucia.es\/iesacci\/wp-json\/wp\/v2\/pages\/5195\/revisions"}],"predecessor-version":[{"id":5312,"href":"https:\/\/blogsaverroes.juntadeandalucia.es\/iesacci\/wp-json\/wp\/v2\/pages\/5195\/revisions\/5312"}],"wp:attachment":[{"href":"https:\/\/blogsaverroes.juntadeandalucia.es\/iesacci\/wp-json\/wp\/v2\/media?parent=5195"}],"curies":[{"name":"wp","href":"https:\/\/api.w.org\/{rel}","templated":true}]}}