{"id":5199,"date":"2021-05-24T16:11:04","date_gmt":"2021-05-24T16:11:04","guid":{"rendered":"https:\/\/blogsaverroes.juntadeandalucia.es\/iesacci\/?page_id=5199"},"modified":"2021-06-29T06:51:27","modified_gmt":"2021-06-29T06:51:27","slug":"morera-blanca","status":"publish","type":"page","link":"https:\/\/blogsaverroes.juntadeandalucia.es\/iesacci\/morera-blanca\/","title":{"rendered":"MORERA BLANCA"},"content":{"rendered":"<p><strong>Morera Blanca. <em>Morus alba<\/em><\/strong><\/p>\n<p><strong>DESCRIPCI\u00d3N<\/strong><\/p>\n<p>\u00c1rbol de hasta 18 m de alto, ramoso, de copa ancha y corteza lisa y gris cuando es joven, pero gruesa, muy agrietada y parda o gris al envejecer. Las hojas son caducas, simples, alternas, miden de 3 a 22 cm de largo y algo menos de ancho, y son muy variables en su forma: ovales, redondeadas o lobuladas, con dos o m\u00e1s l\u00f3bulos, pero siempre dentadas en su margen y con rabillos largos y algo pelosos en los que a veces se observa l\u00e1tex al ser tronchados. Son finas, generalmente terminadas en punta, acorazonadas en su base y por lo com\u00fan lampi\u00f1as, de haz brillante y con el env\u00e9s que puede tener algunos pelos entre los nervios. Estas caracter\u00edsticas, junto con un fruto de rabillo largo, que cuando madura es m\u00e1s bien soso y habitualmente blanco, blanco-verdoso o rosado \u2014si bien en ocasiones es rojo o negro\u2014, lo diferencian de su cong\u00e9nere <em>Morus nigra<\/em>. Las flores no son muy vistosas y son unisexuales, es decir, las hay masculinas y femeninas. Salen generalmente en distinto pie de planta, pero a veces est\u00e1n separadas sobre el mismo pie de planta. Al fruto lo deber\u00edamos llamar infrutescencia, porque es complejo y cada granito es el verdadero fruto, que se agrupa formando una estructura parecida a una mora de zarza y que bot\u00e1nicamente se conoce con el nombre de sorosis.<\/p>\n<p><strong>ECOLOG\u00cdA<\/strong><\/p>\n<p>Las moreras son indiferentes al tipo de suelo, aunque se cr\u00edan mejor sobre los profundos y f\u00e9rtiles y peor sobre los muy \u00e1cidos. Es muy tolerante con la contaminaci\u00f3n, la poda severa y los rigores del fr\u00edo y el calor, siempre que la falta de agua no sea muy prolongada.<\/p>\n<p><strong>DISTRIBUCI\u00d3N<\/strong><\/p>\n<p>Es una planta de Oriente y es muy dif\u00edcil saber con exactitud su \u00e1rea de distribuci\u00f3n natural ya que se cultiva desde antiguo y sus semillas son f\u00e1cilmente transportadas por las aves. Se cree originaria del centro y este de Asia: China, Corea, Mongolia y norte de la India. En la cuenca mediterr\u00e1nea se introdujo en el siglo VI, tra\u00edda por unos monjes hasta Constantinopla para criar al gusano de seda. Dice la leyenda que los frutos llegaron escondidas en unos b\u00e1culos de bamb\u00fa, porque los chinos ten\u00edan en alto secreto el lucrativo negocio de la seda.<\/p>\n<p>En la Pen\u00ednsula Ib\u00e9rica y Baleares se cultiva con frecuencia como ornamental, principalmente en el este, centro y sur, y tuvo gran importancia sobre todo en Murcia y Granada, donde se criaba para la producci\u00f3n de la seda.<\/p>\n","protected":false},"excerpt":{"rendered":"<p>Morera Blanca. Morus alba DESCRIPCI\u00d3N \u00c1rbol de hasta 18 m de alto, ramoso, de copa ancha y corteza lisa y gris cuando es joven, pero gruesa, muy agrietada y parda o gris al envejecer.&#46;&#46;&#46;<\/p>\n","protected":false},"author":2064,"featured_media":0,"parent":0,"menu_order":0,"comment_status":"closed","ping_status":"closed","template":"","meta":{"ngg_post_thumbnail":0,"footnotes":"","_mc_calendar":[]},"aioseo_notices":[],"_links":{"self":[{"href":"https:\/\/blogsaverroes.juntadeandalucia.es\/iesacci\/wp-json\/wp\/v2\/pages\/5199"}],"collection":[{"href":"https:\/\/blogsaverroes.juntadeandalucia.es\/iesacci\/wp-json\/wp\/v2\/pages"}],"about":[{"href":"https:\/\/blogsaverroes.juntadeandalucia.es\/iesacci\/wp-json\/wp\/v2\/types\/page"}],"author":[{"embeddable":true,"href":"https:\/\/blogsaverroes.juntadeandalucia.es\/iesacci\/wp-json\/wp\/v2\/users\/2064"}],"replies":[{"embeddable":true,"href":"https:\/\/blogsaverroes.juntadeandalucia.es\/iesacci\/wp-json\/wp\/v2\/comments?post=5199"}],"version-history":[{"count":2,"href":"https:\/\/blogsaverroes.juntadeandalucia.es\/iesacci\/wp-json\/wp\/v2\/pages\/5199\/revisions"}],"predecessor-version":[{"id":5313,"href":"https:\/\/blogsaverroes.juntadeandalucia.es\/iesacci\/wp-json\/wp\/v2\/pages\/5199\/revisions\/5313"}],"wp:attachment":[{"href":"https:\/\/blogsaverroes.juntadeandalucia.es\/iesacci\/wp-json\/wp\/v2\/media?parent=5199"}],"curies":[{"name":"wp","href":"https:\/\/api.w.org\/{rel}","templated":true}]}}