{"id":5203,"date":"2021-05-24T16:11:26","date_gmt":"2021-05-24T16:11:26","guid":{"rendered":"https:\/\/blogsaverroes.juntadeandalucia.es\/iesacci\/?page_id=5203"},"modified":"2021-06-29T06:52:37","modified_gmt":"2021-06-29T06:52:37","slug":"nogal","status":"publish","type":"page","link":"https:\/\/blogsaverroes.juntadeandalucia.es\/iesacci\/nogal\/","title":{"rendered":"NOGAL"},"content":{"rendered":"<p><strong>Nogal. <em>Juglans regia.<\/em><\/strong><\/p>\n<p><strong>\u00bfSAB\u00cdAS QUE\u2026? <\/strong>El nogal es un \u00e1rbol muy importante desde el punto de vista comercial. Con su madera se elaboran piezas de lujo, planchas, paneles, salpicaderos de autos, culatas de escopetas y rev\u00f3lveres, etc., y son famosos los retablos y coros de muchas catedrales hechos exclusivamente con ella. Adem\u00e1s est\u00e1 el valor de sus frutos, las nueces, que son muy nutritivas y energ\u00e9ticas y tienen fama de retrasar el envejecimiento, reducir el colesterol, aumentar la potencia sexual y favorecer la memoria.<\/p>\n<p><strong>DESCRIPCI\u00d3N<\/strong><\/p>\n<p>El nogal es una planta regia, majestuosa, que alcanza los 25 o 30 m de altura y con una copa amplia que proyecta una sombra densa bajo su dosel. La corteza es gris plateada y agrietada longitudinalmente. Las hojas son caducas, alternas y compuestas por 5 a 9 hojuelas, siempre en n\u00famero impar (imparipinnadas), ovaladas y de margen entero. Las flores est\u00e1s separadas en el mismo \u00e1rbol; las femeninas pasan m\u00e1s desapercibidas por ser poco aparentes, pero las masculinas son m\u00e1s vistosas y se disponen en largos ped\u00fanculos colgantes denominados amentos, para favorecer la dispersi\u00f3n del polen por el viento. El fruto es la nuez, que viene envuelta por una cubierta carnosa y verde que al madurar se seca y adquiere un tono pardo o morado.<\/p>\n<p><strong>ECOLOG\u00cdA<\/strong><\/p>\n<p>El nogal prefiere los fondos de valle con suelos ricos y profundos, siempre que no sean en exceso \u00e1cidos o encharcados, con el fin de desarrollar mejor su potente sistema radical. Aguanta bien el fr\u00edo, pero no las heladas tard\u00edas, la sequ\u00eda excesiva ni las podas severas. En el suelo donde hay nogales es raro encontrar otras plantas creciendo bajo su sombra. Se da un efecto alelop\u00e1tico, es decir, los restos de hojas que caen contienen taninos y otros compuestos que inhiben la germinaci\u00f3n y el crecimiento de otras especies.<\/p>\n<p><strong>DISTRIBUCI\u00d3N<\/strong><\/p>\n<p>Hay bastante controversia sobre el car\u00e1cter aut\u00f3ctono del nogal. Registros pol\u00ednicos f\u00f3siles indican su presencia despu\u00e9s de las glaciaciones, lo que apunta a que quedaran acantonados en algunos refugios y luego recolonizaran la Pen\u00ednsula ayudados por el ser humano o bien se hibridaran con las razas cultivadas y desparecieran de forma silvestre. La otra posibilidad es que desaparecieran del todo y fueran tra\u00eddos despu\u00e9s. Lo que s\u00ed hicieron los romanos fue extender su cultivo, fundamentalmente por sus frutos. Actualmente se cultiva en casi todo el territorio.<\/p>\n","protected":false},"excerpt":{"rendered":"<p>Nogal. Juglans regia. \u00bfSAB\u00cdAS QUE\u2026? El nogal es un \u00e1rbol muy importante desde el punto de vista comercial. Con su madera se elaboran piezas de lujo, planchas, paneles, salpicaderos de autos, culatas de escopetas&#46;&#46;&#46;<\/p>\n","protected":false},"author":2064,"featured_media":0,"parent":0,"menu_order":0,"comment_status":"closed","ping_status":"closed","template":"","meta":{"ngg_post_thumbnail":0,"footnotes":"","_mc_calendar":[]},"aioseo_notices":[],"_links":{"self":[{"href":"https:\/\/blogsaverroes.juntadeandalucia.es\/iesacci\/wp-json\/wp\/v2\/pages\/5203"}],"collection":[{"href":"https:\/\/blogsaverroes.juntadeandalucia.es\/iesacci\/wp-json\/wp\/v2\/pages"}],"about":[{"href":"https:\/\/blogsaverroes.juntadeandalucia.es\/iesacci\/wp-json\/wp\/v2\/types\/page"}],"author":[{"embeddable":true,"href":"https:\/\/blogsaverroes.juntadeandalucia.es\/iesacci\/wp-json\/wp\/v2\/users\/2064"}],"replies":[{"embeddable":true,"href":"https:\/\/blogsaverroes.juntadeandalucia.es\/iesacci\/wp-json\/wp\/v2\/comments?post=5203"}],"version-history":[{"count":2,"href":"https:\/\/blogsaverroes.juntadeandalucia.es\/iesacci\/wp-json\/wp\/v2\/pages\/5203\/revisions"}],"predecessor-version":[{"id":5315,"href":"https:\/\/blogsaverroes.juntadeandalucia.es\/iesacci\/wp-json\/wp\/v2\/pages\/5203\/revisions\/5315"}],"wp:attachment":[{"href":"https:\/\/blogsaverroes.juntadeandalucia.es\/iesacci\/wp-json\/wp\/v2\/media?parent=5203"}],"curies":[{"name":"wp","href":"https:\/\/api.w.org\/{rel}","templated":true}]}}