{"id":5207,"date":"2021-05-24T16:11:54","date_gmt":"2021-05-24T16:11:54","guid":{"rendered":"https:\/\/blogsaverroes.juntadeandalucia.es\/iesacci\/?page_id=5207"},"modified":"2021-06-29T06:53:44","modified_gmt":"2021-06-29T06:53:44","slug":"olmo-comun","status":"publish","type":"page","link":"https:\/\/blogsaverroes.juntadeandalucia.es\/iesacci\/olmo-comun\/","title":{"rendered":"OLMO COM\u00daN"},"content":{"rendered":"<p><strong>Olmo Com\u00fan. <em>Ulmus minor<\/em><\/strong><\/p>\n<p><strong>\u00bfSAB\u00cdAS QUE\u2026?<\/strong> Las fibras de su corteza se usaron para hacer cuerdas y sus hojas como alimento para el ganado.<\/p>\n<p><strong>DESCRIPCI\u00d3N<\/strong><\/p>\n<p>Este \u00e1rbol de hoja caduca puede alcanzar los 30 m y tiene un porte robusto, muchas veces con chupones que salen desde la base. El tronco en los ejemplares viejos suele estar ahuecado y su corteza es parda y resquebrada. Sus hojas son simples, alternas, serradas, de hasta 8,5 cm de largo por 6 cm de ancho, de contorno ovalado o lanceolado, con la base asim\u00e9trica y un rabillo patente (5-15 mm), que no se queda tapado por el l\u00f3bulo basal, a diferencia del olmo de monta\u00f1a (<em>Ulmus glabra<\/em> Hudson). Como la polinizaci\u00f3n se hace por el viento, las flores son poco vistosas, no as\u00ed los frutos, que salen antes que las hojas y son secos. Se trata de una semilla con envuelta membranosa a modo de ala (s\u00e1mara), para favorecer su dispersi\u00f3n por el viento.<\/p>\n<p><strong>ECOLOG\u00cdA<\/strong><\/p>\n<p>Es una especie propia de climas templados que alcanza los 1000 m de altitud o algo m\u00e1s y se cr\u00eda sobre suelos m\u00e1s bien desarrollados y preferentemente calc\u00e1reos de los valles. Forma bosquetes y se asocia a otras especies de ribera como sauces, alisos y \u00e1lamos, si bien es menos exigente en humedad, formando la parte exterior de la orla boscosa de los r\u00edos.<\/p>\n<p><strong>DISTRIBUCI\u00d3N<\/strong><\/p>\n<p>Habita en Europa, Asia, Norteam\u00e9rica y norte de \u00c1frica. En la Pen\u00ednsula est\u00e1 disperso y muy extendido por casi todas las regiones. Por un lado, se ha visto favorecido por ser un \u00e1rbol muy usado como ornamental y plantado tradicionalmente en las plazas de los pueblos; por otro, la enfermedad de la grafiosis ha mermado mucho sus poblaciones.<\/p>\n","protected":false},"excerpt":{"rendered":"<p>Olmo Com\u00fan. Ulmus minor \u00bfSAB\u00cdAS QUE\u2026? Las fibras de su corteza se usaron para hacer cuerdas y sus hojas como alimento para el ganado. DESCRIPCI\u00d3N Este \u00e1rbol de hoja caduca puede alcanzar los 30&#46;&#46;&#46;<\/p>\n","protected":false},"author":2064,"featured_media":0,"parent":0,"menu_order":0,"comment_status":"closed","ping_status":"closed","template":"","meta":{"ngg_post_thumbnail":0,"footnotes":"","_mc_calendar":[]},"aioseo_notices":[],"_links":{"self":[{"href":"https:\/\/blogsaverroes.juntadeandalucia.es\/iesacci\/wp-json\/wp\/v2\/pages\/5207"}],"collection":[{"href":"https:\/\/blogsaverroes.juntadeandalucia.es\/iesacci\/wp-json\/wp\/v2\/pages"}],"about":[{"href":"https:\/\/blogsaverroes.juntadeandalucia.es\/iesacci\/wp-json\/wp\/v2\/types\/page"}],"author":[{"embeddable":true,"href":"https:\/\/blogsaverroes.juntadeandalucia.es\/iesacci\/wp-json\/wp\/v2\/users\/2064"}],"replies":[{"embeddable":true,"href":"https:\/\/blogsaverroes.juntadeandalucia.es\/iesacci\/wp-json\/wp\/v2\/comments?post=5207"}],"version-history":[{"count":2,"href":"https:\/\/blogsaverroes.juntadeandalucia.es\/iesacci\/wp-json\/wp\/v2\/pages\/5207\/revisions"}],"predecessor-version":[{"id":5317,"href":"https:\/\/blogsaverroes.juntadeandalucia.es\/iesacci\/wp-json\/wp\/v2\/pages\/5207\/revisions\/5317"}],"wp:attachment":[{"href":"https:\/\/blogsaverroes.juntadeandalucia.es\/iesacci\/wp-json\/wp\/v2\/media?parent=5207"}],"curies":[{"name":"wp","href":"https:\/\/api.w.org\/{rel}","templated":true}]}}