{"id":5209,"date":"2021-05-24T16:12:11","date_gmt":"2021-05-24T16:12:11","guid":{"rendered":"https:\/\/blogsaverroes.juntadeandalucia.es\/iesacci\/?page_id=5209"},"modified":"2021-06-29T06:54:52","modified_gmt":"2021-06-29T06:54:52","slug":"peral-comun","status":"publish","type":"page","link":"https:\/\/blogsaverroes.juntadeandalucia.es\/iesacci\/peral-comun\/","title":{"rendered":"PERAL COM\u00daN"},"content":{"rendered":"<h2>Peral. <em>Pyrus communis.<\/em><\/h2>\n<p><strong>\u00bfSAB\u00cdAS QUE\u2026?<\/strong>Las peras silvestres a menudo se maceran o hierven en agua para ablandarlas, e incluso se cuecen en vino.<\/p>\n<p><strong>DESCRIPCI\u00d3N<\/strong><\/p>\n<p>Arbolillo frondoso que raramente alcanza los 10 m de altura. Su copa es densa, la corteza es gris\u00e1cea, el porte es variable, a menudo espinoso y muchas veces con rebrotes de cepa. La l\u00e1mina de las hojas mide generalmente 3-7 cm de largo por 2-5 de ancho. Son caducas, simples, anchas, ovaladas, de margen entero o ligeramente serrado y con un rabillo bastante largo. Se disponen alternas sobre las ramillas o formando densos manojos que dan un aspecto anillado a la ramilla de donde parten. Las flores nacen en grupos numerosos en abril y son blancas. Los p\u00e9talos tienen de 12 a 15 mm de largo. El fruto silvestre es algo dura y granulosa al paladar, no resulta desagradable en crudo.<\/p>\n<p><strong>ECOLOG\u00cdA<\/strong><\/p>\n<p>Especie cultivada en la Pen\u00ednsula y ocasionalmente asilvestrada en zonas umbrosas y h\u00famedas bajo la protecci\u00f3n de bosques, setos y espinares. Es indiferente al sustrato y habita desde el nivel del mar hasta los 1000 m de altitud.<\/p>\n<p><strong>DISTRIBUCI\u00d3N<\/strong><\/p>\n<p>Esta especie es originaria del este de Europa y del C\u00e1ucaso. Actualmente se extiende cultivada en otras zonas del mundo y naturalizada por toda Europa \u2014a excepci\u00f3n de las zonas m\u00e1s fr\u00edas del norte\u2014, oriente de Asia y algunos puntos del norte de \u00c1frica. Hoy d\u00eda los perales cultivados parecen provenir de cruces entre <em>P. communis<\/em> y otras especies orientales en mayor o menor medida. En la Pen\u00ednsula Ib\u00e9rica se cultiva con frecuencia en casi todas las provincias, y a veces se asilvestra en setos y espinares, o al abrigo de cursos de agua.<\/p>\n","protected":false},"excerpt":{"rendered":"<p>Peral. Pyrus communis. \u00bfSAB\u00cdAS QUE\u2026?Las peras silvestres a menudo se maceran o hierven en agua para ablandarlas, e incluso se cuecen en vino. DESCRIPCI\u00d3N Arbolillo frondoso que raramente alcanza los 10 m de altura.&#46;&#46;&#46;<\/p>\n","protected":false},"author":2064,"featured_media":0,"parent":0,"menu_order":0,"comment_status":"closed","ping_status":"closed","template":"","meta":{"ngg_post_thumbnail":0,"footnotes":"","_mc_calendar":[]},"aioseo_notices":[],"_links":{"self":[{"href":"https:\/\/blogsaverroes.juntadeandalucia.es\/iesacci\/wp-json\/wp\/v2\/pages\/5209"}],"collection":[{"href":"https:\/\/blogsaverroes.juntadeandalucia.es\/iesacci\/wp-json\/wp\/v2\/pages"}],"about":[{"href":"https:\/\/blogsaverroes.juntadeandalucia.es\/iesacci\/wp-json\/wp\/v2\/types\/page"}],"author":[{"embeddable":true,"href":"https:\/\/blogsaverroes.juntadeandalucia.es\/iesacci\/wp-json\/wp\/v2\/users\/2064"}],"replies":[{"embeddable":true,"href":"https:\/\/blogsaverroes.juntadeandalucia.es\/iesacci\/wp-json\/wp\/v2\/comments?post=5209"}],"version-history":[{"count":2,"href":"https:\/\/blogsaverroes.juntadeandalucia.es\/iesacci\/wp-json\/wp\/v2\/pages\/5209\/revisions"}],"predecessor-version":[{"id":5319,"href":"https:\/\/blogsaverroes.juntadeandalucia.es\/iesacci\/wp-json\/wp\/v2\/pages\/5209\/revisions\/5319"}],"wp:attachment":[{"href":"https:\/\/blogsaverroes.juntadeandalucia.es\/iesacci\/wp-json\/wp\/v2\/media?parent=5209"}],"curies":[{"name":"wp","href":"https:\/\/api.w.org\/{rel}","templated":true}]}}