{"id":5211,"date":"2021-05-24T16:12:35","date_gmt":"2021-05-24T16:12:35","guid":{"rendered":"https:\/\/blogsaverroes.juntadeandalucia.es\/iesacci\/?page_id=5211"},"modified":"2021-06-29T06:55:21","modified_gmt":"2021-06-29T06:55:21","slug":"pino-pinonero","status":"publish","type":"page","link":"https:\/\/blogsaverroes.juntadeandalucia.es\/iesacci\/pino-pinonero\/","title":{"rendered":"PINO PI\u00d1ONERO"},"content":{"rendered":"<p class=\"LO-normal\" style=\"text-align: center\" align=\"center\"><b><span style=\"font-size: 26.0pt;line-height: 107%\">Pino Pi\u00f1onero. <i>Pinus Pinea.<\/i><\/span><\/b><\/p>\n<p class=\"LO-normal\" style=\"text-align: justify\"><b><span style=\"font-size: 14.0pt;line-height: 107%\">\u00bfSAB\u00cdAS QUE\u2026?<\/span><\/b><span style=\"font-size: 14.0pt;line-height: 107%\"> Los pi\u00f1ones se utilizan en gastronom\u00eda como complemento de algunos platos de carne, pero sobre todo son un ingrediente muy apreciado en reposter\u00eda.<\/span><\/p>\n<p class=\"LO-normal\"><b><span style=\"font-size: 14.0pt;line-height: 107%\">DESCRIPCI\u00d3N<\/span><\/b><\/p>\n<p class=\"LO-normal\" style=\"text-align: justify\"><span style=\"font-size: 14.0pt;line-height: 107%\">Este pino se caracteriza por su porte en forma de sombrilla o parasol y sus grandes pi\u00f1as globosas, de 8-15 cm de largo por 7-10 cm de ancho, que aparecen sentadas sobre las ramillas. Albergan pi\u00f1ones tambi\u00e9n grandes, de hasta 2 cm, en los que no se aprecia un ala membranosa, a diferencia de otras especies. Alcanza los 30 m de altura y su corteza est\u00e1 dividida en grandes placas gruesas y rojizas. Las hojas tienen forma de ac\u00edcula, salen de dos en dos y miden 10-15 cm de largo, si bien pueden llegar a los 20 cm.<\/span><\/p>\n<p class=\"LO-normal\"><b><span style=\"font-size: 14.0pt;line-height: 107%\">ECOLOG\u00cdA<\/span><\/b><\/p>\n<p class=\"LO-normal\" style=\"text-align: justify\"><span style=\"font-size: 14.0pt;line-height: 107%\">El pino pi\u00f1onero crece en formaciones con encinas, alcornoques o pinos resineros, pero m\u00e1s a menudo formando bosques puros con una gran cobertura, donde las copas se unen formando un dosel denso y cerrado. Prefiere la cercan\u00eda a la costa, pero no desde\u00f1a los suelos sueltos y arenosos del interior peninsular, siempre que el clima no sea muy severo. Crece desde el nivel del mar hasta los 1000 m de altitud. <\/span><\/p>\n<p class=\"LO-normal\"><b><span style=\"font-size: 14.0pt;line-height: 107%\">DISTRIBUCI\u00d3N<\/span><\/b><\/p>\n<p class=\"LO-normal\" style=\"text-align: justify\"><span style=\"font-size: 14.0pt;line-height: 107%\">Habita en el sur de Europa y sudoeste de Asia. En la Pen\u00ednsula est\u00e1 muy repartido, pero se cr\u00eda naturalmente sobre todo en el centro, sur y este, si bien hay repoblaciones para su explotaci\u00f3n en muchos lugares.<\/span><\/p>\n","protected":false},"excerpt":{"rendered":"<p>Pino Pi\u00f1onero. Pinus Pinea. \u00bfSAB\u00cdAS QUE\u2026? Los pi\u00f1ones se utilizan en gastronom\u00eda como complemento de algunos platos de carne, pero sobre todo son un ingrediente muy apreciado en reposter\u00eda. DESCRIPCI\u00d3N Este pino se caracteriza&#46;&#46;&#46;<\/p>\n","protected":false},"author":2064,"featured_media":0,"parent":0,"menu_order":0,"comment_status":"closed","ping_status":"closed","template":"","meta":{"ngg_post_thumbnail":0,"footnotes":"","_mc_calendar":[]},"aioseo_notices":[],"_links":{"self":[{"href":"https:\/\/blogsaverroes.juntadeandalucia.es\/iesacci\/wp-json\/wp\/v2\/pages\/5211"}],"collection":[{"href":"https:\/\/blogsaverroes.juntadeandalucia.es\/iesacci\/wp-json\/wp\/v2\/pages"}],"about":[{"href":"https:\/\/blogsaverroes.juntadeandalucia.es\/iesacci\/wp-json\/wp\/v2\/types\/page"}],"author":[{"embeddable":true,"href":"https:\/\/blogsaverroes.juntadeandalucia.es\/iesacci\/wp-json\/wp\/v2\/users\/2064"}],"replies":[{"embeddable":true,"href":"https:\/\/blogsaverroes.juntadeandalucia.es\/iesacci\/wp-json\/wp\/v2\/comments?post=5211"}],"version-history":[{"count":2,"href":"https:\/\/blogsaverroes.juntadeandalucia.es\/iesacci\/wp-json\/wp\/v2\/pages\/5211\/revisions"}],"predecessor-version":[{"id":5320,"href":"https:\/\/blogsaverroes.juntadeandalucia.es\/iesacci\/wp-json\/wp\/v2\/pages\/5211\/revisions\/5320"}],"wp:attachment":[{"href":"https:\/\/blogsaverroes.juntadeandalucia.es\/iesacci\/wp-json\/wp\/v2\/media?parent=5211"}],"curies":[{"name":"wp","href":"https:\/\/api.w.org\/{rel}","templated":true}]}}