{"id":5230,"date":"2021-05-24T16:20:56","date_gmt":"2021-05-24T16:20:56","guid":{"rendered":"https:\/\/blogsaverroes.juntadeandalucia.es\/iesacci\/?page_id=5230"},"modified":"2021-06-29T07:14:50","modified_gmt":"2021-06-29T07:14:50","slug":"falsa-acacia-2","status":"publish","type":"page","link":"https:\/\/blogsaverroes.juntadeandalucia.es\/iesacci\/falsa-acacia-2\/","title":{"rendered":"FALSA ACACIA"},"content":{"rendered":"<p><strong>Falsa acacia, Robinia. <em>Robinia pseudoacacia.<\/em><\/strong><\/p>\n<p><strong>\u00bfSAB\u00cdAS QUE\u2026?<\/strong> Sus vistosas flores blancas son consumidas como golosina con el nombre de \u2018pan y quesillo\u2019.<\/p>\n<p><strong>DESCRIPCI\u00d3N<\/strong><\/p>\n<p>Esta leguminosa es un \u00e1rbol de r\u00e1pido crecimiento, de corteza gris y agrietada, que puede alcanzar los 25 m. Sus hojas son caducas, alternas y compuestas por 3-11 hojuelas, siempre en n\u00famero impar (imparipinnadas). Estas son de margen entero, ovaladas o redondeadas, a menudo con el \u00e1pice escotado y con el haz de un verde algo azulado. En la base de la hoja completa se observan a veces dos espinas que se disponen a ambos lados del rabillo. Las flores salen al final de la primavera en racimos numerosos, blancos, arom\u00e1ticos y colgantes. Los frutos son legumbres de 3-12 cm de largo por 1-1,5 cm de ancho, mates y m\u00e1s o menos aplanadas, que cuelgan al final de las ramas.<\/p>\n<p><strong>ECOLOG\u00cdA<\/strong><\/p>\n<p>Como planta asilvestrada la podemos encontrar en taludes, bordes de caminos, cunetas, descampados y bosques frescos y h\u00famedos. Crece desde el nivel del mar hasta los 1600 m y es indiferente al tipo de suelo. A menudo se observa en verano c\u00f3mo muchos ejemplares son atacados por pulgones que chupan sus jugos y generan un l\u00edquido viscoso que salpica las inmediaciones.<\/p>\n<p><strong>DISTRIBUCI\u00d3N<\/strong><\/p>\n<p>La falsa acacia es oriunda del centro y este de EEUU. En la Pen\u00ednsula Ib\u00e9rica est\u00e1 ampliamente distribuida como planta ornamental y asilvestrada en muchos lugares. Est\u00e1 incluida en el <em>Atlas de las plantas al\u00f3ctonas invasoras en Espa\u00f1a<\/em>.<\/p>\n","protected":false},"excerpt":{"rendered":"<p>Falsa acacia, Robinia. Robinia pseudoacacia. \u00bfSAB\u00cdAS QUE\u2026? Sus vistosas flores blancas son consumidas como golosina con el nombre de \u2018pan y quesillo\u2019. DESCRIPCI\u00d3N Esta leguminosa es un \u00e1rbol de r\u00e1pido crecimiento, de corteza gris&#46;&#46;&#46;<\/p>\n","protected":false},"author":2064,"featured_media":0,"parent":0,"menu_order":0,"comment_status":"closed","ping_status":"closed","template":"","meta":{"ngg_post_thumbnail":0,"footnotes":"","_mc_calendar":[]},"aioseo_notices":[],"_links":{"self":[{"href":"https:\/\/blogsaverroes.juntadeandalucia.es\/iesacci\/wp-json\/wp\/v2\/pages\/5230"}],"collection":[{"href":"https:\/\/blogsaverroes.juntadeandalucia.es\/iesacci\/wp-json\/wp\/v2\/pages"}],"about":[{"href":"https:\/\/blogsaverroes.juntadeandalucia.es\/iesacci\/wp-json\/wp\/v2\/types\/page"}],"author":[{"embeddable":true,"href":"https:\/\/blogsaverroes.juntadeandalucia.es\/iesacci\/wp-json\/wp\/v2\/users\/2064"}],"replies":[{"embeddable":true,"href":"https:\/\/blogsaverroes.juntadeandalucia.es\/iesacci\/wp-json\/wp\/v2\/comments?post=5230"}],"version-history":[{"count":2,"href":"https:\/\/blogsaverroes.juntadeandalucia.es\/iesacci\/wp-json\/wp\/v2\/pages\/5230\/revisions"}],"predecessor-version":[{"id":5327,"href":"https:\/\/blogsaverroes.juntadeandalucia.es\/iesacci\/wp-json\/wp\/v2\/pages\/5230\/revisions\/5327"}],"wp:attachment":[{"href":"https:\/\/blogsaverroes.juntadeandalucia.es\/iesacci\/wp-json\/wp\/v2\/media?parent=5230"}],"curies":[{"name":"wp","href":"https:\/\/api.w.org\/{rel}","templated":true}]}}