{"id":5232,"date":"2021-05-24T16:21:08","date_gmt":"2021-05-24T16:21:08","guid":{"rendered":"https:\/\/blogsaverroes.juntadeandalucia.es\/iesacci\/?page_id=5232"},"modified":"2021-06-29T07:13:26","modified_gmt":"2021-06-29T07:13:26","slug":"ciruelo-2","status":"publish","type":"page","link":"https:\/\/blogsaverroes.juntadeandalucia.es\/iesacci\/ciruelo-2\/","title":{"rendered":"CIRUELO"},"content":{"rendered":"<p class=\"LO-normal\" style=\"text-align: center\" align=\"center\"><b><span style=\"font-size: 26.0pt;line-height: 107%\">Ciruelo.<i> Prunus domestica.<\/i><\/span><\/b><\/p>\n<p class=\"LO-normal\" style=\"text-align: justify\"><b><span style=\"font-size: 14.0pt;line-height: 107%\">\u00bfSAB\u00cdAS QUE\u2026?<\/span><\/b><span style=\"font-size: 14.0pt;line-height: 107%\"> Las exquisitas ciruelas Claudia, de inigualable aroma y dulzor, deben su curioso nombre a una joven reina francesa del siglo XVI, Claudia I de Francia.<\/span><\/p>\n<p class=\"LO-normal\" style=\"text-align: justify\"><b><span style=\"font-size: 14.0pt;line-height: 107%\">DESCRIPCI\u00d3N<\/span><\/b><\/p>\n<p class=\"LO-normal\" style=\"text-align: justify\"><a name=\"78\"><\/a><a name=\"15\"><\/a><a name=\"6\"><\/a><a name=\"25\"><\/a><a name=\"62\"><\/a><a name=\"52\"><\/a><a name=\"77\"><\/a><a name=\"21\"><\/a><a name=\"28\"><\/a><a name=\"66\"><\/a><a name=\"351\"><\/a><a name=\"35\"><\/a><span style=\"font-size: 14.0pt;line-height: 107%\">El ciruelero es un \u00e1rbol de tama\u00f1o mediano, con una altura m\u00e1xima que en general no sobrepasa los 6 m. Presenta ramas erguidas y un tronco recto, de color pardo gris\u00e1ceo brillante y textura lisa o algo agrietada. No suele tener espinas, pero algunas plantas asilvestradas pueden estar provistas de ramitas espinosas. Las hojas son simples, caducas y alternas, y a veces est\u00e1n tan juntas que forman hacecillos en los brotes cortos. Presentan una forma el\u00edptica o inversamente ovada y un margen finamente serrado o crenado. Suelen medir 4-8 cm de longitud y son lampi\u00f1as o algo pelosas por el env\u00e9s, sobre todo en los nervios principales. Las flores, con 5 p\u00e9talos blancos, brotan casi al mismo tiempo que las hojas nuevas. Son hermafroditas y en general aparecen en ramilletes de 2 o 3 flores sobre largos rabillos. Miden 1,5-4 cm cuando est\u00e1n abiertas. Las ciruelas maduran r\u00e1pidamente a finales del verano. Esta exquisita fruta es muy carnosa, de forma redonda o alargada y con un color variable, que va del amarillo al p\u00farpura negruzco en funci\u00f3n de la variedad de que se trate. Contiene un \u00fanico hueso duro y aplastado que guarda una semilla en su interior y su piel est\u00e1 casi siempre cubierta de una capa de polvillo c\u00e9reo blanquecino (pru\u00edna) que se desprende al frotar. <\/span><\/p>\n<p class=\"LO-normal\" style=\"text-align: justify\"><b><span style=\"font-size: 14.0pt;line-height: 107%\">ECOLOG\u00cdA<\/span><\/b><\/p>\n<p class=\"LO-normal\" style=\"text-align: justify\"><a name=\"352\"><\/a><a name=\"9\"><\/a><a name=\"53\"><\/a><span style=\"font-size: 14.0pt;line-height: 107%\">Prefiere los climas templados, aunque resiste bien las bajas temperaturas, y sufre la falta de agua en verano. Los frutos y las ramas finas son muy sensibles a los vientos. Aparece m\u00e1s habitualmente en suelos calizos. A partir de los 400 m de altitud, puede verse cultivado en huertos y vegas de las islas, desde donde escapa y se asilvestra. Habita desde bordes de camino a formaciones boscosas de las median\u00edas (territorios que se sit\u00faan entre 600 y 1500 m de altitud), siempre con abundante humedad ambiental.<\/span><\/p>\n<p class=\"LO-normal\" style=\"text-align: justify\"><b><span style=\"font-size: 14.0pt;line-height: 107%\">DISTRIBUCI\u00d3N<\/span><\/b><\/p>\n<p class=\"LO-normal\" style=\"text-align: justify\"><span style=\"font-size: 14.0pt;line-height: 107%\">Al tratarse de una planta modelada por el ser humano desde tiempo inmemorial, es poco lo que se conoce sobre la procedencia del ciruelo. Sin embargo, se cree que es oriundo del sureste de Europa (C\u00e1ucaso) y el sudoeste de Asia. <\/span><\/p>\n","protected":false},"excerpt":{"rendered":"<p>Ciruelo. Prunus domestica. \u00bfSAB\u00cdAS QUE\u2026? Las exquisitas ciruelas Claudia, de inigualable aroma y dulzor, deben su curioso nombre a una joven reina francesa del siglo XVI, Claudia I de Francia. DESCRIPCI\u00d3N El ciruelero es&#46;&#46;&#46;<\/p>\n","protected":false},"author":2064,"featured_media":0,"parent":0,"menu_order":0,"comment_status":"closed","ping_status":"closed","template":"","meta":{"ngg_post_thumbnail":0,"footnotes":"","_mc_calendar":[]},"aioseo_notices":[],"_links":{"self":[{"href":"https:\/\/blogsaverroes.juntadeandalucia.es\/iesacci\/wp-json\/wp\/v2\/pages\/5232"}],"collection":[{"href":"https:\/\/blogsaverroes.juntadeandalucia.es\/iesacci\/wp-json\/wp\/v2\/pages"}],"about":[{"href":"https:\/\/blogsaverroes.juntadeandalucia.es\/iesacci\/wp-json\/wp\/v2\/types\/page"}],"author":[{"embeddable":true,"href":"https:\/\/blogsaverroes.juntadeandalucia.es\/iesacci\/wp-json\/wp\/v2\/users\/2064"}],"replies":[{"embeddable":true,"href":"https:\/\/blogsaverroes.juntadeandalucia.es\/iesacci\/wp-json\/wp\/v2\/comments?post=5232"}],"version-history":[{"count":2,"href":"https:\/\/blogsaverroes.juntadeandalucia.es\/iesacci\/wp-json\/wp\/v2\/pages\/5232\/revisions"}],"predecessor-version":[{"id":5326,"href":"https:\/\/blogsaverroes.juntadeandalucia.es\/iesacci\/wp-json\/wp\/v2\/pages\/5232\/revisions\/5326"}],"wp:attachment":[{"href":"https:\/\/blogsaverroes.juntadeandalucia.es\/iesacci\/wp-json\/wp\/v2\/media?parent=5232"}],"curies":[{"name":"wp","href":"https:\/\/api.w.org\/{rel}","templated":true}]}}