{"id":5236,"date":"2021-05-24T16:21:39","date_gmt":"2021-05-24T16:21:39","guid":{"rendered":"https:\/\/blogsaverroes.juntadeandalucia.es\/iesacci\/?page_id=5236"},"modified":"2021-06-29T07:08:57","modified_gmt":"2021-06-29T07:08:57","slug":"cipres-comun-2","status":"publish","type":"page","link":"https:\/\/blogsaverroes.juntadeandalucia.es\/iesacci\/cipres-comun-2\/","title":{"rendered":"CIPR\u00c9S COM\u00daN"},"content":{"rendered":"<p><strong>Cipres com\u00fan. <em>Cupressus sempervirens.<\/em><\/strong><\/p>\n<p><strong>\u00bfSAB\u00cdAS QUE\u2026?<\/strong> Tradicionalmente se plantaban dos cipreses a ambos lados de la puerta de una vivienda como s\u00edmbolo de hospitalidad; as\u00ed se indicaba a los viajeros que se les ofrec\u00eda comida y cama durante unos d\u00edas.<\/p>\n<p><strong>DESCRIPCI\u00d3N<\/strong><\/p>\n<p>\u00c1rbol perennifolio que puede medir hasta 35 m de altura en condiciones favorables. Presenta un porte variable seg\u00fan la inclinaci\u00f3n de sus ramas, que le pueden dar un aspecto estrecho y columnar, o bien extendido o piramidal. Su corteza parda gris\u00e1cea suele estar muy fisurada longitudinalmente en los ejemplares viejos. Las hojas son unas peque\u00f1as escamas, de apenas 0,5-1 mm de longitud, con \u00e1pice obtuso y de color verde oscuro mate que se solapan apretadamente y cubren completamente las ramillas. Si se frota el follaje, se puede apreciar un ligero olor resinoso. Los cipreses suelen presentar separadamente conos masculinos y femeninos, pero en el mismo pie de planta. Los masculinos son muy peque\u00f1os (4-8 mm) y de color amarillo. Cuando los femeninos, verdes y redondos, son fecundados dan lugar a unos frutos le\u00f1osos, similares a una pi\u00f1a \u2014denominados estr\u00f3bilos\u2014, que est\u00e1n formados por unas 8-14 escamas y tienen un di\u00e1metro de 2-3,5 cm. El cipr\u00e9s com\u00fan tiene unas pi\u00f1as de color pardo gris\u00e1ceo en la madurez y con una forma elipsoide o alargadamente esf\u00e9rica. Tardan casi 2 a\u00f1os hasta completar su desarrollo y, cuando ya est\u00e1n maduras, sus escamas se abren para liberar unas semillas peque\u00f1as, aplanadas y con alas estrechas.<\/p>\n<p><strong>ECOLOG\u00cdA<\/strong><\/p>\n<p>A menudo el cipr\u00e9s desarrolla una poderosa ra\u00edz principal que puede penetrar a grandes profundidades en busca de agua, lo que le permite anclarse firmemente al suelo, crecer en sitios excepcionalmente secos y resistir sequ\u00edas estivales. Este \u00e1rbol prefiere climas c\u00e1lidos, con inviernos templados, aunque puede tambi\u00e9n prosperar en \u00e1reas m\u00e1s fr\u00edas, con veranos h\u00famedos.<\/p>\n<p><strong>DISTRIBUCI\u00d3N<\/strong><\/p>\n<p>Especie originaria del Mediterr\u00e1neo oriental. Desde all\u00ed sus plantaciones se extendieron r\u00e1pidamente por todo Occidente, de modo que su \u00e1rea de origen concreta es muy dif\u00edcil de precisar. En Espa\u00f1a, el cipr\u00e9s com\u00fan ha sido extensamente plantado como especie ornamental en jardines, parques y cementerios o en setos cortavientos.<\/p>\n","protected":false},"excerpt":{"rendered":"<p>Cipres com\u00fan. Cupressus sempervirens. \u00bfSAB\u00cdAS QUE\u2026? Tradicionalmente se plantaban dos cipreses a ambos lados de la puerta de una vivienda como s\u00edmbolo de hospitalidad; as\u00ed se indicaba a los viajeros que se les ofrec\u00eda&#46;&#46;&#46;<\/p>\n","protected":false},"author":2064,"featured_media":0,"parent":0,"menu_order":0,"comment_status":"closed","ping_status":"closed","template":"","meta":{"ngg_post_thumbnail":0,"footnotes":"","_mc_calendar":[]},"aioseo_notices":[],"_links":{"self":[{"href":"https:\/\/blogsaverroes.juntadeandalucia.es\/iesacci\/wp-json\/wp\/v2\/pages\/5236"}],"collection":[{"href":"https:\/\/blogsaverroes.juntadeandalucia.es\/iesacci\/wp-json\/wp\/v2\/pages"}],"about":[{"href":"https:\/\/blogsaverroes.juntadeandalucia.es\/iesacci\/wp-json\/wp\/v2\/types\/page"}],"author":[{"embeddable":true,"href":"https:\/\/blogsaverroes.juntadeandalucia.es\/iesacci\/wp-json\/wp\/v2\/users\/2064"}],"replies":[{"embeddable":true,"href":"https:\/\/blogsaverroes.juntadeandalucia.es\/iesacci\/wp-json\/wp\/v2\/comments?post=5236"}],"version-history":[{"count":2,"href":"https:\/\/blogsaverroes.juntadeandalucia.es\/iesacci\/wp-json\/wp\/v2\/pages\/5236\/revisions"}],"predecessor-version":[{"id":5324,"href":"https:\/\/blogsaverroes.juntadeandalucia.es\/iesacci\/wp-json\/wp\/v2\/pages\/5236\/revisions\/5324"}],"wp:attachment":[{"href":"https:\/\/blogsaverroes.juntadeandalucia.es\/iesacci\/wp-json\/wp\/v2\/media?parent=5236"}],"curies":[{"name":"wp","href":"https:\/\/api.w.org\/{rel}","templated":true}]}}