{"id":77,"date":"2015-03-16T06:54:56","date_gmt":"2015-03-16T06:54:56","guid":{"rendered":"http:\/\/blogsaverroes.juntadeandalucia.es\/pre\/ceip\/?page_id=77"},"modified":"2017-11-28T11:27:41","modified_gmt":"2017-11-28T11:27:41","slug":"secretaria","status":"publish","type":"page","link":"https:\/\/blogsaverroes.juntadeandalucia.es\/iesacci\/secretaria\/","title":{"rendered":"Secretar\u00eda"},"content":{"rendered":"<p>La <strong>Secretar\u00eda<\/strong> desarrolla muchas funciones importantes en la vida de un centro, especialmente en la relaci\u00f3n que mantiene con las familias en los diferentes tr\u00e1mites administrativos a lo largo de la escolarizaci\u00f3n: admisi\u00f3n, matr\u00edcula, comedor escolar, becas, etc.<\/p>\n<p>Es por esto que la Web, como puerta de entrada y canal de informaci\u00f3n a la comunidad educativa, deber\u00eda informar sobre el horario de la secretar\u00eda, tr\u00e1mites a realizar, plazos, documentaci\u00f3n, etc., con el objetivo de conseguir una mayor <strong>transparencia, agilidad y eficiencia.<\/strong><\/p>\n<p><strong>El horario de atenci\u00f3n por ventanilla de administraci\u00f3n ser\u00e1 de lunes a viernes de 09:00 h &nbsp;a 14:30 h., seg\u00fan la siguiente tabla:<\/strong><\/p>\n<table>\n<tbody>\n<tr style=\"height: 43px\">\n<td style=\"height: 43px\">\n<h2>COLECTIVO<\/h2>\n<\/td>\n<td style=\"height: 43px\">\n<h2 style=\"text-align: center\">HORARIO<\/h2>\n<\/td>\n<\/tr>\n<tr style=\"height: 24px\">\n<td style=\"height: 43px\"><em><strong>Familias y p\u00fablico en general<\/strong><\/em><\/td>\n<td style=\"height: 43px\">09:00 a 14:00 horas<\/td>\n<\/tr>\n<tr style=\"height: 96px\">\n<td style=\"height: 43px;text-align: center;vertical-align: middle\"><em><strong>Alumnado<\/strong><\/em><\/td>\n<td style=\"height: 43px\"><strong>con preferencia:<\/strong><\/p>\n<p>de 08:00 a 08:15 horas &nbsp;y de 11:15 a 11:45 horas<\/td>\n<\/tr>\n<tr style=\"height: 24px\">\n<td style=\"height: 43px\"><em><strong>Personal del Centro<\/strong><\/em><\/td>\n<td style=\"height: 43px;text-align: center;vertical-align: middle\">08:00 a 14:30 horas<\/td>\n<\/tr>\n<\/tbody>\n<\/table>\n<h3 style=\"text-align: center\">SOLICITUDES DE CERTIFICADOS.<\/h3>\n<p>Deber\u00e1 realizarse con al menos 24 h de antelaci\u00f3n y, si los&nbsp;<span style=\"font-family: 'Open Sans', sans-serif;font-size: 15px;font-style: normal;font-variant: normal;font-weight: normal;line-height: 24.3px\">datos a certificar no est\u00e1n informatizados, la antelaci\u00f3n deber\u00e1 ser mayor.<\/span><\/p>\n<h3 style=\"text-align: center\">SOLICITUD DE T\u00cdTULOS<\/h3>\n<p>Deber\u00e1 rellenarse el IMPRESO 046 ( PAGO DE TASAS), preguntar en Secretar\u00eda.<\/p>\n<h3 style=\"text-align: center\">MATR\u00cdCULA Y RESERVA DE PLAZA.<\/h3>\n<p>Se realizar\u00e1 de acuerdo a la convocatoria de la Junta de Andaluc\u00eda, de forma general:<\/p>\n<p>&nbsp; &nbsp; &nbsp; &nbsp;&#8211; <strong>Reserva<\/strong> ESO y Bachillerato: marzo y <strong>matr\u00edcula<\/strong> : julio.<\/p>\n<p>&nbsp; &nbsp; &nbsp; &nbsp;&#8211; <strong>Reserva<\/strong> en FPB: Julio y <strong>matr\u00edcula<\/strong>: julio , septiembre, seg\u00fan admisi\u00f3n.<\/p>\n<p>&nbsp; &nbsp; &nbsp; &nbsp;&#8211; <strong>Reserva<\/strong> en FP: junio y <strong>matr\u00edcula<\/strong>: julio, septiembre, octubre seg\u00fan admisi\u00f3n.<\/p>\n<h3 style=\"text-align: center\">SOLICITUD DE BECAS Y AYUDAS.<\/h3>\n<p>Informaci\u00f3n en el Portal de Becas de la JJAA, seg\u00fan convocatoria.<\/p>\n<p>&nbsp; &nbsp; &nbsp;&#8211; BECAS: ADRIANO, CONVOCATORIA <strong>GENERAL,<\/strong> BECA 6000 Y 2\u00aa OPORTUNIDAD.<\/p>\n<p>&nbsp; &nbsp; &nbsp;&#8211; AYUDAS: &nbsp;Educaci\u00f3n Especial, ayuda transporte, ayuda por desplazamiento a empresas ( Formaci\u00f3n Profesional)<\/p>\n<h3 style=\"text-align: center\"><a href=\"http:\/\/portals.ced.junta-andalucia.es\/educacion\/portals\/web\/becas-y-ayudas\"><strong>Informaci\u00f3n detalladas en este enlace.&nbsp;<\/strong><\/a><\/h3>\n<h3 style=\"text-align: center\">PERMISOS, LICENCIAS Y REDUCCIONES DE JORNADA (PROFESORADO)<\/h3>\n<p>El profesorado afectado por una baja por enfermedad deber\u00e1 notificar y entregar en el centro el parte de baja a la mayor brevedad posible <strong>y siempre dentro de los tres d\u00edas de ausencia<\/strong>, as\u00ed como sus sucesivos partes de confirmaci\u00f3n si los hubiere con la periodicidad establecida por Muface o la Seguridad Social.<\/p>\n<p><strong>Las ausencias por enfermedad de cuatro d\u00edas o m\u00e1s deber\u00e1n ser justificadas con parte de baja.<\/strong><\/p>\n<p><strong>Enlace Anexos:<\/strong><\/p>\n<p><strong><a href=\"https:\/\/blogsaverroes.juntadeandalucia.es\/iesacci\/files\/2017\/11\/ANEXO-I.pdf\">ANEXO I&nbsp;<\/a><\/strong><strong style=\"font-family: 'Open Sans', sans-serif;font-size: 15px;font-style: normal\">SOLICITUD PERMISOS, LICENCIAS Y REDUCCIONES DE JORNADA<\/strong><\/p>\n<p><strong>&nbsp;<a href=\"https:\/\/blogsaverroes.juntadeandalucia.es\/iesacci\/files\/2017\/11\/ANEXO-II-GRADOS-PARENTESCOS.pdf\">ANEXO II GRADOS PARENTESCOS<\/a><\/strong><\/p>\n<p><strong><a href=\"https:\/\/blogsaverroes.juntadeandalucia.es\/iesacci\/files\/2017\/11\/ANEXO-III-CUADRO-RESUMEN-PERMISOS-LICENCIAS-Y-REDUCCIONES.pdf\">ANEXO III CUADRO RESUMEN PERMISOS, LICENCIAS Y REDUCCIONES<\/a><\/strong><\/p>\n","protected":false},"excerpt":{"rendered":"<p>La Secretar\u00eda desarrolla muchas funciones importantes en la vida de un centro, especialmente en la relaci\u00f3n que mantiene con las familias en los diferentes tr\u00e1mites administrativos a lo largo de la escolarizaci\u00f3n: admisi\u00f3n, matr\u00edcula,&#46;&#46;&#46;<\/p>\n","protected":false},"author":1,"featured_media":0,"parent":0,"menu_order":0,"comment_status":"closed","ping_status":"open","template":"template-full-width.php","meta":{"ngg_post_thumbnail":0,"footnotes":"","_mc_calendar":[]},"aioseo_notices":[],"_links":{"self":[{"href":"https:\/\/blogsaverroes.juntadeandalucia.es\/iesacci\/wp-json\/wp\/v2\/pages\/77"}],"collection":[{"href":"https:\/\/blogsaverroes.juntadeandalucia.es\/iesacci\/wp-json\/wp\/v2\/pages"}],"about":[{"href":"https:\/\/blogsaverroes.juntadeandalucia.es\/iesacci\/wp-json\/wp\/v2\/types\/page"}],"author":[{"embeddable":true,"href":"https:\/\/blogsaverroes.juntadeandalucia.es\/iesacci\/wp-json\/wp\/v2\/users\/1"}],"replies":[{"embeddable":true,"href":"https:\/\/blogsaverroes.juntadeandalucia.es\/iesacci\/wp-json\/wp\/v2\/comments?post=77"}],"version-history":[{"count":12,"href":"https:\/\/blogsaverroes.juntadeandalucia.es\/iesacci\/wp-json\/wp\/v2\/pages\/77\/revisions"}],"predecessor-version":[{"id":3449,"href":"https:\/\/blogsaverroes.juntadeandalucia.es\/iesacci\/wp-json\/wp\/v2\/pages\/77\/revisions\/3449"}],"wp:attachment":[{"href":"https:\/\/blogsaverroes.juntadeandalucia.es\/iesacci\/wp-json\/wp\/v2\/media?parent=77"}],"curies":[{"name":"wp","href":"https:\/\/api.w.org\/{rel}","templated":true}]}}