{"id":35,"date":"2015-03-13T08:21:43","date_gmt":"2015-03-13T08:21:43","guid":{"rendered":"http:\/\/blogsaverroes.juntadeandalucia.es\/pre\/ceip\/?page_id=35"},"modified":"2022-11-08T09:39:52","modified_gmt":"2022-11-08T09:39:52","slug":"el-centro-2","status":"publish","type":"page","link":"https:\/\/blogsaverroes.juntadeandalucia.es\/iesalbaida\/el-centro-2\/","title":{"rendered":"Datos del centro"},"content":{"rendered":"<p><iframe src=\"https:\/\/www.google.com\/maps\/embed?pb=!1m18!1m12!1m3!1d3192.8414790437523!2d-2.4458768844183965!3d36.846272372803824!2m3!1f0!2f0!3f0!3m2!1i1024!2i768!4f13.1!3m3!1m2!1s0xd7a9e1900000001%3A0xfd9da30f1b52f5dd!2sI.E.S.%20Albaida!5e0!3m2!1ses!2ses!4v1667900181835!5m2!1ses!2ses\" width=\"600\" height=\"450\"><\/iframe><br \/>\n<iframe src=\"https:\/\/www.google.com\/maps\/embed?pb=!4v1667900304660!6m8!1m7!1sbt823YNiM4uA8k67SwgpqQ!2m2!1d36.84595176722947!2d-2.443395705267249!3f6.733221189801213!4f-1.5248246408282!5f0.7820865974627469\" width=\"600\" height=\"450\"><\/iframe><\/p>\n<h1>Datos de contacto<\/h1>\n<h2>I. E. S. Albaida<\/h2>\n<p><strong>Direcci\u00f3n:<\/strong> &nbsp;Ctra. de N\u00edjar s\/n. C.P. 04009 Almer\u00eda.<br \/>\n<strong>Tel\u00e9fono \/ FAX: <\/strong>950 15 62 90<br \/>\n<strong>Email: <\/strong>04005958.edu@juntadeandalucia.es<\/p>\n<h1><strong>Horarios<\/strong><\/h1>\n<h2><strong>Horario de ma\u00f1ana: 8:15 h. a 14:45 h.<\/strong><\/h2>\n<ul>\n<li>Secretar\u00eda: 9,00 h. a 14 h.<\/li>\n<\/ul>\n<h2><strong>Horario de tarde: 16:15 h. a 22:30<br \/>\n<\/strong><\/h2>\n<ul>\n<li>Formaci\u00f3n Profesional (turno de tarde): 16,15 h. a 22:10 h.<\/li>\n<li>Educaci\u00f3n de Personas Adultas: ESPA, Bachillerato y ciclo de \u00abT\u00e9cnico en Cuidados Auxiliares de Enfermer\u00eda (adultos). 18:00 h. a 22:10 h.<\/li>\n<\/ul>\n<h1><a href=\"https:\/\/blogsaverroes.juntadeandalucia.es\/iesalbaida\/oferta-educativa-del-i-e-s-albaida\/\" target=\"_blank\" rel=\"noopener noreferrer\"><strong>Oferta educativa<\/strong><\/a><\/h1>\n<p>Pulsa en el t\u00edtulo para acceder a toda la informaci\u00f3n sobre la Oferta Educativa del Instituto Albaida.<\/p>\n","protected":false},"excerpt":{"rendered":"<p>Datos de contacto I. E. S. Albaida Direcci\u00f3n: &nbsp;Ctra. de N\u00edjar s\/n. C.P. 04009 Almer\u00eda. Tel\u00e9fono \/ FAX: 950 15 62 90 Email: 04005958.edu@juntadeandalucia.es Horarios Horario de ma\u00f1ana: 8:15 h. a 14:45 h. Secretar\u00eda: 9,00 h. a 14 h. Horario de tarde: 16:15 h. a 22:30 Formaci\u00f3n Profesional (turno de tarde): 16,15 h. a 22:10 [&hellip;]<\/p>\n","protected":false},"author":1,"featured_media":0,"parent":0,"menu_order":0,"comment_status":"closed","ping_status":"open","template":"","meta":{"ngg_post_thumbnail":0,"footnotes":"","_mc_calendar":[]},"aioseo_notices":[],"_links":{"self":[{"href":"https:\/\/blogsaverroes.juntadeandalucia.es\/iesalbaida\/wp-json\/wp\/v2\/pages\/35"}],"collection":[{"href":"https:\/\/blogsaverroes.juntadeandalucia.es\/iesalbaida\/wp-json\/wp\/v2\/pages"}],"about":[{"href":"https:\/\/blogsaverroes.juntadeandalucia.es\/iesalbaida\/wp-json\/wp\/v2\/types\/page"}],"author":[{"embeddable":true,"href":"https:\/\/blogsaverroes.juntadeandalucia.es\/iesalbaida\/wp-json\/wp\/v2\/users\/1"}],"replies":[{"embeddable":true,"href":"https:\/\/blogsaverroes.juntadeandalucia.es\/iesalbaida\/wp-json\/wp\/v2\/comments?post=35"}],"version-history":[{"count":29,"href":"https:\/\/blogsaverroes.juntadeandalucia.es\/iesalbaida\/wp-json\/wp\/v2\/pages\/35\/revisions"}],"predecessor-version":[{"id":5360,"href":"https:\/\/blogsaverroes.juntadeandalucia.es\/iesalbaida\/wp-json\/wp\/v2\/pages\/35\/revisions\/5360"}],"wp:attachment":[{"href":"https:\/\/blogsaverroes.juntadeandalucia.es\/iesalbaida\/wp-json\/wp\/v2\/media?parent=35"}],"curies":[{"name":"wp","href":"https:\/\/api.w.org\/{rel}","templated":true}]}}