{"id":4880,"date":"2021-06-21T09:53:07","date_gmt":"2021-06-21T09:53:07","guid":{"rendered":"https:\/\/blogsaverroes.juntadeandalucia.es\/iesalbaida\/?page_id=4880"},"modified":"2021-07-01T12:08:13","modified_gmt":"2021-07-01T12:08:13","slug":"matriculacion-para-el-curso-2021-2022","status":"publish","type":"page","link":"https:\/\/blogsaverroes.juntadeandalucia.es\/iesalbaida\/matriculacion-para-el-curso-2021-2022\/","title":{"rendered":"Matriculaci\u00f3n para el curso 2021-2022"},"content":{"rendered":"<h1>Informaci\u00f3n sobre proceso de matriculaci\u00f3n<\/h1>\n<p>En la tabla bajo estas l\u00edneas se ir\u00e1 a\u00f1adiendo informaci\u00f3n de inter\u00e9s a medida que se vaya concretando y comunicando por parte de la Administraci\u00f3n Educativa en su <a href=\"https:\/\/www.juntadeandalucia.es\/educacion\/portals\/web\/escolarizacion\" target=\"_blank\" rel=\"noopener noreferrer\">sitio web<\/a>.<\/p>\n<h6>(Actualizado el 1 de julio de 2021)<\/h6>\n<p>&nbsp;<\/p>\n<table style=\"border-collapse: collapse;width: 100%;height: 130px\">\n<tbody>\n<tr style=\"height: 26px\">\n<td style=\"width: 6.72414%;height: 26px;text-align: right;background-color: #e7faa7\"><strong>Ense\u00f1anzas<\/strong><\/td>\n<td style=\"width: 27.2415%;height: 26px;vertical-align: bottom;background-color: #f7deb2\"><strong>ESO (Ense\u00f1anza Secundaria Obligatoria) y Bachillerato<\/strong><\/td>\n<td style=\"width: 33.4482%;height: 26px;vertical-align: bottom;background-color: #f7deb2\"><strong>ESPA (Ense\u00f1anza Secundaria para Personas Adultas) y Bachillerato Personas Adultas<\/strong><\/td>\n<td style=\"width: 32.5862%;height: 26px;vertical-align: bottom;background-color: #f7deb2\"><strong>Formaci\u00f3n Profesional (Grado Medio, Grado Superior y Cursos de Especializaci\u00f3n)<\/strong><\/td>\n<\/tr>\n<tr style=\"height: 26px\">\n<td style=\"width: 6.72414%;height: 26px;text-align: right;background-color: #e7faa7\"><strong>Calendario<\/strong><\/td>\n<td style=\"width: 27.2415%;height: 26px;text-align: center;background-color: #ffffff\">Plazos de Matriculaci\u00f3n:<\/p>\n<p><strong>Ordinaria:<br \/>\n<\/strong>1 al 12 de julio 2021<br \/>\n<strong>Extraordinaria:<br \/>\n<\/strong>1 al 8 de septiembre 2021<\/td>\n<td style=\"width: 33.4482%;height: 26px;text-align: center;background-color: #ffffff\">Admisi\u00f3n:<br \/>\n1 al 15 de junio 2021<\/p>\n<hr>\n<p>Publicaci\u00f3n provisional admisi\u00f3n:<br \/>\n22 junio 2021<\/p>\n<hr>\n<p>Alegaciones admisi\u00f3n:<br \/>\n23 al 25 junio 2021<\/p>\n<hr>\n<p>Publicaci\u00f3n definitiva admisi\u00f3n:<br \/>\n30 junio 2021<\/p>\n<hr>\n<p>Matriculaci\u00f3n plazo ordinario:<br \/>\n<strong>1 al 10 de julio 2021<\/strong><\/p>\n<hr>\n<p>Matriculaci\u00f3n plazo extraordinario:<br \/>\n1 septiembre a 15 octubre 2021<\/td>\n<td style=\"width: 32.5862%;height: 26px;text-align: center;background-color: #ffffff\"><a href=\"https:\/\/blogsaverroes.juntadeandalucia.es\/iesalbaida\/2021\/06\/05\/proceso-de-admision-y-matriculacion-en-formacion-profesional\/\" target=\"_blank\" rel=\"noopener noreferrer\">Acceso a Calendario de Admisi\u00f3n y Matriculaci\u00f3n<\/a><\/td>\n<\/tr>\n<tr style=\"height: 26px\">\n<td style=\"width: 6.72414%;height: 26px;text-align: right;background-color: #e7faa7\"><strong>Instrucciones<\/strong><\/td>\n<td style=\"width: 27.2415%;height: 26px;text-align: center;background-color: #ffffff\"><a href=\"https:\/\/www.juntadeandalucia.es\/educacion\/portals\/web\/ced\/escolarizacion-eso\" target=\"_blank\" rel=\"noopener noreferrer\">Acceso a Informaci\u00f3n Oficial sobre <strong>ESO<\/strong><\/a><\/p>\n<hr>\n<p><a href=\"https:\/\/www.juntadeandalucia.es\/educacion\/portals\/web\/ced\/escolarizacion-bachillerato\" target=\"_blank\" rel=\"noopener noreferrer\">Acceso a Informaci\u00f3n Oficial sobre <strong>Bachillerato<\/strong><\/a><\/td>\n<td style=\"width: 33.4482%;height: 26px;text-align: center;background-color: #ffffff\"><a href=\"https:\/\/www.juntadeandalucia.es\/educacion\/portals\/web\/educacion-permanente\" target=\"_blank\" rel=\"noopener noreferrer\">Acceso a Informaci\u00f3n Oficial sobre Educaci\u00f3n Permanente para <strong>Personas Adultas<\/strong><\/a><\/td>\n<td style=\"width: 32.5862%;height: 26px;text-align: center;background-color: #ffffff\"><a href=\"https:\/\/www.juntadeandalucia.es\/educacion\/portals\/web\/formacion-profesional-andaluza\/quiero-formarme\/escolarizacion-2021\" target=\"_blank\" rel=\"noopener noreferrer\">Acceso a Informaci\u00f3n Oficial <strong>Formaci\u00f3n Profesional<\/strong><\/a><\/p>\n<hr>\n<p><a href=\"https:\/\/www.juntadeandalucia.es\/servicios\/procedimientos\/detalle\/8362\/como-solicitar.html\" target=\"_blank\" rel=\"noopener noreferrer\">Acceso a Informaci\u00f3n Oficial sobre <strong>Admisi\u00f3n y Matriculaci\u00f3n FP 21-22<\/strong><\/a><\/td>\n<\/tr>\n<tr>\n<td style=\"width: 6.72414%;text-align: right;background-color: #e7faa7\" rowspan=\"2\"><strong>Ayuda<\/strong><\/td>\n<td style=\"width: 93.2759%;background-color: #ffffff;text-align: center\" colspan=\"3\">Si eres padre o madre de alumnado o est\u00e1s estudiando en Andaluc\u00eda puedes utilizar tu clave iDEA (de PASEN y Moodle Centros) o utilizar la clave iANDE que tienes en un mensaje anclado en&nbsp; PASEN.<\/p>\n<hr>\n<p>Si no eres estudiante ni eres padre o madre de alguien que estudia, puedes ver <a href=\"https:\/\/www.youtube.com\/watch?v=p8bqMdBsLd4\" target=\"_blank\" rel=\"noopener noreferrer\">c\u00f3mo obtener tu clave<strong> iANDE<\/strong> y acceder a Secretar\u00eda Virtual, en este v\u00eddeo.<\/a><\/td>\n<\/tr>\n<tr style=\"height: 26px\">\n<td style=\"width: 27.2415%;height: 26px;background-color: #ffffff;text-align: center\"><a href=\"https:\/\/docs.google.com\/presentation\/d\/e\/2PACX-1vRxHUI3jIyJ3M3Yw2HsJCFCuuDTZUUfD4jf37Z0dryyVAhyZOFRY0zFbQTXJsZ0KMxfhBaexiigDpIi\/pub?start=false&amp;loop=false&amp;delayms=3000\" target=\"_blank\" rel=\"noopener noreferrer\">Gu\u00eda de matriculaci\u00f3n para <strong>1\u00ba ESO<\/strong><\/a><br \/>\n<a href=\"https:\/\/docs.google.com\/presentation\/d\/1Hf4C1QbcSekqWiFpLnsqxgD6RpT8TPKE34MXpsZgHOo\/export\/pdf\">Versi\u00f3n PDF<\/a><\/p>\n<hr>\n<p><a href=\"https:\/\/docs.google.com\/presentation\/d\/e\/2PACX-1vS6hgGq11VvDEcDq7YN12cLUtP-d76qoozm-j5WqJ2VMhc2f1qKUT9QOtaHXdZ1vNr0aVNm7JZdzvnL\/pub?start=false&amp;loop=false\" target=\"_blank\" rel=\"noopener noreferrer\">Gu\u00eda de matriculaci\u00f3n para <strong>2\u00ba y 3\u00ba ESO<\/strong><\/a><br \/>\n<a href=\"https:\/\/docs.google.com\/presentation\/d\/1cGIKmSIfIr801ZUtfVSmKQgri4PHeDxtQCRXHfO-TfY\/export\/pdf\">Versi\u00f3n PDF<\/a><\/p>\n<hr>\n<p><a href=\"https:\/\/docs.google.com\/presentation\/d\/e\/2PACX-1vT3gwMODa3CJuJIEsCwdqGb_L1tZUKGcePmvmH-bZhskYZwEFJRBqShwgUfMTDJgieJzvgR82tp2SNS\/pub?start=false&amp;loop=false\" target=\"_blank\" rel=\"noopener noreferrer\">Gu\u00eda de matriculaci\u00f3n para <strong>4\u00ba ESO<\/strong><\/a><\/p>\n<p><a href=\"https:\/\/docs.google.com\/presentation\/d\/1G0sK3Fe3Qud5hRQGlQRAhAlDcAfwI11u9BxnSfAwj7M\/export\/pdf\" target=\"_blank\" rel=\"noopener noreferrer\">Versi\u00f3n PDF<\/a><\/p>\n<hr>\n<p><a href=\"https:\/\/docs.google.com\/presentation\/d\/e\/2PACX-1vT1ns2JTov6qHNkALK6OE39PNbwd7E8Rg6UWMnRqaWWWY6MYT6WlFvMJ39zS43lIkSKbBC9VnyYGdMo\/pub\" target=\"_blank\" rel=\"noopener noreferrer\">Gu\u00eda de matriculaci\u00f3n para <strong>1\u00ba de Bachillerato<\/strong><\/a><br \/>\n<a href=\"https:\/\/docs.google.com\/presentation\/d\/e\/2PACX-1vT1ns2JTov6qHNkALK6OE39PNbwd7E8Rg6UWMnRqaWWWY6MYT6WlFvMJ39zS43lIkSKbBC9VnyYGdMo\/export\/pdf\" target=\"_blank\" rel=\"noopener noreferrer\">Versi\u00f3n PDF<\/a><\/p>\n<hr>\n<p><a href=\"https:\/\/docs.google.com\/presentation\/d\/e\/2PACX-1vSx2Wz-zW3RY8angLxdTLuJ8PvqY-9UdWxX3EsGDCNhtG-NflwTD7mBppYRchclm6UfuCAP6QUA8gTk\/pub\" target=\"_blank\" rel=\"noopener noreferrer\">Gu\u00eda de matriculaci\u00f3n para <strong>2\u00ba de Bachillerato<\/strong><\/a><br \/>\n<a href=\"https:\/\/docs.google.com\/presentation\/d\/e\/2PACX-1vSx2Wz-zW3RY8angLxdTLuJ8PvqY-9UdWxX3EsGDCNhtG-NflwTD7mBppYRchclm6UfuCAP6QUA8gTk\/export\/pdf\" target=\"_blank\" rel=\"noopener noreferrer\">Versi\u00f3n PDF<\/a><\/td>\n<td style=\"width: 33.4482%;height: 26px;background-color: #ffffff;text-align: center\"><a href=\"https:\/\/drive.google.com\/file\/d\/1gVcvuC9Vp_Cu52hu1KMIuGFcMvpA48zn\/preview\" target=\"_blank\" rel=\"noopener noreferrer\">Instrucciones matriculaci\u00f3n en ESPA<\/a><\/p>\n<hr>\n<p><a href=\"https:\/\/drive.google.com\/file\/d\/1GNMZ4ehYTK02GwfehS53YpMpO3z7Drls\/preview\" target=\"_blank\" rel=\"noopener noreferrer\">Instrucciones matriculaci\u00f3n en Bachillerato de CC Sociales<\/a><\/p>\n<hr>\n<p><a href=\"https:\/\/drive.google.com\/file\/d\/1GNMZ4ehYTK02GwfehS53YpMpO3z7Drls\/preview\" target=\"_blank\" rel=\"noopener noreferrer\">Instrucciones matriculaci\u00f3n en Bachillerato de Ciencias<\/a><\/td>\n<td style=\"width: 32.5862%;height: 26px;text-align: center;background-color: #ffffff\"><del><\/del><a href=\"https:\/\/view.genial.ly\/60c074dcfe0ac00d5fd14bc2\/interactive-content-escolarizacion-en-fp\">Presentaci\u00f3n + v\u00eddeos con informaci\u00f3n sobre la FP andaluza<\/a><\/td>\n<\/tr>\n<tr style=\"height: 26px\">\n<td style=\"width: 6.72414%;height: 26px;text-align: right;background-color: #e7faa7\"><strong>Tr\u00e1mites y formularios<br \/>\n<\/strong><\/td>\n<td style=\"width: 27.2415%;height: 26px;background-color: #ffffff\">&nbsp;<\/td>\n<td style=\"width: 33.4482%;height: 26px;background-color: #ffffff;text-align: center\"><a href=\"https:\/\/www.juntadeandalucia.es\/educacion\/portals\/delegate\/content\/ebc69924-4851-456a-8627-214f6176a343\/Impreso%20matriculaci%C3%B3n%20ESO%20modalidades%20presencial%20y%20semipresencial\" target=\"_blank\" rel=\"noopener noreferrer\">Impreso para matriculaci\u00f3n en ESPA presencial y semipresencial<\/a><\/p>\n<hr>\n<p><a href=\"https:\/\/www.juntadeandalucia.es\/educacion\/portals\/delegate\/content\/6b2006f7-a73c-4b91-b8fc-c7b0f3d8b085\/Impreso%20matriculaci%C3%B3n%20Bachillerato%20modalidades%20presencial%20y%20semipresencial\" target=\"_blank\" rel=\"noopener noreferrer\">Impreso para matriculaci\u00f3n en Bachillerato para Personas Adultas presencial y semipresencial<\/a><\/td>\n<td style=\"width: 32.5862%;height: 26px;background-color: #ffffff\"><a href=\"https:\/\/www.juntadeandalucia.es\/educacion\/secretariavirtual\/accesoTramite\/490\/\" target=\"_blank\" rel=\"noopener noreferrer\">Procedimiento de <strong>matriculaci\u00f3n para alumnado de CCFF del IES Albaida que promociona<\/strong> de 1\u00ba a 2\u00ba en el mismo IES<\/a><\/p>\n<p><a href=\"https:\/\/www.juntadeandalucia.es\/educacion\/secretariavirtual\/accesoTramite\/489\/\" target=\"_blank\" rel=\"noopener noreferrer\">Procedimiento de <strong>matriculaci\u00f3n para alumnado de CCFF del IES Albaida que repite<\/strong> 1\u00ba \u00f3 2\u00ba en el mismo IES<\/a><\/p>\n<p><a href=\"https:\/\/www.juntadeandalucia.es\/haciendayadministracionpublica\/rpa-icms-doc\/icmsDescargaDoc.do?tipo=4b40ba71bf0bae77c7a9e6765035191a&amp;id=efeb0f552dd71b7b2df1f8463a569b7d\" target=\"_blank\" rel=\"noopener noreferrer\">Anexo VII para alumnado que promociona de 1\u00ba a 2\u00ba de CCFF sin m\u00f3dulos pendientes<\/a><\/p>\n<p><a href=\"https:\/\/www.juntadeandalucia.es\/haciendayadministracionpublica\/rpa-icms-doc\/icmsDescargaDoc.do?tipo=4b40ba71bf0bae77c7a9e6765035191a&amp;id=1ee1e5d499259db6f832bae2d61b27c9\" target=\"_blank\" rel=\"noopener noreferrer\">Anexo VIII para alumnado que repite 1\u00ba \u00f3 2\u00ba<\/a><\/td>\n<\/tr>\n<tr>\n<td style=\"width: 6.72414%;text-align: right;background-color: #e7faa7\"><strong>Enlaces de utilidad<\/strong><\/td>\n<td style=\"width: 93.2759%;background-color: #ffffff\" colspan=\"3\">\n<p style=\"text-align: center\"><a href=\"https:\/\/www.juntadeandalucia.es\/educacion\/secretariavirtual\/\"><b>Acceso a Secretar\u00eda Virtual<\/b><\/a><\/p>\n<p style=\"text-align: center\"><a href=\"https:\/\/www.juntadeandalucia.es\/educacion\/secretariavirtual\/autenticacion\/registroUsuarioIANDE\/\"><b>Registro para Clave iAnde<\/b><\/a><b><br \/>\n<\/b><\/p>\n<p style=\"text-align: center\">El alumnado desde 3\u00ba de ESO hasta 29 a\u00f1os debe realizar el&nbsp;<strong><a href=\"https:\/\/www.juntadeandalucia.es\/educacion\/secretariavirtual\/seguroEscolar\/pagoSeguroEscolar\/\" target=\"_blank\" rel=\"noopener noreferrer\"> pago del Seguro Escolar<\/a><\/strong><\/p>\n<\/td>\n<\/tr>\n<\/tbody>\n<\/table>\n","protected":false},"excerpt":{"rendered":"<p>Informaci\u00f3n sobre proceso de matriculaci\u00f3n En la tabla bajo estas l\u00edneas se ir\u00e1 a\u00f1adiendo informaci\u00f3n de inter\u00e9s a medida que se vaya concretando y comunicando por parte de la Administraci\u00f3n Educativa en su sitio web. (Actualizado el 1 de julio de 2021) &nbsp; Ense\u00f1anzas ESO (Ense\u00f1anza Secundaria Obligatoria) y Bachillerato ESPA (Ense\u00f1anza Secundaria para Personas [&hellip;]<\/p>\n","protected":false},"author":5106,"featured_media":0,"parent":0,"menu_order":0,"comment_status":"closed","ping_status":"closed","template":"","meta":{"ngg_post_thumbnail":0,"footnotes":"","_mc_calendar":[]},"aioseo_notices":[],"_links":{"self":[{"href":"https:\/\/blogsaverroes.juntadeandalucia.es\/iesalbaida\/wp-json\/wp\/v2\/pages\/4880"}],"collection":[{"href":"https:\/\/blogsaverroes.juntadeandalucia.es\/iesalbaida\/wp-json\/wp\/v2\/pages"}],"about":[{"href":"https:\/\/blogsaverroes.juntadeandalucia.es\/iesalbaida\/wp-json\/wp\/v2\/types\/page"}],"author":[{"embeddable":true,"href":"https:\/\/blogsaverroes.juntadeandalucia.es\/iesalbaida\/wp-json\/wp\/v2\/users\/5106"}],"replies":[{"embeddable":true,"href":"https:\/\/blogsaverroes.juntadeandalucia.es\/iesalbaida\/wp-json\/wp\/v2\/comments?post=4880"}],"version-history":[{"count":41,"href":"https:\/\/blogsaverroes.juntadeandalucia.es\/iesalbaida\/wp-json\/wp\/v2\/pages\/4880\/revisions"}],"predecessor-version":[{"id":4994,"href":"https:\/\/blogsaverroes.juntadeandalucia.es\/iesalbaida\/wp-json\/wp\/v2\/pages\/4880\/revisions\/4994"}],"wp:attachment":[{"href":"https:\/\/blogsaverroes.juntadeandalucia.es\/iesalbaida\/wp-json\/wp\/v2\/media?parent=4880"}],"curies":[{"name":"wp","href":"https:\/\/api.w.org\/{rel}","templated":true}]}}