{"id":5380,"date":"2022-12-12T11:41:46","date_gmt":"2022-12-12T11:41:46","guid":{"rendered":"https:\/\/blogsaverroes.juntadeandalucia.es\/iesalbaida\/?page_id=5380"},"modified":"2023-12-18T08:43:11","modified_gmt":"2023-12-18T08:43:11","slug":"programaciones-curso-2022-2023","status":"publish","type":"page","link":"https:\/\/blogsaverroes.juntadeandalucia.es\/iesalbaida\/programaciones-curso-2022-2023\/","title":{"rendered":"Programaciones"},"content":{"rendered":"<h1>Programaciones Curso 2023-2024<\/h1>\n<ul>\n<li><a href=\"https:\/\/drive.google.com\/drive\/folders\/1rl7G9mpbqDocI8hjy9lRy7WgpMyLjdfc?usp=drive_link\" target=\"_blank\" rel=\"noopener noreferrer\">Dpto. Sanidad<\/a><\/li>\n<li><a href=\"https:\/\/drive.google.com\/drive\/folders\/1e6nl64V9_DLoNt8BR66GDH1Wvb9Qetie?usp=sharing\" target=\"_blank\" rel=\"noopener noreferrer\">Dpto. Imagen y Sonido<\/a><\/li>\n<li><a href=\"https:\/\/drive.google.com\/drive\/folders\/1vuVtdx8GHimVgCaNa9mBJUW7DGlGPB7a?usp=drive_link\" target=\"_blank\" rel=\"noopener noreferrer\">Biolog\u00eda y Geolog\u00eda<\/a><\/li>\n<li><a href=\"https:\/\/drive.google.com\/drive\/folders\/1Uua4PTvrgQswxLS7MPHr0c34j056PPSz?usp=drive_link\" target=\"_blank\" rel=\"noopener noreferrer\">F\u00edsica y Qu\u00edmica<\/a><\/li>\n<li><a href=\"https:\/\/drive.google.com\/drive\/folders\/1EMGLQvh4XTjCNLKlE11DSeTfqYtleFvE?usp=drive_link\" target=\"_blank\" rel=\"noopener noreferrer\">Franc\u00e9s<\/a><\/li>\n<li><a href=\"https:\/\/drive.google.com\/drive\/folders\/1QoV6EMkQGQSc2_noZg1wk7fnJ1RsP4qo?usp=drive_link\" target=\"_blank\" rel=\"noopener noreferrer\">Geograf\u00eda e Historia<\/a><\/li>\n<li><a href=\"https:\/\/drive.google.com\/drive\/folders\/1w0HCMhy4xiAQ-AmEHREFvQsgOavnZf18?usp=drive_link\" target=\"_blank\" rel=\"noopener noreferrer\">Lengua y Literatura<\/a><\/li>\n<li><a href=\"https:\/\/drive.google.com\/drive\/folders\/1U5GAsnyxtZec2xp-WNKB7-3aa4W-J9h-?usp=drive_link\" target=\"_blank\" rel=\"noopener noreferrer\">Matem\u00e1ticas<\/a><\/li>\n<li><a href=\"https:\/\/drive.google.com\/drive\/folders\/1_vlY7TfvIio1ucbqczo5aNphWoiC3dno?usp=sharing\" target=\"_blank\" rel=\"noopener noreferrer\">Educaci\u00f3n F\u00edsica<\/a><\/li>\n<li><a href=\"https:\/\/drive.google.com\/drive\/folders\/1ZlET82ENMSbyvWtPXy36IDpeA7AGJb8g?usp=sharing\" target=\"_blank\" rel=\"noopener noreferrer\">Inform\u00e1tica<\/a><\/li>\n<li><a href=\"https:\/\/drive.google.com\/drive\/folders\/1U8M09Wljqnxw0-UnVYeMFOUNoJdJlxdZ?usp=sharing\" target=\"_blank\" rel=\"noopener noreferrer\">Filosof\u00eda<\/a><\/li>\n<li><a href=\"https:\/\/drive.google.com\/drive\/folders\/1CQEkxyDctPiwhBIVU6i4PdWjQGmNbBnl?usp=sharing\" target=\"_blank\" rel=\"noopener noreferrer\">M\u00fasica<\/a><\/li>\n<\/ul>\n<p>Las programaciones del resto de departamentos para el curso 2023-2024 ser\u00e1n actualizadas en breve.<\/p>\n<h1>Programaciones Curso 2022-2023<\/h1>\n<ul>\n<li>R\u00e9gimen Ordinario\n<ul>\n<li><a href=\"https:\/\/drive.google.com\/drive\/folders\/1TZ9b89gZpx714Fh1Gb0Pp02A7liRN1a0?usp=share_link\" target=\"_blank\" rel=\"noopener noreferrer\">Departamento de Formaci\u00f3n y Orientaci\u00f3n Laboral<\/a><\/li>\n<li><a href=\"https:\/\/drive.google.com\/drive\/folders\/1tg6lhretbAmiRfBcnnUQ_y5OVdAGzP4m?usp=share_link\" target=\"_blank\" rel=\"noopener noreferrer\">Departamento de Ingl\u00e9s<\/a><\/li>\n<li><a href=\"https:\/\/drive.google.com\/drive\/folders\/1CuFnU7bjvFdn_-g-qe_i8XlsfyZXil4m?usp=share_link\" target=\"_blank\" rel=\"noopener noreferrer\">Religi\u00f3n<\/a><\/li>\n<\/ul>\n<\/li>\n<li>R\u00e9gimen de Personas Adultas\n<ul>\n<li><a href=\"https:\/\/drive.google.com\/drive\/folders\/1seapVqjfeUWYCsv0FSGVu6QrGeQgYajy?usp=sharing\" target=\"_blank\" rel=\"noopener noreferrer\">Educaci\u00f3n Permanente<\/a>.<\/li>\n<li><a href=\"https:\/\/drive.google.com\/drive\/folders\/1ph-CiNAkRWmf5CE6397Uvv-_ACKelMEU?usp=sharing\" target=\"_blank\" rel=\"noopener noreferrer\">Formaci\u00f3n Profesional<\/a>.<\/li>\n<\/ul>\n<\/li>\n<\/ul>\n","protected":false},"excerpt":{"rendered":"<p>Programaciones Curso 2023-2024 Dpto. Sanidad Dpto. Imagen y Sonido Biolog\u00eda y Geolog\u00eda F\u00edsica y Qu\u00edmica Franc\u00e9s Geograf\u00eda e Historia Lengua y Literatura Matem\u00e1ticas Educaci\u00f3n F\u00edsica Inform\u00e1tica Filosof\u00eda M\u00fasica Las programaciones del resto de departamentos para el curso 2023-2024 ser\u00e1n actualizadas en breve. Programaciones Curso 2022-2023 R\u00e9gimen Ordinario Departamento de Formaci\u00f3n y Orientaci\u00f3n Laboral Departamento de [&hellip;]<\/p>\n","protected":false},"author":5106,"featured_media":0,"parent":0,"menu_order":0,"comment_status":"closed","ping_status":"closed","template":"","meta":{"ngg_post_thumbnail":0,"footnotes":"","_mc_calendar":[]},"aioseo_notices":[],"_links":{"self":[{"href":"https:\/\/blogsaverroes.juntadeandalucia.es\/iesalbaida\/wp-json\/wp\/v2\/pages\/5380"}],"collection":[{"href":"https:\/\/blogsaverroes.juntadeandalucia.es\/iesalbaida\/wp-json\/wp\/v2\/pages"}],"about":[{"href":"https:\/\/blogsaverroes.juntadeandalucia.es\/iesalbaida\/wp-json\/wp\/v2\/types\/page"}],"author":[{"embeddable":true,"href":"https:\/\/blogsaverroes.juntadeandalucia.es\/iesalbaida\/wp-json\/wp\/v2\/users\/5106"}],"replies":[{"embeddable":true,"href":"https:\/\/blogsaverroes.juntadeandalucia.es\/iesalbaida\/wp-json\/wp\/v2\/comments?post=5380"}],"version-history":[{"count":7,"href":"https:\/\/blogsaverroes.juntadeandalucia.es\/iesalbaida\/wp-json\/wp\/v2\/pages\/5380\/revisions"}],"predecessor-version":[{"id":5583,"href":"https:\/\/blogsaverroes.juntadeandalucia.es\/iesalbaida\/wp-json\/wp\/v2\/pages\/5380\/revisions\/5583"}],"wp:attachment":[{"href":"https:\/\/blogsaverroes.juntadeandalucia.es\/iesalbaida\/wp-json\/wp\/v2\/media?parent=5380"}],"curies":[{"name":"wp","href":"https:\/\/api.w.org\/{rel}","templated":true}]}}