{"id":5496,"date":"2023-05-25T07:45:48","date_gmt":"2023-05-25T07:45:48","guid":{"rendered":"https:\/\/blogsaverroes.juntadeandalucia.es\/iesalbaida\/?page_id=5496"},"modified":"2023-12-15T08:09:28","modified_gmt":"2023-12-15T08:09:28","slug":"planes-programas-y-proyectos","status":"publish","type":"page","link":"https:\/\/blogsaverroes.juntadeandalucia.es\/iesalbaida\/planes-programas-y-proyectos\/","title":{"rendered":"Planes, programas y proyectos"},"content":{"rendered":"<p>Los planes, programas y proyectos en desarrollo en el centro durante este curso 2023-2024 son:<\/p>\n<ul>\n<li>Plan de Igualdad de G\u00e9nero en Educaci\u00f3n.<\/li>\n<li>Programa de Centro Biling\u00fce &#8211; Ingl\u00e9s.<\/li>\n<li>Plan de Apertura de Centros Docentes.<\/li>\n<li>Plan de Salud Laboral y P.R.L.<\/li>\n<li>Organizaci\u00f3n y Funcionamiento de Bibliotecas Escolares.<\/li>\n<li>Aulas de Emprendimiento.<\/li>\n<li>Erasmus+ &#8211; Hablando se hace Europa.<\/li>\n<li>Erasmus+(FP) &#8211; Movilidad de Educaci\u00f3n Superior financiado por fondos de pol\u00edtica interior. Proyectos de movilidad de estudiantes y personal de Educaci\u00f3n y Formaci\u00f3n profesionales.<\/li>\n<li>Erasmus+ &#8211; Salvemos nuestro planeta azul.<\/li>\n<li>Erasmus+(FP) &#8211; Proyectos de acreditaci\u00f3n de estudiantes y personal de Formaci\u00f3n Profesional (FP).<\/li>\n<li>Pr\u00e1cticas C.C.E. y Psicolog\u00eda.<\/li>\n<li>Pr\u00e1cticum Master de Secundaria.<\/li>\n<li>Programa ADA (Alumnado Ayudante Digital en Andaluc\u00eda).<\/li>\n<li>Recurso ConRed Andaluc\u00eda.<\/li>\n<li>Red Andaluza Escuela \u00abEspacio de Paz\u00bb.<\/li>\n<li>Transformaci\u00f3n Digital Educativa.<\/li>\n<li>Unidades de Acompa\u00f1amiento.<\/li>\n<\/ul>\n<p>Y, dentro del Programa CIMA, los siguientes:<\/p>\n<ul>\n<li>En el apartado de <i>Para la transformaci\u00f3n hacia entornos m\u00e1s sostenibles y saludables:<\/i>\n<ul>\n<li><strong><i>Promoci\u00f3n de h\u00e1bitos saludables.<\/i><\/strong><\/li>\n<\/ul>\n<\/li>\n<li>En el apartado de STEAM:\n<ul>\n<li><em><strong>Ajedrez en el aula. Pensamiento computacional desenchufado.<\/strong><\/em><\/li>\n<\/ul>\n<\/li>\n<li>En el apartado de <i>Arte y Cultura<\/i>:\n<ul>\n<li><em><strong>Cultura emprendedora.<\/strong><\/em><\/li>\n<\/ul>\n<\/li>\n<li>En el apartado de <i>PLC (Proyecto ling\u00fc\u00edstico de centro), comunicaci\u00f3n y alfabetizaci\u00f3n medi\u00e1tica e informacional.<\/i>\n<ul>\n<li><em><strong>Alfabetizaci\u00f3n audiovisual. Ver y hacer cine.<\/strong><\/em><\/li>\n<\/ul>\n<\/li>\n<\/ul>\n<p>M\u00e1s informaci\u00f3n sobre el Programa CIMA en:<br \/>\n<a href=\"https:\/\/www.juntadeandalucia.es\/educacion\/eaprendizaje\/cima\/\" target=\"_blank\" rel=\"noopener nofollow noreferrer\">https:\/\/www.juntadeandalucia.es\/educacion\/eaprendizaje\/cima\/<\/a><\/p>\n","protected":false},"excerpt":{"rendered":"<p>Los planes, programas y proyectos en desarrollo en el centro durante este curso 2023-2024 son: Plan de Igualdad de G\u00e9nero en Educaci\u00f3n. Programa de Centro Biling\u00fce &#8211; Ingl\u00e9s. Plan de Apertura de Centros Docentes. Plan de Salud Laboral y P.R.L. Organizaci\u00f3n y Funcionamiento de Bibliotecas Escolares. Aulas de Emprendimiento. Erasmus+ &#8211; Hablando se hace Europa. [&hellip;]<\/p>\n","protected":false},"author":5106,"featured_media":0,"parent":0,"menu_order":0,"comment_status":"closed","ping_status":"closed","template":"","meta":{"ngg_post_thumbnail":0,"footnotes":"","_mc_calendar":[]},"aioseo_notices":[],"_links":{"self":[{"href":"https:\/\/blogsaverroes.juntadeandalucia.es\/iesalbaida\/wp-json\/wp\/v2\/pages\/5496"}],"collection":[{"href":"https:\/\/blogsaverroes.juntadeandalucia.es\/iesalbaida\/wp-json\/wp\/v2\/pages"}],"about":[{"href":"https:\/\/blogsaverroes.juntadeandalucia.es\/iesalbaida\/wp-json\/wp\/v2\/types\/page"}],"author":[{"embeddable":true,"href":"https:\/\/blogsaverroes.juntadeandalucia.es\/iesalbaida\/wp-json\/wp\/v2\/users\/5106"}],"replies":[{"embeddable":true,"href":"https:\/\/blogsaverroes.juntadeandalucia.es\/iesalbaida\/wp-json\/wp\/v2\/comments?post=5496"}],"version-history":[{"count":6,"href":"https:\/\/blogsaverroes.juntadeandalucia.es\/iesalbaida\/wp-json\/wp\/v2\/pages\/5496\/revisions"}],"predecessor-version":[{"id":5582,"href":"https:\/\/blogsaverroes.juntadeandalucia.es\/iesalbaida\/wp-json\/wp\/v2\/pages\/5496\/revisions\/5582"}],"wp:attachment":[{"href":"https:\/\/blogsaverroes.juntadeandalucia.es\/iesalbaida\/wp-json\/wp\/v2\/media?parent=5496"}],"curies":[{"name":"wp","href":"https:\/\/api.w.org\/{rel}","templated":true}]}}