{"id":5924,"date":"2025-05-27T15:10:52","date_gmt":"2025-05-27T15:10:52","guid":{"rendered":"https:\/\/blogsaverroes.juntadeandalucia.es\/iesalbaida\/?page_id=5924"},"modified":"2026-01-15T16:28:11","modified_gmt":"2026-01-15T16:28:11","slug":"departamento-de-lengua-castellana-y-literatura","status":"publish","type":"page","link":"https:\/\/blogsaverroes.juntadeandalucia.es\/iesalbaida\/departamento-de-lengua-castellana-y-literatura\/","title":{"rendered":"Departamento de Lengua Castellana y Literatura"},"content":{"rendered":"\t\t<div data-elementor-type=\"wp-page\" data-elementor-id=\"5924\" class=\"elementor elementor-5924\">\n\t\t\t\t\t\t<section class=\"elementor-section elementor-top-section elementor-element elementor-element-e3a2044 elementor-section-boxed elementor-section-height-default elementor-section-height-default\" data-id=\"e3a2044\" data-element_type=\"section\">\n\t\t\t\t\t\t<div class=\"elementor-container elementor-column-gap-default\">\n\t\t\t\t\t<div class=\"elementor-column elementor-col-100 elementor-top-column elementor-element elementor-element-dd3cf95\" data-id=\"dd3cf95\" data-element_type=\"column\">\n\t\t\t<div class=\"elementor-widget-wrap elementor-element-populated\">\n\t\t\t\t\t\t<div class=\"elementor-element elementor-element-7ff53fa elementor-widget elementor-widget-heading\" data-id=\"7ff53fa\" data-element_type=\"widget\" data-widget_type=\"heading.default\">\n\t\t\t\t<div class=\"elementor-widget-container\">\n\t\t\t\t\t<h2 class=\"elementor-heading-title elementor-size-default\">- DEPARTAMENTO DE LENGUA CASTELLANA Y LITERATURA -<\/h2>\t\t\t\t<\/div>\n\t\t\t\t<\/div>\n\t\t\t\t\t<\/div>\n\t\t<\/div>\n\t\t\t\t\t<\/div>\n\t\t<\/section>\n\t\t\t\t<section class=\"elementor-section elementor-top-section elementor-element elementor-element-3d95687 elementor-section-boxed elementor-section-height-default elementor-section-height-default\" data-id=\"3d95687\" data-element_type=\"section\">\n\t\t\t\t\t\t<div class=\"elementor-container elementor-column-gap-default\">\n\t\t\t\t\t<div class=\"elementor-column elementor-col-100 elementor-top-column elementor-element elementor-element-c74e864\" data-id=\"c74e864\" data-element_type=\"column\">\n\t\t\t<div class=\"elementor-widget-wrap elementor-element-populated\">\n\t\t\t\t\t\t<div class=\"elementor-element elementor-element-b5f56cb elementor-widget elementor-widget-text-editor\" data-id=\"b5f56cb\" data-element_type=\"widget\" data-widget_type=\"text-editor.default\">\n\t\t\t\t<div class=\"elementor-widget-container\">\n\t\t\t\t\t\t\t\t\t<p>ENLACES A LA <strong>PROGRAMACIONES\u00a0<\/strong>DE ESTE CURSO<\/p><ul><li><a href=\"https:\/\/drive.google.com\/file\/d\/1864oB-fn3TUB6wLYF9ufiPpEfqnxwNa4\/view?usp=drive_link\" target=\"_blank\" rel=\"noopener\">PROGRAMACI\u00d3N DID\u00c1CTICA LENGUA Y LITERATURA ESO<\/a><\/li><li><a href=\"https:\/\/drive.google.com\/file\/d\/1CjD44YGaRxVsrrX79iKFA3-XXdDG7LVd\/view?usp=drive_link\" target=\"_blank\" rel=\"noopener\">PROGRAMACI\u00d3N DID\u00c1CTICA LENGUA Y LITERATURA BACHILLERATO<\/a><\/li><li><a href=\"https:\/\/drive.google.com\/file\/d\/10gKr0t09tZNq1-EGRKTvu70ykoVp_jCn\/view?usp=drive_link\" target=\"_blank\" rel=\"noopener\">PROGRAMACI\u00d3N DID\u00c1CTICA ORATORIA Y DEBATE 2\u00ba ESO<\/a><\/li><li><a href=\"https:\/\/drive.google.com\/file\/d\/1W0VcMptHM2m6bdFgKZBnJNvM_RpWCMLE\/view?usp=drive_link\" target=\"_blank\" rel=\"noopener\">PROGRAMACI\u00d3N DID\u00c1CTICA ORATORIA Y DEBATE 3\u00ba ESO<\/a><\/li><li><a href=\"https:\/\/drive.google.com\/file\/d\/1x1wd9viYVdYVihu4QzHGbP2rYjXUSgCt\/view?usp=drive_link\" target=\"_blank\" rel=\"noopener\">PROGRAMACI\u00d3N DID\u00c1CTICA ORATORIA Y DEBATE 4\u00ba ESO<\/a><\/li><li><a href=\"https:\/\/drive.google.com\/file\/d\/10Kh4--jRNlM7rXvDEQEXzk6KnxBjnqtX\/view?usp=drive_link\" target=\"_blank\" rel=\"noopener\">PROGRAMACI\u00d3N DID\u00c1CTICA ORATORIA Y DEBATE 1\u00ba BACHILLERATO<\/a><\/li><li><a href=\"https:\/\/drive.google.com\/file\/d\/1KLy2W74c3Eq90fe0H6JwYN29hy9OGdcZ\/view?usp=drive_link\" target=\"_blank\" rel=\"noopener\">PROGRAMACI\u00d3N DID\u00c1CTICA TALLER DE TEATRO 1\u00ba ESO<\/a><\/li><li style=\"font-size: 16px\"><a href=\"https:\/\/drive.google.com\/file\/d\/18t0aRVaQUiXhVzSaKLdFcAEhCHcxDj5V\/view?usp=drive_link\" target=\"_blank\" rel=\"noopener\">PROGRAMACI\u00d3N DID\u00c1CTICA TALLER DE TEATRO 2\u00ba ESO<\/a><\/li><li style=\"font-size: 16px\"><a href=\"https:\/\/drive.google.com\/file\/d\/1qzpL-W6JSGUF52oiIq9tNF2wzwq2F72j\/view?usp=drive_link\" target=\"_blank\" rel=\"noopener\">PROGRAMACI\u00d3N DID\u00c1CTICA \u00c1MBITO LING\u00dc\u00cdSTICO Y SOCIAL 4\u00ba ESO<\/a><\/li><li><a href=\"https:\/\/drive.google.com\/file\/d\/1HrwZLaZa7qPg85DrIs9i4fPaRE40_jzC\/view?usp=drive_link\" target=\"_blank\" rel=\"noopener\">PROGRAMACI\u00d3N DID\u00c1CTICA LITERATURA UNIVERSAL 1\u00baBACHILLERATO<\/a><\/li><li style=\"font-size: 16px\"><a href=\"https:\/\/drive.google.com\/file\/d\/1HftCvsL7GYrmqj-jO7WsePU7eNB6NJdB\/view?usp=drive_link\" target=\"_blank\" rel=\"noopener\">PROGRAMACI\u00d3N DID\u00c1CTICA\u00a0TALLER DE COMENTARIO DE TEXTOS 2\u00ba BACHILLERATO<\/a><\/li><\/ul><p>\u00a0<\/p><ul><li><a href=\"https:\/\/drive.google.com\/file\/d\/1tUZ3U_f8W2zgz2hY_9-RW9trTwiHzFnW\/view?usp=drive_link\" target=\"_blank\" rel=\"noopener\">PROGRAMACI\u00d3N DID\u00c1CTICA \u00c1MBITO DE COMUNICACI\u00d3N ESPA I-II<\/a><\/li><\/ul><p>\u00a0<\/p><ul><li><a href=\"https:\/\/drive.google.com\/file\/d\/1jllmLA1SJJt_68-PW1IlBlOWiKV5S3q4\/view?usp=drive_link\" target=\"_blank\" rel=\"noopener\">PROGRAMACI\u00d3N DID\u00c1CTICA LAT\u00cdN 4\u00ba ESO<\/a><\/li><li><a href=\"https:\/\/drive.google.com\/file\/d\/1OCv1jGrH4nvENFI_ca01M2z8Boxk5GfD\/view?usp=drive_link\" target=\"_blank\" rel=\"noopener\">PROGRAMACI\u00d3N DID\u00c1CTICA LAT\u00cdN 1\u00ba BACHILLERATO<\/a><\/li><li><a href=\"https:\/\/drive.google.com\/file\/d\/1POGAWpDf3SeVWo2HrMkcx-sX-87Snl6R\/view?usp=drive_link\" target=\"_blank\" rel=\"noopener\">PROGRAMACI\u00d3N DID\u00c1CTICA LAT\u00cdN 2\u00ba BACHILLERATO<\/a><\/li><\/ul><p>\u00a0<\/p><ul><li><a href=\"https:\/\/drive.google.com\/file\/d\/1vlFTjRvxn06QbRmxCMvetAjKW66hygNu\/view?usp=drive_link\" target=\"_blank\" rel=\"noopener\">PROGRAMACI\u00d3N DID\u00c1CTICA GRIEGO 1\u00ba BACHILLERATO<\/a><\/li><li><a href=\"https:\/\/drive.google.com\/file\/d\/1tgRGUUqBs36oQCqUUre1QsNdrUg3nRjf\/view?usp=drive_link\" target=\"_blank\" rel=\"noopener\">PROGRAMACI\u00d3N DID\u00c1CTICA GRIEGO 2\u00ba BACHILLERATO<\/a><\/li><\/ul><p>\u00a0<\/p><p>\u00a0<\/p>\t\t\t\t\t\t\t\t<\/div>\n\t\t\t\t<\/div>\n\t\t\t\t\t<\/div>\n\t\t<\/div>\n\t\t\t\t\t<\/div>\n\t\t<\/section>\n\t\t\t\t<\/div>\n\t\t","protected":false},"excerpt":{"rendered":"<p>&#8211; DEPARTAMENTO DE LENGUA CASTELLANA Y LITERATURA &#8211; ENLACES A LA PROGRAMACIONES\u00a0DE ESTE CURSO PROGRAMACI\u00d3N DID\u00c1CTICA LENGUA Y LITERATURA ESO PROGRAMACI\u00d3N DID\u00c1CTICA LENGUA Y LITERATURA BACHILLERATO PROGRAMACI\u00d3N DID\u00c1CTICA ORATORIA Y DEBATE 2\u00ba ESO PROGRAMACI\u00d3N DID\u00c1CTICA ORATORIA Y DEBATE 3\u00ba ESO PROGRAMACI\u00d3N DID\u00c1CTICA ORATORIA Y DEBATE 4\u00ba ESO PROGRAMACI\u00d3N DID\u00c1CTICA ORATORIA Y DEBATE 1\u00ba BACHILLERATO PROGRAMACI\u00d3N [&hellip;]<\/p>\n","protected":false},"author":4211,"featured_media":0,"parent":0,"menu_order":0,"comment_status":"closed","ping_status":"closed","template":"elementor_header_footer","meta":{"ngg_post_thumbnail":0,"footnotes":"","_mc_calendar":[]},"aioseo_notices":[],"_links":{"self":[{"href":"https:\/\/blogsaverroes.juntadeandalucia.es\/iesalbaida\/wp-json\/wp\/v2\/pages\/5924"}],"collection":[{"href":"https:\/\/blogsaverroes.juntadeandalucia.es\/iesalbaida\/wp-json\/wp\/v2\/pages"}],"about":[{"href":"https:\/\/blogsaverroes.juntadeandalucia.es\/iesalbaida\/wp-json\/wp\/v2\/types\/page"}],"author":[{"embeddable":true,"href":"https:\/\/blogsaverroes.juntadeandalucia.es\/iesalbaida\/wp-json\/wp\/v2\/users\/4211"}],"replies":[{"embeddable":true,"href":"https:\/\/blogsaverroes.juntadeandalucia.es\/iesalbaida\/wp-json\/wp\/v2\/comments?post=5924"}],"version-history":[{"count":31,"href":"https:\/\/blogsaverroes.juntadeandalucia.es\/iesalbaida\/wp-json\/wp\/v2\/pages\/5924\/revisions"}],"predecessor-version":[{"id":7328,"href":"https:\/\/blogsaverroes.juntadeandalucia.es\/iesalbaida\/wp-json\/wp\/v2\/pages\/5924\/revisions\/7328"}],"wp:attachment":[{"href":"https:\/\/blogsaverroes.juntadeandalucia.es\/iesalbaida\/wp-json\/wp\/v2\/media?parent=5924"}],"curies":[{"name":"wp","href":"https:\/\/api.w.org\/{rel}","templated":true}]}}