{"id":5938,"date":"2025-05-29T08:38:12","date_gmt":"2025-05-29T08:38:12","guid":{"rendered":"https:\/\/blogsaverroes.juntadeandalucia.es\/iesalbaida\/?page_id=5938"},"modified":"2025-09-08T22:16:33","modified_gmt":"2025-09-08T22:16:33","slug":"matriculacion-eso-y-bachillerato","status":"publish","type":"page","link":"https:\/\/blogsaverroes.juntadeandalucia.es\/iesalbaida\/matriculacion-eso-y-bachillerato\/","title":{"rendered":"Matriculaci\u00f3n ESO y Bachillerato"},"content":{"rendered":"\t\t<div data-elementor-type=\"wp-page\" data-elementor-id=\"5938\" class=\"elementor elementor-5938\">\n\t\t\t\t\t\t<section class=\"elementor-section elementor-top-section elementor-element elementor-element-e5e7cd8 elementor-section-boxed elementor-section-height-default elementor-section-height-default\" data-id=\"e5e7cd8\" data-element_type=\"section\">\n\t\t\t\t\t\t<div class=\"elementor-container elementor-column-gap-default\">\n\t\t\t\t\t<div class=\"elementor-column elementor-col-100 elementor-top-column elementor-element elementor-element-a0d18cf\" data-id=\"a0d18cf\" data-element_type=\"column\">\n\t\t\t<div class=\"elementor-widget-wrap\">\n\t\t\t\t\t\t\t<\/div>\n\t\t<\/div>\n\t\t\t\t\t<\/div>\n\t\t<\/section>\n\t\t\t\t<section class=\"elementor-section elementor-top-section elementor-element elementor-element-9de58d3 elementor-section-boxed elementor-section-height-default elementor-section-height-default\" data-id=\"9de58d3\" data-element_type=\"section\">\n\t\t\t\t\t\t<div class=\"elementor-container elementor-column-gap-default\">\n\t\t\t\t\t<div class=\"elementor-column elementor-col-100 elementor-top-column elementor-element elementor-element-6ab74b9\" data-id=\"6ab74b9\" data-element_type=\"column\">\n\t\t\t<div class=\"elementor-widget-wrap elementor-element-populated\">\n\t\t\t\t\t\t<div class=\"elementor-element elementor-element-acd7683 elementor-widget elementor-widget-html\" data-id=\"acd7683\" data-element_type=\"widget\" data-widget_type=\"html.default\">\n\t\t\t\t<div class=\"elementor-widget-container\">\n\t\t\t\t\t        <div id=\"cc-matrix-4212965933\"><div id=\"cc-m-13862183933\" class=\"j-module n j-header \"><h2 class=\"\" id=\"cc-m-header-13862183933\">Matr\u00edcula ESO y Bachillerato<\/h2><\/div><div id=\"cc-m-14366143033\" class=\"j-module n j-text \"><p>\r\n    Del 1 al 10 de julio en ESO y <span style=\"font-size: 16px\">Bachillerato, de forma telem\u00e1tica, con clave iAnde.<\/span>\r\n<\/p>\r\n\r\n<p>\r\n     \r\n<\/p><\/div><div id=\"cc-m-14701090933\" class=\"j-module n j-text \"><p>\r\n    Si tiene dificultad para la realizaci\u00f3n de la matr\u00edcula de forma telem\u00e1tica, podr\u00e1 realizarla presencialmente en el centro, del 1 al 10 de julio, de 9 a 14 h.\r\n<\/p>\t\t\t\t<\/div>\n\t\t\t\t<\/div>\n\t\t\t\t\t<\/div>\n\t\t<\/div>\n\t\t\t\t\t<\/div>\n\t\t<\/section>\n\t\t\t\t<section class=\"elementor-section elementor-top-section elementor-element elementor-element-97e62b6 elementor-section-boxed elementor-section-height-default elementor-section-height-default\" data-id=\"97e62b6\" data-element_type=\"section\">\n\t\t\t\t\t\t<div class=\"elementor-container elementor-column-gap-default\">\n\t\t\t\t\t<div class=\"elementor-column elementor-col-100 elementor-top-column elementor-element elementor-element-d3cede1\" data-id=\"d3cede1\" data-element_type=\"column\">\n\t\t\t<div class=\"elementor-widget-wrap elementor-element-populated\">\n\t\t\t\t\t\t<div class=\"elementor-element elementor-element-3e3fe9c elementor-align-center elementor-widget elementor-widget-button\" data-id=\"3e3fe9c\" data-element_type=\"widget\" data-widget_type=\"button.default\">\n\t\t\t\t<div class=\"elementor-widget-container\">\n\t\t\t\t\t\t\t\t\t<div class=\"elementor-button-wrapper\">\n\t\t\t\t\t<a class=\"elementor-button elementor-button-link elementor-size-sm\" href=\"https:\/\/www.juntadeandalucia.es\/educacion\/secretariavirtual\/\">\n\t\t\t\t\t\t<span class=\"elementor-button-content-wrapper\">\n\t\t\t\t\t\t\t\t\t<span class=\"elementor-button-text\">MATR\u00cdCULA TELEM\u00c1TICA ESO Y BACHILLERATO<\/span>\n\t\t\t\t\t<\/span>\n\t\t\t\t\t<\/a>\n\t\t\t\t<\/div>\n\t\t\t\t\t\t\t\t<\/div>\n\t\t\t\t<\/div>\n\t\t\t\t\t<\/div>\n\t\t<\/div>\n\t\t\t\t\t<\/div>\n\t\t<\/section>\n\t\t\t\t<\/div>\n\t\t","protected":false},"excerpt":{"rendered":"<p>Matr\u00edcula ESO y Bachillerato Del 1 al 10 de julio en ESO y Bachillerato, de forma telem\u00e1tica, con clave iAnde. Si tiene dificultad para la realizaci\u00f3n de la matr\u00edcula de forma telem\u00e1tica, podr\u00e1 realizarla presencialmente en el centro, del 1 al 10 de julio, de 9 a 14 h. MATR\u00cdCULA TELEM\u00c1TICA ESO Y BACHILLERATO<\/p>\n","protected":false},"author":4211,"featured_media":0,"parent":0,"menu_order":0,"comment_status":"closed","ping_status":"closed","template":"elementor_header_footer","meta":{"ngg_post_thumbnail":0,"footnotes":"","_mc_calendar":[]},"aioseo_notices":[],"_links":{"self":[{"href":"https:\/\/blogsaverroes.juntadeandalucia.es\/iesalbaida\/wp-json\/wp\/v2\/pages\/5938"}],"collection":[{"href":"https:\/\/blogsaverroes.juntadeandalucia.es\/iesalbaida\/wp-json\/wp\/v2\/pages"}],"about":[{"href":"https:\/\/blogsaverroes.juntadeandalucia.es\/iesalbaida\/wp-json\/wp\/v2\/types\/page"}],"author":[{"embeddable":true,"href":"https:\/\/blogsaverroes.juntadeandalucia.es\/iesalbaida\/wp-json\/wp\/v2\/users\/4211"}],"replies":[{"embeddable":true,"href":"https:\/\/blogsaverroes.juntadeandalucia.es\/iesalbaida\/wp-json\/wp\/v2\/comments?post=5938"}],"version-history":[{"count":19,"href":"https:\/\/blogsaverroes.juntadeandalucia.es\/iesalbaida\/wp-json\/wp\/v2\/pages\/5938\/revisions"}],"predecessor-version":[{"id":6876,"href":"https:\/\/blogsaverroes.juntadeandalucia.es\/iesalbaida\/wp-json\/wp\/v2\/pages\/5938\/revisions\/6876"}],"wp:attachment":[{"href":"https:\/\/blogsaverroes.juntadeandalucia.es\/iesalbaida\/wp-json\/wp\/v2\/media?parent=5938"}],"curies":[{"name":"wp","href":"https:\/\/api.w.org\/{rel}","templated":true}]}}