{"id":6036,"date":"2025-06-02T14:54:06","date_gmt":"2025-06-02T14:54:06","guid":{"rendered":"https:\/\/blogsaverroes.juntadeandalucia.es\/iesalbaida\/?page_id=6036"},"modified":"2025-06-04T08:02:39","modified_gmt":"2025-06-04T08:02:39","slug":"pasen","status":"publish","type":"page","link":"https:\/\/blogsaverroes.juntadeandalucia.es\/iesalbaida\/pasen\/","title":{"rendered":"PASEN"},"content":{"rendered":"\t\t<div data-elementor-type=\"wp-page\" data-elementor-id=\"6036\" class=\"elementor elementor-6036\">\n\t\t\t\t\t\t<section class=\"elementor-section elementor-top-section elementor-element elementor-element-b8012bc elementor-section-boxed elementor-section-height-default elementor-section-height-default\" data-id=\"b8012bc\" data-element_type=\"section\">\n\t\t\t\t\t\t<div class=\"elementor-container elementor-column-gap-default\">\n\t\t\t\t\t<div class=\"elementor-column elementor-col-100 elementor-top-column elementor-element elementor-element-0efe789\" data-id=\"0efe789\" data-element_type=\"column\">\n\t\t\t<div class=\"elementor-widget-wrap elementor-element-populated\">\n\t\t\t\t\t\t<div class=\"elementor-element elementor-element-7c69ae8 elementor-widget elementor-widget-text-editor\" data-id=\"7c69ae8\" data-element_type=\"widget\" data-widget_type=\"text-editor.default\">\n\t\t\t\t<div class=\"elementor-widget-container\">\n\t\t\t\t\t\t\t\t\t<div id=\"cc-m-13611443733\" class=\"j-module n j-header \"><h2 id=\"cc-m-header-13611443733\" class=\"\">Seguimiento del alumnado en PASEN<\/h2><\/div><div id=\"cc-m-13611449433\" class=\"j-module n j-spacing \"><div class=\"cc-m-spacer\">\u00a0<\/div><\/div><div id=\"cc-m-13611455133\" class=\"j-module n j-textWithImage \"><figure class=\"cc-imagewrapper cc-m-image-align-2\"><img decoding=\"async\" id=\"cc-m-textwithimage-image-13611455133\" class=\"alignright\" src=\"https:\/\/image.jimcdn.com\/app\/cms\/image\/transf\/none\/path\/sbbcd089d7b4bdde9\/image\/i67e311a520c73e81\/version\/1711991000\/image.png\" alt=\"\" data-src-width=\"512\" data-src-height=\"250\" data-src=\"https:\/\/image.jimcdn.com\/app\/cms\/image\/transf\/none\/path\/sbbcd089d7b4bdde9\/image\/i67e311a520c73e81\/version\/1711991000\/image.png\" data-image-id=\"8517908233\" \/><\/figure><div><div id=\"cc-m-textwithimage-13611455133\" class=\"cc-m-textwithimage-inline-rte\" data-name=\"text\" data-action=\"text\"><p>PASEN es un Servicio Integral de Atenci\u00f3n a la Comunidad Educativa a trav\u00e9s de Internet.<\/p><p>Este servicio de valor a\u00f1adido se apoya en una aplicaci\u00f3n web que act\u00faa de nuevo canal de comunicaci\u00f3n y que ofrece a todos los agentes de la Comunidad la posibilidad de mantener un di\u00e1logo<\/p><p>fluido y cotidiano, a\u00fan para aquellos que por diversos motivos, ya sean personales, laborales o de<\/p><p>cualquier otro origen, no puedan llevarlo a cabo del modo tradicional.<\/p><p>PASEN permitir\u00e1 a las madres y padres contactar con el resto de la Comunidad Educativa.<\/p><p>Adem\u00e1s de esta beneficiosa y complementaria ayuda a la comunicaci\u00f3n entre los miembros de la comunidad, PASEN pone a nuestra disposici\u00f3n una serie de herramientas para poder llevar un seguimiento sobre las tareas, trabajos, controles y ex\u00e1menes que se le asignen a nuestros hijos e hijas, sobre las fechas de entrega, las fechas de ex\u00e1menes, sobre las faltas de asistencia a clase, etc., siendo nosotros, las madres y los padres los que decidiremos la medida del uso que queramos darle a estas herramientas.<\/p><p>Acceso web: <a title=\"http:\/\/www.juntadeandalucia.es\/educacion\/portalseneca\/web\/pasen\/inicio\" href=\"http:\/\/www.juntadeandalucia.es\/educacion\/portalseneca\/web\/pasen\/inicio\" target=\"_blank\" rel=\"noopener\">http:\/\/www.juntadeandalucia.es\/educacion\/portalseneca\/web\/pasen\/inicio<\/a><\/p><p>Tambi\u00e9n tienen a su disposici\u00f3n la aplicaci\u00f3n para m\u00f3vil Android e iOS, iPASEN.<\/p><\/div><\/div><\/div>\t\t\t\t\t\t\t\t<\/div>\n\t\t\t\t<\/div>\n\t\t\t\t\t<\/div>\n\t\t<\/div>\n\t\t\t\t\t<\/div>\n\t\t<\/section>\n\t\t\t\t<section class=\"elementor-section elementor-top-section elementor-element elementor-element-789a2426 elementor-section-boxed elementor-section-height-default elementor-section-height-default\" data-id=\"789a2426\" data-element_type=\"section\">\n\t\t\t\t\t\t<div class=\"elementor-container elementor-column-gap-default\">\n\t\t\t\t\t<div class=\"elementor-column elementor-col-50 elementor-top-column elementor-element elementor-element-194611d3\" data-id=\"194611d3\" data-element_type=\"column\">\n\t\t\t<div class=\"elementor-widget-wrap elementor-element-populated\">\n\t\t\t\t\t\t<div class=\"elementor-element elementor-element-6dc5f7a0 elementor-widget elementor-widget-text-editor\" data-id=\"6dc5f7a0\" data-element_type=\"widget\" data-widget_type=\"text-editor.default\">\n\t\t\t\t<div class=\"elementor-widget-container\">\n\t\t\t\t\t\t\t\t\t<p style=\"text-align: center\">Tutorial para familias PASEN<\/p>\t\t\t\t\t\t\t\t<\/div>\n\t\t\t\t<\/div>\n\t\t\t\t<div class=\"elementor-element elementor-element-76a18c50 elementor-align-center elementor-widget elementor-widget-button\" data-id=\"76a18c50\" data-element_type=\"widget\" data-widget_type=\"button.default\">\n\t\t\t\t<div class=\"elementor-widget-container\">\n\t\t\t\t\t\t\t\t\t<div class=\"elementor-button-wrapper\">\n\t\t\t\t\t<a class=\"elementor-button elementor-button-link elementor-size-sm\" href=\"https:\/\/blogsaverroes.juntadeandalucia.es\/iesalbaida\/files\/2025\/06\/Manual-Pasen-Tutor-legal.pdf\">\n\t\t\t\t\t\t<span class=\"elementor-button-content-wrapper\">\n\t\t\t\t\t\t\t\t\t<span class=\"elementor-button-text\">DESCARGAR<\/span>\n\t\t\t\t\t<\/span>\n\t\t\t\t\t<\/a>\n\t\t\t\t<\/div>\n\t\t\t\t\t\t\t\t<\/div>\n\t\t\t\t<\/div>\n\t\t\t\t\t<\/div>\n\t\t<\/div>\n\t\t\t\t<div class=\"elementor-column elementor-col-50 elementor-top-column elementor-element elementor-element-51b340d5\" data-id=\"51b340d5\" data-element_type=\"column\">\n\t\t\t<div class=\"elementor-widget-wrap elementor-element-populated\">\n\t\t\t\t\t\t<div class=\"elementor-element elementor-element-f657c96 elementor-widget elementor-widget-text-editor\" data-id=\"f657c96\" data-element_type=\"widget\" data-widget_type=\"text-editor.default\">\n\t\t\t\t<div class=\"elementor-widget-container\">\n\t\t\t\t\t\t\t\t\t<p style=\"text-align: center\">Tutorial de iPASEN app para m\u00f3vil<\/p>\t\t\t\t\t\t\t\t<\/div>\n\t\t\t\t<\/div>\n\t\t\t\t<div class=\"elementor-element elementor-element-16949a88 elementor-align-center elementor-widget elementor-widget-button\" data-id=\"16949a88\" data-element_type=\"widget\" data-widget_type=\"button.default\">\n\t\t\t\t<div class=\"elementor-widget-container\">\n\t\t\t\t\t\t\t\t\t<div class=\"elementor-button-wrapper\">\n\t\t\t\t\t<a class=\"elementor-button elementor-button-link elementor-size-sm\" href=\"https:\/\/blogsaverroes.juntadeandalucia.es\/iesalbaida\/files\/2025\/06\/IPASEN-aplicacion-para-movil.pdf\">\n\t\t\t\t\t\t<span class=\"elementor-button-content-wrapper\">\n\t\t\t\t\t\t\t\t\t<span class=\"elementor-button-text\">DESCARGAR<\/span>\n\t\t\t\t\t<\/span>\n\t\t\t\t\t<\/a>\n\t\t\t\t<\/div>\n\t\t\t\t\t\t\t\t<\/div>\n\t\t\t\t<\/div>\n\t\t\t\t\t<\/div>\n\t\t<\/div>\n\t\t\t\t\t<\/div>\n\t\t<\/section>\n\t\t\t\t<section class=\"elementor-section elementor-top-section elementor-element elementor-element-fbcbaf8 elementor-section-boxed elementor-section-height-default elementor-section-height-default\" data-id=\"fbcbaf8\" data-element_type=\"section\">\n\t\t\t\t\t\t<div class=\"elementor-container elementor-column-gap-default\">\n\t\t\t\t\t<div class=\"elementor-column elementor-col-100 elementor-top-column elementor-element elementor-element-6f5a05f\" data-id=\"6f5a05f\" data-element_type=\"column\">\n\t\t\t<div class=\"elementor-widget-wrap elementor-element-populated\">\n\t\t\t\t\t\t<div class=\"elementor-element elementor-element-f58f0e4 elementor-widget__width-initial elementor-widget elementor-widget-text-editor\" data-id=\"f58f0e4\" data-element_type=\"widget\" data-widget_type=\"text-editor.default\">\n\t\t\t\t<div class=\"elementor-widget-container\">\n\t\t\t\t\t\t\t\t\t<div id=\"cc-m-13611464633\" class=\"j-module n j-header \">\n<h3 id=\"cc-m-header-13611464633\" class=\"\">Para darse de alta en el sistema PASEN<\/h3>\n<\/div>\n<div id=\"cc-m-13611443833\" class=\"j-module n j-textWithImage \">\n<figure class=\"cc-imagewrapper cc-m-image-align-1\"><img decoding=\"async\" id=\"cc-m-textwithimage-image-13611443833\" class=\"alignleft\" src=\"https:\/\/image.jimcdn.com\/app\/cms\/image\/transf\/dimension=291x1024:format=png\/path\/sbbcd089d7b4bdde9\/image\/i4ed42fc7243c239f\/version\/1509660254\/image.png\" alt=\"\" data-src-width=\"331\" data-src-height=\"316\" data-src=\"https:\/\/image.jimcdn.com\/app\/cms\/image\/transf\/dimension=291x1024:format=png\/path\/sbbcd089d7b4bdde9\/image\/i4ed42fc7243c239f\/version\/1509660254\/image.png\" data-image-id=\"8517901433\"><\/figure>\n<div>\n<div id=\"cc-m-textwithimage-13611443833\" class=\"cc-m-textwithimage-inline-rte\" data-name=\"text\" data-action=\"text\">\n<p>Est\u00e1 disponible un nuevo procedimiento de \u00abautologin\u00bb para usuarios con perfiles tutor\/a legal y alumnado (tanto emancipado como no), mediante el cual cualquier padre\/madre o alumno\/a podr\u00e1 realizar un proceso de \u00abautologin\u00bb para obtener las credenciales de acceso a PASEN.&nbsp;<\/p>\n<p>Para realizar el \u00abautologin\u00bb a trav\u00e9s de la aplicaci\u00f3n web o de la app iPasen, las familias deber\u00e1n pinchar en el enlace &#8216;No tengo acceso&#8217; de la pantalla de login. Se requerir\u00e1n tres datos: El NIF, una fecha de nacimiento (de algunos de sus hijos\/as o la suya propia) y un n\u00famero de tel\u00e9fono m\u00f3vil donde recibir\u00e1 por SMS las credenciales. Este \u00faltimo deber\u00e1 coincidir con el que consta en S\u00e9neca para los tutores legales o para el alumnado.<\/p>\n<\/div>\n<\/div>\n<div class=\"cc-clear\">&nbsp;<\/div>\n<\/div>\n<div id=\"cc-m-13611445933\" class=\"j-module n j-imageSubtitle \">\n<figure class=\"cc-imagewrapper cc-m-image-align-3\"><img decoding=\"async\" id=\"cc-m-imagesubtitle-image-13611445933\" class=\"aligncenter\" src=\"https:\/\/image.jimcdn.com\/app\/cms\/image\/transf\/none\/path\/sbbcd089d7b4bdde9\/image\/i3321d1c0ac53c1e4\/version\/1509659717\/image.jpg\" alt=\"\" data-src-width=\"649\" data-src-height=\"529\" data-src=\"https:\/\/image.jimcdn.com\/app\/cms\/image\/transf\/none\/path\/sbbcd089d7b4bdde9\/image\/i3321d1c0ac53c1e4\/version\/1509659717\/image.jpg\" data-image-id=\"8517902833\"><\/figure>\n<div class=\"cc-clear\">&nbsp;<\/div>\n<\/div>\n<div id=\"cc-m-13611464933\" class=\"j-module n j-text \">\n<p>Tambi\u00e9n podr\u00e1n solicitar el alta o modificaci\u00f3n de contrase\u00f1a, e igualmente modificaci\u00f3n de datos err\u00f3neos de m\u00f3vil o email en Secretar\u00eda.<\/p>\n<\/div>\t\t\t\t\t\t\t\t<\/div>\n\t\t\t\t<\/div>\n\t\t\t\t\t<\/div>\n\t\t<\/div>\n\t\t\t\t\t<\/div>\n\t\t<\/section>\n\t\t\t\t<section class=\"elementor-section elementor-top-section elementor-element elementor-element-47e83d0 elementor-section-boxed elementor-section-height-default elementor-section-height-default\" data-id=\"47e83d0\" data-element_type=\"section\">\n\t\t\t\t\t\t<div class=\"elementor-container elementor-column-gap-default\">\n\t\t\t\t\t<div class=\"elementor-column elementor-col-100 elementor-top-column elementor-element elementor-element-7523d6d\" data-id=\"7523d6d\" data-element_type=\"column\">\n\t\t\t<div class=\"elementor-widget-wrap elementor-element-populated\">\n\t\t\t\t\t\t<div class=\"elementor-element elementor-element-a5da4e4 elementor-widget elementor-widget-html\" data-id=\"a5da4e4\" data-element_type=\"widget\" data-widget_type=\"html.default\">\n\t\t\t\t<div class=\"elementor-widget-container\">\n\t\t\t\t\t<iframe src=\"https:\/\/blogsaverroes.juntadeandalucia.es\/iesalbaida\/pie2\/\" width=\"100%\" height=\"400\" scrolling=\"no\">\r\n<\/iframe>\r\n\t\t\t\t<\/div>\n\t\t\t\t<\/div>\n\t\t\t\t\t<\/div>\n\t\t<\/div>\n\t\t\t\t\t<\/div>\n\t\t<\/section>\n\t\t\t\t<\/div>\n\t\t","protected":false},"excerpt":{"rendered":"<p>Seguimiento del alumnado en PASEN \u00a0 PASEN es un Servicio Integral de Atenci\u00f3n a la Comunidad Educativa a trav\u00e9s de Internet. Este servicio de valor a\u00f1adido se apoya en una aplicaci\u00f3n web que act\u00faa de nuevo canal de comunicaci\u00f3n y que ofrece a todos los agentes de la Comunidad la posibilidad de mantener un di\u00e1logo [&hellip;]<\/p>\n","protected":false},"author":4211,"featured_media":0,"parent":0,"menu_order":0,"comment_status":"closed","ping_status":"closed","template":"","meta":{"ngg_post_thumbnail":0,"footnotes":"","_mc_calendar":[]},"aioseo_notices":[],"_links":{"self":[{"href":"https:\/\/blogsaverroes.juntadeandalucia.es\/iesalbaida\/wp-json\/wp\/v2\/pages\/6036"}],"collection":[{"href":"https:\/\/blogsaverroes.juntadeandalucia.es\/iesalbaida\/wp-json\/wp\/v2\/pages"}],"about":[{"href":"https:\/\/blogsaverroes.juntadeandalucia.es\/iesalbaida\/wp-json\/wp\/v2\/types\/page"}],"author":[{"embeddable":true,"href":"https:\/\/blogsaverroes.juntadeandalucia.es\/iesalbaida\/wp-json\/wp\/v2\/users\/4211"}],"replies":[{"embeddable":true,"href":"https:\/\/blogsaverroes.juntadeandalucia.es\/iesalbaida\/wp-json\/wp\/v2\/comments?post=6036"}],"version-history":[{"count":7,"href":"https:\/\/blogsaverroes.juntadeandalucia.es\/iesalbaida\/wp-json\/wp\/v2\/pages\/6036\/revisions"}],"predecessor-version":[{"id":6140,"href":"https:\/\/blogsaverroes.juntadeandalucia.es\/iesalbaida\/wp-json\/wp\/v2\/pages\/6036\/revisions\/6140"}],"wp:attachment":[{"href":"https:\/\/blogsaverroes.juntadeandalucia.es\/iesalbaida\/wp-json\/wp\/v2\/media?parent=6036"}],"curies":[{"name":"wp","href":"https:\/\/api.w.org\/{rel}","templated":true}]}}