{"id":6054,"date":"2025-06-02T15:56:17","date_gmt":"2025-06-02T15:56:17","guid":{"rendered":"https:\/\/blogsaverroes.juntadeandalucia.es\/iesalbaida\/?page_id=6054"},"modified":"2025-06-13T10:57:45","modified_gmt":"2025-06-13T10:57:45","slug":"seguro-escolar","status":"publish","type":"page","link":"https:\/\/blogsaverroes.juntadeandalucia.es\/iesalbaida\/seguro-escolar\/","title":{"rendered":"Seguro Escolar"},"content":{"rendered":"\t\t<div data-elementor-type=\"wp-page\" data-elementor-id=\"6054\" class=\"elementor elementor-6054\">\n\t\t\t\t\t\t<section class=\"elementor-section elementor-top-section elementor-element elementor-element-958700e elementor-section-boxed elementor-section-height-default elementor-section-height-default\" data-id=\"958700e\" data-element_type=\"section\">\n\t\t\t\t\t\t<div class=\"elementor-container elementor-column-gap-default\">\n\t\t\t\t\t<div class=\"elementor-column elementor-col-100 elementor-top-column elementor-element elementor-element-917b711\" data-id=\"917b711\" data-element_type=\"column\">\n\t\t\t<div class=\"elementor-widget-wrap elementor-element-populated\">\n\t\t\t\t\t\t<div class=\"elementor-element elementor-element-99430af elementor-widget elementor-widget-text-editor\" data-id=\"99430af\" data-element_type=\"widget\" data-widget_type=\"text-editor.default\">\n\t\t\t\t<div class=\"elementor-widget-container\">\n\t\t\t\t\t\t\t\t\t<div id=\"cc-m-13601263233\" class=\"j-module n j-header \"><h3 id=\"cc-m-header-13601263233\" class=\"\">SEGURO ESCOLAR<\/h3><\/div><h3>Pago del Seguro Escolar<\/h3><p>El pago del Seguro Escolar es obligatorio a partir de 3\u00ba de ESO y hasta los 28 a\u00f1os. La cuota es anual de 1,12\u20ac.\u00a0<\/p><p>Se puede abonar de manera muy c\u00f3moda a trav\u00e9s de la Secretar\u00eda Virtual:<\/p><p><a href=\"https:\/\/blogsaverroes.juntadeandalucia.es\/iesalbaida\/files\/2025\/06\/SEGURO-ESCOLAR.png\"><img fetchpriority=\"high\" decoding=\"async\" class=\"aligncenter wp-image-6648 size-full\" src=\"https:\/\/blogsaverroes.juntadeandalucia.es\/iesalbaida\/files\/2025\/06\/SEGURO-ESCOLAR.png\" alt=\"\" width=\"1677\" height=\"596\" srcset=\"https:\/\/blogsaverroes.juntadeandalucia.es\/iesalbaida\/files\/2025\/06\/SEGURO-ESCOLAR.png 1600w, https:\/\/blogsaverroes.juntadeandalucia.es\/iesalbaida\/files\/2025\/06\/SEGURO-ESCOLAR-300x107.png 300w, https:\/\/blogsaverroes.juntadeandalucia.es\/iesalbaida\/files\/2025\/06\/SEGURO-ESCOLAR-1024x364.png 1024w, https:\/\/blogsaverroes.juntadeandalucia.es\/iesalbaida\/files\/2025\/06\/SEGURO-ESCOLAR-768x273.png 768w, https:\/\/blogsaverroes.juntadeandalucia.es\/iesalbaida\/files\/2025\/06\/SEGURO-ESCOLAR-1536x546.png 1536w\" sizes=\"(max-width: 1677px) 100vw, 1677px\" \/><\/a><\/p><p>\u00a0<\/p><div id=\"cc-m-13601263633\" class=\"j-module n j-imageSubtitle \"><figure class=\"cc-imagewrapper cc-m-image-align-3\"><img decoding=\"async\" id=\"cc-m-imagesubtitle-image-13601263633\" class=\"aligncenter\" src=\"https:\/\/image.jimcdn.com\/app\/cms\/image\/transf\/dimension=315x10000:format=jpg\/path\/sbbcd089d7b4bdde9\/image\/i79ba3fdcc9d0769d\/version\/1711985708\/image.jpg\" alt=\"\" width=\"161\" height=\"154\" data-src-width=\"861\" data-src-height=\"823\" data-src=\"https:\/\/image.jimcdn.com\/app\/cms\/image\/transf\/dimension=315x10000:format=jpg\/path\/sbbcd089d7b4bdde9\/image\/i79ba3fdcc9d0769d\/version\/1711985708\/image.jpg\" data-image-id=\"8515641333\" \/><\/figure><div class=\"cc-clear\">\u00a0<\/div><\/div><div id=\"cc-m-13601285133\" class=\"j-module n j-spacing \"><div class=\"cc-m-spacer\">\u00a0<\/div><\/div><div id=\"cc-m-13601266733\" class=\"j-module n j-text \"><p style=\"text-align: justify\"><strong>\u00bfEn qu\u00e9 consiste el Seguro Escolar Obligatorio?<\/strong><\/p><p style=\"text-align: justify\">Llega el momento de abonar las matr\u00edculas escolares, un tr\u00e1mite que obliga a pagar tambi\u00e9n la cuota del seguro escolar que se suscribe, de forma obligatoria, junto con el pago de cada matr\u00edcula.<\/p><p style=\"text-align: justify\">\u00bfProblemas de salud en un viaje de fin de estudios organizado por un centro escolar? \u00bfUna ca\u00edda o una lesi\u00f3n en un entrenamiento en el patio del instituto? A partir de tercero de Educaci\u00f3n Secundaria Obligatoria (ESO) y hasta los 28 a\u00f1os, los alumnos espa\u00f1oles, o extranjeros residentes legales en Espa\u00f1a, deben abonar en el momento de efectuar la matr\u00edcula de cada curso una cuota anual obligatoria (1,12 euros) para as\u00ed acogerse a los beneficios m\u00e9dicos y econ\u00f3micos de este seguro.<\/p><p style=\"text-align: justify\"><strong>\u00bfQu\u00e9 riesgos cubre?<\/strong><\/p><p style=\"text-align: justify\">\u25baAccidentes escolares. Asistencia m\u00e9dica y farmac\u00e9utica y, en su caso intervenci\u00f3n quir\u00fargica en centros p\u00fablicos del Sistema Nacional de Salud o bien en centros sanitarios concertados o colaboradores. Este seguro conlleva unas indemnizaciones econ\u00f3micas: Por Incapacidad permanente y absoluta para los estudios ya iniciados, la indemnizaci\u00f3n oscila entre 150,25 euros y 601,01 euros. En la Gran invalidez para los estudios, si queda incapacitado para los actos m\u00e1s esenciales de la vida, una pensi\u00f3n vitalicia de 144,24 euros anuales.<\/p><p style=\"text-align: justify\">\u25baEnfermedad. La acci\u00f3n protectora del seguro escolar garantiza la asistencia m\u00e9dica y farmac\u00e9utica completa, incluida la hospitalizaci\u00f3n, constituida por los servicios de: cirug\u00eda general, neuropsiquiatr\u00eda, tuberculosis pulmonar y \u00f3sea y tocolog\u00eda. En determinados casos se pueden otorgar prestaciones de fisioterapia, cobaltoterapia, radioterapia, ri\u00f1\u00f3n artificial y radioterapia, as\u00ed como cirug\u00eda maxilofacial.<\/p><p style=\"text-align: justify\">\u25baInfortunio familiar. A ra\u00edz de situaciones sobrevenidas en el hogar del estudiante que le impiden continuar los estudios ya iniciados como el fallecimiento del cabeza de familia o la ruina o quiebra familiar, el seguro provee unas cuant\u00edas anuales que oscilan entre 86,54 euros y 129,82 euros que se abonar\u00e1n durante el n\u00famero de a\u00f1os que falten al beneficiario para acabar normalmente y sin repetir curso, su carrera.<\/p><p style=\"text-align: justify\"><strong>\u00bfC\u00f3mo se tramita?<\/strong><\/p><p style=\"text-align: justify\">Usted no tiene que preocuparse de la tramitaci\u00f3n ya que son los centros docentes los que enviar\u00e1n las cuotas cobradas a los estudiantes a la Seguridad Social.<\/p><p style=\"text-align: justify\"><strong>\u00bfD\u00f3nde se solicita?<\/strong><\/p><p style=\"text-align: justify\">Las solicitudes de cualquier prestaci\u00f3n del seguro escolar deben presentarse en los Centros de Atenci\u00f3n e Informaci\u00f3n de la Seguridad Social (CAISS), del Instituto Nacional de la Seguridad Social (INSS).<\/p><p style=\"text-align: justify\">En todo caso, la prestaci\u00f3n se extinguir\u00e1 cuando el estudiante cumpla los 28 a\u00f1os.<\/p><p style=\"text-align: justify\"><strong>Documentaci\u00f3n a aportar en el momento solicitar una prestaci\u00f3n:<\/strong><\/p><p style=\"text-align: justify\">Junto a la solicitud, deber\u00e1 presentar el DNI o Libro de Familia, pasaporte, carta de identidad, permiso o tarjeta de residencia junto con el resguardo del impreso de matr\u00edcula en el que conste el curso, asignaturas y abono de la cuota del seguro escolar.<\/p><\/div>\t\t\t\t\t\t\t\t<\/div>\n\t\t\t\t<\/div>\n\t\t\t\t\t<\/div>\n\t\t<\/div>\n\t\t\t\t\t<\/div>\n\t\t<\/section>\n\t\t\t\t<section class=\"elementor-section elementor-top-section elementor-element elementor-element-85a0736 elementor-section-boxed elementor-section-height-default elementor-section-height-default\" data-id=\"85a0736\" data-element_type=\"section\">\n\t\t\t\t\t\t<div class=\"elementor-container elementor-column-gap-default\">\n\t\t\t\t\t<div class=\"elementor-column elementor-col-100 elementor-top-column elementor-element elementor-element-19aec6b\" data-id=\"19aec6b\" data-element_type=\"column\">\n\t\t\t<div class=\"elementor-widget-wrap elementor-element-populated\">\n\t\t\t\t\t\t<div class=\"elementor-element elementor-element-5aa2f54 elementor-widget elementor-widget-html\" data-id=\"5aa2f54\" data-element_type=\"widget\" data-widget_type=\"html.default\">\n\t\t\t\t<div class=\"elementor-widget-container\">\n\t\t\t\t\t<iframe src=\"https:\/\/blogsaverroes.juntadeandalucia.es\/iesalbaida\/pie2\/\" width=\"100%\" height=\"400\" scrolling=\"no\">\r\n<\/iframe>\r\n\t\t\t\t<\/div>\n\t\t\t\t<\/div>\n\t\t\t\t\t<\/div>\n\t\t<\/div>\n\t\t\t\t\t<\/div>\n\t\t<\/section>\n\t\t\t\t<\/div>\n\t\t","protected":false},"excerpt":{"rendered":"<p>SEGURO ESCOLAR Pago del Seguro Escolar El pago del Seguro Escolar es obligatorio a partir de 3\u00ba de ESO y hasta los 28 a\u00f1os. La cuota es anual de 1,12\u20ac.\u00a0 Se puede abonar de manera muy c\u00f3moda a trav\u00e9s de la Secretar\u00eda Virtual: \u00a0 \u00a0\u00a0 \u00bfEn qu\u00e9 consiste el Seguro Escolar Obligatorio? Llega el momento [&hellip;]<\/p>\n","protected":false},"author":4211,"featured_media":0,"parent":0,"menu_order":0,"comment_status":"closed","ping_status":"closed","template":"","meta":{"ngg_post_thumbnail":0,"footnotes":"","_mc_calendar":[]},"aioseo_notices":[],"_links":{"self":[{"href":"https:\/\/blogsaverroes.juntadeandalucia.es\/iesalbaida\/wp-json\/wp\/v2\/pages\/6054"}],"collection":[{"href":"https:\/\/blogsaverroes.juntadeandalucia.es\/iesalbaida\/wp-json\/wp\/v2\/pages"}],"about":[{"href":"https:\/\/blogsaverroes.juntadeandalucia.es\/iesalbaida\/wp-json\/wp\/v2\/types\/page"}],"author":[{"embeddable":true,"href":"https:\/\/blogsaverroes.juntadeandalucia.es\/iesalbaida\/wp-json\/wp\/v2\/users\/4211"}],"replies":[{"embeddable":true,"href":"https:\/\/blogsaverroes.juntadeandalucia.es\/iesalbaida\/wp-json\/wp\/v2\/comments?post=6054"}],"version-history":[{"count":10,"href":"https:\/\/blogsaverroes.juntadeandalucia.es\/iesalbaida\/wp-json\/wp\/v2\/pages\/6054\/revisions"}],"predecessor-version":[{"id":6652,"href":"https:\/\/blogsaverroes.juntadeandalucia.es\/iesalbaida\/wp-json\/wp\/v2\/pages\/6054\/revisions\/6652"}],"wp:attachment":[{"href":"https:\/\/blogsaverroes.juntadeandalucia.es\/iesalbaida\/wp-json\/wp\/v2\/media?parent=6054"}],"curies":[{"name":"wp","href":"https:\/\/api.w.org\/{rel}","templated":true}]}}