{"id":6093,"date":"2025-06-03T11:35:28","date_gmt":"2025-06-03T11:35:28","guid":{"rendered":"https:\/\/blogsaverroes.juntadeandalucia.es\/iesalbaida\/?page_id=6093"},"modified":"2025-09-08T21:53:29","modified_gmt":"2025-09-08T21:53:29","slug":"pie2","status":"publish","type":"page","link":"https:\/\/blogsaverroes.juntadeandalucia.es\/iesalbaida\/pie2\/","title":{"rendered":"PIE2"},"content":{"rendered":"\t\t<div data-elementor-type=\"wp-page\" data-elementor-id=\"6093\" class=\"elementor elementor-6093\">\n\t\t\t\t\t\t<section class=\"elementor-section elementor-top-section elementor-element elementor-element-d40b8e8 elementor-section-boxed elementor-section-height-default elementor-section-height-default\" data-id=\"d40b8e8\" data-element_type=\"section\">\n\t\t\t\t\t\t<div class=\"elementor-container elementor-column-gap-default\">\n\t\t\t\t\t<div class=\"elementor-column elementor-col-50 elementor-top-column elementor-element elementor-element-c87b161\" data-id=\"c87b161\" data-element_type=\"column\">\n\t\t\t<div class=\"elementor-widget-wrap elementor-element-populated\">\n\t\t\t\t\t\t<div class=\"elementor-element elementor-element-0f0cf17 elementor-widget elementor-widget-text-editor\" data-id=\"0f0cf17\" data-element_type=\"widget\" data-widget_type=\"text-editor.default\">\n\t\t\t\t<div class=\"elementor-widget-container\">\n\t\t\t\t\t\t\t\t\t<p style=\"padding-left: 40px\"><span style=\"font-size: 1rem\">Direcci\u00f3n: Ctra. de N\u00edjar, s\/n 04009 Almer\u00eda<\/span><\/p><p style=\"padding-left: 40px\">Tel\u00e9fono: 950 15 62 90<\/p><p style=\"padding-left: 40px\">correo:\u00a0<a style=\"font-size: 1rem\" href=\"mailto:04005958.edu@juntadeandalucia.es\" target=\"_blank\" rel=\"noopener\">04005958.edu@juntadeandalucia.es<\/a><\/p><p style=\"padding-left: 40px\">Horario: 8:15-14:45\u00a0 \u00a0 \u00a015:45-22:00<\/p><p style=\"padding-left: 40px\">correo secretar\u00eda:\u00a0<a style=\"font-family: Aptos, sans-serif;font-size: 12pt;background-color: #ffffff\" href=\"mailto:04005958.secretaria@g.educaand.es\">04005958.secretaria@g.educaand.es<\/a><\/p><p style=\"padding-left: 40px\">Horario de atenci\u00f3n al p\u00fablico de administraci\u00f3n: 9 a 14h<\/p>\t\t\t\t\t\t\t\t<\/div>\n\t\t\t\t<\/div>\n\t\t\t\t\t<\/div>\n\t\t<\/div>\n\t\t\t\t<div class=\"elementor-column elementor-col-50 elementor-top-column elementor-element elementor-element-72c6d7b\" data-id=\"72c6d7b\" data-element_type=\"column\">\n\t\t\t<div class=\"elementor-widget-wrap elementor-element-populated\">\n\t\t\t\t\t\t<div class=\"elementor-element elementor-element-6eee6b1 elementor-widget__width-initial elementor-widget elementor-widget-google_maps\" data-id=\"6eee6b1\" data-element_type=\"widget\" data-widget_type=\"google_maps.default\">\n\t\t\t\t<div class=\"elementor-widget-container\">\n\t\t\t\t\t\t\t<div class=\"elementor-custom-embed\">\n\t\t\t<iframe loading=\"lazy\"\n\t\t\t\t\tsrc=\"https:\/\/maps.google.com\/maps?q=IES%20ALBAIDA%2C%20ALMERIA&#038;t=m&#038;z=15&#038;output=embed&#038;iwloc=near\"\n\t\t\t\t\ttitle=\"IES ALBAIDA, ALMERIA\"\n\t\t\t\t\taria-label=\"IES ALBAIDA, ALMERIA\"\n\t\t\t><\/iframe>\n\t\t<\/div>\n\t\t\t\t\t\t<\/div>\n\t\t\t\t<\/div>\n\t\t\t\t\t<\/div>\n\t\t<\/div>\n\t\t\t\t\t<\/div>\n\t\t<\/section>\n\t\t\t\t<section class=\"elementor-section elementor-top-section elementor-element elementor-element-d2b2668 elementor-section-boxed elementor-section-height-default elementor-section-height-default\" data-id=\"d2b2668\" data-element_type=\"section\">\n\t\t\t\t\t\t<div class=\"elementor-container elementor-column-gap-default\">\n\t\t\t\t\t<div class=\"elementor-column elementor-col-100 elementor-top-column elementor-element elementor-element-d0c8373\" data-id=\"d0c8373\" data-element_type=\"column\">\n\t\t\t<div class=\"elementor-widget-wrap elementor-element-populated\">\n\t\t\t\t\t\t<div class=\"elementor-element elementor-element-2e690df elementor-widget elementor-widget-image\" data-id=\"2e690df\" data-element_type=\"widget\" data-widget_type=\"image.default\">\n\t\t\t\t<div class=\"elementor-widget-container\">\n\t\t\t\t\t\t\t\t\t\t\t\t\t\t\t<img decoding=\"async\" src=\"https:\/\/blogsaverroes.juntadeandalucia.es\/iesalbaida\/files\/2025\/06\/Logo_convivencia_consejeria-2.jpg\" title=\"Logo_convivencia_consejeria-2\" alt=\"Logo_convivencia_consejeria-2\" loading=\"lazy\" \/>\t\t\t\t\t\t\t\t\t\t\t\t\t\t\t<\/div>\n\t\t\t\t<\/div>\n\t\t\t\t\t<\/div>\n\t\t<\/div>\n\t\t\t\t\t<\/div>\n\t\t<\/section>\n\t\t\t\t<section class=\"elementor-section elementor-top-section elementor-element elementor-element-a67fb61 elementor-section-boxed elementor-section-height-default elementor-section-height-default\" data-id=\"a67fb61\" data-element_type=\"section\">\n\t\t\t\t\t\t<div class=\"elementor-container elementor-column-gap-default\">\n\t\t\t\t\t<div class=\"elementor-column elementor-col-100 elementor-top-column elementor-element elementor-element-4a6235b\" data-id=\"4a6235b\" data-element_type=\"column\">\n\t\t\t<div class=\"elementor-widget-wrap\">\n\t\t\t\t\t\t\t<\/div>\n\t\t<\/div>\n\t\t\t\t\t<\/div>\n\t\t<\/section>\n\t\t\t\t<section class=\"elementor-section elementor-top-section elementor-element elementor-element-288cf37 elementor-section-boxed elementor-section-height-default elementor-section-height-default\" data-id=\"288cf37\" data-element_type=\"section\">\n\t\t\t\t\t\t<div class=\"elementor-container elementor-column-gap-default\">\n\t\t\t\t\t<div class=\"elementor-column elementor-col-100 elementor-top-column elementor-element elementor-element-ef2df03\" data-id=\"ef2df03\" data-element_type=\"column\">\n\t\t\t<div class=\"elementor-widget-wrap elementor-element-populated\">\n\t\t\t\t\t\t<div class=\"elementor-element elementor-element-4ef794d elementor-widget elementor-widget-image\" data-id=\"4ef794d\" data-element_type=\"widget\" data-widget_type=\"image.default\">\n\t\t\t\t<div class=\"elementor-widget-container\">\n\t\t\t\t\t\t\t\t\t\t\t\t\t\t\t<img decoding=\"async\" width=\"150\" height=\"150\" src=\"https:\/\/blogsaverroes.juntadeandalucia.es\/iesalbaida\/files\/2025\/06\/PRIORIDAD-3-150x150.jpg\" class=\"attachment-thumbnail size-thumbnail wp-image-6685\" alt=\"\" \/>\t\t\t\t\t\t\t\t\t\t\t\t\t\t\t<\/div>\n\t\t\t\t<\/div>\n\t\t\t\t\t<\/div>\n\t\t<\/div>\n\t\t\t\t\t<\/div>\n\t\t<\/section>\n\t\t\t\t<\/div>\n\t\t","protected":false},"excerpt":{"rendered":"<p>Direcci\u00f3n: Ctra. de N\u00edjar, s\/n 04009 Almer\u00eda Tel\u00e9fono: 950 15 62 90 correo:\u00a004005958.edu@juntadeandalucia.es Horario: 8:15-14:45\u00a0 \u00a0 \u00a015:45-22:00 correo secretar\u00eda:\u00a004005958.secretaria@g.educaand.es Horario de atenci\u00f3n al p\u00fablico de administraci\u00f3n: 9 a 14h<\/p>\n","protected":false},"author":4211,"featured_media":0,"parent":0,"menu_order":0,"comment_status":"closed","ping_status":"closed","template":"elementor_canvas","meta":{"ngg_post_thumbnail":0,"footnotes":"","_mc_calendar":[]},"aioseo_notices":[],"_links":{"self":[{"href":"https:\/\/blogsaverroes.juntadeandalucia.es\/iesalbaida\/wp-json\/wp\/v2\/pages\/6093"}],"collection":[{"href":"https:\/\/blogsaverroes.juntadeandalucia.es\/iesalbaida\/wp-json\/wp\/v2\/pages"}],"about":[{"href":"https:\/\/blogsaverroes.juntadeandalucia.es\/iesalbaida\/wp-json\/wp\/v2\/types\/page"}],"author":[{"embeddable":true,"href":"https:\/\/blogsaverroes.juntadeandalucia.es\/iesalbaida\/wp-json\/wp\/v2\/users\/4211"}],"replies":[{"embeddable":true,"href":"https:\/\/blogsaverroes.juntadeandalucia.es\/iesalbaida\/wp-json\/wp\/v2\/comments?post=6093"}],"version-history":[{"count":17,"href":"https:\/\/blogsaverroes.juntadeandalucia.es\/iesalbaida\/wp-json\/wp\/v2\/pages\/6093\/revisions"}],"predecessor-version":[{"id":6860,"href":"https:\/\/blogsaverroes.juntadeandalucia.es\/iesalbaida\/wp-json\/wp\/v2\/pages\/6093\/revisions\/6860"}],"wp:attachment":[{"href":"https:\/\/blogsaverroes.juntadeandalucia.es\/iesalbaida\/wp-json\/wp\/v2\/media?parent=6093"}],"curies":[{"name":"wp","href":"https:\/\/api.w.org\/{rel}","templated":true}]}}