{"id":6148,"date":"2025-06-04T09:18:22","date_gmt":"2025-06-04T09:18:22","guid":{"rendered":"https:\/\/blogsaverroes.juntadeandalucia.es\/iesalbaida\/?page_id=6148"},"modified":"2026-01-15T16:26:19","modified_gmt":"2026-01-15T16:26:19","slug":"departamento-de-geografia-e-historia","status":"publish","type":"page","link":"https:\/\/blogsaverroes.juntadeandalucia.es\/iesalbaida\/departamento-de-geografia-e-historia\/","title":{"rendered":"Departamento de Geograf\u00eda e Historia"},"content":{"rendered":"\t\t<div data-elementor-type=\"wp-page\" data-elementor-id=\"6148\" class=\"elementor elementor-6148\">\n\t\t\t\t\t\t<section class=\"elementor-section elementor-top-section elementor-element elementor-element-161b91df elementor-section-boxed elementor-section-height-default elementor-section-height-default\" data-id=\"161b91df\" data-element_type=\"section\">\n\t\t\t\t\t\t<div class=\"elementor-container elementor-column-gap-default\">\n\t\t\t\t\t<div class=\"elementor-column elementor-col-100 elementor-top-column elementor-element elementor-element-549abe1a\" data-id=\"549abe1a\" data-element_type=\"column\">\n\t\t\t<div class=\"elementor-widget-wrap elementor-element-populated\">\n\t\t\t\t\t\t<div class=\"elementor-element elementor-element-e950723 elementor-widget elementor-widget-heading\" data-id=\"e950723\" data-element_type=\"widget\" data-widget_type=\"heading.default\">\n\t\t\t\t<div class=\"elementor-widget-container\">\n\t\t\t\t\t<h2 class=\"elementor-heading-title elementor-size-default\">- DEPARTAMENTO DE GEOGRAF\u00cdA E HISTORIA -<\/h2>\t\t\t\t<\/div>\n\t\t\t\t<\/div>\n\t\t\t\t\t<\/div>\n\t\t<\/div>\n\t\t\t\t\t<\/div>\n\t\t<\/section>\n\t\t\t\t<section class=\"elementor-section elementor-top-section elementor-element elementor-element-36381569 elementor-section-boxed elementor-section-height-default elementor-section-height-default\" data-id=\"36381569\" data-element_type=\"section\">\n\t\t\t\t\t\t<div class=\"elementor-container elementor-column-gap-default\">\n\t\t\t\t\t<div class=\"elementor-column elementor-col-100 elementor-top-column elementor-element elementor-element-14450559\" data-id=\"14450559\" data-element_type=\"column\">\n\t\t\t<div class=\"elementor-widget-wrap elementor-element-populated\">\n\t\t\t\t\t\t<div class=\"elementor-element elementor-element-4da61bad elementor-widget elementor-widget-text-editor\" data-id=\"4da61bad\" data-element_type=\"widget\" data-widget_type=\"text-editor.default\">\n\t\t\t\t<div class=\"elementor-widget-container\">\n\t\t\t\t\t\t\t\t\t<p>ENLACES A LA <strong>PROGRAMACIONES&nbsp;<\/strong>DE ESTE CURSO<\/p>\n<ul>\n<li><a href=\"https:\/\/drive.google.com\/file\/d\/1VoyEhjBaoU6BfwfrdvQKgY0HFfKwycwW\/view?usp=drive_link\" target=\"_blank\" rel=\"noopener\">PROGRAMACI\u00d3N DID\u00c1CTICA GEOGRAF\u00cdA E HISTORIA 1\u00ba,2\u00ba,3, 4\u00ba ESO<\/a><\/li>\n<li><a href=\"https:\/\/drive.google.com\/file\/d\/1wJCTSIt7Qp9UK25BuVelszrFuj9Ccv99\/view?usp=drive_link\" target=\"_blank\" rel=\"noopener\">PROGRAMACI\u00d3N DID\u00c1CTICA GEOGRAF\u00cdA 2\u00ba BACHILLERATO<\/a><\/li>\n<li><a href=\"https:\/\/drive.google.com\/file\/d\/1x9vme7XIsIW6cMoxwqPpk-6tkk8nn2PV\/view?usp=drive_link\" target=\"_blank\" rel=\"noopener\">PROGRAMACI\u00d3N DID\u00c1CTICA HISTORIA DEL MUNDO CONTEMPOR\u00c1NEO 1\u00ba BACHILLERATO<\/a><\/li>\n<li><a href=\"https:\/\/drive.google.com\/file\/d\/1Iqe_uVIBAKLtxa2ymnBAeyfvj_TUIZbH\/view?usp=drive_link\" target=\"_blank\" rel=\"noopener\">PROGRAMACI\u00d3N DID\u00c1CTICA HISTORIA DE ESPA\u00d1A 2\u00ba BACHILLERATO<\/a><\/li>\n<li><a href=\"https:\/\/drive.google.com\/file\/d\/1thR0RiqMspGJsOHaasMkeKod_fgncnvE\/view?usp=drive_link\" target=\"_blank\" rel=\"noopener\">PROGRAMACI\u00d3N DID\u00c1CTICA HISTORIA DEL ARTE 2\u00ba BACHILLERATO<\/a><\/li>\n<li><a href=\"https:\/\/drive.google.com\/file\/d\/1msPFZpYZvxSa9PU3el6m0KalW0GPCcYP\/view?usp=drive_link\" target=\"_blank\" rel=\"noopener\">PROGRAMACI\u00d3N DID\u00c1CTICA INICIACI\u00d3N A LA ACTIVIDAD EMPRENDEDORA Y EMPRESARIAL 3\u00ba ESO<\/a><\/li>\n<li><a href=\"https:\/\/drive.google.com\/file\/d\/1Cdhm5QOhhLHZE7iXKPAL2tH9EXZuQ-QT\/view?usp=drive_link\" target=\"_blank\" rel=\"noopener\">PROGRAMACI\u00d3N DID\u00c1CTICA ECONOM\u00cdA Y EMPRENDIMIENTO 4\u00baESO<\/a><\/li>\n<li><a href=\"https:\/\/drive.google.com\/file\/d\/1-U9poSv1qC0KX8OWw6DrzQBSHGWT2N3m\/view?usp=drive_link\" target=\"_blank\" rel=\"noopener\">PROGRAMACI\u00d3N DID\u00c1CTICA&nbsp;FORMACI\u00d3N Y ORENTACI\u00d3N PERSONAL Y PROFESIONAL 4\u00ba ESO<\/a><\/li>\n<li><a href=\"https:\/\/drive.google.com\/file\/d\/1KW9iDIAnsRmuD85mhdyOIre7wC2gLvtj\/view?usp=drive_link\" target=\"_blank\" rel=\"noopener\">PROGRAMACI\u00d3N DID\u00c1CTICA ECONOM\u00cdA 1\u00ba BACHILLERATO<\/a><\/li>\n<li><a href=\"https:\/\/drive.google.com\/file\/d\/1Jcx-WxF1RNpNUFqqqecjrf8WAVfmwgWb\/view?usp=drive_link\" target=\"_blank\" rel=\"noopener\">PROGRAMACI\u00d3N DID\u00c1CTICA EMPRESA Y DISE\u00d1O DE MODELOS DE NEGOCIO 2\u00ba BACHILLERATO<\/a><\/li>\n<li><a href=\"https:\/\/drive.google.com\/file\/d\/116PRFmgx_q5VwsOgNVpAuQQ0SaBox0Gt\/view?usp=drive_link\" target=\"_blank\" rel=\"noopener\">PROGRAMACI\u00d3N DID\u00c1CTICA ESPA I-II<\/a><\/li>\n<\/ul>\t\t\t\t\t\t\t\t<\/div>\n\t\t\t\t<\/div>\n\t\t\t\t\t<\/div>\n\t\t<\/div>\n\t\t\t\t\t<\/div>\n\t\t<\/section>\n\t\t\t\t<\/div>\n\t\t","protected":false},"excerpt":{"rendered":"<p>&#8211; DEPARTAMENTO DE GEOGRAF\u00cdA E HISTORIA &#8211; ENLACES A LA PROGRAMACIONES&nbsp;DE ESTE CURSO PROGRAMACI\u00d3N DID\u00c1CTICA GEOGRAF\u00cdA E HISTORIA 1\u00ba,2\u00ba,3, 4\u00ba ESO PROGRAMACI\u00d3N DID\u00c1CTICA GEOGRAF\u00cdA 2\u00ba BACHILLERATO PROGRAMACI\u00d3N DID\u00c1CTICA HISTORIA DEL MUNDO CONTEMPOR\u00c1NEO 1\u00ba BACHILLERATO PROGRAMACI\u00d3N DID\u00c1CTICA HISTORIA DE ESPA\u00d1A 2\u00ba BACHILLERATO PROGRAMACI\u00d3N DID\u00c1CTICA HISTORIA DEL ARTE 2\u00ba BACHILLERATO PROGRAMACI\u00d3N DID\u00c1CTICA INICIACI\u00d3N A LA ACTIVIDAD EMPRENDEDORA [&hellip;]<\/p>\n","protected":false},"author":4211,"featured_media":0,"parent":0,"menu_order":0,"comment_status":"closed","ping_status":"closed","template":"elementor_header_footer","meta":{"ngg_post_thumbnail":0,"footnotes":"","_mc_calendar":[]},"aioseo_notices":[],"_links":{"self":[{"href":"https:\/\/blogsaverroes.juntadeandalucia.es\/iesalbaida\/wp-json\/wp\/v2\/pages\/6148"}],"collection":[{"href":"https:\/\/blogsaverroes.juntadeandalucia.es\/iesalbaida\/wp-json\/wp\/v2\/pages"}],"about":[{"href":"https:\/\/blogsaverroes.juntadeandalucia.es\/iesalbaida\/wp-json\/wp\/v2\/types\/page"}],"author":[{"embeddable":true,"href":"https:\/\/blogsaverroes.juntadeandalucia.es\/iesalbaida\/wp-json\/wp\/v2\/users\/4211"}],"replies":[{"embeddable":true,"href":"https:\/\/blogsaverroes.juntadeandalucia.es\/iesalbaida\/wp-json\/wp\/v2\/comments?post=6148"}],"version-history":[{"count":25,"href":"https:\/\/blogsaverroes.juntadeandalucia.es\/iesalbaida\/wp-json\/wp\/v2\/pages\/6148\/revisions"}],"predecessor-version":[{"id":7319,"href":"https:\/\/blogsaverroes.juntadeandalucia.es\/iesalbaida\/wp-json\/wp\/v2\/pages\/6148\/revisions\/7319"}],"wp:attachment":[{"href":"https:\/\/blogsaverroes.juntadeandalucia.es\/iesalbaida\/wp-json\/wp\/v2\/media?parent=6148"}],"curies":[{"name":"wp","href":"https:\/\/api.w.org\/{rel}","templated":true}]}}