{"id":6157,"date":"2025-06-04T14:37:37","date_gmt":"2025-06-04T14:37:37","guid":{"rendered":"https:\/\/blogsaverroes.juntadeandalucia.es\/iesalbaida\/?page_id=6157"},"modified":"2026-01-15T16:27:34","modified_gmt":"2026-01-15T16:27:34","slug":"departamento-de-ingles","status":"publish","type":"page","link":"https:\/\/blogsaverroes.juntadeandalucia.es\/iesalbaida\/departamento-de-ingles\/","title":{"rendered":"Departamento de Ingl\u00e9s"},"content":{"rendered":"\t\t<div data-elementor-type=\"wp-page\" data-elementor-id=\"6157\" class=\"elementor elementor-6157\">\n\t\t\t\t\t\t<section class=\"elementor-section elementor-top-section elementor-element elementor-element-4b679b51 elementor-section-boxed elementor-section-height-default elementor-section-height-default\" data-id=\"4b679b51\" data-element_type=\"section\">\n\t\t\t\t\t\t<div class=\"elementor-container elementor-column-gap-default\">\n\t\t\t\t\t<div class=\"elementor-column elementor-col-100 elementor-top-column elementor-element elementor-element-49c7e8b1\" data-id=\"49c7e8b1\" data-element_type=\"column\">\n\t\t\t<div class=\"elementor-widget-wrap elementor-element-populated\">\n\t\t\t\t\t\t<div class=\"elementor-element elementor-element-473c5a24 elementor-widget elementor-widget-heading\" data-id=\"473c5a24\" data-element_type=\"widget\" data-widget_type=\"heading.default\">\n\t\t\t\t<div class=\"elementor-widget-container\">\n\t\t\t\t\t<h2 class=\"elementor-heading-title elementor-size-default\">- DEPARTAMENTO DE INGL\u00c9S -<\/h2>\t\t\t\t<\/div>\n\t\t\t\t<\/div>\n\t\t\t\t\t<\/div>\n\t\t<\/div>\n\t\t\t\t\t<\/div>\n\t\t<\/section>\n\t\t\t\t<section class=\"elementor-section elementor-top-section elementor-element elementor-element-3209444 elementor-section-boxed elementor-section-height-default elementor-section-height-default\" data-id=\"3209444\" data-element_type=\"section\">\n\t\t\t\t\t\t<div class=\"elementor-container elementor-column-gap-default\">\n\t\t\t\t\t<div class=\"elementor-column elementor-col-100 elementor-top-column elementor-element elementor-element-70858fd\" data-id=\"70858fd\" data-element_type=\"column\">\n\t\t\t<div class=\"elementor-widget-wrap elementor-element-populated\">\n\t\t\t\t\t\t<div class=\"elementor-element elementor-element-84d6502 elementor-widget elementor-widget-text-editor\" data-id=\"84d6502\" data-element_type=\"widget\" data-widget_type=\"text-editor.default\">\n\t\t\t\t<div class=\"elementor-widget-container\">\n\t\t\t\t\t\t\t\t\t<p>ENLACES A LA <strong>PROGRAMACIONES\u00a0<\/strong>DE ESTE CURSO<\/p><ul><li><a href=\"https:\/\/drive.google.com\/file\/d\/10CqumBMT4chfOOKaI6L4HA_QIKYGFr-r\/view?usp=drive_link\" target=\"_blank\" rel=\"noopener\">PROGRAMACI\u00d3N DID\u00c1CTICA INGL\u00c9S 1\u00ba ESO<\/a><\/li><li><a href=\"https:\/\/drive.google.com\/file\/d\/1IoEoHTHRCUsRjRX8yff1jds1yYV6iIID\/view?usp=drive_link\" target=\"_blank\" rel=\"noopener\">PROGRAMACI\u00d3N DID\u00c1CTICA INGL\u00c9S 2\u00ba ESO<\/a><\/li><li><a href=\"https:\/\/drive.google.com\/file\/d\/1KuJ4kUZxw-04sJ17zm01fi86DtIp6TFo\/view?usp=drive_link\" target=\"_blank\" rel=\"noopener\">PROGRAMACI\u00d3N DID\u00c1CTICA INGL\u00c9S 3\u00ba ESO<\/a><\/li><li><a href=\"https:\/\/drive.google.com\/file\/d\/1bs4B9mtiIfiwslnJ0FYRUadPZUUQ119Z\/view?usp=drive_link\" target=\"_blank\" rel=\"noopener\">PROGRAMACI\u00d3N DID\u00c1CTICA INGL\u00c9S 4\u00ba ESO<\/a><\/li><\/ul><div>\u00a0<\/div><ul><li><a href=\"https:\/\/drive.google.com\/file\/d\/1ENyXG72a83Jb07bNUhZ5GE8RQg4t3LV2\/view?usp=drive_link\" target=\"_blank\" rel=\"noopener\">PROGRAMACI\u00d3N DID\u00c1CTICA INGL\u00c9S 1\u00ba BACHILLERATO HUMANIDADES<\/a><\/li><li><a href=\"https:\/\/drive.google.com\/file\/d\/1PQaKPgq-7BEvxOB6Y6bxI1DWNZntac-u\/view?usp=drive_link\" target=\"_blank\" rel=\"noopener\">PROGRAMACI\u00d3N DID\u00c1CTICA INGL\u00c9S 1\u00ba BACHILLERATO CIENCIAS<\/a><\/li><li><a href=\"https:\/\/drive.google.com\/file\/d\/11WzG22NrEZwrHOHdK9ZsVjwiMXgQBosN\/view?usp=drive_link\" target=\"_blank\" rel=\"noopener\">PROGRAMACI\u00d3N DID\u00c1CTICA INGL\u00c9S 2\u00ba BACHILLERATO HUMANIDADES<\/a><\/li><li><a href=\"https:\/\/drive.google.com\/file\/d\/1AbCRbDW_Zel_DyKV8NaDqKLSBbOaydXz\/view?usp=drive_link\" target=\"_blank\" rel=\"noopener\">PROGRAMACI\u00d3N DID\u00c1CTICA INGL\u00c9S 2\u00ba BACHILLERATO CIENCIAS<\/a><\/li><li><a href=\"https:\/\/drive.google.com\/file\/d\/1yIey8i56sjw59bBpdpA4Bf3k1MusiK-W\/view?usp=drive_link\" target=\"_blank\" rel=\"noopener\">PROGRAMACI\u00d3N DID\u00c1CTICA PREPARACI\u00d3N PARA LA CERTIFICACI\u00d3N EN INGL\u00c9S NIVEL B2.1<\/a><\/li><li style=\"font-size: 16px\"><a href=\"https:\/\/drive.google.com\/file\/d\/1UoiTFVeSf2N9Gg2HNyFTZ__ESwNEJhtX\/view?usp=drive_link\" target=\"_blank\" rel=\"noopener\">PROGRAMACI\u00d3N DID\u00c1CTICA PREPARACI\u00d3N PARA LA CERTIFICACI\u00d3N EN INGL\u00c9S NIVEL B2.2<\/a><\/li><\/ul><p>\u00a0<\/p><ul><li><a href=\"https:\/\/drive.google.com\/file\/d\/11I2B_sugQi1UakBIse4eVGK6VrrPEqDK\/view?usp=drive_link\" target=\"_blank\" rel=\"noopener\">PROGRAMACI\u00d3N DID\u00c1CTICA M\u00d3DULO \u00c1MBITO COMUNICACI\u00d3N ESPA I\u00a0<\/a><\/li><li><a href=\"https:\/\/drive.google.com\/file\/d\/1HNhU5zMXrpgSWxY6UKQoZgJv_Z4PNaDG\/view?usp=drive_link\" target=\"_blank\" rel=\"noopener\">PROGRAMACI\u00d3N DID\u00c1CTICA M\u00d3DULO \u00c1MBITO COMUNICACI\u00d3N ESPA II<\/a><\/li><\/ul><p>\u00a0<\/p><ul><li><a href=\"https:\/\/drive.google.com\/file\/d\/1qgRRqrlsN60XQ_WIAwuQqs600dDVkQ9X\/view?usp=drive_link\" target=\"_blank\" rel=\"noopener\">PROGRAMACI\u00d3N DID\u00c1CTICA INGL\u00c9S GM\/GS FORMACI\u00d3N PROFESIONAL\u00a0<\/a><\/li><\/ul><div>\u00a0<\/div>\t\t\t\t\t\t\t\t<\/div>\n\t\t\t\t<\/div>\n\t\t\t\t\t<\/div>\n\t\t<\/div>\n\t\t\t\t\t<\/div>\n\t\t<\/section>\n\t\t\t\t<\/div>\n\t\t","protected":false},"excerpt":{"rendered":"<p>&#8211; DEPARTAMENTO DE INGL\u00c9S &#8211; ENLACES A LA PROGRAMACIONES\u00a0DE ESTE CURSO PROGRAMACI\u00d3N DID\u00c1CTICA INGL\u00c9S 1\u00ba ESO PROGRAMACI\u00d3N DID\u00c1CTICA INGL\u00c9S 2\u00ba ESO PROGRAMACI\u00d3N DID\u00c1CTICA INGL\u00c9S 3\u00ba ESO PROGRAMACI\u00d3N DID\u00c1CTICA INGL\u00c9S 4\u00ba ESO \u00a0 PROGRAMACI\u00d3N DID\u00c1CTICA INGL\u00c9S 1\u00ba BACHILLERATO HUMANIDADES PROGRAMACI\u00d3N DID\u00c1CTICA INGL\u00c9S 1\u00ba BACHILLERATO CIENCIAS PROGRAMACI\u00d3N DID\u00c1CTICA INGL\u00c9S 2\u00ba BACHILLERATO HUMANIDADES PROGRAMACI\u00d3N DID\u00c1CTICA INGL\u00c9S 2\u00ba BACHILLERATO [&hellip;]<\/p>\n","protected":false},"author":4211,"featured_media":0,"parent":0,"menu_order":0,"comment_status":"closed","ping_status":"closed","template":"elementor_header_footer","meta":{"ngg_post_thumbnail":0,"footnotes":"","_mc_calendar":[]},"aioseo_notices":[],"_links":{"self":[{"href":"https:\/\/blogsaverroes.juntadeandalucia.es\/iesalbaida\/wp-json\/wp\/v2\/pages\/6157"}],"collection":[{"href":"https:\/\/blogsaverroes.juntadeandalucia.es\/iesalbaida\/wp-json\/wp\/v2\/pages"}],"about":[{"href":"https:\/\/blogsaverroes.juntadeandalucia.es\/iesalbaida\/wp-json\/wp\/v2\/types\/page"}],"author":[{"embeddable":true,"href":"https:\/\/blogsaverroes.juntadeandalucia.es\/iesalbaida\/wp-json\/wp\/v2\/users\/4211"}],"replies":[{"embeddable":true,"href":"https:\/\/blogsaverroes.juntadeandalucia.es\/iesalbaida\/wp-json\/wp\/v2\/comments?post=6157"}],"version-history":[{"count":37,"href":"https:\/\/blogsaverroes.juntadeandalucia.es\/iesalbaida\/wp-json\/wp\/v2\/pages\/6157\/revisions"}],"predecessor-version":[{"id":7325,"href":"https:\/\/blogsaverroes.juntadeandalucia.es\/iesalbaida\/wp-json\/wp\/v2\/pages\/6157\/revisions\/7325"}],"wp:attachment":[{"href":"https:\/\/blogsaverroes.juntadeandalucia.es\/iesalbaida\/wp-json\/wp\/v2\/media?parent=6157"}],"curies":[{"name":"wp","href":"https:\/\/api.w.org\/{rel}","templated":true}]}}