{"id":6166,"date":"2025-06-04T15:29:57","date_gmt":"2025-06-04T15:29:57","guid":{"rendered":"https:\/\/blogsaverroes.juntadeandalucia.es\/iesalbaida\/?page_id=6166"},"modified":"2026-01-15T16:25:32","modified_gmt":"2026-01-15T16:25:32","slug":"departamento-de-frances","status":"publish","type":"page","link":"https:\/\/blogsaverroes.juntadeandalucia.es\/iesalbaida\/departamento-de-frances\/","title":{"rendered":"Departamento de Franc\u00e9s"},"content":{"rendered":"\t\t<div data-elementor-type=\"wp-page\" data-elementor-id=\"6166\" class=\"elementor elementor-6166\">\n\t\t\t\t\t\t<section class=\"elementor-section elementor-top-section elementor-element elementor-element-1e223982 elementor-section-boxed elementor-section-height-default elementor-section-height-default\" data-id=\"1e223982\" data-element_type=\"section\">\n\t\t\t\t\t\t<div class=\"elementor-container elementor-column-gap-default\">\n\t\t\t\t\t<div class=\"elementor-column elementor-col-100 elementor-top-column elementor-element elementor-element-4917883\" data-id=\"4917883\" data-element_type=\"column\">\n\t\t\t<div class=\"elementor-widget-wrap elementor-element-populated\">\n\t\t\t\t\t\t<div class=\"elementor-element elementor-element-33ebfc73 elementor-widget elementor-widget-heading\" data-id=\"33ebfc73\" data-element_type=\"widget\" data-widget_type=\"heading.default\">\n\t\t\t\t<div class=\"elementor-widget-container\">\n\t\t\t\t\t<h2 class=\"elementor-heading-title elementor-size-default\">- DEPARTAMENTO DE FRANC\u00c9S -<\/h2>\t\t\t\t<\/div>\n\t\t\t\t<\/div>\n\t\t\t\t\t<\/div>\n\t\t<\/div>\n\t\t\t\t\t<\/div>\n\t\t<\/section>\n\t\t\t\t<section class=\"elementor-section elementor-top-section elementor-element elementor-element-1fb3fe7e elementor-section-boxed elementor-section-height-default elementor-section-height-default\" data-id=\"1fb3fe7e\" data-element_type=\"section\">\n\t\t\t\t\t\t<div class=\"elementor-container elementor-column-gap-default\">\n\t\t\t\t\t<div class=\"elementor-column elementor-col-100 elementor-top-column elementor-element elementor-element-2230ccb4\" data-id=\"2230ccb4\" data-element_type=\"column\">\n\t\t\t<div class=\"elementor-widget-wrap elementor-element-populated\">\n\t\t\t\t\t\t<div class=\"elementor-element elementor-element-105507af elementor-widget elementor-widget-text-editor\" data-id=\"105507af\" data-element_type=\"widget\" data-widget_type=\"text-editor.default\">\n\t\t\t\t<div class=\"elementor-widget-container\">\n\t\t\t\t\t\t\t\t\t<p>ENLACES A LA <strong>PROGRAMACIONES&nbsp;<\/strong>DE ESTE CURSO<\/p>\n<ul>\n<li><a href=\"https:\/\/drive.google.com\/file\/d\/1QjppyuwyunSBaHbd22ql0hRfKoC5RW7O\/view?usp=drive_link\" target=\"_blank\" rel=\"noopener\">PROGRAMACI\u00d3N DID\u00c1CTICA 1\u00ba ESO<\/a><\/li>\n<li><a href=\"https:\/\/drive.google.com\/file\/d\/1K6wM2-P9fY7UUi8NBdAJQXoZUyRnMCHl\/view?usp=drive_link\" target=\"_blank\" rel=\"noopener\">PROGRAMACI\u00d3N DID\u00c1CTICA 2\u00ba ESO<\/a><\/li>\n<\/ul>\t\t\t\t\t\t\t\t<\/div>\n\t\t\t\t<\/div>\n\t\t\t\t\t<\/div>\n\t\t<\/div>\n\t\t\t\t\t<\/div>\n\t\t<\/section>\n\t\t\t\t<\/div>\n\t\t","protected":false},"excerpt":{"rendered":"<p>&#8211; DEPARTAMENTO DE FRANC\u00c9S &#8211; ENLACES A LA PROGRAMACIONES&nbsp;DE ESTE CURSO PROGRAMACI\u00d3N DID\u00c1CTICA 1\u00ba ESO PROGRAMACI\u00d3N DID\u00c1CTICA 2\u00ba ESO<\/p>\n","protected":false},"author":4211,"featured_media":0,"parent":0,"menu_order":0,"comment_status":"closed","ping_status":"closed","template":"elementor_header_footer","meta":{"ngg_post_thumbnail":0,"footnotes":"","_mc_calendar":[]},"aioseo_notices":[],"_links":{"self":[{"href":"https:\/\/blogsaverroes.juntadeandalucia.es\/iesalbaida\/wp-json\/wp\/v2\/pages\/6166"}],"collection":[{"href":"https:\/\/blogsaverroes.juntadeandalucia.es\/iesalbaida\/wp-json\/wp\/v2\/pages"}],"about":[{"href":"https:\/\/blogsaverroes.juntadeandalucia.es\/iesalbaida\/wp-json\/wp\/v2\/types\/page"}],"author":[{"embeddable":true,"href":"https:\/\/blogsaverroes.juntadeandalucia.es\/iesalbaida\/wp-json\/wp\/v2\/users\/4211"}],"replies":[{"embeddable":true,"href":"https:\/\/blogsaverroes.juntadeandalucia.es\/iesalbaida\/wp-json\/wp\/v2\/comments?post=6166"}],"version-history":[{"count":22,"href":"https:\/\/blogsaverroes.juntadeandalucia.es\/iesalbaida\/wp-json\/wp\/v2\/pages\/6166\/revisions"}],"predecessor-version":[{"id":7316,"href":"https:\/\/blogsaverroes.juntadeandalucia.es\/iesalbaida\/wp-json\/wp\/v2\/pages\/6166\/revisions\/7316"}],"wp:attachment":[{"href":"https:\/\/blogsaverroes.juntadeandalucia.es\/iesalbaida\/wp-json\/wp\/v2\/media?parent=6166"}],"curies":[{"name":"wp","href":"https:\/\/api.w.org\/{rel}","templated":true}]}}