{"id":6174,"date":"2025-06-04T15:36:12","date_gmt":"2025-06-04T15:36:12","guid":{"rendered":"https:\/\/blogsaverroes.juntadeandalucia.es\/iesalbaida\/?page_id=6174"},"modified":"2026-01-15T16:25:05","modified_gmt":"2026-01-15T16:25:05","slug":"departamento-de-filosofia","status":"publish","type":"page","link":"https:\/\/blogsaverroes.juntadeandalucia.es\/iesalbaida\/departamento-de-filosofia\/","title":{"rendered":"Departamento de Filosof\u00eda"},"content":{"rendered":"\t\t<div data-elementor-type=\"wp-page\" data-elementor-id=\"6174\" class=\"elementor elementor-6174\">\n\t\t\t\t\t\t<section class=\"elementor-section elementor-top-section elementor-element elementor-element-5f5a2ac2 elementor-section-boxed elementor-section-height-default elementor-section-height-default\" data-id=\"5f5a2ac2\" data-element_type=\"section\">\n\t\t\t\t\t\t<div class=\"elementor-container elementor-column-gap-default\">\n\t\t\t\t\t<div class=\"elementor-column elementor-col-100 elementor-top-column elementor-element elementor-element-1052bc95\" data-id=\"1052bc95\" data-element_type=\"column\">\n\t\t\t<div class=\"elementor-widget-wrap elementor-element-populated\">\n\t\t\t\t\t\t<div class=\"elementor-element elementor-element-1da9e89f elementor-widget elementor-widget-heading\" data-id=\"1da9e89f\" data-element_type=\"widget\" data-widget_type=\"heading.default\">\n\t\t\t\t<div class=\"elementor-widget-container\">\n\t\t\t\t\t<h2 class=\"elementor-heading-title elementor-size-default\">- DEPARTAMENTO DE FILOSOF\u00cdA -<\/h2>\t\t\t\t<\/div>\n\t\t\t\t<\/div>\n\t\t\t\t\t<\/div>\n\t\t<\/div>\n\t\t\t\t\t<\/div>\n\t\t<\/section>\n\t\t\t\t<section class=\"elementor-section elementor-top-section elementor-element elementor-element-14807815 elementor-section-boxed elementor-section-height-default elementor-section-height-default\" data-id=\"14807815\" data-element_type=\"section\">\n\t\t\t\t\t\t<div class=\"elementor-container elementor-column-gap-default\">\n\t\t\t\t\t<div class=\"elementor-column elementor-col-100 elementor-top-column elementor-element elementor-element-1d324e2f\" data-id=\"1d324e2f\" data-element_type=\"column\">\n\t\t\t<div class=\"elementor-widget-wrap elementor-element-populated\">\n\t\t\t\t\t\t<div class=\"elementor-element elementor-element-1cdfab32 elementor-widget elementor-widget-text-editor\" data-id=\"1cdfab32\" data-element_type=\"widget\" data-widget_type=\"text-editor.default\">\n\t\t\t\t<div class=\"elementor-widget-container\">\n\t\t\t\t\t\t\t\t\t<p>ENLACES A LA <strong>PROGRAMACIONES&nbsp;<\/strong>DE ESTE CURSO<\/p>\n<ul>\n<li><a href=\"https:\/\/drive.google.com\/file\/d\/15jyJmBh__PhmMpnU6B21D0q7A26w3ydX\/view?usp=drive_link\" target=\"_blank\" rel=\"noopener\">PROGRAMACI\u00d3N DID\u00c1CTICA VALORES \u00c9TICOS 2\u00baESO<\/a><\/li>\n<li><a href=\"https:\/\/drive.google.com\/file\/d\/18UxqO8WSdtpiM2oUNY0YChpbai6EtHmb\/view?usp=drive_link\" target=\"_blank\" rel=\"noopener\">PROGRAMACI\u00d3N DID\u00c1CTICA FILOSOF\u00cdA 4\u00baESO<\/a><\/li>\n<li><a href=\"https:\/\/drive.google.com\/file\/d\/13NOjJ_YYyzlQukETotHQ950lObEQRa9c\/view?usp=drive_link\" target=\"_blank\" rel=\"noopener\">PROGRAMACI\u00d3N DID\u00c1CTICA FILOSOF\u00cdA 1\u00baBACHILLERATO<\/a><\/li>\n<li><a href=\"https:\/\/drive.google.com\/file\/d\/16m6JNTE5sTmFzLyVGDBv2zEsjF2PeI9h\/view?usp=drive_link\" target=\"_blank\" rel=\"noopener\">PROGRAMACI\u00d3N DID\u00c1CTICA HISTORIA FILOSOF\u00cdA 2\u00baBACHILLERATO<\/a><\/li>\n<\/ul>\t\t\t\t\t\t\t\t<\/div>\n\t\t\t\t<\/div>\n\t\t\t\t\t<\/div>\n\t\t<\/div>\n\t\t\t\t\t<\/div>\n\t\t<\/section>\n\t\t\t\t<\/div>\n\t\t","protected":false},"excerpt":{"rendered":"<p>&#8211; DEPARTAMENTO DE FILOSOF\u00cdA &#8211; ENLACES A LA PROGRAMACIONES&nbsp;DE ESTE CURSO PROGRAMACI\u00d3N DID\u00c1CTICA VALORES \u00c9TICOS 2\u00baESO PROGRAMACI\u00d3N DID\u00c1CTICA FILOSOF\u00cdA 4\u00baESO PROGRAMACI\u00d3N DID\u00c1CTICA FILOSOF\u00cdA 1\u00baBACHILLERATO PROGRAMACI\u00d3N DID\u00c1CTICA HISTORIA FILOSOF\u00cdA 2\u00baBACHILLERATO<\/p>\n","protected":false},"author":4211,"featured_media":0,"parent":0,"menu_order":0,"comment_status":"closed","ping_status":"closed","template":"elementor_header_footer","meta":{"ngg_post_thumbnail":0,"footnotes":"","_mc_calendar":[]},"aioseo_notices":[],"_links":{"self":[{"href":"https:\/\/blogsaverroes.juntadeandalucia.es\/iesalbaida\/wp-json\/wp\/v2\/pages\/6174"}],"collection":[{"href":"https:\/\/blogsaverroes.juntadeandalucia.es\/iesalbaida\/wp-json\/wp\/v2\/pages"}],"about":[{"href":"https:\/\/blogsaverroes.juntadeandalucia.es\/iesalbaida\/wp-json\/wp\/v2\/types\/page"}],"author":[{"embeddable":true,"href":"https:\/\/blogsaverroes.juntadeandalucia.es\/iesalbaida\/wp-json\/wp\/v2\/users\/4211"}],"replies":[{"embeddable":true,"href":"https:\/\/blogsaverroes.juntadeandalucia.es\/iesalbaida\/wp-json\/wp\/v2\/comments?post=6174"}],"version-history":[{"count":25,"href":"https:\/\/blogsaverroes.juntadeandalucia.es\/iesalbaida\/wp-json\/wp\/v2\/pages\/6174\/revisions"}],"predecessor-version":[{"id":7313,"href":"https:\/\/blogsaverroes.juntadeandalucia.es\/iesalbaida\/wp-json\/wp\/v2\/pages\/6174\/revisions\/7313"}],"wp:attachment":[{"href":"https:\/\/blogsaverroes.juntadeandalucia.es\/iesalbaida\/wp-json\/wp\/v2\/media?parent=6174"}],"curies":[{"name":"wp","href":"https:\/\/api.w.org\/{rel}","templated":true}]}}