{"id":6184,"date":"2025-06-04T15:40:16","date_gmt":"2025-06-04T15:40:16","guid":{"rendered":"https:\/\/blogsaverroes.juntadeandalucia.es\/iesalbaida\/?page_id=6184"},"modified":"2026-01-15T16:20:22","modified_gmt":"2026-01-15T16:20:22","slug":"departamento-de-matematicas","status":"publish","type":"page","link":"https:\/\/blogsaverroes.juntadeandalucia.es\/iesalbaida\/departamento-de-matematicas\/","title":{"rendered":"Departamento de Matem\u00e1ticas"},"content":{"rendered":"\t\t<div data-elementor-type=\"wp-page\" data-elementor-id=\"6184\" class=\"elementor elementor-6184\">\n\t\t\t\t\t\t<section class=\"elementor-section elementor-top-section elementor-element elementor-element-6db7c5bd elementor-section-boxed elementor-section-height-default elementor-section-height-default\" data-id=\"6db7c5bd\" data-element_type=\"section\">\n\t\t\t\t\t\t<div class=\"elementor-container elementor-column-gap-default\">\n\t\t\t\t\t<div class=\"elementor-column elementor-col-100 elementor-top-column elementor-element elementor-element-1584bd7b\" data-id=\"1584bd7b\" data-element_type=\"column\">\n\t\t\t<div class=\"elementor-widget-wrap elementor-element-populated\">\n\t\t\t\t\t\t<div class=\"elementor-element elementor-element-146a8baa elementor-widget elementor-widget-heading\" data-id=\"146a8baa\" data-element_type=\"widget\" data-widget_type=\"heading.default\">\n\t\t\t\t<div class=\"elementor-widget-container\">\n\t\t\t\t\t<h2 class=\"elementor-heading-title elementor-size-default\">- DEPARTAMENTO DE MATEM\u00c1TICAS -<\/h2>\t\t\t\t<\/div>\n\t\t\t\t<\/div>\n\t\t\t\t\t<\/div>\n\t\t<\/div>\n\t\t\t\t\t<\/div>\n\t\t<\/section>\n\t\t\t\t<section class=\"elementor-section elementor-top-section elementor-element elementor-element-7c445f8 elementor-section-boxed elementor-section-height-default elementor-section-height-default\" data-id=\"7c445f8\" data-element_type=\"section\">\n\t\t\t\t\t\t<div class=\"elementor-container elementor-column-gap-default\">\n\t\t\t\t\t<div class=\"elementor-column elementor-col-100 elementor-top-column elementor-element elementor-element-0fda7ee\" data-id=\"0fda7ee\" data-element_type=\"column\">\n\t\t\t<div class=\"elementor-widget-wrap elementor-element-populated\">\n\t\t\t\t\t\t<div class=\"elementor-element elementor-element-800d274 elementor-widget elementor-widget-text-editor\" data-id=\"800d274\" data-element_type=\"widget\" data-widget_type=\"text-editor.default\">\n\t\t\t\t<div class=\"elementor-widget-container\">\n\t\t\t\t\t\t\t\t\t<p>ENLACES A LA <strong>PROGRAMACIONES&nbsp;<\/strong>DE ESTE CURSO<\/p>\n<ul>\n<li style=\"list-style-type: none\">\n<ul>\n<li><a href=\"https:\/\/drive.google.com\/file\/d\/1K6WT9ilCYCw8JgxpGOOcHHs0JV5ceBBl\/view?usp=drive_link\" target=\"_blank\" rel=\"noopener\">PROGRAMACI\u00d3N DID\u00c1CTICA 1\u00ba ESO<\/a><\/li>\n<li><a href=\"https:\/\/drive.google.com\/file\/d\/11X7_Q4lkeaS6vl8rzOQa-D0MoFkQfcLv\/view?usp=drive_link\" target=\"_blank\" rel=\"noopener\">PROGRAMACI\u00d3N DID\u00c1CTICA 1\u00ba ESO Computaci\u00f3n y Rob\u00f3tica<\/a><\/li>\n<li><a href=\"https:\/\/drive.google.com\/file\/d\/1aPcyTos7V-JzgoxO7ORtcm57GIcE6HtJ\/view?usp=drive_link\" target=\"_blank\" rel=\"noopener\">PROGRAMACI\u00d3N DID\u00c1CTICA 2\u00ba ESO<\/a><\/li>\n<li><a href=\"https:\/\/drive.google.com\/file\/d\/1dDElIZn82KjRlZn0NJR7CAZqLDkpXPno\/view?usp=drive_link\" target=\"_blank\" rel=\"noopener\">PROGRAMACI\u00d3N DID\u00c1CTICA 3\u00ba ESO<\/a><\/li>\n<li><a href=\"https:\/\/drive.google.com\/file\/d\/1GjIWGc709tICRqe3ym8KUg-s8SshPeRP\/view?usp=drive_link\" target=\"_blank\" rel=\"noopener\">PROGRAMACI\u00d3N DID\u00c1CTICA 3\u00ba ESO \u00c1mbito Cient\u00edfico Tecnol\u00f3gico<\/a><\/li>\n<li><a href=\"https:\/\/drive.google.com\/file\/d\/1_UJguMxZzsorBJSUrzbSM1ntMey2LC3d\/view?usp=drive_link\" target=\"_blank\" rel=\"noopener\">PROGRAMACI\u00d3N DID\u00c1CTICA 4\u00ba ESO Matem\u00e1ticas A<\/a><\/li>\n<li><a href=\"https:\/\/drive.google.com\/file\/d\/1vlu9YYMr2rftzfidk946IYibbNi_naOY\/view?usp=drive_link\" target=\"_blank\" rel=\"noopener\">PROGRAMACI\u00d3N DID\u00c1CTICA 4\u00ba ESO Matem\u00e1ticas B<\/a><\/li>\n<li><a href=\"https:\/\/drive.google.com\/file\/d\/1NKJMOBuLO2GYlZIT_bJv4o7hHBNHWNPT\/view?usp=drive_link\" target=\"_blank\" rel=\"noopener\">PROGRAMACI\u00d3N DID\u00c1CTICA 1\u00ba Bach Humanidades y CCSS<\/a><\/li>\n<li><a href=\"https:\/\/drive.google.com\/file\/d\/1suqpOZeP237sPS8FFipOvt6T-uSj_ntR\/view?usp=drive_link\" target=\"_blank\" rel=\"noopener\">PROGRAMACI\u00d3N DID\u00c1CTICA 1\u00ba Bach Ciencias y Tecnolog\u00eda<\/a><\/li>\n<li><a href=\"https:\/\/drive.google.com\/file\/d\/11aX3WLeG6r9-ukiS5-SgNpMfPY77zV3d\/view?usp=drive_link\" target=\"_blank\" rel=\"noopener\">PROGRAMACI\u00d3N DID\u00c1CTICA 2\u00ba Bach Humanidades y CCSS<\/a><\/li>\n<li><a href=\"https:\/\/drive.google.com\/file\/d\/19fa07kOnS6M4xHIE5aSOjcgWfMlfMWXt\/view?usp=drive_link\" target=\"_blank\" rel=\"noopener\">PROGRAMACI\u00d3N DID\u00c1CTICA 2\u00ba Bach Ciencias y Tecnolog\u00eda<\/a><\/li>\n<li><a href=\"https:\/\/drive.google.com\/file\/d\/1H8fHmzYZvsWCIUyGDNxYJXBQ68pB7j0z\/view?usp=drive_link\" target=\"_blank\" rel=\"noopener\">PROGRAMACI\u00d3N DID\u00c1CTICA 2\u00ba Bach Estad\u00edstica<\/a><\/li>\n<\/ul>\n<\/li>\n<\/ul>\t\t\t\t\t\t\t\t<\/div>\n\t\t\t\t<\/div>\n\t\t\t\t\t<\/div>\n\t\t<\/div>\n\t\t\t\t\t<\/div>\n\t\t<\/section>\n\t\t\t\t<\/div>\n\t\t","protected":false},"excerpt":{"rendered":"<p>&#8211; DEPARTAMENTO DE MATEM\u00c1TICAS &#8211; ENLACES A LA PROGRAMACIONES&nbsp;DE ESTE CURSO PROGRAMACI\u00d3N DID\u00c1CTICA 1\u00ba ESO PROGRAMACI\u00d3N DID\u00c1CTICA 1\u00ba ESO Computaci\u00f3n y Rob\u00f3tica PROGRAMACI\u00d3N DID\u00c1CTICA 2\u00ba ESO PROGRAMACI\u00d3N DID\u00c1CTICA 3\u00ba ESO PROGRAMACI\u00d3N DID\u00c1CTICA 3\u00ba ESO \u00c1mbito Cient\u00edfico Tecnol\u00f3gico PROGRAMACI\u00d3N DID\u00c1CTICA 4\u00ba ESO Matem\u00e1ticas A PROGRAMACI\u00d3N DID\u00c1CTICA 4\u00ba ESO Matem\u00e1ticas B PROGRAMACI\u00d3N DID\u00c1CTICA 1\u00ba Bach Humanidades y [&hellip;]<\/p>\n","protected":false},"author":4211,"featured_media":0,"parent":0,"menu_order":0,"comment_status":"closed","ping_status":"closed","template":"elementor_header_footer","meta":{"ngg_post_thumbnail":0,"footnotes":"","_mc_calendar":[]},"aioseo_notices":[],"_links":{"self":[{"href":"https:\/\/blogsaverroes.juntadeandalucia.es\/iesalbaida\/wp-json\/wp\/v2\/pages\/6184"}],"collection":[{"href":"https:\/\/blogsaverroes.juntadeandalucia.es\/iesalbaida\/wp-json\/wp\/v2\/pages"}],"about":[{"href":"https:\/\/blogsaverroes.juntadeandalucia.es\/iesalbaida\/wp-json\/wp\/v2\/types\/page"}],"author":[{"embeddable":true,"href":"https:\/\/blogsaverroes.juntadeandalucia.es\/iesalbaida\/wp-json\/wp\/v2\/users\/4211"}],"replies":[{"embeddable":true,"href":"https:\/\/blogsaverroes.juntadeandalucia.es\/iesalbaida\/wp-json\/wp\/v2\/comments?post=6184"}],"version-history":[{"count":31,"href":"https:\/\/blogsaverroes.juntadeandalucia.es\/iesalbaida\/wp-json\/wp\/v2\/pages\/6184\/revisions"}],"predecessor-version":[{"id":7298,"href":"https:\/\/blogsaverroes.juntadeandalucia.es\/iesalbaida\/wp-json\/wp\/v2\/pages\/6184\/revisions\/7298"}],"wp:attachment":[{"href":"https:\/\/blogsaverroes.juntadeandalucia.es\/iesalbaida\/wp-json\/wp\/v2\/media?parent=6184"}],"curies":[{"name":"wp","href":"https:\/\/api.w.org\/{rel}","templated":true}]}}