{"id":6191,"date":"2025-06-04T15:44:21","date_gmt":"2025-06-04T15:44:21","guid":{"rendered":"https:\/\/blogsaverroes.juntadeandalucia.es\/iesalbaida\/?page_id=6191"},"modified":"2026-01-15T16:19:35","modified_gmt":"2026-01-15T16:19:35","slug":"departamento-de-fisica-y-quimica","status":"publish","type":"page","link":"https:\/\/blogsaverroes.juntadeandalucia.es\/iesalbaida\/departamento-de-fisica-y-quimica\/","title":{"rendered":"Departamento de F\u00edsica y Qu\u00edmica"},"content":{"rendered":"\t\t<div data-elementor-type=\"wp-page\" data-elementor-id=\"6191\" class=\"elementor elementor-6191\">\n\t\t\t\t\t\t<section class=\"elementor-section elementor-top-section elementor-element elementor-element-23675d4a elementor-section-boxed elementor-section-height-default elementor-section-height-default\" data-id=\"23675d4a\" data-element_type=\"section\">\n\t\t\t\t\t\t<div class=\"elementor-container elementor-column-gap-default\">\n\t\t\t\t\t<div class=\"elementor-column elementor-col-100 elementor-top-column elementor-element elementor-element-71c271a9\" data-id=\"71c271a9\" data-element_type=\"column\">\n\t\t\t<div class=\"elementor-widget-wrap elementor-element-populated\">\n\t\t\t\t\t\t<div class=\"elementor-element elementor-element-5f70ed93 elementor-widget elementor-widget-heading\" data-id=\"5f70ed93\" data-element_type=\"widget\" data-widget_type=\"heading.default\">\n\t\t\t\t<div class=\"elementor-widget-container\">\n\t\t\t\t\t<h2 class=\"elementor-heading-title elementor-size-default\">- DEPARTAMENTO DE F\u00cdSICA Y QU\u00cdMICA -<\/h2>\t\t\t\t<\/div>\n\t\t\t\t<\/div>\n\t\t\t\t\t<\/div>\n\t\t<\/div>\n\t\t\t\t\t<\/div>\n\t\t<\/section>\n\t\t\t\t<section class=\"elementor-section elementor-top-section elementor-element elementor-element-9443407 elementor-section-boxed elementor-section-height-default elementor-section-height-default\" data-id=\"9443407\" data-element_type=\"section\">\n\t\t\t\t\t\t<div class=\"elementor-container elementor-column-gap-default\">\n\t\t\t\t\t<div class=\"elementor-column elementor-col-100 elementor-top-column elementor-element elementor-element-1ec545a7\" data-id=\"1ec545a7\" data-element_type=\"column\">\n\t\t\t<div class=\"elementor-widget-wrap elementor-element-populated\">\n\t\t\t\t\t\t<div class=\"elementor-element elementor-element-255a1d26 elementor-widget elementor-widget-text-editor\" data-id=\"255a1d26\" data-element_type=\"widget\" data-widget_type=\"text-editor.default\">\n\t\t\t\t<div class=\"elementor-widget-container\">\n\t\t\t\t\t\t\t\t\t<p>ENLACES A LA\u00a0<span style=\"font-weight: bolder\">PROGRAMACIONES DE ESTE CURSO<\/span><\/p><ul><li><a href=\"https:\/\/drive.google.com\/file\/d\/10cIkI-v5hA7yHzwspk8AK86IisY990wo\/view?usp=drive_link\" target=\"_blank\" rel=\"noopener\">PROGRAMACI\u00d3N DID\u00c1CTICA F\u00cdSICA Y QU\u00cdMICA 2\u00ba ESO <\/a><\/li><li><a href=\"https:\/\/drive.google.com\/file\/d\/1q9u6c4Poth3JivAqLoVmizxGgxqqKesP\/view?usp=drive_link\" target=\"_blank\" rel=\"noopener\">PROGRAMACI\u00d3N DID\u00c1CTICA F\u00cdSICA Y QU\u00cdMICA 3\u00ba ESO<\/a><\/li><li><a href=\"https:\/\/drive.google.com\/file\/d\/1_mbxLZ0JiWlYZ0DybF2FtyzActzljsje\/view?usp=drive_link\" target=\"_blank\" rel=\"noopener\">PROGRAMACI\u00d3N DID\u00c1CTICA F\u00cdSICA Y QUIMICA 4\u00ba ESO<\/a><\/li><li><a href=\"https:\/\/drive.google.com\/file\/d\/1l-KZK6Ghq9SDt9ByrVdwiL5tFtiTuR-s\/view?usp=drive_link\" target=\"_blank\" rel=\"noopener\">PROGRAMACI\u00d3N DID\u00c1CTICA F\u00cdSICA Y QU\u00cdMICA 1\u00ba BACHILLERATO<\/a><\/li><li><a href=\"https:\/\/drive.google.com\/file\/d\/1sOY7S6BO_5fbpWYzIY_nAYco9BfVkibo\/view?usp=drive_link\" target=\"_blank\" rel=\"noopener\">PROGRAMACI\u00d3N DID\u00c1CTICA F\u00cdSICA 2\u00ba BACHILLERATO<\/a><\/li><li><a href=\"https:\/\/drive.google.com\/file\/d\/1NH1228AxbyTIsrgJF5o1lkGYc_SODI99\/view?usp=drive_link\" target=\"_blank\" rel=\"noopener\">PROGRAMACI\u00d3N DID\u00c1CTICA QU\u00cdMICA 2\u00ba BACHILLERATO<\/a><\/li><li><a href=\"https:\/\/drive.google.com\/file\/d\/1LMFvqvgzhPBsVF-T-ouKqrdBTE7SwbPr\/view?usp=drive_link\" target=\"_blank\" rel=\"noopener\">PROGRAMACI\u00d3N DID\u00c1CTICA \u00c1MBITO CIENT\u00cdFICO-TECNOL\u00d3GICO 4\u00ba ESO<\/a><\/li><li>P<a href=\"https:\/\/drive.google.com\/file\/d\/196fBR003a94oO2guWzXv5_STugTVkjqu\/view?usp=drive_link\" target=\"_blank\" rel=\"noopener\">ROGRAMACI\u00d3N DID\u00c1CTICA LABORATORIO Y CIENCIA 1\u00ba BACHILLERATO<\/a><\/li><li><a href=\"https:\/\/drive.google.com\/file\/d\/1bW4GmcTG85_6LBt9vGTeQTFyflbFA_I6\/view?usp=drive_link\" target=\"_blank\" rel=\"noopener\">PROGRAMACI\u00d3N DID\u00c1CTICA \u00c1MBITO CIENT\u00cdFICO ESPA I<\/a><\/li><li><a href=\"https:\/\/drive.google.com\/file\/d\/1CNL4n2JCDOEv9wT1F3LHNBwWYvWMMSP1\/view?usp=drive_link\" target=\"_blank\" rel=\"noopener\">PROGRAMACI\u00d3N DID\u00c1CTICA \u00c1MBITO CIENT\u00cdFICO ESPA II<\/a><\/li><\/ul>\t\t\t\t\t\t\t\t<\/div>\n\t\t\t\t<\/div>\n\t\t\t\t\t<\/div>\n\t\t<\/div>\n\t\t\t\t\t<\/div>\n\t\t<\/section>\n\t\t\t\t<\/div>\n\t\t","protected":false},"excerpt":{"rendered":"<p>&#8211; DEPARTAMENTO DE F\u00cdSICA Y QU\u00cdMICA &#8211; ENLACES A LA\u00a0PROGRAMACIONES DE ESTE CURSO PROGRAMACI\u00d3N DID\u00c1CTICA F\u00cdSICA Y QU\u00cdMICA 2\u00ba ESO PROGRAMACI\u00d3N DID\u00c1CTICA F\u00cdSICA Y QU\u00cdMICA 3\u00ba ESO PROGRAMACI\u00d3N DID\u00c1CTICA F\u00cdSICA Y QUIMICA 4\u00ba ESO PROGRAMACI\u00d3N DID\u00c1CTICA F\u00cdSICA Y QU\u00cdMICA 1\u00ba BACHILLERATO PROGRAMACI\u00d3N DID\u00c1CTICA F\u00cdSICA 2\u00ba BACHILLERATO PROGRAMACI\u00d3N DID\u00c1CTICA QU\u00cdMICA 2\u00ba BACHILLERATO PROGRAMACI\u00d3N DID\u00c1CTICA \u00c1MBITO CIENT\u00cdFICO-TECNOL\u00d3GICO [&hellip;]<\/p>\n","protected":false},"author":4211,"featured_media":0,"parent":0,"menu_order":0,"comment_status":"closed","ping_status":"closed","template":"elementor_header_footer","meta":{"ngg_post_thumbnail":0,"footnotes":"","_mc_calendar":[]},"aioseo_notices":[],"_links":{"self":[{"href":"https:\/\/blogsaverroes.juntadeandalucia.es\/iesalbaida\/wp-json\/wp\/v2\/pages\/6191"}],"collection":[{"href":"https:\/\/blogsaverroes.juntadeandalucia.es\/iesalbaida\/wp-json\/wp\/v2\/pages"}],"about":[{"href":"https:\/\/blogsaverroes.juntadeandalucia.es\/iesalbaida\/wp-json\/wp\/v2\/types\/page"}],"author":[{"embeddable":true,"href":"https:\/\/blogsaverroes.juntadeandalucia.es\/iesalbaida\/wp-json\/wp\/v2\/users\/4211"}],"replies":[{"embeddable":true,"href":"https:\/\/blogsaverroes.juntadeandalucia.es\/iesalbaida\/wp-json\/wp\/v2\/comments?post=6191"}],"version-history":[{"count":26,"href":"https:\/\/blogsaverroes.juntadeandalucia.es\/iesalbaida\/wp-json\/wp\/v2\/pages\/6191\/revisions"}],"predecessor-version":[{"id":7295,"href":"https:\/\/blogsaverroes.juntadeandalucia.es\/iesalbaida\/wp-json\/wp\/v2\/pages\/6191\/revisions\/7295"}],"wp:attachment":[{"href":"https:\/\/blogsaverroes.juntadeandalucia.es\/iesalbaida\/wp-json\/wp\/v2\/media?parent=6191"}],"curies":[{"name":"wp","href":"https:\/\/api.w.org\/{rel}","templated":true}]}}