{"id":6205,"date":"2025-06-04T15:49:16","date_gmt":"2025-06-04T15:49:16","guid":{"rendered":"https:\/\/blogsaverroes.juntadeandalucia.es\/iesalbaida\/?page_id=6205"},"modified":"2026-01-15T16:16:05","modified_gmt":"2026-01-15T16:16:05","slug":"departamento-de-tecnologia","status":"publish","type":"page","link":"https:\/\/blogsaverroes.juntadeandalucia.es\/iesalbaida\/departamento-de-tecnologia\/","title":{"rendered":"Departamento de Tecnolog\u00eda"},"content":{"rendered":"\t\t<div data-elementor-type=\"wp-page\" data-elementor-id=\"6205\" class=\"elementor elementor-6205\">\n\t\t\t\t\t\t<section class=\"elementor-section elementor-top-section elementor-element elementor-element-4d8c521b elementor-section-boxed elementor-section-height-default elementor-section-height-default\" data-id=\"4d8c521b\" data-element_type=\"section\">\n\t\t\t\t\t\t<div class=\"elementor-container elementor-column-gap-default\">\n\t\t\t\t\t<div class=\"elementor-column elementor-col-100 elementor-top-column elementor-element elementor-element-2f1172d9\" data-id=\"2f1172d9\" data-element_type=\"column\">\n\t\t\t<div class=\"elementor-widget-wrap elementor-element-populated\">\n\t\t\t\t\t\t<div class=\"elementor-element elementor-element-519e4ecb elementor-widget elementor-widget-heading\" data-id=\"519e4ecb\" data-element_type=\"widget\" data-widget_type=\"heading.default\">\n\t\t\t\t<div class=\"elementor-widget-container\">\n\t\t\t\t\t<h2 class=\"elementor-heading-title elementor-size-default\">- DEPARTAMENTO DE TECNOLOG\u00cdA -<\/h2>\t\t\t\t<\/div>\n\t\t\t\t<\/div>\n\t\t\t\t\t<\/div>\n\t\t<\/div>\n\t\t\t\t\t<\/div>\n\t\t<\/section>\n\t\t\t\t<section class=\"elementor-section elementor-top-section elementor-element elementor-element-5fca2ce4 elementor-section-boxed elementor-section-height-default elementor-section-height-default\" data-id=\"5fca2ce4\" data-element_type=\"section\">\n\t\t\t\t\t\t<div class=\"elementor-container elementor-column-gap-default\">\n\t\t\t\t\t<div class=\"elementor-column elementor-col-100 elementor-top-column elementor-element elementor-element-37124d5f\" data-id=\"37124d5f\" data-element_type=\"column\">\n\t\t\t<div class=\"elementor-widget-wrap elementor-element-populated\">\n\t\t\t\t\t\t<div class=\"elementor-element elementor-element-56da2c8 elementor-widget elementor-widget-text-editor\" data-id=\"56da2c8\" data-element_type=\"widget\" data-widget_type=\"text-editor.default\">\n\t\t\t\t<div class=\"elementor-widget-container\">\n\t\t\t\t\t\t\t\t\t<p>ENLACES A LA <strong>PROGRAMACIONES\u00a0<\/strong>DE ESTE CURSO<\/p><ul><li><a href=\"https:\/\/drive.google.com\/file\/d\/17OVuEFoKl0FXON0P2HNG4Bh42hB-zSL4\/view?usp=drive_link\" target=\"_blank\" rel=\"noopener\">PROGRAMACI\u00d3N DID\u00c1CTICA 2\u00ba ESO TECNOLOG\u00cdA Y DIGITALIZACI\u00d3N<\/a><\/li><li><a href=\"https:\/\/drive.google.com\/file\/d\/1nGrV7QFWzyvV84njFyDbC-WwQATryMG1\/view?usp=drive_link\" target=\"_blank\" rel=\"noopener\">PROGRAMACI\u00d3N DID\u00c1CTICA 3\u00ba ESO TECNOLOG\u00cdA Y DIGITALIZACI\u00d3N<\/a><\/li><li><a href=\"https:\/\/drive.google.com\/file\/d\/1bVSMhI6aMVWknAmrvD2gAUzSC5sj8SR2\/view?usp=drive_link\" target=\"_blank\" rel=\"noopener\">PROGRAMACI\u00d3N DID\u00c1CTICA 2\u00ba ESO COMPUTACI\u00d3N Y ROB\u00d3TICA<\/a><\/li><li><a href=\"https:\/\/drive.google.com\/file\/d\/13opfDa2sVuSqa4dlAVm92Bgmt9WRKwsU\/view?usp=drive_link\" target=\"_blank\" rel=\"noopener\">PROGRAMACI\u00d3N DID\u00c1CTICA 3\u00ba ESO COMPUTACI\u00d3N Y ROB\u00d3TICA<\/a><\/li><li style=\"font-size: 16px\"><a href=\"https:\/\/drive.google.com\/file\/d\/15hAnYBOSOH3GNuf1FIcjJ0diLCXra5P6\/view?usp=drive_link\" target=\"_blank\" rel=\"noopener\">PROGRAMACI\u00d3N DID\u00c1CTICA 4\u00ba ESO DIGITALIZACI\u00d3N<\/a><\/li><li><a href=\"https:\/\/drive.google.com\/file\/d\/1Ey-Kr2-1IO-M_jnDtxWCZcmrXJvbaNCL\/view?usp=drive_link\" target=\"_blank\" rel=\"noopener\">PROGRAMACI\u00d3N DID\u00c1CTICA 1\u00ba BACHILLERATO CREACI\u00d3N DIGITAL Y PENSAMIENTO COMPUTACIONAL<\/a><\/li><li><a href=\"https:\/\/drive.google.com\/file\/d\/1LjWdiqSX4PtFhBAf3oDZvYUl3x2M_J6z\/view?usp=drive_link\" target=\"_blank\" rel=\"noopener\">PROGRAMACI\u00d3N DID\u00c1CTICA <\/a><a href=\"https:\/\/drive.google.com\/file\/d\/1LjWdiqSX4PtFhBAf3oDZvYUl3x2M_J6z\/view?usp=drive_link\" target=\"_blank\" rel=\"noopener\">1\u00ba\/2\u00ba BACHILLERATO<\/a><a href=\"https:\/\/drive.google.com\/file\/d\/1LjWdiqSX4PtFhBAf3oDZvYUl3x2M_J6z\/view?usp=drive_link\" target=\"_blank\" rel=\"noopener\"> TECNOLOG\u00cdAS DE LA INFORMACI\u00d3N Y LA COMUNICACI\u00d3N\u00a0<\/a><\/li><\/ul>\t\t\t\t\t\t\t\t<\/div>\n\t\t\t\t<\/div>\n\t\t\t\t\t<\/div>\n\t\t<\/div>\n\t\t\t\t\t<\/div>\n\t\t<\/section>\n\t\t\t\t<\/div>\n\t\t","protected":false},"excerpt":{"rendered":"<p>&#8211; DEPARTAMENTO DE TECNOLOG\u00cdA &#8211; ENLACES A LA PROGRAMACIONES\u00a0DE ESTE CURSO PROGRAMACI\u00d3N DID\u00c1CTICA 2\u00ba ESO TECNOLOG\u00cdA Y DIGITALIZACI\u00d3N PROGRAMACI\u00d3N DID\u00c1CTICA 3\u00ba ESO TECNOLOG\u00cdA Y DIGITALIZACI\u00d3N PROGRAMACI\u00d3N DID\u00c1CTICA 2\u00ba ESO COMPUTACI\u00d3N Y ROB\u00d3TICA PROGRAMACI\u00d3N DID\u00c1CTICA 3\u00ba ESO COMPUTACI\u00d3N Y ROB\u00d3TICA PROGRAMACI\u00d3N DID\u00c1CTICA 4\u00ba ESO DIGITALIZACI\u00d3N PROGRAMACI\u00d3N DID\u00c1CTICA 1\u00ba BACHILLERATO CREACI\u00d3N DIGITAL Y PENSAMIENTO COMPUTACIONAL PROGRAMACI\u00d3N DID\u00c1CTICA [&hellip;]<\/p>\n","protected":false},"author":4211,"featured_media":0,"parent":0,"menu_order":0,"comment_status":"closed","ping_status":"closed","template":"elementor_header_footer","meta":{"ngg_post_thumbnail":0,"footnotes":"","_mc_calendar":[]},"aioseo_notices":[],"_links":{"self":[{"href":"https:\/\/blogsaverroes.juntadeandalucia.es\/iesalbaida\/wp-json\/wp\/v2\/pages\/6205"}],"collection":[{"href":"https:\/\/blogsaverroes.juntadeandalucia.es\/iesalbaida\/wp-json\/wp\/v2\/pages"}],"about":[{"href":"https:\/\/blogsaverroes.juntadeandalucia.es\/iesalbaida\/wp-json\/wp\/v2\/types\/page"}],"author":[{"embeddable":true,"href":"https:\/\/blogsaverroes.juntadeandalucia.es\/iesalbaida\/wp-json\/wp\/v2\/users\/4211"}],"replies":[{"embeddable":true,"href":"https:\/\/blogsaverroes.juntadeandalucia.es\/iesalbaida\/wp-json\/wp\/v2\/comments?post=6205"}],"version-history":[{"count":31,"href":"https:\/\/blogsaverroes.juntadeandalucia.es\/iesalbaida\/wp-json\/wp\/v2\/pages\/6205\/revisions"}],"predecessor-version":[{"id":7289,"href":"https:\/\/blogsaverroes.juntadeandalucia.es\/iesalbaida\/wp-json\/wp\/v2\/pages\/6205\/revisions\/7289"}],"wp:attachment":[{"href":"https:\/\/blogsaverroes.juntadeandalucia.es\/iesalbaida\/wp-json\/wp\/v2\/media?parent=6205"}],"curies":[{"name":"wp","href":"https:\/\/api.w.org\/{rel}","templated":true}]}}