{"id":6206,"date":"2025-06-04T15:50:58","date_gmt":"2025-06-04T15:50:58","guid":{"rendered":"https:\/\/blogsaverroes.juntadeandalucia.es\/iesalbaida\/?page_id=6206"},"modified":"2026-01-09T09:40:29","modified_gmt":"2026-01-09T09:40:29","slug":"departamento-de-educacion-fisica","status":"publish","type":"page","link":"https:\/\/blogsaverroes.juntadeandalucia.es\/iesalbaida\/departamento-de-educacion-fisica\/","title":{"rendered":"Departamento de Educaci\u00f3n F\u00edsica"},"content":{"rendered":"\t\t<div data-elementor-type=\"wp-page\" data-elementor-id=\"6206\" class=\"elementor elementor-6206\">\n\t\t\t\t\t\t<section class=\"elementor-section elementor-top-section elementor-element elementor-element-308f2865 elementor-section-boxed elementor-section-height-default elementor-section-height-default\" data-id=\"308f2865\" data-element_type=\"section\">\n\t\t\t\t\t\t<div class=\"elementor-container elementor-column-gap-default\">\n\t\t\t\t\t<div class=\"elementor-column elementor-col-100 elementor-top-column elementor-element elementor-element-5c2f0d06\" data-id=\"5c2f0d06\" data-element_type=\"column\">\n\t\t\t<div class=\"elementor-widget-wrap elementor-element-populated\">\n\t\t\t\t\t\t<div class=\"elementor-element elementor-element-fe804cf elementor-widget elementor-widget-heading\" data-id=\"fe804cf\" data-element_type=\"widget\" data-widget_type=\"heading.default\">\n\t\t\t\t<div class=\"elementor-widget-container\">\n\t\t\t\t\t<h2 class=\"elementor-heading-title elementor-size-default\">- DEPARTAMENTO DE EDUCACI\u00d3N F\u00cdSICA -<\/h2>\t\t\t\t<\/div>\n\t\t\t\t<\/div>\n\t\t\t\t\t<\/div>\n\t\t<\/div>\n\t\t\t\t\t<\/div>\n\t\t<\/section>\n\t\t\t\t<section class=\"elementor-section elementor-top-section elementor-element elementor-element-79ef90d4 elementor-section-boxed elementor-section-height-default elementor-section-height-default\" data-id=\"79ef90d4\" data-element_type=\"section\">\n\t\t\t\t\t\t<div class=\"elementor-container elementor-column-gap-default\">\n\t\t\t\t\t<div class=\"elementor-column elementor-col-100 elementor-top-column elementor-element elementor-element-15f7b067\" data-id=\"15f7b067\" data-element_type=\"column\">\n\t\t\t<div class=\"elementor-widget-wrap elementor-element-populated\">\n\t\t\t\t\t\t<div class=\"elementor-element elementor-element-334fbdac elementor-widget elementor-widget-text-editor\" data-id=\"334fbdac\" data-element_type=\"widget\" data-widget_type=\"text-editor.default\">\n\t\t\t\t<div class=\"elementor-widget-container\">\n\t\t\t\t\t\t\t\t\t<p>ENLACES A LA <strong>PROGRAMACIONES&nbsp;<\/strong>DE ESTE CURSO<\/p>\n<ul>\n<li><a href=\"https:\/\/drive.google.com\/file\/d\/1O2onawmqbjuPtbQiySjobZ0V3li5QrMy\/view?usp=drive_link\" target=\"_blank\" rel=\"noopener\">PROGRAMACI\u00d3N DID\u00c1CTICA 1\u00ba ESO<\/a><\/li>\n<li><a href=\"https:\/\/drive.google.com\/file\/d\/1XPSDsv3eXguVRsWirm_6q-FwlMEwrwgn\/view?usp=drive_link\" target=\"_blank\" rel=\"noopener\">PROGRAMACI\u00d3N DID\u00c1CTICA 2\u00ba ESO <\/a><\/li>\n<li><a href=\"https:\/\/drive.google.com\/file\/d\/1dG-CJkcteARIMktAV6k9B1kQgrT73DD3\/view?usp=drive_link\" target=\"_blank\" rel=\"noopener\">PROGRAMACI\u00d3N DID\u00c1CTICA 3\u00ba ESO <\/a><\/li>\n<li><a href=\"https:\/\/drive.google.com\/file\/d\/14YONaSuSqZ_yDtpNEsDvFGWO1vpT82ak\/view?usp=drive_link\" target=\"_blank\" rel=\"noopener\">PROGRAMACI\u00d3N DID\u00c1CTICA 4\u00ba ESO<\/a><\/li>\n<li><a href=\"https:\/\/drive.google.com\/file\/d\/1FrzuU9V4a0KwJtwEf8Z38i018C0-Dwtv\/view?usp=drive_link\" target=\"_blank\" rel=\"noopener\">PROGRAMACI\u00d3N DID\u00c1CTICA 1\u00ba BACHILLERATO<\/a><\/li>\n<li><a href=\"https:\/\/drive.google.com\/file\/d\/1DBoxP5_bcRGL69p95w0spfehX4fyPPXu\/view?usp=drive_link\" target=\"_blank\" rel=\"noopener\">PROGRAMACI\u00d3N DID\u00c1CTICA 2\u00ba BACHILLERATO<\/a><\/li>\n<li><a href=\"https:\/\/drive.google.com\/file\/d\/1vwEflMQrHtBZpzR12NHJOHziByGsJuZ9\/view?usp=drive_link\" target=\"_blank\" rel=\"noopener\">PROGRAMACI\u00d3N DID\u00c1CTICA ESO<\/a><\/li>\n<\/ul>\t\t\t\t\t\t\t\t<\/div>\n\t\t\t\t<\/div>\n\t\t\t\t\t<\/div>\n\t\t<\/div>\n\t\t\t\t\t<\/div>\n\t\t<\/section>\n\t\t\t\t<\/div>\n\t\t","protected":false},"excerpt":{"rendered":"<p>&#8211; DEPARTAMENTO DE EDUCACI\u00d3N F\u00cdSICA &#8211; ENLACES A LA PROGRAMACIONES&nbsp;DE ESTE CURSO PROGRAMACI\u00d3N DID\u00c1CTICA 1\u00ba ESO PROGRAMACI\u00d3N DID\u00c1CTICA 2\u00ba ESO PROGRAMACI\u00d3N DID\u00c1CTICA 3\u00ba ESO PROGRAMACI\u00d3N DID\u00c1CTICA 4\u00ba ESO PROGRAMACI\u00d3N DID\u00c1CTICA 1\u00ba BACHILLERATO PROGRAMACI\u00d3N DID\u00c1CTICA 2\u00ba BACHILLERATO PROGRAMACI\u00d3N DID\u00c1CTICA ESO<\/p>\n","protected":false},"author":4211,"featured_media":0,"parent":0,"menu_order":0,"comment_status":"closed","ping_status":"closed","template":"elementor_header_footer","meta":{"ngg_post_thumbnail":0,"footnotes":"","_mc_calendar":[]},"aioseo_notices":[],"_links":{"self":[{"href":"https:\/\/blogsaverroes.juntadeandalucia.es\/iesalbaida\/wp-json\/wp\/v2\/pages\/6206"}],"collection":[{"href":"https:\/\/blogsaverroes.juntadeandalucia.es\/iesalbaida\/wp-json\/wp\/v2\/pages"}],"about":[{"href":"https:\/\/blogsaverroes.juntadeandalucia.es\/iesalbaida\/wp-json\/wp\/v2\/types\/page"}],"author":[{"embeddable":true,"href":"https:\/\/blogsaverroes.juntadeandalucia.es\/iesalbaida\/wp-json\/wp\/v2\/users\/4211"}],"replies":[{"embeddable":true,"href":"https:\/\/blogsaverroes.juntadeandalucia.es\/iesalbaida\/wp-json\/wp\/v2\/comments?post=6206"}],"version-history":[{"count":25,"href":"https:\/\/blogsaverroes.juntadeandalucia.es\/iesalbaida\/wp-json\/wp\/v2\/pages\/6206\/revisions"}],"predecessor-version":[{"id":7228,"href":"https:\/\/blogsaverroes.juntadeandalucia.es\/iesalbaida\/wp-json\/wp\/v2\/pages\/6206\/revisions\/7228"}],"wp:attachment":[{"href":"https:\/\/blogsaverroes.juntadeandalucia.es\/iesalbaida\/wp-json\/wp\/v2\/media?parent=6206"}],"curies":[{"name":"wp","href":"https:\/\/api.w.org\/{rel}","templated":true}]}}