{"id":6233,"date":"2025-06-04T15:57:02","date_gmt":"2025-06-04T15:57:02","guid":{"rendered":"https:\/\/blogsaverroes.juntadeandalucia.es\/iesalbaida\/?page_id=6233"},"modified":"2026-01-15T16:23:53","modified_gmt":"2026-01-15T16:23:53","slug":"departamento-de-imagen-y-sonido","status":"publish","type":"page","link":"https:\/\/blogsaverroes.juntadeandalucia.es\/iesalbaida\/departamento-de-imagen-y-sonido\/","title":{"rendered":"Departamento de Imagen y Sonido"},"content":{"rendered":"\t\t<div data-elementor-type=\"wp-page\" data-elementor-id=\"6233\" class=\"elementor elementor-6233\">\n\t\t\t\t\t\t<section class=\"elementor-section elementor-top-section elementor-element elementor-element-7e42b161 elementor-section-boxed elementor-section-height-default elementor-section-height-default\" data-id=\"7e42b161\" data-element_type=\"section\">\n\t\t\t\t\t\t<div class=\"elementor-container elementor-column-gap-default\">\n\t\t\t\t\t<div class=\"elementor-column elementor-col-100 elementor-top-column elementor-element elementor-element-4d2aefd5\" data-id=\"4d2aefd5\" data-element_type=\"column\">\n\t\t\t<div class=\"elementor-widget-wrap elementor-element-populated\">\n\t\t\t\t\t\t<div class=\"elementor-element elementor-element-54f4c41f elementor-widget elementor-widget-heading\" data-id=\"54f4c41f\" data-element_type=\"widget\" data-widget_type=\"heading.default\">\n\t\t\t\t<div class=\"elementor-widget-container\">\n\t\t\t\t\t<h2 class=\"elementor-heading-title elementor-size-default\">- DEPARTAMENTO DE IMAGEN Y SONIDO -<\/h2>\t\t\t\t<\/div>\n\t\t\t\t<\/div>\n\t\t\t\t\t<\/div>\n\t\t<\/div>\n\t\t\t\t\t<\/div>\n\t\t<\/section>\n\t\t\t\t<section class=\"elementor-section elementor-top-section elementor-element elementor-element-60951dcd elementor-section-boxed elementor-section-height-default elementor-section-height-default\" data-id=\"60951dcd\" data-element_type=\"section\">\n\t\t\t\t\t\t<div class=\"elementor-container elementor-column-gap-default\">\n\t\t\t\t\t<div class=\"elementor-column elementor-col-100 elementor-top-column elementor-element elementor-element-866dbce\" data-id=\"866dbce\" data-element_type=\"column\">\n\t\t\t<div class=\"elementor-widget-wrap elementor-element-populated\">\n\t\t\t\t\t\t<div class=\"elementor-element elementor-element-12b123c7 elementor-widget elementor-widget-text-editor\" data-id=\"12b123c7\" data-element_type=\"widget\" data-widget_type=\"text-editor.default\">\n\t\t\t\t<div class=\"elementor-widget-container\">\n\t\t\t\t\t\t\t\t\t<p>ENLACES A LA <strong>PROGRAMACI\u00d3N <\/strong>DEL DEPARTAMENTO<\/p><ul><li>\u00a0<a href=\"https:\/\/drive.google.com\/file\/d\/15u7jmEXaW64uT1LV8nV0oo1_qT-SDz4g\/view?usp=drive_link\" target=\"_blank\" rel=\"noopener\">PROGRAMACION DEPARTAMENTO 25-26<\/a><\/li><\/ul>\t\t\t\t\t\t\t\t<\/div>\n\t\t\t\t<\/div>\n\t\t\t\t\t<\/div>\n\t\t<\/div>\n\t\t\t\t\t<\/div>\n\t\t<\/section>\n\t\t\t\t<section class=\"elementor-section elementor-top-section elementor-element elementor-element-303147a elementor-section-boxed elementor-section-height-default elementor-section-height-default\" data-id=\"303147a\" data-element_type=\"section\">\n\t\t\t\t\t\t<div class=\"elementor-container elementor-column-gap-default\">\n\t\t\t\t\t<div class=\"elementor-column elementor-col-100 elementor-top-column elementor-element elementor-element-bbcc236\" data-id=\"bbcc236\" data-element_type=\"column\">\n\t\t\t<div class=\"elementor-widget-wrap elementor-element-populated\">\n\t\t\t\t\t\t<div class=\"elementor-element elementor-element-d4a0e78 elementor-widget elementor-widget-text-editor\" data-id=\"d4a0e78\" data-element_type=\"widget\" data-widget_type=\"text-editor.default\">\n\t\t\t\t<div class=\"elementor-widget-container\">\n\t\t\t\t\t\t\t\t\t<p>ENLACES A LA <strong>PROGRAMACIONES\u00a0<\/strong>DEL CFGM V\u00cdDEO DISC-JOCKEY Y SONIDO<\/p><p>PRIMER CURSO:<\/p><ul><li><a href=\"https:\/\/drive.google.com\/file\/d\/1-1_rKznnQzftjjcBJLTEI1VJQI6UqB3T\/view?usp=drive_link\" target=\"_blank\" rel=\"noopener\">PROGRAMACI\u00d3N DID\u00c1CTICA SASP 1\u00ba VDJ<\/a><\/li><li><a href=\"https:\/\/drive.google.com\/file\/d\/1MI0m7K9u_ToBdxm17108bkDOauz_khAU\/view?usp=drive_link\" target=\"_blank\" rel=\"noopener\">PROGRAMACI\u00d3N DID\u00c1CTICA CGS 1\u00ba VDJ<\/a><\/li><li><a href=\"https:\/\/drive.google.com\/file\/d\/1tcMKugWkg5xFSW_mCabZCKLl8bQ8b4tN\/view?usp=drive_link\" target=\"_blank\" rel=\"noopener\">PROGRAMACI\u00d3N DID\u00c1CTICA IMES 1\u00ba VDJ<\/a><\/li><li><a href=\"https:\/\/drive.google.com\/file\/d\/1rDhbgaL5Sz9DN-MfLo4so5kattyeFh7a\/view?usp=drive_link\" target=\"_blank\" rel=\"noopener\">PROGRAMACI\u00d3N DID\u00c1CTICA PSV 1\u00ba VDJ<\/a><\/li><li><a href=\"https:\/\/drive.google.com\/file\/d\/1S9zK8B9N0Kcrovs8akePm28Nrb3EvewV\/view?usp=drive_link\" target=\"_blank\" rel=\"noopener\">PROGRAMACI\u00d3N DID\u00c1CTICA TEDI 1\u00ba VDJ<\/a><\/li><li><a href=\"https:\/\/drive.google.com\/file\/d\/1E6S_m-nS-uT-jSdRsaY95izjlLNH_9Nc\/view?usp=drive_link\" target=\"_blank\" rel=\"noopener\">PROGRAMACI\u00d3N DID\u00c1CTICA DASP 1\u00ba\u00a0 VDJ<\/a><\/li><\/ul><div>\u00a0<\/div><p>SEGUNDO CURSO:<\/p><ul><li><a href=\"https:\/\/drive.google.com\/file\/d\/1wtU6SMML2BEbc-DbYagsulE5ZIeJOduZ\/view?usp=drive_link\" target=\"_blank\" rel=\"noopener\">PROGRAMACI\u00d3N DID\u00c1CTICA CEMS 2\u00baVDJ<\/a><\/li><li><a href=\"https:\/\/drive.google.com\/file\/d\/1vAEIRVC_hBLC32qSvJSwQA1-NXmZ86oR\/view?usp=drive_link\" target=\"_blank\" rel=\"noopener\">PROGRAMACI\u00d3N DID\u00c1CTICA OGM 2\u00ba VDJ<\/a><\/li><li><a href=\"https:\/\/drive.google.com\/file\/d\/1DmC6SHEJ9jg8nWJq2Azm-W0-BLwkGupE\/view?usp=drive_link\" target=\"_blank\" rel=\"noopener\">PROGRAMACI\u00d3N DID\u00c1CTICA AMV 2\u00ba VDJ<\/a><\/li><li><a href=\"https:\/\/drive.google.com\/file\/d\/18SOHxHgjVqjaF2gscj6qmCmq35vYUg2o\/view?usp=drive_link\" target=\"_blank\" rel=\"noopener\">PROGRAMACI\u00d3N DID\u00c1CTICA AVV 2\u00ba VDJ<\/a><\/li><li><a href=\"https:\/\/drive.google.com\/file\/d\/1qgRRqrlsN60XQ_WIAwuQqs600dDVkQ9X\/view?usp=drive_link\" target=\"_blank\" rel=\"noopener\">PROGRAMACI\u00d3N DID\u00c1CTICA INGL\u00c9S 2\u00ba VDJ<\/a><\/li><li><a href=\"https:\/\/drive.google.com\/file\/d\/1Dth8r0UMxqJU3_THZprj48C5O_NrSXAQ\/view?usp=drive_link\" target=\"_blank\" rel=\"noopener\">PROGRAMACI\u00d3N DID\u00c1CTICA PI 2\u00ba VDJ<\/a> \u00a0<\/li><\/ul><p>\u00a0<\/p><ul><li><a href=\"https:\/\/drive.google.com\/file\/d\/1qpvH8sJa1k3fq7i-1dcE2rM9lQ2C9kAb\/view?usp=drive_link\" target=\"_blank\" rel=\"noopener\">PROGRAMACI\u00d3N DID\u00c1CTICA FCT NO DUAL 2\u00ba VDJ<\/a><\/li><\/ul><ul><li style=\"list-style-type: none\">\u00a0<\/li><\/ul>\t\t\t\t\t\t\t\t<\/div>\n\t\t\t\t<\/div>\n\t\t\t\t\t<\/div>\n\t\t<\/div>\n\t\t\t\t\t<\/div>\n\t\t<\/section>\n\t\t\t\t<section class=\"elementor-section elementor-top-section elementor-element elementor-element-d0876b0 elementor-section-boxed elementor-section-height-default elementor-section-height-default\" data-id=\"d0876b0\" data-element_type=\"section\">\n\t\t\t\t\t\t<div class=\"elementor-container elementor-column-gap-default\">\n\t\t\t\t\t<div class=\"elementor-column elementor-col-100 elementor-top-column elementor-element elementor-element-63132b8\" data-id=\"63132b8\" data-element_type=\"column\">\n\t\t\t<div class=\"elementor-widget-wrap elementor-element-populated\">\n\t\t\t\t\t\t<div class=\"elementor-element elementor-element-d2a5304 elementor-widget elementor-widget-text-editor\" data-id=\"d2a5304\" data-element_type=\"widget\" data-widget_type=\"text-editor.default\">\n\t\t\t\t<div class=\"elementor-widget-container\">\n\t\t\t\t\t\t\t\t\t<p>ENLACES A LA <b>PROGRAMACIONES<\/b> DEL CFGS T\u00c9CNICO SUPERIOR EN PRODUCCI\u00d3N DE AUDIOVISUALES Y ESPECTACULOS<\/p><p>PRIMER CURSO:<\/p><ul><li><a href=\"https:\/\/drive.google.com\/file\/d\/1RWFvsaMxlkAV7P10G7qQ0HQlv8QOHPmf\/view?usp=drive_link\" target=\"_blank\" rel=\"noopener\">PROGRAMACI\u00d3N DID\u00c1CTICA DASP 1\u00ba PRO<\/a><\/li><li><a href=\"https:\/\/drive.google.com\/file\/d\/1rE0YZkZTH75l3tfl2DbfO_aoNVrkoM7L\/view?usp=drive_link\" target=\"_blank\" rel=\"noopener\">PROGRAMACI\u00d3N DID\u00c1CTICA MTAE 1\u00ba PRO<\/a><\/li><li><a href=\"https:\/\/drive.google.com\/file\/d\/16txeRh_NHP5cXvcTyrpnzX-8ClN7AJhj\/view?usp=drive_link\" target=\"_blank\" rel=\"noopener\">PROGRAMACI\u00d3N DID\u00c1CTICA PPA 1\u00ba PRO<\/a><\/li><li><a href=\"https:\/\/drive.google.com\/file\/d\/1qtJ8OKrjfCvJE3pqVDZcwys0tHQjgLsC\/view?usp=drive_link\" target=\"_blank\" rel=\"noopener\">PROGRAMACI\u00d3N DID\u00c1CTICA PPE 1\u00ba PRO<\/a><\/li><li><a href=\"https:\/\/drive.google.com\/file\/d\/1PYmA7La9UW0vieJOCoKZM2TF7cBE3C8E\/view?usp=drive_link\" target=\"_blank\" rel=\"noopener\">PROGRAMACI\u00d3N DID\u00c1CTICA REAE 1\u00ba PRO<\/a><\/li><li><a href=\"https:\/\/drive.google.com\/file\/d\/1-uG_YbYdzz0cWK-LlN-bsRceP5op87oz\/view?usp=drive_link\" target=\"_blank\" rel=\"noopener\">PROGRAMACI\u00d3N DID\u00c1CTICA SASP 1\u00ba PRO<\/a><\/li><\/ul><div>\u00a0<\/div><p>SEGUNDO CURSO:<\/p><ul><li><a href=\"https:\/\/drive.google.com\/file\/d\/1qsLk4LNdLnJ4ygyZFrL_wRtsynjPBXp3\/view?usp=drive_link\" target=\"_blank\" rel=\"noopener\">PROGRAMACI\u00d3N DID\u00c1CTICA APAE 2\u00ba PRO<\/a><\/li><li><a href=\"https:\/\/drive.google.com\/file\/d\/1l2QGwEIYwINMEZnqVE2_Z2WbFYXcgJrx\/view?usp=drive_link\" target=\"_blank\" rel=\"noopener\">PROGRAMACI\u00d3N DID\u00c1CTICA GPCVM 2\u00ba PRO<\/a><\/li><li><a href=\"https:\/\/drive.google.com\/file\/d\/12IALKKeBH-JVxmhzfmfAUKNcsiMzCNOP\/view?usp=drive_link\" target=\"_blank\" rel=\"noopener\">PROGRAMACI\u00d3N DID\u00c1CTICA GPEE\u00a0 2\u00ba PRO<\/a><\/li><li><a href=\"https:\/\/drive.google.com\/file\/d\/1iLx7gTOU9pjqO1GYUBne5nsUzYaBj83Y\/view?usp=drive_link\" target=\"_blank\" rel=\"noopener\">PROGRAMACI\u00d3N DID\u00c1CTICA GPTR 2\u00ba PRO<\/a><\/li><li><a href=\"https:\/\/drive.google.com\/file\/d\/1Csok-SPXXwJOUML_sFNq0irY5oe57bU6\/view?usp=drive_link\" target=\"_blank\" rel=\"noopener\">PROGRAMACI\u00d3N DID\u00c1CTICA OGS 2\u00ba PRO<\/a><\/li><li><a href=\"https:\/\/drive.google.com\/file\/d\/1V4_p2oK8mfM7Fj5mXFn0MliY4rvsNZTD\/view?usp=drive_link\" target=\"_blank\" rel=\"noopener\">PROGRAMACI\u00d3N DID\u00c1CTICA PI 2\u00ba PRO<\/a><\/li><li><a href=\"https:\/\/drive.google.com\/file\/d\/1qgRRqrlsN60XQ_WIAwuQqs600dDVkQ9X\/view?usp=drive_link\" target=\"_blank\" rel=\"noopener\">PROGRAMACI\u00d3N DID\u00c1CTICA INGL\u00c9S 2\u00ba PRO<\/a><\/li><\/ul><div>\u00a0<\/div><ul><li><a href=\"https:\/\/drive.google.com\/file\/d\/1ZJdwNKjr0IG1j9yDC2G3pXIHFTqvkH76\/view?usp=drive_link\" target=\"_blank\" rel=\"noopener\">PROGRAMACI\u00d3N DID\u00c1CTICA PI NO DUAL 2\u00ba PRO<\/a><\/li><\/ul>\t\t\t\t\t\t\t\t<\/div>\n\t\t\t\t<\/div>\n\t\t\t\t\t<\/div>\n\t\t<\/div>\n\t\t\t\t\t<\/div>\n\t\t<\/section>\n\t\t\t\t<section class=\"elementor-section elementor-top-section elementor-element elementor-element-95f492d elementor-section-boxed elementor-section-height-default elementor-section-height-default\" data-id=\"95f492d\" data-element_type=\"section\">\n\t\t\t\t\t\t<div class=\"elementor-container elementor-column-gap-default\">\n\t\t\t\t\t<div class=\"elementor-column elementor-col-100 elementor-top-column elementor-element elementor-element-f02fe88\" data-id=\"f02fe88\" data-element_type=\"column\">\n\t\t\t<div class=\"elementor-widget-wrap elementor-element-populated\">\n\t\t\t\t\t\t<div class=\"elementor-element elementor-element-bd5cf4e elementor-widget elementor-widget-text-editor\" data-id=\"bd5cf4e\" data-element_type=\"widget\" data-widget_type=\"text-editor.default\">\n\t\t\t\t<div class=\"elementor-widget-container\">\n\t\t\t\t\t\t\t\t\t<p>ENLACES A <b>LAS PROGRAMACIONES<\/b> DEL CFGS\u00a0REALIZACI\u00d3N DE PROYECTOS\u00a0<span style=\"font-size: 1rem\">AUDIOVISUALES Y DE\u00a0<\/span><span style=\"font-size: 1rem\">ESPECT\u00c1CULOS<\/span><\/p><p>PRIMER CURSO:<\/p><ul><li><a href=\"https:\/\/drive.google.com\/file\/d\/1_p_ZynoS3jt8SBqLgGDpUaaIJjZfWF5e\/view?usp=drive_link\" target=\"_blank\" rel=\"noopener\">PROGRAMACI\u00d3N DID\u00c1CTICA PMPA 1\u00ba RAE<\/a><\/li><li><a href=\"https:\/\/drive.google.com\/file\/d\/1KkRW5yMTVkEETOsVOZ72Eh3nNKDi2eKx\/view?usp=drive_link\" target=\"_blank\" rel=\"noopener\">PROGRAMACI\u00d3N DID\u00c1CTICA PRCV 1\u00ba RAE<\/a><\/li><li><a href=\"https:\/\/drive.google.com\/file\/d\/1Y7ucvTyzEM-9sz9eFfdgGSHuqYR7A9np\/view?usp=drive_link\" target=\"_blank\" rel=\"noopener\">PROGRAMACI\u00d3N DID\u00c1CTICA PREE 1\u00ba RAE<\/a><\/li><li><a href=\"https:\/\/drive.google.com\/file\/d\/1gnVYhmxP3yXphIiBjH7BQhg6JznIyGJf\/view?usp=drive_link\" target=\"_blank\" rel=\"noopener\">PROGRAMACI\u00d3N DID\u00c1CTICA PRTV 1\u00ba RAE<\/a><\/li><li><a href=\"https:\/\/drive.google.com\/file\/d\/1-JF3MiZPDnqOMFbqGKA1f_tQjzOGmnoe\/view?usp=drive_link\" target=\"_blank\" rel=\"noopener\">PROGRAMACI\u00d3N DID\u00c1CTICA SASP 1\u00ba RAE<\/a><\/li><li><a href=\"https:\/\/blogsaverroes.juntadeandalucia.es\/iesalbaida\/files\/2025\/06\/1REA.MTA-24-25-Araceli-Merino.pdf\" target=\"_blank\" rel=\"noopener\">PROGRAMACI\u00d3N DID\u00c1CTICA MTAE 1\u00ba REA<\/a><\/li><li><a href=\"https:\/\/drive.google.com\/file\/d\/13R0rsUtWskRwiurUGp8YUkjf1n0lPmBi\/view?usp=drive_link\" target=\"_blank\" rel=\"noopener\">PROGRAMACI\u00d3N DID\u00c1CTICA DASP 1\u00ba REA<\/a><\/li><\/ul><div>\u00a0<\/div><p>SEGUNDO CURSO:<\/p><ul><li><a href=\"https:\/\/blogsaverroes.juntadeandalucia.es\/iesalbaida\/files\/2025\/06\/2RAE-HLC-2024-25-Ildefonso-del-Pozo-y-Carmen-Cordero.pdf\" target=\"_blank\" rel=\"noopener\">PROGRAMACI\u00d3N DID\u00c1CTICA OGS 2\u00ba RAE<\/a><\/li><li><a href=\"https:\/\/drive.google.com\/file\/d\/1dsKUYI8gU0ym7KAa2B-2NxSl2RKNlvF_\/view?usp=drive_link\" target=\"_blank\" rel=\"noopener\">PROGRAMACI\u00d3N DID\u00c1CTICA PPRCV 2\u00ba RAE<\/a><\/li><li><a href=\"https:\/\/drive.google.com\/file\/d\/10EH4Rxc42OQsJQ0kBF6bTj7Gi8hsp2M3\/view?usp=drive_link\" target=\"_blank\" rel=\"noopener\">PROGRAMACI\u00d3N DID\u00c1CTICA RMPA 2\u00ba RAE\u00a0<\/a><\/li><li><a href=\"https:\/\/drive.google.com\/file\/d\/19cKECHL4-70soABSayUM_qc9H5nMHleh\/view?usp=drive_link\" target=\"_blank\" rel=\"noopener\">PROGRAMACI\u00d3N DID\u00c1CTICA PREE 2\u00ba RAE<\/a><\/li><li><a href=\"https:\/\/drive.google.com\/file\/d\/1FHhFO1bjO8MfpdiyAdoMHvNgwFG4Wk_2\/view?usp=drive_link\" target=\"_blank\" rel=\"noopener\">PROGRAMACI\u00d3N DID\u00c1CTICA PPRTV 2\u00ba RAE<\/a><\/li><li><a href=\"https:\/\/drive.google.com\/file\/d\/1gQ7xx667KhdLCbtN70-HavYzyDHO1Dzx\/view?usp=drive_link\" target=\"_blank\" rel=\"noopener\">PROGRAMACI\u00d3N DID\u00c1CTICA PI 2\u00ba RAE<\/a><\/li><li style=\"font-size: 16px\"><a href=\"https:\/\/drive.google.com\/file\/d\/1qgRRqrlsN60XQ_WIAwuQqs600dDVkQ9X\/view?usp=drive_link\" target=\"_blank\" rel=\"noopener\">PROGRAMACI\u00d3N DID\u00c1CTICA INGL\u00c9S 2\u00ba RAE<\/a><\/li><\/ul><p>\u00a0<\/p><ul><li style=\"font-size: 16px\"><a href=\"https:\/\/drive.google.com\/file\/d\/1FFFVEjcMJU7oSmci7rXNWEzYDewF9h69\/view?usp=drive_link\" target=\"_blank\" rel=\"noopener\">PROGRAMACI\u00d3N DID\u00c1CTICA FCT NO DUAL 2\u00ba RAE<\/a><\/li><li style=\"font-size: 16px\"><a href=\"https:\/\/drive.google.com\/file\/d\/16sAZw33ObhbyP4lV6xDvpbFJ-u5RO9DP\/view?usp=drive_link\" target=\"_blank\" rel=\"noopener\">PROGRAMACI\u00d3N DID\u00c1CTICA PI NO DUAL 2\u00ba RAE<\/a><\/li><\/ul>\t\t\t\t\t\t\t\t<\/div>\n\t\t\t\t<\/div>\n\t\t\t\t\t<\/div>\n\t\t<\/div>\n\t\t\t\t\t<\/div>\n\t\t<\/section>\n\t\t\t\t<section class=\"elementor-section elementor-top-section elementor-element elementor-element-f6cc497 elementor-section-boxed elementor-section-height-default elementor-section-height-default\" data-id=\"f6cc497\" data-element_type=\"section\">\n\t\t\t\t\t\t<div class=\"elementor-container elementor-column-gap-default\">\n\t\t\t\t\t<div class=\"elementor-column elementor-col-100 elementor-top-column elementor-element elementor-element-5a10f42\" data-id=\"5a10f42\" data-element_type=\"column\">\n\t\t\t<div class=\"elementor-widget-wrap elementor-element-populated\">\n\t\t\t\t\t\t<div class=\"elementor-element elementor-element-7216924 elementor-widget elementor-widget-text-editor\" data-id=\"7216924\" data-element_type=\"widget\" data-widget_type=\"text-editor.default\">\n\t\t\t\t<div class=\"elementor-widget-container\">\n\t\t\t\t\t\t\t\t\t<p>ENLACES A <b>LAS PROGRAMACIONES<\/b> DEL CURSO DE ESPECIALIZACI\u00d3N EN AUTODESCRIPCI\u00d3N Y SUBTITULACI\u00d3N.<\/p><ul><li><a href=\"https:\/\/drive.google.com\/file\/d\/1N5Cr7hJtwys1J0Co2QgHWC599rdCc_YU\/view?usp=drive_link\" target=\"_blank\" rel=\"noopener\">PROGRAMACI\u00d3N DID\u00c1CTICA AUDIODESCRIPCI\u00d3N CEAS\u00a0<\/a><\/li><li><a href=\"https:\/\/drive.google.com\/file\/d\/1R-8CozW4uEKYDucektHoUByzbt-j7Kxg\/view?usp=drive_link\" target=\"_blank\" rel=\"noopener\">PROGRAMACI\u00d3N DID\u00c1CTICA LOCUCI\u00d3N CEAS<\/a><\/li><li><a href=\"https:\/\/drive.google.com\/file\/d\/152hHD4S0fqV13e_P55KkNqQ4_y81ZZbv\/view?usp=drive_link\" target=\"_blank\" rel=\"noopener\">PROGRAMACI\u00d3N DID\u00c1CTICA SUBTITULACI\u00d3N CEAS<\/a><\/li><\/ul>\t\t\t\t\t\t\t\t<\/div>\n\t\t\t\t<\/div>\n\t\t\t\t\t<\/div>\n\t\t<\/div>\n\t\t\t\t\t<\/div>\n\t\t<\/section>\n\t\t\t\t<\/div>\n\t\t","protected":false},"excerpt":{"rendered":"<p>&#8211; DEPARTAMENTO DE IMAGEN Y SONIDO &#8211; ENLACES A LA PROGRAMACI\u00d3N DEL DEPARTAMENTO \u00a0PROGRAMACION DEPARTAMENTO 25-26 ENLACES A LA PROGRAMACIONES\u00a0DEL CFGM V\u00cdDEO DISC-JOCKEY Y SONIDO PRIMER CURSO: PROGRAMACI\u00d3N DID\u00c1CTICA SASP 1\u00ba VDJ PROGRAMACI\u00d3N DID\u00c1CTICA CGS 1\u00ba VDJ PROGRAMACI\u00d3N DID\u00c1CTICA IMES 1\u00ba VDJ PROGRAMACI\u00d3N DID\u00c1CTICA PSV 1\u00ba VDJ PROGRAMACI\u00d3N DID\u00c1CTICA TEDI 1\u00ba VDJ PROGRAMACI\u00d3N DID\u00c1CTICA DASP [&hellip;]<\/p>\n","protected":false},"author":4211,"featured_media":0,"parent":0,"menu_order":0,"comment_status":"closed","ping_status":"closed","template":"elementor_header_footer","meta":{"ngg_post_thumbnail":0,"footnotes":"","_mc_calendar":[]},"aioseo_notices":[],"_links":{"self":[{"href":"https:\/\/blogsaverroes.juntadeandalucia.es\/iesalbaida\/wp-json\/wp\/v2\/pages\/6233"}],"collection":[{"href":"https:\/\/blogsaverroes.juntadeandalucia.es\/iesalbaida\/wp-json\/wp\/v2\/pages"}],"about":[{"href":"https:\/\/blogsaverroes.juntadeandalucia.es\/iesalbaida\/wp-json\/wp\/v2\/types\/page"}],"author":[{"embeddable":true,"href":"https:\/\/blogsaverroes.juntadeandalucia.es\/iesalbaida\/wp-json\/wp\/v2\/users\/4211"}],"replies":[{"embeddable":true,"href":"https:\/\/blogsaverroes.juntadeandalucia.es\/iesalbaida\/wp-json\/wp\/v2\/comments?post=6233"}],"version-history":[{"count":88,"href":"https:\/\/blogsaverroes.juntadeandalucia.es\/iesalbaida\/wp-json\/wp\/v2\/pages\/6233\/revisions"}],"predecessor-version":[{"id":7307,"href":"https:\/\/blogsaverroes.juntadeandalucia.es\/iesalbaida\/wp-json\/wp\/v2\/pages\/6233\/revisions\/7307"}],"wp:attachment":[{"href":"https:\/\/blogsaverroes.juntadeandalucia.es\/iesalbaida\/wp-json\/wp\/v2\/media?parent=6233"}],"curies":[{"name":"wp","href":"https:\/\/api.w.org\/{rel}","templated":true}]}}