{"id":6261,"date":"2025-06-04T16:12:57","date_gmt":"2025-06-04T16:12:57","guid":{"rendered":"https:\/\/blogsaverroes.juntadeandalucia.es\/iesalbaida\/?page_id=6261"},"modified":"2026-01-15T16:24:26","modified_gmt":"2026-01-15T16:24:26","slug":"departamento-de-sanidad","status":"publish","type":"page","link":"https:\/\/blogsaverroes.juntadeandalucia.es\/iesalbaida\/departamento-de-sanidad\/","title":{"rendered":"Departamento de Sanidad"},"content":{"rendered":"\t\t<div data-elementor-type=\"wp-page\" data-elementor-id=\"6261\" class=\"elementor elementor-6261\">\n\t\t\t\t\t\t<section class=\"elementor-section elementor-top-section elementor-element elementor-element-5d07913d elementor-section-boxed elementor-section-height-default elementor-section-height-default\" data-id=\"5d07913d\" data-element_type=\"section\">\n\t\t\t\t\t\t<div class=\"elementor-container elementor-column-gap-default\">\n\t\t\t\t\t<div class=\"elementor-column elementor-col-100 elementor-top-column elementor-element elementor-element-2d8181b6\" data-id=\"2d8181b6\" data-element_type=\"column\">\n\t\t\t<div class=\"elementor-widget-wrap elementor-element-populated\">\n\t\t\t\t\t\t<div class=\"elementor-element elementor-element-2270ebd2 elementor-widget elementor-widget-heading\" data-id=\"2270ebd2\" data-element_type=\"widget\" data-widget_type=\"heading.default\">\n\t\t\t\t<div class=\"elementor-widget-container\">\n\t\t\t\t\t<h2 class=\"elementor-heading-title elementor-size-default\">- DEPARTAMENTO DE SANIDAD -<\/h2>\t\t\t\t<\/div>\n\t\t\t\t<\/div>\n\t\t\t\t\t<\/div>\n\t\t<\/div>\n\t\t\t\t\t<\/div>\n\t\t<\/section>\n\t\t\t\t<section class=\"elementor-section elementor-top-section elementor-element elementor-element-4072c867 elementor-section-boxed elementor-section-height-default elementor-section-height-default\" data-id=\"4072c867\" data-element_type=\"section\">\n\t\t\t\t\t\t<div class=\"elementor-container elementor-column-gap-default\">\n\t\t\t\t\t<div class=\"elementor-column elementor-col-100 elementor-top-column elementor-element elementor-element-412a53c2\" data-id=\"412a53c2\" data-element_type=\"column\">\n\t\t\t<div class=\"elementor-widget-wrap elementor-element-populated\">\n\t\t\t\t\t\t<div class=\"elementor-element elementor-element-5a1927cb elementor-widget elementor-widget-text-editor\" data-id=\"5a1927cb\" data-element_type=\"widget\" data-widget_type=\"text-editor.default\">\n\t\t\t\t<div class=\"elementor-widget-container\">\n\t\t\t\t\t\t\t\t\t<p>ENLACES A LA <strong>PROGRAMACI\u00d3N <\/strong>DE ESTE CURSO<\/p>\n<p><a href=\"https:\/\/drive.google.com\/file\/d\/1oMksmY4_Co_wtr60JzD_pOM0lNLc4EyH\/view?usp=drive_link\" target=\"_blank\" rel=\"noopener\">PROGRAMACI\u00d3N DEL DEPARTAMENTO DE SANIDAD&nbsp;<\/a><\/p>\n<ul>\n<li><a href=\"https:\/\/drive.google.com\/drive\/folders\/1yJ2AR2MCFykKSqMyxk9OqApWcWf1JuY1?usp=drive_link\" target=\"_blank\" rel=\"noopener\">C.F.G.M. T\u00c9CNICO EN CUIDADOS AUXILIARES DE ENFERMER\u00cdA<\/a><\/li>\n<li><a href=\"https:\/\/drive.google.com\/drive\/folders\/1I8ZR2R-ZBO9r9G2CPNnmU8NRkuKafsiH?usp=drive_link\" target=\"_blank\" rel=\"noopener\">C.F.G.M. T\u00c9CNICO EN CUIDADOS AUXILIARES DE ENFERMER\u00cdA ADULTOS&nbsp;<\/a><\/li>\n<li>&nbsp;<a href=\"https:\/\/drive.google.com\/drive\/folders\/1KwVTvj8_Mr5n37E-Xe3HN1KnPN7dQukO?usp=drive_link\" target=\"_blank\" rel=\"noopener\">C.F.G.S. T\u00c9CNICOS SUPERIOR EN DIET\u00c9TICA<\/a><\/li>\n<li><a href=\"https:\/\/drive.google.com\/drive\/folders\/1sfrN0-Dc_MBq_Z9gNx7k0356Qq-XQQGE?usp=drive_link\" target=\"_blank\" rel=\"noopener\">G.D.C.F.G.M. T\u00c9CNICO EN EMERGENCIAS SANITARIAS&nbsp;<\/a><\/li>\n<li><a href=\"https:\/\/drive.google.com\/drive\/folders\/1XynXC7_crrofc4_Joo5iLJ9DpDeW-MQu?usp=drive_link\" target=\"_blank\" rel=\"noopener\">G.D.C.F.G.M. T\u00c9CNICO EN FARMACIA Y PARAFARMACIA&nbsp;<\/a><\/li>\n<li><a href=\"https:\/\/drive.google.com\/drive\/folders\/12BH-0qDwkfj9CPr4sie9tagnBjOWPOxj?usp=drive_link\" target=\"_blank\" rel=\"noopener\">G.D.C.F.G.M. T\u00c9CNICO SUPERIOR EN HIGIENE BUCODENTAL&nbsp;<\/a><\/li>\n<\/ul>\n<ul>\n<li><a href=\"https:\/\/drive.google.com\/drive\/folders\/1iomXfaoHYCzvglvE582R7-2lAhLQ-oE3?usp=drive_link\" target=\"_blank\" rel=\"noopener\">G.D.C.F.G.S. T\u00c9CNICO SUPERIOR EN ANATOM\u00cdA PATOL\u00d3GICA Y CITODIAGN\u00d3STICO&nbsp;<\/a><\/li>\n<li><a href=\"https:\/\/drive.google.com\/drive\/folders\/1Y98SbZ29l2LJKqQ2gS7jd_lRAwanvkIO?usp=drive_link\" target=\"_blank\" rel=\"noopener\">G.D.C.F.G.S. T\u00c9CNICO SUPERIOR EN DOCUMENTACI\u00d3N Y ADMINISTRACI\u00d3N SANITARIAS&nbsp;<\/a><\/li>\n<li><a href=\"https:\/\/drive.google.com\/drive\/folders\/1YhWI970gLiEy8ZACQzNtTiinhBabpVhh?usp=drive_link\" target=\"_blank\" rel=\"noopener\">G.D.C.F.G.S. T\u00c9CNICO SUPERIOR EN IMAGEN PARA EL DIAN\u00d3STICO Y MEDICINA NUCLEAR&nbsp;<\/a><\/li>\n<li><a href=\"https:\/\/drive.google.com\/drive\/folders\/1CDhK2h_l3WVSJt9qc7uWt3nHI5fMlUGJ?usp=drive_link\" target=\"_blank\" rel=\"noopener\">G.D.C.F.G.S. T\u00c9CNICO SUPERIOR EN LABORATORIO CL\u00cdNICO Y BIOM\u00c9DICO&nbsp;<\/a><\/li>\n<li><a href=\"https:\/\/drive.google.com\/drive\/folders\/18kTlBrlxy320tcsoCme5mgr2DSvSNnnU?usp=drive_link\" target=\"_blank\" rel=\"noopener\">G.E. CURSO ESPECIALIZACI\u00d3N CULTIVOS CELULARES&nbsp;<\/a><\/li>\n<\/ul>\t\t\t\t\t\t\t\t<\/div>\n\t\t\t\t<\/div>\n\t\t\t\t\t<\/div>\n\t\t<\/div>\n\t\t\t\t\t<\/div>\n\t\t<\/section>\n\t\t\t\t<\/div>\n\t\t","protected":false},"excerpt":{"rendered":"<p>&#8211; DEPARTAMENTO DE SANIDAD &#8211; ENLACES A LA PROGRAMACI\u00d3N DE ESTE CURSO PROGRAMACI\u00d3N DEL DEPARTAMENTO DE SANIDAD&nbsp; C.F.G.M. T\u00c9CNICO EN CUIDADOS AUXILIARES DE ENFERMER\u00cdA C.F.G.M. T\u00c9CNICO EN CUIDADOS AUXILIARES DE ENFERMER\u00cdA ADULTOS&nbsp; &nbsp;C.F.G.S. T\u00c9CNICOS SUPERIOR EN DIET\u00c9TICA G.D.C.F.G.M. T\u00c9CNICO EN EMERGENCIAS SANITARIAS&nbsp; G.D.C.F.G.M. T\u00c9CNICO EN FARMACIA Y PARAFARMACIA&nbsp; G.D.C.F.G.M. T\u00c9CNICO SUPERIOR EN HIGIENE BUCODENTAL&nbsp; G.D.C.F.G.S. [&hellip;]<\/p>\n","protected":false},"author":4211,"featured_media":0,"parent":0,"menu_order":0,"comment_status":"closed","ping_status":"closed","template":"elementor_header_footer","meta":{"ngg_post_thumbnail":0,"footnotes":"","_mc_calendar":[]},"aioseo_notices":[],"_links":{"self":[{"href":"https:\/\/blogsaverroes.juntadeandalucia.es\/iesalbaida\/wp-json\/wp\/v2\/pages\/6261"}],"collection":[{"href":"https:\/\/blogsaverroes.juntadeandalucia.es\/iesalbaida\/wp-json\/wp\/v2\/pages"}],"about":[{"href":"https:\/\/blogsaverroes.juntadeandalucia.es\/iesalbaida\/wp-json\/wp\/v2\/types\/page"}],"author":[{"embeddable":true,"href":"https:\/\/blogsaverroes.juntadeandalucia.es\/iesalbaida\/wp-json\/wp\/v2\/users\/4211"}],"replies":[{"embeddable":true,"href":"https:\/\/blogsaverroes.juntadeandalucia.es\/iesalbaida\/wp-json\/wp\/v2\/comments?post=6261"}],"version-history":[{"count":31,"href":"https:\/\/blogsaverroes.juntadeandalucia.es\/iesalbaida\/wp-json\/wp\/v2\/pages\/6261\/revisions"}],"predecessor-version":[{"id":7310,"href":"https:\/\/blogsaverroes.juntadeandalucia.es\/iesalbaida\/wp-json\/wp\/v2\/pages\/6261\/revisions\/7310"}],"wp:attachment":[{"href":"https:\/\/blogsaverroes.juntadeandalucia.es\/iesalbaida\/wp-json\/wp\/v2\/media?parent=6261"}],"curies":[{"name":"wp","href":"https:\/\/api.w.org\/{rel}","templated":true}]}}