{"id":6961,"date":"2025-09-13T16:03:37","date_gmt":"2025-09-13T16:03:37","guid":{"rendered":"https:\/\/blogsaverroes.juntadeandalucia.es\/iesalbaida\/?page_id=6961"},"modified":"2025-09-13T16:35:25","modified_gmt":"2025-09-13T16:35:25","slug":"historia-ies-albaida","status":"publish","type":"page","link":"https:\/\/blogsaverroes.juntadeandalucia.es\/iesalbaida\/el-centro-2\/historia-ies-albaida\/","title":{"rendered":"Historia IES Albaida"},"content":{"rendered":"\t\t<div data-elementor-type=\"wp-page\" data-elementor-id=\"6961\" class=\"elementor elementor-6961\">\n\t\t\t\t\t\t<section class=\"elementor-section elementor-top-section elementor-element elementor-element-dfe9a11 elementor-section-boxed elementor-section-height-default elementor-section-height-default\" data-id=\"dfe9a11\" data-element_type=\"section\">\n\t\t\t\t\t\t<div class=\"elementor-container elementor-column-gap-default\">\n\t\t\t\t\t<div class=\"elementor-column elementor-col-100 elementor-top-column elementor-element elementor-element-14dea1b\" data-id=\"14dea1b\" data-element_type=\"column\">\n\t\t\t<div class=\"elementor-widget-wrap elementor-element-populated\">\n\t\t\t\t\t\t<div class=\"elementor-element elementor-element-a50ce47 elementor-widget elementor-widget-heading\" data-id=\"a50ce47\" data-element_type=\"widget\" data-widget_type=\"heading.default\">\n\t\t\t\t<div class=\"elementor-widget-container\">\n\t\t\t\t\t<h2 class=\"elementor-heading-title elementor-size-default\"><a href=\"http:\/\/historia\">Los curiosos or\u00edgenes del IES Albaida<\/a><\/h2>\t\t\t\t<\/div>\n\t\t\t\t<\/div>\n\t\t\t\t\t<\/div>\n\t\t<\/div>\n\t\t\t\t\t<\/div>\n\t\t<\/section>\n\t\t\t\t<section class=\"elementor-section elementor-top-section elementor-element elementor-element-321b12e elementor-section-boxed elementor-section-height-default elementor-section-height-default\" data-id=\"321b12e\" data-element_type=\"section\">\n\t\t\t\t\t\t<div class=\"elementor-container elementor-column-gap-default\">\n\t\t\t\t\t<div class=\"elementor-column elementor-col-100 elementor-top-column elementor-element elementor-element-42206f4\" data-id=\"42206f4\" data-element_type=\"column\">\n\t\t\t<div class=\"elementor-widget-wrap elementor-element-populated\">\n\t\t\t\t\t\t<div class=\"elementor-element elementor-element-dc0a781 elementor-widget elementor-widget-image\" data-id=\"dc0a781\" data-element_type=\"widget\" data-widget_type=\"image.default\">\n\t\t\t\t<div class=\"elementor-widget-container\">\n\t\t\t\t\t\t\t\t\t\t\t\t\t\t\t<img decoding=\"async\" src=\"https:\/\/blogsaverroes.juntadeandalucia.es\/iesalbaida\/files\/elementor\/thumbs\/Captura-de-pantalla-2025-09-13-173051-rbqgxhk4ak4w8rk7l19cwhdhwrabjk5zf6pslothxy.png\" title=\"Captura de pantalla 2025-09-13 173051\" alt=\"Captura de pantalla 2025-09-13 173051\" loading=\"lazy\" \/>\t\t\t\t\t\t\t\t\t\t\t\t\t\t\t<\/div>\n\t\t\t\t<\/div>\n\t\t\t\t\t<\/div>\n\t\t<\/div>\n\t\t\t\t\t<\/div>\n\t\t<\/section>\n\t\t\t\t<section class=\"elementor-section elementor-top-section elementor-element elementor-element-a2cf591 elementor-section-boxed elementor-section-height-default elementor-section-height-default\" data-id=\"a2cf591\" data-element_type=\"section\">\n\t\t\t\t\t\t<div class=\"elementor-container elementor-column-gap-default\">\n\t\t\t\t\t<div class=\"elementor-column elementor-col-100 elementor-top-column elementor-element elementor-element-4ea01c9\" data-id=\"4ea01c9\" data-element_type=\"column\">\n\t\t\t<div class=\"elementor-widget-wrap elementor-element-populated\">\n\t\t\t\t\t\t<div class=\"elementor-element elementor-element-acbf7f0 elementor-widget elementor-widget-text-editor\" data-id=\"acbf7f0\" data-element_type=\"widget\" data-widget_type=\"text-editor.default\">\n\t\t\t\t<div class=\"elementor-widget-container\">\n\t\t\t\t\t\t\t\t\t<div class=\"gmail_default\" style=\"color: #222222;font-size: small;font-family: tahoma, sans-serif\">\u00a0<\/div><div class=\"gmail_default\" style=\"color: #222222;font-size: small;font-family: tahoma, sans-serif\"><span style=\"font-family: Arial, Helvetica, sans-serif\">El actual\u00a0<\/span><strong style=\"font-family: Arial, Helvetica, sans-serif\">IES Albaida<\/strong><span style=\"font-family: Arial, Helvetica, sans-serif\">\u00a0se ubica en las antiguas instalaciones de la\u00a0<\/span><em style=\"font-family: Arial, Helvetica, sans-serif\">F\u00e1brica de Barroeta<\/em><span style=\"font-family: Arial, Helvetica, sans-serif\">, convertida en 1898 en Manicomio Provincial, donde ingresaban militares enfermos repatriados de Cuba. En 1910 pas\u00f3 a ser un colegio, llamado\u00a0<\/span><em style=\"font-family: Arial, Helvetica, sans-serif\">Escuelas del Manicomio<\/em><span style=\"font-family: Arial, Helvetica, sans-serif\">, nombre que cambiar\u00eda a\u00a0<\/span><em style=\"font-family: Arial, Helvetica, sans-serif\">Colegio de San Jos\u00e9<\/em><span style=\"font-family: Arial, Helvetica, sans-serif\">\u00a0por iniciativa de Sor Petra. Pero en septiembre de 1918, debido a la epidemia de gripe, el colegio cerr\u00f3 durante a\u00f1os y volvi\u00f3 a usarse para acoger a m\u00e1s de 400 enfermos mentales. Tras la finalizaci\u00f3n de la Guerra Civil, reabri\u00f3 sus puertas como centro educativo religioso.<\/span><\/div><p style=\"color: #222222;font-family: Arial, Helvetica, sans-serif;font-size: small\">El actual\u00a0<strong>IES Albaida<\/strong>\u00a0se fund\u00f3 en 1986, siendo un IFP (Instituto de Formaci\u00f3n Profesional). En los cursos siguientes se incorporaron las ense\u00f1anzas de Bachillerato y, finalmente, la Educaci\u00f3n Secundaria.<\/p><p style=\"color: #222222;font-family: Arial, Helvetica, sans-serif;font-size: small\">En los \u00faltimos a\u00f1os, el instituto ha ido creciendo en n\u00famero de alumnos y en t\u00edtulos de Formaci\u00f3n Profesional. Es el instituto de Almer\u00eda con el mayor n\u00famero de ciclos de la Familia Profesional de Sanidad y el \u00fanico de la provincia que imparte los ciclos de la Familia Profesional de Imagen y Sonido.<\/p><p style=\"color: #222222;font-family: Arial, Helvetica, sans-serif;font-size: small\">\u00a0<\/p>\t\t\t\t\t\t\t\t<\/div>\n\t\t\t\t<\/div>\n\t\t\t\t\t<\/div>\n\t\t<\/div>\n\t\t\t\t\t<\/div>\n\t\t<\/section>\n\t\t\t\t<\/div>\n\t\t","protected":false},"excerpt":{"rendered":"<p>Los curiosos or\u00edgenes del IES Albaida \u00a0El actual\u00a0IES Albaida\u00a0se ubica en las antiguas instalaciones de la\u00a0F\u00e1brica de Barroeta, convertida en 1898 en Manicomio Provincial, donde ingresaban militares enfermos repatriados de Cuba. En 1910 pas\u00f3 a ser un colegio, llamado\u00a0Escuelas del Manicomio, nombre que cambiar\u00eda a\u00a0Colegio de San Jos\u00e9\u00a0por iniciativa de Sor Petra. Pero en septiembre [&hellip;]<\/p>\n","protected":false},"author":20830,"featured_media":0,"parent":35,"menu_order":0,"comment_status":"closed","ping_status":"closed","template":"","meta":{"ngg_post_thumbnail":0,"footnotes":"","_mc_calendar":[]},"aioseo_notices":[],"_links":{"self":[{"href":"https:\/\/blogsaverroes.juntadeandalucia.es\/iesalbaida\/wp-json\/wp\/v2\/pages\/6961"}],"collection":[{"href":"https:\/\/blogsaverroes.juntadeandalucia.es\/iesalbaida\/wp-json\/wp\/v2\/pages"}],"about":[{"href":"https:\/\/blogsaverroes.juntadeandalucia.es\/iesalbaida\/wp-json\/wp\/v2\/types\/page"}],"author":[{"embeddable":true,"href":"https:\/\/blogsaverroes.juntadeandalucia.es\/iesalbaida\/wp-json\/wp\/v2\/users\/20830"}],"replies":[{"embeddable":true,"href":"https:\/\/blogsaverroes.juntadeandalucia.es\/iesalbaida\/wp-json\/wp\/v2\/comments?post=6961"}],"version-history":[{"count":6,"href":"https:\/\/blogsaverroes.juntadeandalucia.es\/iesalbaida\/wp-json\/wp\/v2\/pages\/6961\/revisions"}],"predecessor-version":[{"id":6971,"href":"https:\/\/blogsaverroes.juntadeandalucia.es\/iesalbaida\/wp-json\/wp\/v2\/pages\/6961\/revisions\/6971"}],"up":[{"embeddable":true,"href":"https:\/\/blogsaverroes.juntadeandalucia.es\/iesalbaida\/wp-json\/wp\/v2\/pages\/35"}],"wp:attachment":[{"href":"https:\/\/blogsaverroes.juntadeandalucia.es\/iesalbaida\/wp-json\/wp\/v2\/media?parent=6961"}],"curies":[{"name":"wp","href":"https:\/\/api.w.org\/{rel}","templated":true}]}}