{"id":82,"date":"2015-03-16T06:59:55","date_gmt":"2015-03-16T06:59:55","guid":{"rendered":"http:\/\/blogsaverroes.juntadeandalucia.es\/pre\/ceip\/?page_id=82"},"modified":"2024-09-11T07:16:08","modified_gmt":"2024-09-11T07:16:08","slug":"horarios","status":"publish","type":"page","link":"https:\/\/blogsaverroes.juntadeandalucia.es\/iesalbaida\/horarios\/","title":{"rendered":"Horarios"},"content":{"rendered":"<p><img fetchpriority=\"high\" decoding=\"async\" class=\"alignnone size-medium wp-image-1675\" src=\"http:\/\/blogsaverroes.juntadeandalucia.es\/iesalbaida\/files\/2015\/03\/horario2-300x211.jpg\" alt=\"horario2\" width=\"300\" height=\"211\" srcset=\"https:\/\/blogsaverroes.juntadeandalucia.es\/iesalbaida\/files\/2015\/03\/horario2-300x211.jpg 300w, https:\/\/blogsaverroes.juntadeandalucia.es\/iesalbaida\/files\/2015\/03\/horario2.jpg 640w\" sizes=\"(max-width: 300px) 100vw, 300px\" \/><\/p>\n<p><strong>Horario de ma\u00f1ana: 8:15 h. a 14:45 h.<\/strong><\/p>\n<ul>\n<li>Secretar\u00eda: 9:00 a 14:00.<\/li>\n<\/ul>\n<p><strong>Horario de tarde:<\/strong><\/p>\n<ul>\n<li>Formaci\u00f3n Profesional (turno de tarde): 15:45 a 22:00.<\/li>\n<li>Educaci\u00f3n de Personas Adultas: ESPA, Bachillerato y ciclo de \u00abT\u00e9cnico en Cuidados Auxiliares de Enfermer\u00eda (adultos). 18:00. a 22:10.<\/li>\n<\/ul>\n","protected":false},"excerpt":{"rendered":"<p>Horario de ma\u00f1ana: 8:15 h. a 14:45 h. Secretar\u00eda: 9:00 a 14:00. Horario de tarde: Formaci\u00f3n Profesional (turno de tarde): 15:45 a 22:00. Educaci\u00f3n de Personas Adultas: ESPA, Bachillerato y ciclo de \u00abT\u00e9cnico en Cuidados Auxiliares de Enfermer\u00eda (adultos). 18:00. a 22:10.<\/p>\n","protected":false},"author":1,"featured_media":0,"parent":0,"menu_order":0,"comment_status":"closed","ping_status":"open","template":"","meta":{"ngg_post_thumbnail":0,"footnotes":"","_mc_calendar":[]},"aioseo_notices":[],"_links":{"self":[{"href":"https:\/\/blogsaverroes.juntadeandalucia.es\/iesalbaida\/wp-json\/wp\/v2\/pages\/82"}],"collection":[{"href":"https:\/\/blogsaverroes.juntadeandalucia.es\/iesalbaida\/wp-json\/wp\/v2\/pages"}],"about":[{"href":"https:\/\/blogsaverroes.juntadeandalucia.es\/iesalbaida\/wp-json\/wp\/v2\/types\/page"}],"author":[{"embeddable":true,"href":"https:\/\/blogsaverroes.juntadeandalucia.es\/iesalbaida\/wp-json\/wp\/v2\/users\/1"}],"replies":[{"embeddable":true,"href":"https:\/\/blogsaverroes.juntadeandalucia.es\/iesalbaida\/wp-json\/wp\/v2\/comments?post=82"}],"version-history":[{"count":7,"href":"https:\/\/blogsaverroes.juntadeandalucia.es\/iesalbaida\/wp-json\/wp\/v2\/pages\/82\/revisions"}],"predecessor-version":[{"id":5695,"href":"https:\/\/blogsaverroes.juntadeandalucia.es\/iesalbaida\/wp-json\/wp\/v2\/pages\/82\/revisions\/5695"}],"wp:attachment":[{"href":"https:\/\/blogsaverroes.juntadeandalucia.es\/iesalbaida\/wp-json\/wp\/v2\/media?parent=82"}],"curies":[{"name":"wp","href":"https:\/\/api.w.org\/{rel}","templated":true}]}}