{"id":1041,"date":"2021-07-01T09:22:25","date_gmt":"2021-07-01T07:22:25","guid":{"rendered":"https:\/\/blogsaverroes.juntadeandalucia.es\/iesalbaytar\/?page_id=1041"},"modified":"2024-09-10T09:40:28","modified_gmt":"2024-09-10T07:40:28","slug":"acceso-a-ayuda-desplazamiento-fct-curso-escolar-2020-2021","status":"publish","type":"page","link":"https:\/\/blogsaverroes.juntadeandalucia.es\/iesalbaytar\/acceso-a-ayuda-desplazamiento-fct-curso-escolar-2020-2021\/","title":{"rendered":"AYUDA DESPLAZAMIENTO FCT CURSO ESCOLAR 2023\/2024."},"content":{"rendered":"<h3 class=\"panel-title\" style=\"text-align: center\"><span style=\"font-size: 14pt;color: #000000\">Ayudas por desplazamiento al alumnado, de centros docentes sostenidos con fondos p\u00fablicos, que realiza el m\u00f3dulo profesional de formaci\u00f3n en centros de trabajo.<\/span><\/h3>\n<p><img decoding=\"async\" class=\"wp-image-542 alignleft\" src=\"https:\/\/blogsaverroes.juntadeandalucia.es\/iesalbaytar\/files\/2021\/02\/dedo-se\u00f1al.jpg\" alt=\"\" width=\"49\" height=\"40\"> <span style=\"color: #0000ff;font-size: 12pt\"><span style=\"color: #ff6600\"><strong>Haga click en el enlace:<\/strong> <\/span><span style=\"text-decoration: underline\"><strong><a style=\"color: #0000ff;text-decoration: underline\" href=\"https:\/\/www.juntadeandalucia.es\/educacion\/secretariavirtual\/accesoTramite\/363\/\" target=\"_blank\" rel=\"noopener noreferrer\">Acceso a AYUDA DESPLAZAMIENTO FCT CURSO ESCOLAR 2023\/2024.<\/a><\/strong><\/span><\/span><\/p>\n<p style=\"text-align: center\"><span style=\"color: #ff0000;font-size: 18pt\"><strong>Finalidad:<\/strong><\/span><\/p>\n<p>&nbsp;&nbsp;&nbsp;&nbsp;&nbsp;&nbsp;&nbsp;&nbsp;&nbsp;&nbsp;&nbsp; La finalidad de estas ayudas es proporcionar al alumnado que realiza el&nbsp;<strong>m\u00f3dulo profesional de formaci\u00f3n en centros de trabajo o formaci\u00f3n profesional dual en las empresas<\/strong>, ayudas para el desplazamiento a las empresas o entidades donde realizar\u00e1n las actividades programadas en esta fase de su formaci\u00f3n y est\u00e9n situadas a una&nbsp;<strong>distancia superior a 5 Km contados desde el centro docente en que se est\u00e9 matriculado<\/strong><strong>.<\/strong><\/p>\n<p><strong>&nbsp;&nbsp;&nbsp;&nbsp;&nbsp;&nbsp;&nbsp; Estas becas est\u00e1n condicionadas a la renta<\/strong>. Es requisito indispensable, no poseer rentas superiores al setenta y cinco por ciento del indicador p\u00fablica de renta de efectos m\u00faltiples (IPREM).<\/p>\n<p><strong style=\"text-align: center\"><em><img decoding=\"async\" class=\"wp-image-542 aligncenter\" src=\"https:\/\/blogsaverroes.juntadeandalucia.es\/iesalbaytar\/files\/2021\/02\/dedo-se\u00f1al.jpg\" alt=\"\" width=\"50\" height=\"40\"><\/em><\/strong><\/p>\n<p style=\"text-align: center\"><span style=\"font-size: 12pt;color: #ff0000\"><strong><span style=\"color: #ff6600;font-size: 12pt\">Haga click en el enlace: <\/span><span style=\"font-size: 18pt\">Procedimiento:<\/span><\/strong> <\/span><span style=\"font-size: 14pt\">&nbsp;<em><span style=\"color: #0000ff\"><strong><u><a style=\"color: #0000ff\" href=\"http:\/\/loscerros.org\/wp-content\/uploads\/2020\/06\/ProcedAlumnadoAyudasFCT-FPdual17_18-1.pdf\" target=\"_blank\" rel=\"noopener noreferrer\">AQU\u00cd<\/a><\/u><\/strong><\/span><\/em><\/span><\/p>\n<p><strong>&nbsp;&nbsp;&nbsp;&nbsp;&nbsp;&nbsp;&nbsp; <span style=\"color: #000000\">Todas las solicitudes, sin excepci\u00f3n, han de formalizarse a trav\u00e9s de la&nbsp;<em>Secretaria Virtual<\/em>&nbsp;(<\/span><\/strong><span style=\"color: #000000\">poner todas las cruces autorizaciones de familiares y revisi\u00f3n por hacienda y comprobar que est\u00e1n las firmas de todos los miembros de la unidad familiar para evitar incidencias posteriores).<\/span><\/p>\n<ul>\n<li><span style=\"color: #000000\">Si optas por clave iANDE o Certificado digital, no hay que presentar solicitud en el centro,&nbsp;<strong>tan s\u00f3lo debes de entregar en el centro el original acreditativo de Asistencia a la empresa.<\/strong><\/span><\/li>\n<li><span style=\"color: #000000\">Si optas por rellenar el Formulario de solicitud desde la Secretar\u00eda Virtual,&nbsp;<strong>debes de imprimirlo, firmarlo manualmente t\u00fa y todos los miembros de la unidad familiar mayores de 16 a\u00f1os a 31 de diciembre y entregarlo en el centro junto con el original acreditativo de Asistencia a la empresa.<\/strong><\/span><\/li>\n<li style=\"text-align: left\"><strong style=\"text-align: center\"><em><img decoding=\"async\" class=\"wp-image-542 alignleft\" src=\"https:\/\/blogsaverroes.juntadeandalucia.es\/iesalbaytar\/files\/2021\/02\/dedo-se\u00f1al.jpg\" alt=\"\" width=\"50\" height=\"40\"> <span style=\"text-decoration: underline\"><span style=\"color: #0000ff\"><a style=\"color: #0000ff;text-decoration: underline\" href=\"https:\/\/blogsaverroes.juntadeandalucia.es\/iesalbaytar\/files\/2021\/07\/ProcedAlumnadoAyudasFCT-FPdual.pdf\" target=\"_blank\" rel=\"noopener noreferrer\">PROCEDIMIENTO ABREVIADO SOLICITUD AYUDA FCT<\/a><\/span><\/span><\/em><\/strong><\/li>\n<\/ul>\n<p style=\"text-align: center\"><span style=\"font-size: 18pt;color: #ff0000\"><strong>Plazos:<\/strong><\/span><\/p>\n<ul>\n<li><span style=\"color: #000000\"><strong>El plazo para presentar la solicitud <\/strong>ser\u00e1 de cinco d\u00edas h\u00e1biles a contar a partir del d\u00eda siguiente al de la publicaci\u00f3n convocatoria, es decir, <strong>9 al 16 de Septiembre de 2024<\/strong>. Recuerda que si optas por rellenar el formulario debes de presentarlo en el centro.<\/span><\/li>\n<li><span style=\"color: #000000\"><strong>El plazo m\u00e1ximo para la presentaci\u00f3n del original acreditativo de Asistencia a la empresa <\/strong>ser\u00e1&nbsp;de siete d\u00edas h\u00e1biles contados desde la finalizaci\u00f3n del plazo de presentaci\u00f3n de solicitudes.<\/span><\/li>\n<\/ul>\n<p><span style=\"color: #000000\">&nbsp;&nbsp;&nbsp;&nbsp;&nbsp;&nbsp;&nbsp;&nbsp;&nbsp;&nbsp;&nbsp;&nbsp;&nbsp;&nbsp;&nbsp;&nbsp;&nbsp;&nbsp;&nbsp;&nbsp;&nbsp;&nbsp;&nbsp; <strong><em><u>NOTA:<\/u><\/em><\/strong>&nbsp;<strong>El documento acreditativo de Asistencia a la empresa<\/strong>&nbsp;constituir\u00e1 la evidencia de realizaci\u00f3n de las jornadas que el alumnado realiza en las empresas. E<em>ntregar uno por empresa de pr\u00e1cticas<\/em><\/span><strong><em><span style=\"color: #000000\">.<\/span>&nbsp; <\/em><\/strong><\/p>\n<p style=\"text-align: center\"><strong><em><img decoding=\"async\" class=\"wp-image-542 aligncenter\" src=\"https:\/\/blogsaverroes.juntadeandalucia.es\/iesalbaytar\/files\/2021\/02\/dedo-se\u00f1al.jpg\" alt=\"\" width=\"50\" height=\"40\"> <span style=\"color: #ff6600;font-size: 12pt\">Descargue impresos desde<\/span><\/em><span style=\"color: #0000ff;font-size: 12pt\"><em><a style=\"color: #0000ff\" href=\"http:\/\/www.juntadeandalucia.es\/educacion\/portals\/web\/becas-y-ayudas\/ayudas\/ayuda-desplazamientos-empresas\/impresos\" target=\"_blank\" rel=\"noopener noreferrer\">&nbsp;<span style=\"text-decoration: underline\">AQU\u00cd<\/span><\/a><\/em><\/span><\/strong><\/p>\n<p>&nbsp;<\/p>\n<p style=\"text-align: center\"><span style=\"font-size: 14pt;color: #ff0000\"><strong>Normativa:<\/strong><\/span><\/p>\n<ul>\n<li><strong><em><img decoding=\"async\" class=\"wp-image-542 alignleft\" src=\"https:\/\/blogsaverroes.juntadeandalucia.es\/iesalbaytar\/files\/2021\/02\/dedo-se\u00f1al.jpg\" alt=\"\" width=\"50\" height=\"40\"><span style=\"text-decoration: underline\"><span style=\"color: #0000ff\"><strong><em><strong><a style=\"color: #0000ff;text-decoration: underline\" href=\"https:\/\/www.juntadeandalucia.es\/educacion\/portales\/web\/escolarizacion\/w\/resolucion-de-1-de-agosto-de-2024-de-ayudas-por-desplazamiento-al-alumnado-de-centros-docentes-sostenidos-con-fondos-publicos-que-realiza-el-modulo-profesional-de-fct-o-la-formacion-practica-en-la-formacion-profesional-dual-en-el-curso-23\/24\" target=\"_blank\" rel=\"noopener noreferrer\">Resoluci\u00f3n<\/a><\/strong><\/em><\/strong><\/span><\/span><\/em><\/strong><\/li>\n<\/ul>\n<p style=\"text-align: center\"><span style=\"color: #ff0000;font-size: 14pt\"><strong>Enlaces de inter\u00e9s:<\/strong><\/span><\/p>\n<ul>\n<li><strong><a href=\"http:\/\/www.juntadeandalucia.es\/educacion\/portals\/web\/becas-y-ayudas\/ayudas\/ayuda-desplazamientos-empresas\/preguntas-frecuentes\" target=\"_blank\" rel=\"noopener noreferrer\"><em><img decoding=\"async\" class=\"wp-image-542 alignleft\" src=\"https:\/\/blogsaverroes.juntadeandalucia.es\/iesalbaytar\/files\/2021\/02\/dedo-se\u00f1al.jpg\" alt=\"\" width=\"50\" height=\"40\"><\/em><\/a><a href=\"http:\/\/www.juntadeandalucia.es\/educacion\/portals\/web\/becas-y-ayudas\/ayudas\/ayuda-desplazamientos-empresas\" target=\"_blank\" rel=\"noopener noreferrer\">&nbsp;<span style=\"text-decoration: underline\"> <span style=\"color: #0000ff;text-decoration: underline\">Becas Junta de Andaluc\u00eda: Ayudas desplazamientos empresas.<\/span><\/span><\/a><\/strong><\/li>\n<\/ul>\n<p>&nbsp;<\/p>\n<ul>\n<li><strong><a href=\"http:\/\/www.juntadeandalucia.es\/educacion\/portals\/web\/becas-y-ayudas\/ayudas\/ayuda-desplazamientos-empresas\/preguntas-frecuentes\" target=\"_blank\" rel=\"noopener noreferrer\"><em><img decoding=\"async\" class=\"wp-image-542 alignleft\" src=\"https:\/\/blogsaverroes.juntadeandalucia.es\/iesalbaytar\/files\/2021\/02\/dedo-se\u00f1al.jpg\" alt=\"\" width=\"50\" height=\"40\"><\/em><span style=\"text-decoration: underline\"><span style=\"color: #0000ff;text-decoration: underline\">Preguntas frecuentes<\/span><\/span><\/a><\/strong><\/li>\n<\/ul>\n","protected":false},"excerpt":{"rendered":"<p>Ayudas por desplazamiento al alumnado, de centros docentes sostenidos con fondos p\u00fablicos, que realiza el m\u00f3dulo profesional de formaci\u00f3n en centros de trabajo. Haga click en el enlace: Acceso a AYUDA DESPLAZAMIENTO FCT CURSO ESCOLAR 2023\/2024. Finalidad: &nbsp;&nbsp;&nbsp;&nbsp;&nbsp;&nbsp;&nbsp;&nbsp;&nbsp;&nbsp;&nbsp; La finalidad de estas ayudas es proporcionar al alumnado que realiza el&nbsp;m\u00f3dulo profesional de formaci\u00f3n en centros [&hellip;]<\/p>\n","protected":false},"author":12088,"featured_media":0,"parent":0,"menu_order":0,"comment_status":"closed","ping_status":"closed","template":"","meta":{"_et_pb_use_builder":"","_et_pb_old_content":"","_et_gb_content_width":"","ngg_post_thumbnail":0,"footnotes":""},"aioseo_notices":[],"_links":{"self":[{"href":"https:\/\/blogsaverroes.juntadeandalucia.es\/iesalbaytar\/wp-json\/wp\/v2\/pages\/1041"}],"collection":[{"href":"https:\/\/blogsaverroes.juntadeandalucia.es\/iesalbaytar\/wp-json\/wp\/v2\/pages"}],"about":[{"href":"https:\/\/blogsaverroes.juntadeandalucia.es\/iesalbaytar\/wp-json\/wp\/v2\/types\/page"}],"author":[{"embeddable":true,"href":"https:\/\/blogsaverroes.juntadeandalucia.es\/iesalbaytar\/wp-json\/wp\/v2\/users\/12088"}],"replies":[{"embeddable":true,"href":"https:\/\/blogsaverroes.juntadeandalucia.es\/iesalbaytar\/wp-json\/wp\/v2\/comments?post=1041"}],"version-history":[{"count":24,"href":"https:\/\/blogsaverroes.juntadeandalucia.es\/iesalbaytar\/wp-json\/wp\/v2\/pages\/1041\/revisions"}],"predecessor-version":[{"id":1972,"href":"https:\/\/blogsaverroes.juntadeandalucia.es\/iesalbaytar\/wp-json\/wp\/v2\/pages\/1041\/revisions\/1972"}],"wp:attachment":[{"href":"https:\/\/blogsaverroes.juntadeandalucia.es\/iesalbaytar\/wp-json\/wp\/v2\/media?parent=1041"}],"curies":[{"name":"wp","href":"https:\/\/api.w.org\/{rel}","templated":true}]}}