{"id":41,"date":"2020-01-10T07:49:11","date_gmt":"2020-01-10T06:49:11","guid":{"rendered":"http:\/\/blogsaverroes.juntadeandalucia.es\/pre\/nuevoiesv2\/?page_id=41"},"modified":"2025-12-26T21:00:34","modified_gmt":"2025-12-26T20:00:34","slug":"inicio","status":"publish","type":"page","link":"https:\/\/blogsaverroes.juntadeandalucia.es\/iesalbaytar\/","title":{"rendered":"Inicio"},"content":{"rendered":"<p>[et_pb_section fb_built=\u00bb1&#8243; fullwidth=\u00bbon\u00bb _builder_version=\u00bb4.24.2&#8243; _module_preset=\u00bbdefault\u00bb global_colors_info=\u00bb{}\u00bb][et_pb_fullwidth_image src=\u00bbhttps:\/\/blogsaverroes.juntadeandalucia.es\/iesalbaytar\/files\/2024\/07\/fachada_b.jpg\u00bb title_text=\u00bbfachada_b\u00bb _builder_version=\u00bb4.24.2&#8243; _module_preset=\u00bbdefault\u00bb global_colors_info=\u00bb{}\u00bb][\/et_pb_fullwidth_image][\/et_pb_section][et_pb_section fb_built=\u00bb1&#8243; _builder_version=\u00bb4.24.2&#8243; _module_preset=\u00bbdefault\u00bb custom_padding=\u00bb44px||15px|||\u00bb global_colors_info=\u00bb{}\u00bb][et_pb_row column_structure=\u00bb1_2,1_2&#8243; _builder_version=\u00bb4.24.2&#8243; _module_preset=\u00bbdefault\u00bb global_colors_info=\u00bb{}\u00bb][et_pb_column type=\u00bb1_2&#8243; _builder_version=\u00bb4.24.2&#8243; _module_preset=\u00bbdefault\u00bb global_colors_info=\u00bb{}\u00bb][et_pb_text admin_label=\u00bbTexto\u00bb _builder_version=\u00bb4.24.2&#8243; _module_preset=\u00bbdefault\u00bb text_font=\u00bbArial||||||||\u00bb global_colors_info=\u00bb{}\u00bb]<\/p>\n<h1><strong>Secretar\u00eda IES AL-Baytar<\/strong><\/h1>\n<p>[\/et_pb_text][et_pb_text _builder_version=\u00bb4.24.2&#8243; _module_preset=\u00bbdefault\u00bb text_font=\u00bbArial||||||||\u00bb custom_margin=\u00bb-26px|||||\u00bb global_colors_info=\u00bb{}\u00bb]<\/p>\n<p class=\"western\" style=\"text-align: justify\"><span style=\"font-size: 14pt\">Aqu\u00ed podr\u00e1s informarte de los tr\u00e1mites principales que puedes realizar: solicitud para estudiar en el Centro, matriculaci\u00f3n, petici\u00f3n de certificados y t\u00edtulos, etc.<\/span><\/p>\n<p class=\"western\"><span style=\"font-size: 14pt\"><strong>Direcci\u00f3n del Centro<\/strong>: Avda. de Erasa s\/n, 29630 Benalm\u00e1dena (M\u00e1laga).<\/span><\/p>\n<p class=\"western\"><span style=\"font-size: 14pt\"><strong>Atenci\u00f3n al P\u00fablico<\/strong>: durante todo el a\u00f1o, 9:00 a 11:00 h. Cerrado en Agosto y festivos.<\/span><\/p>\n<p class=\"western\"><span style=\"font-size: 14pt\"><strong>Atenci\u00f3n Alumnado<\/strong>: 11:30 a 12:00<\/span><\/p>\n<p class=\"western\"><span style=\"font-size: 14pt\"><strong>Tel\u00e9fonos<\/strong>:&nbsp; 951 29 38 25<\/span><\/p>\n<p class=\"western\"><span style=\"font-size: 14pt\"><strong>Email<\/strong>: secretariaalbaytar1@gmail.com<\/span><\/p>\n<p>[\/et_pb_text][\/et_pb_column][et_pb_column type=\u00bb1_2&#8243; _builder_version=\u00bb4.24.2&#8243; _module_preset=\u00bbdefault\u00bb global_colors_info=\u00bb{}\u00bb][et_pb_image src=\u00bbhttps:\/\/blogsaverroes.juntadeandalucia.es\/iesalbaytar\/files\/2025\/12\/Felices-Fiestas.png\u00bb title_text=\u00bbFelices Fiestas\u00bb _builder_version=\u00bb4.24.2&#8243; _module_preset=\u00bbdefault\u00bb global_colors_info=\u00bb{}\u00bb][\/et_pb_image][et_pb_blurb title=\u00bbNOTICIAS\u00bb _builder_version=\u00bb4.24.2&#8243; _module_preset=\u00bbdefault\u00bb hover_enabled=\u00bb0&#8243; global_colors_info=\u00bb{}\u00bb sticky_enabled=\u00bb0&#8243;]<\/p>\n<h3 class=\"panel-title\"><span style=\"font-size: 12pt\">El centro permanecer\u00e1 cerrado del 22 de diciembre hasta el 7 de Enero de 2026. Las clases se reanudan el 8 de Enero<\/span><\/h3>\n<h5 class=\"panel-title\">&nbsp;<\/h5>\n<p>&nbsp;<\/p>\n<p><a title=\"Calendario\" href=\"https:\/\/blogsaverroes.juntadeandalucia.es\/iesalbaytar\/files\/2025\/01\/20241118_Calendario_PAcc24_25_Grafico_page-0001.jpg\">Calendario 2025<\/a><\/p>\n<p>[\/et_pb_blurb][\/et_pb_column][\/et_pb_row][et_pb_row _builder_version=\u00bb4.24.2&#8243; _module_preset=\u00bbdefault\u00bb global_colors_info=\u00bb{}\u00bb][et_pb_column type=\u00bb4_4&#8243; _builder_version=\u00bb4.24.2&#8243; _module_preset=\u00bbdefault\u00bb global_colors_info=\u00bb{}\u00bb][et_pb_divider _builder_version=\u00bb4.24.2&#8243; _module_preset=\u00bbdefault\u00bb global_colors_info=\u00bb{}\u00bb][\/et_pb_divider][\/et_pb_column][\/et_pb_row][\/et_pb_section][et_pb_section fb_built=\u00bb1&#8243; _builder_version=\u00bb4.24.2&#8243; _module_preset=\u00bbdefault\u00bb custom_padding=\u00bb3px|||||\u00bb global_colors_info=\u00bb{}\u00bb][et_pb_row _builder_version=\u00bb4.24.2&#8243; _module_preset=\u00bbdefault\u00bb width=\u00bb100%\u00bb global_colors_info=\u00bb{}\u00bb][et_pb_column type=\u00bb4_4&#8243; _builder_version=\u00bb4.24.2&#8243; _module_preset=\u00bbdefault\u00bb global_colors_info=\u00bb{}\u00bb][et_pb_text _builder_version=\u00bb4.24.2&#8243; _module_preset=\u00bbdefault\u00bb text_font=\u00bbArial||||||||\u00bb text_text_color=\u00bb#0C71C3&#8243; text_font_size=\u00bb24px\u00bb global_colors_info=\u00bb{}\u00bb]<\/p>\n<p><strong>Tr\u00e1mites del Profesorado<\/strong><\/p>\n<p>[\/et_pb_text][et_pb_text _builder_version=\u00bb4.24.2&#8243; _module_preset=\u00bbdefault\u00bb text_font=\u00bbArial||||||||\u00bb text_font_size=\u00bb17px\u00bb global_colors_info=\u00bb{}\u00bb]<\/p>\n<p style=\"text-align: justify\"><strong>Si eres profesor\/a<\/strong><span>, recuerda que algunos tr\u00e1mites (como descargar certificados por haber participado en programas concretos o en actividades espec\u00edficas) se pueden hacer desde\u00a0<\/span><a href=\"https:\/\/www.juntadeandalucia.es\/educacion\/senecav2\/seneca\/jsp\/portal\/\" target=\"_blank\" rel=\"noopener noreferrer\">S\u00e9neca<\/a><span>\u00a0y que otros (como solicitar un sexenio o una \u201choja de servicios\u201d) est\u00e1n disponibles desde el \u201c<\/span><a href=\"https:\/\/www.juntadeandalucia.es\/educacion\/portaldocente\/\" target=\"_blank\" rel=\"noopener noreferrer\">Portal Docente<\/a><span>\u201d<\/span><\/p>\n<p>[\/et_pb_text][\/et_pb_column][\/et_pb_row][et_pb_row column_structure=\u00bb1_3,1_3,1_3&#8243; _builder_version=\u00bb4.24.2&#8243; _module_preset=\u00bbdefault\u00bb width=\u00bb100%\u00bb custom_padding=\u00bb4px||7px|||\u00bb global_colors_info=\u00bb{}\u00bb][et_pb_column type=\u00bb1_3&#8243; _builder_version=\u00bb4.24.2&#8243; _module_preset=\u00bbdefault\u00bb global_colors_info=\u00bb{}\u00bb][et_pb_button button_url=\u00bbhttps:\/\/seneca.juntadeandalucia.es\/seneca\/jsp\/portal\/\u00bb url_new_window=\u00bbon\u00bb button_text=\u00bbAcceso a S\u00e9neca\u00bb _builder_version=\u00bb4.24.2&#8243; _module_preset=\u00bbdefault\u00bb global_colors_info=\u00bb{}\u00bb][\/et_pb_button][\/et_pb_column][et_pb_column type=\u00bb1_3&#8243; _builder_version=\u00bb4.24.2&#8243; _module_preset=\u00bbdefault\u00bb global_colors_info=\u00bb{}\u00bb][et_pb_button button_url=\u00bbhttps:\/\/www.juntadeandalucia.es\/educacion\/portaldocente\/\u00bb url_new_window=\u00bbon\u00bb button_text=\u00bbPortal Docente\u00bb _builder_version=\u00bb4.24.2&#8243; _module_preset=\u00bbdefault\u00bb global_colors_info=\u00bb{}\u00bb][\/et_pb_button][\/et_pb_column][et_pb_column type=\u00bb1_3&#8243; _builder_version=\u00bb4.24.2&#8243; _module_preset=\u00bbdefault\u00bb global_colors_info=\u00bb{}\u00bb][et_pb_button button_url=\u00bbhttps:\/\/www.juntadeandalucia.es\/educacion\/secretariavirtual\/accesoTramite\/462\/\u00bb button_text=\u00bbAcceso a Presentaci\u00f3n Electr\u00f3nica General en Centros Educativos\u00bb button_alignment=\u00bbcenter\u00bb _builder_version=\u00bb4.24.2&#8243; _module_preset=\u00bbdefault\u00bb custom_margin=\u00bb|1px|||false|false\u00bb custom_padding=\u00bb|6px||||\u00bb global_colors_info=\u00bb{}\u00bb][\/et_pb_button][\/et_pb_column][\/et_pb_row][et_pb_row _builder_version=\u00bb4.24.2&#8243; _module_preset=\u00bbdefault\u00bb global_colors_info=\u00bb{}\u00bb][et_pb_column type=\u00bb4_4&#8243; _builder_version=\u00bb4.24.2&#8243; _module_preset=\u00bbdefault\u00bb global_colors_info=\u00bb{}\u00bb][et_pb_divider _builder_version=\u00bb4.24.2&#8243; _module_preset=\u00bbdefault\u00bb global_colors_info=\u00bb{}\u00bb][\/et_pb_divider][\/et_pb_column][\/et_pb_row][et_pb_row _builder_version=\u00bb4.24.2&#8243; _module_preset=\u00bbdefault\u00bb width=\u00bb100%\u00bb custom_margin=\u00bb-26px|auto||auto||\u00bb global_colors_info=\u00bb{}\u00bb][et_pb_column type=\u00bb4_4&#8243; _builder_version=\u00bb4.24.2&#8243; _module_preset=\u00bbdefault\u00bb global_colors_info=\u00bb{}\u00bb][et_pb_text _builder_version=\u00bb4.24.2&#8243; _module_preset=\u00bbdefault\u00bb text_font=\u00bbArial||||||||\u00bb link_option_url=\u00bbhttps:\/\/erasmus.albaytar.es\u00bb global_colors_info=\u00bb{}\u00bb]<\/p>\n<p><strong>Otros tr\u00e1mites:<\/strong><\/p>\n<ul>\n<li><strong>Solicitud de Permisos y Licencias<\/strong>.<\/li>\n<\/ul>\n<p>Entra en S\u00e9neca con el perfil de profesorado. En el apartado Personal, Ausencias, Solicitud de Permisos y Licencias (Anexo I), presenta una nueva solicitud indicando el motivo. No olvides generar y firmar la solicitud.<\/p>\n<ul>\n<li><a href=\"https:\/\/erasmus.albaytar.es\"><span class=\"vc_tta-title-text\"><strong>Solicitud de Participaci\u00f3n en Programa ERASMUS+ para Docentes.<\/strong><\/span><\/a><\/li>\n<\/ul>\n<p><span class=\"vc_tta-title-text\">Durante el primer trimestre del curso se anunciar\u00e1n las convocatorias de participaci\u00f3n.<\/span><\/p>\n<p>[\/et_pb_text][\/et_pb_column][\/et_pb_row][\/et_pb_section]<\/p>\n","protected":false},"excerpt":{"rendered":"<p>Secretar\u00eda IES AL-BaytarAqu\u00ed podr\u00e1s informarte de los tr\u00e1mites principales que puedes realizar: solicitud para estudiar en el Centro, matriculaci\u00f3n, petici\u00f3n de certificados y t\u00edtulos, etc. Direcci\u00f3n del Centro: Avda. de Erasa s\/n, 29630 Benalm\u00e1dena (M\u00e1laga). Atenci\u00f3n al P\u00fablico: durante todo el a\u00f1o, 9:00 a 11:00 h. Cerrado en Agosto y festivos. Atenci\u00f3n Alumnado: 11:30 a [&hellip;]<\/p>\n","protected":false},"author":7051,"featured_media":0,"parent":0,"menu_order":0,"comment_status":"closed","ping_status":"closed","template":"","meta":{"_et_pb_use_builder":"on","_et_pb_old_content":"<p><img class=\"wp-image-1490 size-large aligncenter\" src=\"https:\/\/blogsaverroes.juntadeandalucia.es\/iesalbaytar\/files\/2024\/06\/CARTEL-SECRETARIArevisado_page-0001-725x1024.jpg\" alt=\"\" width=\"725\" height=\"1024\"><\/p>","_et_gb_content_width":"","ngg_post_thumbnail":0,"footnotes":""},"aioseo_notices":[],"_links":{"self":[{"href":"https:\/\/blogsaverroes.juntadeandalucia.es\/iesalbaytar\/wp-json\/wp\/v2\/pages\/41"}],"collection":[{"href":"https:\/\/blogsaverroes.juntadeandalucia.es\/iesalbaytar\/wp-json\/wp\/v2\/pages"}],"about":[{"href":"https:\/\/blogsaverroes.juntadeandalucia.es\/iesalbaytar\/wp-json\/wp\/v2\/types\/page"}],"author":[{"embeddable":true,"href":"https:\/\/blogsaverroes.juntadeandalucia.es\/iesalbaytar\/wp-json\/wp\/v2\/users\/7051"}],"replies":[{"embeddable":true,"href":"https:\/\/blogsaverroes.juntadeandalucia.es\/iesalbaytar\/wp-json\/wp\/v2\/comments?post=41"}],"version-history":[{"count":101,"href":"https:\/\/blogsaverroes.juntadeandalucia.es\/iesalbaytar\/wp-json\/wp\/v2\/pages\/41\/revisions"}],"predecessor-version":[{"id":2059,"href":"https:\/\/blogsaverroes.juntadeandalucia.es\/iesalbaytar\/wp-json\/wp\/v2\/pages\/41\/revisions\/2059"}],"wp:attachment":[{"href":"https:\/\/blogsaverroes.juntadeandalucia.es\/iesalbaytar\/wp-json\/wp\/v2\/media?parent=41"}],"curies":[{"name":"wp","href":"https:\/\/api.w.org\/{rel}","templated":true}]}}