{"id":497,"date":"2021-01-29T12:38:47","date_gmt":"2021-01-29T11:38:47","guid":{"rendered":"https:\/\/blogsaverroes.juntadeandalucia.es\/iesalbaytar\/?page_id=497"},"modified":"2021-02-17T12:23:06","modified_gmt":"2021-02-17T11:23:06","slug":"secretaria","status":"publish","type":"page","link":"https:\/\/blogsaverroes.juntadeandalucia.es\/iesalbaytar\/secretaria\/","title":{"rendered":"GESTI\u00d3N DE PERSONAL"},"content":{"rendered":"<p><strong>AUSENCIAS DEL PROFESORADO<\/strong><\/p>\n<p><strong>&nbsp;<\/strong><strong>PROCEDIMIENTO:<\/strong><\/p>\n<p>Se hace una&nbsp;<strong><a href=\"https:\/\/www.juntadeandalucia.es\/educacion\/secretariavirtual\/autenticacion\/autenticacionCidea\/\">SOLICITUD DE TR\u00c1MITE GENERAL<\/a><\/strong>&nbsp;en la secretar\u00eda virtual&nbsp; =&nbsp;<strong><a href=\"https:\/\/www.juntadeandalucia.es\/educacion\/secretariavirtual\/accesoTramite\/462\/\" target=\"_blank\" rel=\"noopener noreferrer\">(haga click en el siguiente enlace) SOLICITUD DE TR\u00c1MITE GENERAL EN LA SECRETARIA VIRTUAL PARA AUSENCIAS DEL PROFESORADO<\/a><\/strong><\/p>\n<p><strong>DESCRIPCI\u00d3N DE CASOS HABITUALES<\/strong><\/p>\n<ol>\n<li><strong>ENTRE 1 Y 3 D\u00cdAS:&nbsp;las justifica el director<\/strong><\/li>\n<\/ol>\n<p><b>debajo encontrar\u00e1 el PDF rellenable del [HAGA CLICK EN EL ENLACE] <span style=\"color: #ff0000\"><a style=\"color: #ff0000\" href=\"https:\/\/blogsaverroes.juntadeandalucia.es\/iesalbaytar\/files\/2021\/02\/ANEXO-I-PERMISOS.pdf\" target=\"_blank\" rel=\"noopener noreferrer\">ANEXO I<\/a><\/span>, recuerde que debe DARLE A IMPRIMIR Y GUARDAR COMO PDF para que pueda enviarlo por la secretar\u00eda virtual<\/b>&nbsp;<strong>+ INFORME M\u00c9DICO\/JUSTIFICANTE<\/strong><\/p>\n<p>CASOS T\u00cdPICOS:&nbsp;&nbsp;<\/p>\n<ol>\n<li>ENFERMEDAD<\/li>\n<li>ASUNTOS PROPIOS<\/li>\n<li>DEBER INEXCUSABLE<\/li>\n<li>ETC<\/li>\n<\/ol>\n<ol start=\"2\">\n<li><strong>DE 4 D\u00cdAS EN ADELANTE:<\/strong>&nbsp;ILT,&nbsp;<strong>I<\/strong>ncapacidad&nbsp;<strong>L<\/strong>aboral&nbsp;<strong>T<\/strong>ransitoria,&nbsp;<strong>van a la delegaci\u00f3n<\/strong><\/li>\n<\/ol>\n<p><strong>debajo encontrar\u00e1 el PDF rellenable de la ILT <b>[HAGA CLICK EN EL ENLACE]<a href=\"https:\/\/blogsaverroes.juntadeandalucia.es\/iesalbaytar\/files\/2021\/02\/ANEXO-I-PERMISOS.pdf\"> <span style=\"color: #ff0000\">&nbsp;<\/span><\/a><span style=\"color: #ff0000\"><a style=\"color: #ff0000\" href=\"https:\/\/blogsaverroes.juntadeandalucia.es\/iesalbaytar\/files\/2021\/02\/ILT.pdf\" target=\"_blank\" rel=\"noopener noreferrer\">ILT<\/a> <\/span><\/b>, recuerde que debe <b>DARLE A IMPRIMIR Y GUARDAR COMO PDF<\/b>&nbsp;para que pueda enviarlo por la secretar\u00eda virtual<\/strong><\/p>\n<p><em>1<sup>er<\/sup>&nbsp;PASO<\/em>:&nbsp;<strong>BAJA INICIAL<\/strong><\/p>\n<p><em>2\u00ba PASO<\/em>:<strong>&nbsp;SE PRESENTA LA 1\u00aa CONTINUIDAD [O EL ALTA]<\/strong><\/p>\n<p><em>3<sup>er<\/sup>&nbsp;paso y sucesivos<\/em>:&nbsp;<strong>SE PRESENTA LA CONTINUIDAD 2\u00aa,3\u00aa&#8230;[O EL ALTA]<\/strong><\/p>\n<ol>\n<li>si es de MUFACE Y est\u00e1 en COMPA\u00d1\u00cdA PRIVADA: TODOS LOS M\u00c9DICOS&nbsp;<strong>TIENEN<\/strong>&nbsp;EL DOCUMENTO DE BAJA Y ALTA,&nbsp;<strong>NO HAY QUE LLEV\u00c1RSELO<\/strong><\/li>\n<li>De MUFACE Y EN LA SEGURIDAD SOCIAL: LOS M\u00c9DICOS NO TIENEN EL DOCUMENTO DE BAJA Y ALTA,&nbsp;<strong>HAY QUE IMPRIMIRLO Y LLEV\u00c1RSELO<\/strong><\/li>\n<li>DE LA SEGURIDAD SOCIAL: LOS M\u00c9DICOS TIENEN EL DOCUMENTO DE BAJA Y ALTA,&nbsp;<strong>NO HAY QUE LLEV\u00c1RSELO<\/strong><\/li>\n<\/ol>\n<ol start=\"3\">\n<li><strong>PARA OTROS CASOS:<\/strong>&nbsp;<strong><em>CONSULTE EN SECRETARIA EN CASO DE DUDA, personalmente o en&nbsp;<span id=\"cloak55a627b14558655bfaba55df0ae7c40a\"><a href=\"mailto:secretariaalbaytar1@gmail.com\">secretariaalbaytar1@gmail.com<\/a><\/span><\/em><\/strong><\/li>\n<\/ol>\n","protected":false},"excerpt":{"rendered":"<p>AUSENCIAS DEL PROFESORADO &nbsp;PROCEDIMIENTO: Se hace una&nbsp;SOLICITUD DE TR\u00c1MITE GENERAL&nbsp;en la secretar\u00eda virtual&nbsp; =&nbsp;(haga click en el siguiente enlace) SOLICITUD DE TR\u00c1MITE GENERAL EN LA SECRETARIA VIRTUAL PARA AUSENCIAS DEL PROFESORADO DESCRIPCI\u00d3N DE CASOS HABITUALES ENTRE 1 Y 3 D\u00cdAS:&nbsp;las justifica el director debajo encontrar\u00e1 el PDF rellenable del [HAGA CLICK EN EL ENLACE] ANEXO [&hellip;]<\/p>\n","protected":false},"author":12088,"featured_media":0,"parent":0,"menu_order":0,"comment_status":"closed","ping_status":"closed","template":"","meta":{"_et_pb_use_builder":"","_et_pb_old_content":"","_et_gb_content_width":"","ngg_post_thumbnail":0,"footnotes":""},"aioseo_notices":[],"_links":{"self":[{"href":"https:\/\/blogsaverroes.juntadeandalucia.es\/iesalbaytar\/wp-json\/wp\/v2\/pages\/497"}],"collection":[{"href":"https:\/\/blogsaverroes.juntadeandalucia.es\/iesalbaytar\/wp-json\/wp\/v2\/pages"}],"about":[{"href":"https:\/\/blogsaverroes.juntadeandalucia.es\/iesalbaytar\/wp-json\/wp\/v2\/types\/page"}],"author":[{"embeddable":true,"href":"https:\/\/blogsaverroes.juntadeandalucia.es\/iesalbaytar\/wp-json\/wp\/v2\/users\/12088"}],"replies":[{"embeddable":true,"href":"https:\/\/blogsaverroes.juntadeandalucia.es\/iesalbaytar\/wp-json\/wp\/v2\/comments?post=497"}],"version-history":[{"count":8,"href":"https:\/\/blogsaverroes.juntadeandalucia.es\/iesalbaytar\/wp-json\/wp\/v2\/pages\/497\/revisions"}],"predecessor-version":[{"id":523,"href":"https:\/\/blogsaverroes.juntadeandalucia.es\/iesalbaytar\/wp-json\/wp\/v2\/pages\/497\/revisions\/523"}],"wp:attachment":[{"href":"https:\/\/blogsaverroes.juntadeandalucia.es\/iesalbaytar\/wp-json\/wp\/v2\/media?parent=497"}],"curies":[{"name":"wp","href":"https:\/\/api.w.org\/{rel}","templated":true}]}}