{"id":511,"date":"2021-02-19T12:55:14","date_gmt":"2021-02-19T11:55:14","guid":{"rendered":"https:\/\/blogsaverroes.juntadeandalucia.es\/iesalbaytar\/?page_id=511"},"modified":"2025-02-14T10:10:18","modified_gmt":"2025-02-14T09:10:18","slug":"contacto","status":"publish","type":"page","link":"https:\/\/blogsaverroes.juntadeandalucia.es\/iesalbaytar\/contacto\/","title":{"rendered":"CONTACTO"},"content":{"rendered":"<p>En caso de necesitar personarse para tr\u00e1mites solicite una&nbsp;<a href=\"https:\/\/calendar.app.google\/WirVUBjamDggQszG7\"><span style=\"color: #ff0000\"><strong>CITA PREVIA<\/strong><\/span><\/a>. SOLO SE HAR\u00c1N TR\u00c1MITES <em><strong>F\u00cdSICAMENTE<\/strong><\/em> POR VENTANILLA DE SECRETAR\u00cdA AQUELLOS QUE&nbsp;<em><strong><u>NO SE PUEDAN HACER POR OTRA V\u00cdA<\/u><\/strong><\/em><u>.<\/u><\/p>\n<ul>\n<li><strong><u>TR\u00c1MITES DE SECRETAR\u00cdA S\u00d3LO CON CITA PREVIA<\/u><\/strong>:&nbsp;<strong><u>CITA PREVIA<\/u><\/strong><strong> en la p\u00e1gina web del centro <span style=\"color: #0000ff\">https:\/\/blogsaverroes.juntadeandalucia.es\/iesalbaytar\/ <\/span><\/strong>\n<ul>\n<li>PARA&nbsp;<strong>SOLICITAR <span style=\"color: #ff6600\">INFORMACI\u00d3N DE SECRETAR\u00cdA <\/span><\/strong>LLAME AL<strong><span style=\"color: #ff0000\">&nbsp;600-141-327<\/span><\/strong>&nbsp;EN HORARIO DE OFICINA<\/li>\n<li>PARA LA&nbsp;<span style=\"color: #ff6600\"><strong>SALA DE PROFESORES <\/strong><\/span>AL <strong><span style=\"color: #ff0000\">600-14-13-31 <\/span><\/strong>EN HORARIO LECTIVO<\/li>\n<li>PARA&nbsp;<span style=\"color: #0000ff\"><strong><span style=\"color: #ff6600\">OTRAS CONSULTAS<\/span> <\/strong><\/span>LLAME AL&nbsp;<span style=\"color: #ff0000\"><strong>951-293-825<\/strong><\/span><\/li>\n<\/ul>\n<\/li>\n<li><span style=\"color: #800080\"><strong><u>CORREOS DEL CENTRO:<\/u><\/strong><\/span>\n<ul>\n<li>Si quiere&nbsp;<strong>contactar con Jefatura de Estudios<\/strong>&nbsp;escriba a<span style=\"color: #0000ff\">&nbsp;<strong><a style=\"color: #0000ff\" href=\"mailto:jefaturaalbaytar1@gmail.com\">jefaturaalbaytar1@gmail.com<\/a><\/strong><\/span><\/li>\n<li>Si lo que desea es alg\u00fan <strong>certificado<\/strong>&nbsp;solic\u00edtelo a&nbsp;<span style=\"color: #0000ff\"><strong><a style=\"color: #0000ff\" href=\"mailto:secretariaalbaytar1@gmail.com\">secretariaalbaytar1@gmail.com<\/a><\/strong>&nbsp;<\/span>adjuntando&nbsp;<strong>fotocopia del D.N.I.\/documento de identificaci\u00f3n <\/strong>del alumno\/alumna.<\/li>\n<li>Si tiene&nbsp;<strong>problemas con PASEN o IANDE<\/strong>&nbsp;escriba a&nbsp;<span style=\"color: #0000ff\"><strong><a style=\"color: #0000ff\" href=\"mailto:clavesalbaytar@gmail.com\">clavesalbaytar@gmail.com<\/a><\/strong><\/span><\/li>\n<li>Si quiere&nbsp;<strong>contactar con el Dpto. de Orientaci\u00f3n&nbsp;<\/strong>escriba a&nbsp;<span style=\"color: #0000ff\"><strong><a style=\"color: #0000ff\" href=\"mailto:jefaturaalbaytar1@gmail.com\">orientaci\u00f3nalbaytar@gmail.com<\/a><\/strong><\/span><\/li>\n<\/ul>\n<\/li>\n<\/ul>\n<p>&nbsp;<\/p>\n","protected":false},"excerpt":{"rendered":"<p>En caso de necesitar personarse para tr\u00e1mites solicite una&nbsp;CITA PREVIA. SOLO SE HAR\u00c1N TR\u00c1MITES F\u00cdSICAMENTE POR VENTANILLA DE SECRETAR\u00cdA AQUELLOS QUE&nbsp;NO SE PUEDAN HACER POR OTRA V\u00cdA. TR\u00c1MITES DE SECRETAR\u00cdA S\u00d3LO CON CITA PREVIA:&nbsp;CITA PREVIA en la p\u00e1gina web del centro https:\/\/blogsaverroes.juntadeandalucia.es\/iesalbaytar\/ PARA&nbsp;SOLICITAR INFORMACI\u00d3N DE SECRETAR\u00cdA LLAME AL&nbsp;600-141-327&nbsp;EN HORARIO DE OFICINA PARA LA&nbsp;SALA DE PROFESORES [&hellip;]<\/p>\n","protected":false},"author":12088,"featured_media":0,"parent":0,"menu_order":0,"comment_status":"closed","ping_status":"closed","template":"","meta":{"_et_pb_use_builder":"","_et_pb_old_content":"","_et_gb_content_width":"","ngg_post_thumbnail":0,"footnotes":""},"aioseo_notices":[],"_links":{"self":[{"href":"https:\/\/blogsaverroes.juntadeandalucia.es\/iesalbaytar\/wp-json\/wp\/v2\/pages\/511"}],"collection":[{"href":"https:\/\/blogsaverroes.juntadeandalucia.es\/iesalbaytar\/wp-json\/wp\/v2\/pages"}],"about":[{"href":"https:\/\/blogsaverroes.juntadeandalucia.es\/iesalbaytar\/wp-json\/wp\/v2\/types\/page"}],"author":[{"embeddable":true,"href":"https:\/\/blogsaverroes.juntadeandalucia.es\/iesalbaytar\/wp-json\/wp\/v2\/users\/12088"}],"replies":[{"embeddable":true,"href":"https:\/\/blogsaverroes.juntadeandalucia.es\/iesalbaytar\/wp-json\/wp\/v2\/comments?post=511"}],"version-history":[{"count":7,"href":"https:\/\/blogsaverroes.juntadeandalucia.es\/iesalbaytar\/wp-json\/wp\/v2\/pages\/511\/revisions"}],"predecessor-version":[{"id":1997,"href":"https:\/\/blogsaverroes.juntadeandalucia.es\/iesalbaytar\/wp-json\/wp\/v2\/pages\/511\/revisions\/1997"}],"wp:attachment":[{"href":"https:\/\/blogsaverroes.juntadeandalucia.es\/iesalbaytar\/wp-json\/wp\/v2\/media?parent=511"}],"curies":[{"name":"wp","href":"https:\/\/api.w.org\/{rel}","templated":true}]}}