{"id":647,"date":"2021-03-10T09:44:45","date_gmt":"2021-03-10T08:44:45","guid":{"rendered":"https:\/\/blogsaverroes.juntadeandalucia.es\/iesalbaytar\/?page_id=647"},"modified":"2024-02-22T11:24:45","modified_gmt":"2024-02-22T10:24:45","slug":"solicitud-de-titulo","status":"publish","type":"page","link":"https:\/\/blogsaverroes.juntadeandalucia.es\/iesalbaytar\/solicitud-de-titulo\/","title":{"rendered":"SOLICITUD DE T\u00cdTULO"},"content":{"rendered":"<p><span style=\"font-size: 12pt\"><strong><span style=\"color: #ff0000\">SOLICITUD DE T\u00cdTULO DE BACHILLERATO Y CICLOS:<\/span><\/strong><\/span> <strong>&nbsp;<span style=\"text-decoration: underline;color: #008000\"><em>una vez superado 2\u00ba de bachillerato o 2\u00ba de Ciclos <span style=\"color: #008000;text-decoration: underline\">puede solicitar su t\u00edtulo de forma telem\u00e1tica (NUNCA ANTES DE LA PUBLICACI\u00d3N DE LAS NOTAS).<\/span><\/em><\/span><\/strong><\/p>\n<p><span style=\"color: #ff6600\">&nbsp;<\/span>enlace<img decoding=\"async\" class=\"alignnone wp-image-542\" src=\"https:\/\/blogsaverroes.juntadeandalucia.es\/iesalbaytar\/files\/2021\/02\/dedo-se\u00f1al.jpg\" alt=\"\" width=\"30\" height=\"24\"><strong><span style=\"color: #0000ff\"><a style=\"color: #0000ff\" href=\"https:\/\/www.juntadeandalucia.es\/educacion\/secretariavirtual\/accesoTramite\/302\/\" target=\"_blank\" rel=\"noopener noreferrer\">SOLICITUD TELEM\u00c1TICA T\u00cdTULO BACHILLERATO\/CICLOS FORMATIVOS<\/a><\/span><\/strong><\/p>\n<p style=\"text-align: center\"><span style=\"text-decoration: underline\"><span style=\"color: #ff0000\"><em><strong>TASAS T\u00cdTULOS LOGSE 2023:<\/strong><\/em><\/span><\/span><\/p>\n<p style=\"text-align: center\"><span style=\"color: #ff6600;font-size: 14pt\">de Bachiller: <strong><span style=\"color: #ff0000\">56,07 \u20ac<\/span><\/strong><\/span><\/p>\n<p style=\"text-align: center\"><span style=\"color: #ff6600;font-size: 14pt\">de T\u00e9cnico de Formaci\u00f3n Profesional: <strong><span style=\"color: #ff0000\">22,83 \u20ac<\/span><\/strong><\/span><\/p>\n<p style=\"text-align: center\"><span style=\"color: #ff6600;font-size: 14pt\">de T\u00e9cnico Superior de Formaci\u00f3n Profesional: <strong><span style=\"color: #ff0000\">56,07 \u20ac<\/span><\/strong><\/span><\/p>\n<p>Est\u00e1n <strong>exentos de pago<\/strong> de tasas: personas con discapacidad superior al 33%, las victimas de actos terroristas, familias numerosas de categor\u00eda especial, aquellos duplicados de t\u00edtulos por causa imputable a la administraci\u00f3n. Las familias numerosas de categor\u00eda general tiene una reducci\u00f3n del 50%.<\/p>\n","protected":false},"excerpt":{"rendered":"<p>SOLICITUD DE T\u00cdTULO DE BACHILLERATO Y CICLOS: &nbsp;una vez superado 2\u00ba de bachillerato o 2\u00ba de Ciclos puede solicitar su t\u00edtulo de forma telem\u00e1tica (NUNCA ANTES DE LA PUBLICACI\u00d3N DE LAS NOTAS). &nbsp;enlaceSOLICITUD TELEM\u00c1TICA T\u00cdTULO BACHILLERATO\/CICLOS FORMATIVOS TASAS T\u00cdTULOS LOGSE 2023: de Bachiller: 56,07 \u20ac de T\u00e9cnico de Formaci\u00f3n Profesional: 22,83 \u20ac de T\u00e9cnico Superior [&hellip;]<\/p>\n","protected":false},"author":12088,"featured_media":0,"parent":0,"menu_order":0,"comment_status":"closed","ping_status":"closed","template":"","meta":{"_et_pb_use_builder":"","_et_pb_old_content":"","_et_gb_content_width":"","ngg_post_thumbnail":0,"footnotes":""},"aioseo_notices":[],"_links":{"self":[{"href":"https:\/\/blogsaverroes.juntadeandalucia.es\/iesalbaytar\/wp-json\/wp\/v2\/pages\/647"}],"collection":[{"href":"https:\/\/blogsaverroes.juntadeandalucia.es\/iesalbaytar\/wp-json\/wp\/v2\/pages"}],"about":[{"href":"https:\/\/blogsaverroes.juntadeandalucia.es\/iesalbaytar\/wp-json\/wp\/v2\/types\/page"}],"author":[{"embeddable":true,"href":"https:\/\/blogsaverroes.juntadeandalucia.es\/iesalbaytar\/wp-json\/wp\/v2\/users\/12088"}],"replies":[{"embeddable":true,"href":"https:\/\/blogsaverroes.juntadeandalucia.es\/iesalbaytar\/wp-json\/wp\/v2\/comments?post=647"}],"version-history":[{"count":38,"href":"https:\/\/blogsaverroes.juntadeandalucia.es\/iesalbaytar\/wp-json\/wp\/v2\/pages\/647\/revisions"}],"predecessor-version":[{"id":1423,"href":"https:\/\/blogsaverroes.juntadeandalucia.es\/iesalbaytar\/wp-json\/wp\/v2\/pages\/647\/revisions\/1423"}],"wp:attachment":[{"href":"https:\/\/blogsaverroes.juntadeandalucia.es\/iesalbaytar\/wp-json\/wp\/v2\/media?parent=647"}],"curies":[{"name":"wp","href":"https:\/\/api.w.org\/{rel}","templated":true}]}}