{"id":723,"date":"2021-04-06T20:00:49","date_gmt":"2021-04-06T18:00:49","guid":{"rendered":"https:\/\/blogsaverroes.juntadeandalucia.es\/iesalbaytar\/?page_id=723"},"modified":"2025-01-14T10:44:41","modified_gmt":"2025-01-14T09:44:41","slug":"prueba-de-acceso-a-ciclos","status":"publish","type":"page","link":"https:\/\/blogsaverroes.juntadeandalucia.es\/iesalbaytar\/prueba-de-acceso-a-ciclos\/","title":{"rendered":"PRUEBA DE ACCESO A CICLOS 2024-25"},"content":{"rendered":"<blockquote>\n<p style=\"text-align: center\"><span style=\"color: #ff0000;font-size: 12pt\"><strong>PERIODO DE SOLICITUD&nbsp; DEL <span style=\"text-decoration: underline\">13 AL 24 DE ENERO DE 2025<\/span>: <span style=\"color: #008000\">NOTA: necesitar\u00e1n la CLAVE IANDE que han recibido por PASEN en el apartado \u00abCOMUNICACIONES\u00bb <\/span>HAGA CLICK AQU\u00cd<span style=\"color: #0000ff\"><img decoding=\"async\" class=\"alignnone wp-image-542\" src=\"https:\/\/blogsaverroes.juntadeandalucia.es\/iesalbaytar\/files\/2021\/02\/dedo-se\u00f1al.jpg\" alt=\"\" width=\"40\" height=\"32\"><a style=\"color: #0000ff\" href=\"https:\/\/www.juntadeandalucia.es\/educacion\/secretariavirtual\/accesoTramite\/304\/\" target=\"_blank\" rel=\"noopener noreferrer\">Acceso a Solicitud de Inscripci\u00f3n en la Prueba de Acceso a los Ciclos Formativos de Grado Medio de Formaci\u00f3n Profesional. Convocatoria Ordinaria.<\/a><\/span><\/strong><\/span><\/p>\n<p>HAGA CLICK AQU\u00cd: <span style=\"color: #ff0000;font-size: 12pt\"><strong><span style=\"color: #0000ff\"><img decoding=\"async\" class=\"alignnone wp-image-542\" src=\"https:\/\/blogsaverroes.juntadeandalucia.es\/iesalbaytar\/files\/2021\/02\/dedo-se\u00f1al.jpg\" alt=\"\" width=\"40\" height=\"32\"><a style=\"color: #0000ff\" title=\"CALENDARIO PRUEBA ACCESO 2023\" href=\"https:\/\/blogsaverroes.juntadeandalucia.es\/iesalbaytar\/files\/2025\/01\/20241118_Calendario_PAcc24_25_Grafico_page-0001.jpg\" target=\"_blank\" rel=\"noopener noreferrer\">CALENDARIO PRUEBA ACCESO 2025<\/a><\/span><\/strong><\/span><\/p><\/blockquote>\n<p style=\"text-align: center\"><span style=\"color: #ff6600\"><em><strong>LOS SIGUIENTES ENLACES SE ACTUALIZAR\u00c1N CONFORME APAREZCAN EN LA SECRETARIA VIRTUAL DE LA JUNTA DE ANDALUC\u00cdA<\/strong><\/em><\/span><\/p>\n<blockquote><p><img decoding=\"async\" class=\"aligncenter wp-image-1302\" src=\"https:\/\/blogsaverroes.juntadeandalucia.es\/iesalbaytar\/files\/2022\/12\/19-192665_flecha-hacia-abajo-verde-hd-png-download-287x300.png\" alt=\"\" width=\"174\" height=\"182\"><\/p>\n<p><span style=\"color: #ff6600\"><strong>Informaci\u00f3n sobre<\/strong> la PRUEBA DE ACCESO A CICLOS:<\/span> <span style=\"color: #ff0000;font-size: 12pt\"><strong>HAGA CLICK AQU\u00cd<span style=\"color: #0000ff\"><img decoding=\"async\" class=\"alignnone wp-image-542\" src=\"https:\/\/blogsaverroes.juntadeandalucia.es\/iesalbaytar\/files\/2021\/02\/dedo-se\u00f1al.jpg\" alt=\"\" width=\"40\" height=\"32\"><a style=\"color: #0000ff\" href=\"https:\/\/blogsaverroes.juntadeandalucia.es\/iesalbaytar\/files\/2021\/06\/PRUEBAS-DE-ACCESO-grado-medio-2020-CON-MEMBRETE.pdf\">PRUEBAS DE ACCESO grado medio 2020 CON MEMBRETE<\/a><\/span><\/strong><\/span><\/p>\n<p>&nbsp;<\/p>\n<p>&nbsp;<\/p>\n<p><a href=\"https:\/\/blogsaverroes.juntadeandalucia.es\/iesalbaytar\/files\/2022\/05\/D\u00cdAS-DE-LAS-PRUEBAS-acceso-2022.pdf\" target=\"_blank\" rel=\"noopener noreferrer\"><strong><span style=\"color: #ff0000\"><em><b style=\"color: #993366\"><span style=\"font-size: 8pt\"><span style=\"color: #0000ff;font-size: 12pt\"><span style=\"color: #ff0000;font-size: 10pt\"><span style=\"color: #0000ff\"><img decoding=\"async\" class=\"alignnone wp-image-542\" src=\"https:\/\/blogsaverroes.juntadeandalucia.es\/iesalbaytar\/files\/2021\/02\/dedo-se\u00f1al.jpg\" alt=\"\" width=\"38\" height=\"30\"><\/span><\/span><\/span><\/span><\/b><\/em><\/span><\/strong><\/a><a href=\"https:\/\/blogsaverroes.juntadeandalucia.es\/iesalbaytar\/files\/2022\/05\/D\u00cdAS-DE-LAS-PRUEBAS-acceso-2022.pdf\" target=\"_blank\" rel=\"noopener noreferrer\"><strong><span style=\"color: #ff0000\"><em><b style=\"color: #993366\"><span style=\"font-size: 8pt\"><span style=\"color: #0000ff;font-size: 12pt\"><span style=\"color: #ff0000;font-size: 10pt\"><span style=\"color: #0000ff\">\u00a1\u00a1\u00a1\u00a1\u00a1consulta por apellidos<\/span><\/span><\/span><\/span><\/b><\/em>D<strong>\u00cdA<\/strong>S DE LAS PRUEBAS acceso 2022!!!!!<\/span><\/strong><\/a><\/p>\n<p>&nbsp;<\/p>\n<p><em><b style=\"color: #993366\">LISTAS DE CENTROS PARA LA PRUEBA DE ACCESO GRADO MEDIO\/<\/b><span style=\"color: #993366\"><b>SUPERIOR<\/b><\/span><b style=\"color: #993366\">&nbsp;PARA EN EL CURSO 21-22:<\/b><\/em><\/p>\n<p><em><b style=\"color: #993366\"><span style=\"font-size: 8pt\"><span style=\"color: #0000ff;font-size: 12pt\"><span style=\"color: #ff0000;font-size: 10pt\"><strong><span style=\"color: #0000ff\"><img decoding=\"async\" class=\"alignnone wp-image-542\" src=\"https:\/\/blogsaverroes.juntadeandalucia.es\/iesalbaytar\/files\/2021\/02\/dedo-se\u00f1al.jpg\" alt=\"\" width=\"40\" height=\"32\"><\/span><\/strong><\/span><\/span><\/span><\/b><span style=\"color: #0000ff\"><a style=\"color: #0000ff;font-weight: bold\" href=\"https:\/\/www.juntadeandalucia.es\/educacion\/secretariavirtual\/consulta\/pac\/centros-disponibles\/2022\/1\/\" target=\"_blank\" rel=\"noopener noreferrer\">https:\/\/www.juntadeandalucia.es\/educacion\/secretariavirtual\/consulta\/pac\/centros-disponibles\/2022\/1\/<\/a><\/span><\/em><\/p>\n<p><span style=\"color: #0000ff\"><a style=\"color: #0000ff\" href=\"https:\/\/www.juntadeandalucia.es\/educacion\/secretariavirtual\/consulta\/oferta-educativa-formacion-profesional\/\" target=\"_blank\" rel=\"noopener noreferrer\"><span style=\"font-size: 8pt\"><span style=\"color: #0000ff;font-size: 12pt\"><span style=\"color: #ff0000;font-size: 10pt\"><strong><img decoding=\"async\" class=\"alignnone wp-image-542\" src=\"https:\/\/blogsaverroes.juntadeandalucia.es\/iesalbaytar\/files\/2021\/02\/dedo-se\u00f1al.jpg\" alt=\"\" width=\"40\" height=\"32\"><\/strong><\/span><\/span><\/span>https:\/\/www.juntadeandalucia.es\/educacion\/secretariavirtual\/consulta\/oferta-educativa-formacion-profesional\/<\/a><\/span><\/p><\/blockquote>\n<p><span style=\"font-size: 8pt\"><span style=\"color: #0000ff;font-size: 12pt\"><span style=\"color: #ff0000;font-size: 10pt\">Haga click en el enlace<strong><span style=\"color: #0000ff\"><img decoding=\"async\" class=\"alignnone wp-image-542\" src=\"https:\/\/blogsaverroes.juntadeandalucia.es\/iesalbaytar\/files\/2021\/02\/dedo-se\u00f1al.jpg\" alt=\"\" width=\"40\" height=\"32\"><\/span><\/strong><\/span><\/span><\/span><strong><span style=\"color: #0000ff\"><a style=\"color: #0000ff\" href=\"https:\/\/www.juntadeandalucia.es\/educacion\/secretariavirtual\/accesoTramite\/304\/\" target=\"_blank\" rel=\"noopener noreferrer\">Acceso a solicitud de inscripci\u00f3n en la <span style=\"text-decoration: underline\">Prueba de Acceso a los Ciclos Formativos de Grado Medio. Convocatoria ordinaria.<\/span><\/a><\/span><\/strong><\/p>\n<p><span style=\"font-size: 8pt\"><span style=\"color: #0000ff;font-size: 12pt\"><span style=\"color: #ff0000;font-size: 10pt\">Haga click en el enlace<strong><span style=\"color: #0000ff\"><img decoding=\"async\" class=\"alignnone wp-image-542\" src=\"https:\/\/blogsaverroes.juntadeandalucia.es\/iesalbaytar\/files\/2021\/02\/dedo-se\u00f1al.jpg\" alt=\"\" width=\"40\" height=\"32\"><\/span><\/strong><\/span><\/span><\/span><strong><span style=\"color: #0000ff\">Acceso a <span style=\"text-decoration: underline\">Calificaciones Pruebas de Acceso Ciclos Formativos<\/span>. Definitiva<\/span><\/strong><\/p>\n<p><span style=\"font-size: 8pt\"><span style=\"color: #0000ff;font-size: 12pt\"><span style=\"color: #ff0000;font-size: 10pt\">Haga click en el enlace<strong><span style=\"color: #0000ff\"><img decoding=\"async\" class=\"alignnone wp-image-542\" src=\"https:\/\/blogsaverroes.juntadeandalucia.es\/iesalbaytar\/files\/2021\/02\/dedo-se\u00f1al.jpg\" alt=\"\" width=\"40\" height=\"32\"><a style=\"color: #0000ff\" href=\"https:\/\/www.juntadeandalucia.es\/educacion\/secretariavirtual\/accesoConsultas\/561\/\" target=\"_blank\" rel=\"noopener noreferrer\"><span style=\"text-decoration: underline\">Certificado de calificaci\u00f3n<\/span> de la prueba de acceso a CFGM<\/a><\/span><\/strong><\/span><\/span><\/span><\/p>\n<p><span style=\"font-size: 8pt\"><span style=\"color: #0000ff;font-size: 12pt\"><span style=\"color: #ff0000;font-size: 10pt\">Haga click en el enlace<strong><span style=\"color: #0000ff\"><img decoding=\"async\" class=\"alignnone wp-image-542\" src=\"https:\/\/blogsaverroes.juntadeandalucia.es\/iesalbaytar\/files\/2021\/02\/dedo-se\u00f1al.jpg\" alt=\"\" width=\"40\" height=\"32\"><\/span><\/strong><\/span><\/span><\/span><span style=\"color: #0000ff\"><a style=\"color: #0000ff\" href=\"https:\/\/www.juntadeandalucia.es\/educacion\/secretariavirtual\/consulta\/oferta-centros-curso-acceso\/\" target=\"_blank\" rel=\"noopener noreferrer\">Oferta de centros docentes sostenidos con fondos p\u00fablicos para el procedimiento de admisi\u00f3n en el<strong> curso de acceso a ciclos formativos de grado medio<\/strong> para el curso escolar 2021\/2022<\/a><\/span><\/p>\n<p><span style=\"color: #000000\">PRUEBA DE ACCESO A CICLOS, puede consultar modelos de ex\u00e1menes de convocatorias anteriores y otras informaciones:<\/span> <strong><span style=\"color: #0000ff\"><img decoding=\"async\" class=\"alignnone wp-image-542\" src=\"https:\/\/blogsaverroes.juntadeandalucia.es\/iesalbaytar\/files\/2021\/02\/dedo-se\u00f1al.jpg\" alt=\"\" width=\"40\" height=\"32\"><\/span><\/strong><span style=\"color: #0000ff\"><strong><a style=\"color: #0000ff\" href=\"https:\/\/www.juntadeandalucia.es\/temas\/estudiar\/fp\/pruebas-acceso.html\" target=\"_blank\" rel=\"noopener noreferrer\">PRUEBAS DE ACCESO<\/a><\/strong><\/span><\/p>\n<p><span style=\"color: #ff0000;font-size: 12pt\"><strong>HAGA CLICK AQU\u00cd<span style=\"color: #0000ff\"><img decoding=\"async\" class=\"alignnone wp-image-542\" src=\"https:\/\/blogsaverroes.juntadeandalucia.es\/iesalbaytar\/files\/2021\/02\/dedo-se\u00f1al.jpg\" alt=\"\" width=\"40\" height=\"32\"><\/span><\/strong><\/span><a href=\"https:\/\/www.juntadeandalucia.es\/educacion\/secretariavirtual\/accesoConsultas\/1091\/\" target=\"_blank\" rel=\"noopener noreferrer\"><span style=\"color: #0000ff\">Acceso a Pruebas acceso a Ciclos Formativos Consulta de admitidos y excluidos. Convocatoria Ordinaria. Definitiva.<\/span><\/a><\/p>\n<p><span style=\"color: #0000ff\"><a style=\"color: #0000ff\" title=\"Consulta de admitidos y excluidos. Convocatoria Ordinaria. Provisional.\" href=\"https:\/\/www.juntadeandalucia.es\/educacion\/secretariavirtual\/accesoConsultas\/1090\/\" target=\"_blank\" rel=\"noopener noreferrer\"><span style=\"color: #ff0000;font-size: 12pt\"><strong>HAGA CLICK AQU\u00cd<img decoding=\"async\" class=\"alignnone wp-image-542\" src=\"https:\/\/blogsaverroes.juntadeandalucia.es\/iesalbaytar\/files\/2021\/02\/dedo-se\u00f1al.jpg\" alt=\"\" width=\"40\" height=\"32\"> <\/strong><\/span>&nbsp;Acceso a Pruebas acceso a Ciclos Formativos <strong>Consulta de admitidos y excluidos<\/strong>. Convocatoria Ordinaria. Provisional.<\/a><\/span><\/p>\n<p style=\"text-align: center\">&nbsp;<\/p>\n<p>&nbsp;<\/p>\n","protected":false},"excerpt":{"rendered":"<p>PERIODO DE SOLICITUD&nbsp; DEL 13 AL 24 DE ENERO DE 2025: NOTA: necesitar\u00e1n la CLAVE IANDE que han recibido por PASEN en el apartado \u00abCOMUNICACIONES\u00bb HAGA CLICK AQU\u00cdAcceso a Solicitud de Inscripci\u00f3n en la Prueba de Acceso a los Ciclos Formativos de Grado Medio de Formaci\u00f3n Profesional. Convocatoria Ordinaria. HAGA CLICK AQU\u00cd: CALENDARIO PRUEBA ACCESO [&hellip;]<\/p>\n","protected":false},"author":12088,"featured_media":0,"parent":0,"menu_order":0,"comment_status":"closed","ping_status":"closed","template":"","meta":{"_et_pb_use_builder":"","_et_pb_old_content":"","_et_gb_content_width":"","ngg_post_thumbnail":0,"footnotes":""},"aioseo_notices":[],"_links":{"self":[{"href":"https:\/\/blogsaverroes.juntadeandalucia.es\/iesalbaytar\/wp-json\/wp\/v2\/pages\/723"}],"collection":[{"href":"https:\/\/blogsaverroes.juntadeandalucia.es\/iesalbaytar\/wp-json\/wp\/v2\/pages"}],"about":[{"href":"https:\/\/blogsaverroes.juntadeandalucia.es\/iesalbaytar\/wp-json\/wp\/v2\/types\/page"}],"author":[{"embeddable":true,"href":"https:\/\/blogsaverroes.juntadeandalucia.es\/iesalbaytar\/wp-json\/wp\/v2\/users\/12088"}],"replies":[{"embeddable":true,"href":"https:\/\/blogsaverroes.juntadeandalucia.es\/iesalbaytar\/wp-json\/wp\/v2\/comments?post=723"}],"version-history":[{"count":31,"href":"https:\/\/blogsaverroes.juntadeandalucia.es\/iesalbaytar\/wp-json\/wp\/v2\/pages\/723\/revisions"}],"predecessor-version":[{"id":1989,"href":"https:\/\/blogsaverroes.juntadeandalucia.es\/iesalbaytar\/wp-json\/wp\/v2\/pages\/723\/revisions\/1989"}],"wp:attachment":[{"href":"https:\/\/blogsaverroes.juntadeandalucia.es\/iesalbaytar\/wp-json\/wp\/v2\/media?parent=723"}],"curies":[{"name":"wp","href":"https:\/\/api.w.org\/{rel}","templated":true}]}}