{"id":732,"date":"2021-04-07T10:13:09","date_gmt":"2021-04-07T08:13:09","guid":{"rendered":"https:\/\/blogsaverroes.juntadeandalucia.es\/iesalbaytar\/?page_id=732"},"modified":"2025-02-21T12:55:46","modified_gmt":"2025-02-21T11:55:46","slug":"admision-de-e-s-o-y-bachillerato-2021-22","status":"publish","type":"page","link":"https:\/\/blogsaverroes.juntadeandalucia.es\/iesalbaytar\/admision-de-e-s-o-y-bachillerato-2021-22\/","title":{"rendered":"ADMISI\u00d3N DE E.S.O. Y BACHILLERATO 2025-26"},"content":{"rendered":"<blockquote>\n<p style=\"text-align: center\">&nbsp;<\/p>\n<blockquote>\n<p style=\"text-align: center\"><span style=\"text-decoration: underline;font-family: arial, helvetica, sans-serif\"><em><strong>ADMISI\u00d3N DE E.S.O. Y BACHILLERATO:<\/strong><\/em><\/span><\/p>\n<\/blockquote>\n<ul style=\"list-style-type: disc\">\n<li><a href=\"https:\/\/www.juntadeandalucia.es\/educacion\/secretariavirtual\/accesoTramite\/543\/\" target=\"_blank\" rel=\"noopener noreferrer\"><span style=\"color: #ff6600\">TODOS LOS ALUMNOS YA MATRICULADOS EN <span style=\"font-family: arial, helvetica, sans-serif\">CENTROS<\/span> P\u00daBLICOS DE ANDALUC\u00cdA DEBEN REALIZAR EL TR\u00c1MITE UTILIZANDO LA CLAVE IANDE QUE ENCONTRAR\u00c1N EN EL APARTADO \u00abCOMUNICACIONES\u00bb DE IPASEN:<\/span> <\/a><a title=\"PROCEDIMIENTO DE ADMISI\u00d3N DE ALUMNADO PARA EL CURSO 2021\/2022 EN LOS CENTROS P\u00daBLICOS Y PRIVADOS CONCERTADOS QUE IMPARTEN EL SEGUNDO CICLO DE EDUCACI\u00d3N INFANTIL, EDUCACI\u00d3N PRIMARIA, EDUCACI\u00d3N ESPECIAL, EDUCACI\u00d3N SECUNDARIA OBLIGATORIA Y BACHILLERATO.\" href=\"http:\/\/joomla.albaytar.net\/attachments\/article\/161\/PROCEDIMIENTO%20DE%20ADMISI%C3%93N%20DE%20ALUMNADO%20PARA%20EL%20CURSO%202021-2022.pdf\" target=\"_blank\" rel=\"noopener noreferrer\"><span style=\"color: #ff0000\"><img decoding=\"async\" class=\"alignnone wp-image-542\" src=\"https:\/\/blogsaverroes.juntadeandalucia.es\/iesalbaytar\/files\/2021\/02\/dedo-se\u00f1al.jpg\" alt=\"\" width=\"36\" height=\"29\"><\/span><\/a><a href=\"https:\/\/www.juntadeandalucia.es\/educacion\/secretariavirtual\/accesoTramite\/543\/\" target=\"_blank\" rel=\"noopener noreferrer\"><span style=\"color: #0000ff\"><strong>enlace a la secretar\u00eda virtual para SOLICITUD DE PLAZA de ESO y BACHILLERATO<\/strong><\/span><\/a><\/li>\n<li><span style=\"color: #0000ff\"><strong><a title=\"PROCEDIMIENTO DE ADMISI\u00d3N DE ALUMNADO PARA EL CURSO 2021\/2022 EN LOS CENTROS P\u00daBLICOS Y PRIVADOS CONCERTADOS QUE IMPARTEN EL SEGUNDO CICLO DE EDUCACI\u00d3N INFANTIL, EDUCACI\u00d3N PRIMARIA, EDUCACI\u00d3N ESPECIAL, EDUCACI\u00d3N SECUNDARIA OBLIGATORIA Y BACHILLERATO.\" href=\"http:\/\/joomla.albaytar.net\/attachments\/article\/161\/PROCEDIMIENTO%20DE%20ADMISI%C3%93N%20DE%20ALUMNADO%20PARA%20EL%20CURSO%202021-2022.pdf\" target=\"_blank\" rel=\"noopener noreferrer\"><span style=\"color: #ff0000\"><img decoding=\"async\" class=\"alignnone wp-image-542\" src=\"https:\/\/blogsaverroes.juntadeandalucia.es\/iesalbaytar\/files\/2021\/02\/dedo-se\u00f1al.jpg\" alt=\"\" width=\"36\" height=\"29\"><\/span><\/a><\/strong><strong><span style=\"text-decoration: underline\"><em><a style=\"color: #0000ff;text-decoration: underline\" href=\"https:\/\/blogsaverroes.juntadeandalucia.es\/iesalbaytar\/files\/2025\/02\/CALENDARIO-Y-BAREMACION.pdf\" target=\"_blank\" rel=\"noopener noreferrer\">CALENDARIO DE ACTUACIONES ADMISI\u00d3N y <span style=\"font-family: arial, helvetica, sans-serif\">BAREMACI\u00d3N<\/span> CURSO 2025-26<\/a><\/em><\/span><\/strong><\/span><\/li>\n<li><span style=\"color: #0000ff\"><strong><a title=\"PROCEDIMIENTO DE ADMISI\u00d3N DE ALUMNADO PARA EL CURSO 2021\/2022 EN LOS CENTROS P\u00daBLICOS Y PRIVADOS CONCERTADOS QUE IMPARTEN EL SEGUNDO CICLO DE EDUCACI\u00d3N INFANTIL, EDUCACI\u00d3N PRIMARIA, EDUCACI\u00d3N ESPECIAL, EDUCACI\u00d3N SECUNDARIA OBLIGATORIA Y BACHILLERATO.\" href=\"https:\/\/blogsaverroes.juntadeandalucia.es\/iesalbaytar\/files\/2025\/02\/Normativa-Escolarizacion.pdf\" target=\"_blank\" rel=\"noopener noreferrer\"><span style=\"color: #ff0000\"><img decoding=\"async\" class=\"alignnone wp-image-542\" src=\"https:\/\/blogsaverroes.juntadeandalucia.es\/iesalbaytar\/files\/2021\/02\/dedo-se\u00f1al.jpg\" alt=\"\" width=\"36\" height=\"29\"><em><span style=\"color: #0000ff\">NORMATIVA ESCOLARIZACI\u00d3N<\/span><\/em><\/span><\/a><\/strong><\/span><\/li>\n<li><span style=\"color: #0000ff\"><strong><a title=\"PROCEDIMIENTO DE ADMISI\u00d3N DE ALUMNADO PARA EL CURSO 2021\/2022 EN LOS CENTROS P\u00daBLICOS Y PRIVADOS CONCERTADOS QUE IMPARTEN EL SEGUNDO CICLO DE EDUCACI\u00d3N INFANTIL, EDUCACI\u00d3N PRIMARIA, EDUCACI\u00d3N ESPECIAL, EDUCACI\u00d3N SECUNDARIA OBLIGATORIA Y BACHILLERATO.\" href=\"http:\/\/joomla.albaytar.net\/attachments\/article\/161\/PROCEDIMIENTO%20DE%20ADMISI%C3%93N%20DE%20ALUMNADO%20PARA%20EL%20CURSO%202021-2022.pdf\" target=\"_blank\" rel=\"noopener noreferrer\"><span style=\"color: #ff0000\"><img decoding=\"async\" class=\"alignnone wp-image-542\" src=\"https:\/\/blogsaverroes.juntadeandalucia.es\/iesalbaytar\/files\/2021\/02\/dedo-se\u00f1al.jpg\" alt=\"\" width=\"36\" height=\"29\"><\/span><\/a><\/strong><\/span><strong><span style=\"color: #0000ff\"><a style=\"color: #0000ff\" href=\"https:\/\/www.juntadeandalucia.es\/educacion\/secretariavirtual\/accesoTramite\/544\/\" target=\"_blank\" rel=\"noopener noreferrer\">ALEGACIONES AL PROCESO DE ADMISI\u00d3N<\/a><\/span><\/strong><\/li>\n<li><a title=\"PROCEDIMIENTO DE ADMISI\u00d3N DE ALUMNADO PARA EL CURSO 2021\/2022 EN LOS CENTROS P\u00daBLICOS Y PRIVADOS CONCERTADOS QUE IMPARTEN EL SEGUNDO CICLO DE EDUCACI\u00d3N INFANTIL, EDUCACI\u00d3N PRIMARIA, EDUCACI\u00d3N ESPECIAL, EDUCACI\u00d3N SECUNDARIA OBLIGATORIA Y BACHILLERATO.\" href=\"http:\/\/joomla.albaytar.net\/attachments\/article\/161\/PROCEDIMIENTO%20DE%20ADMISI%C3%93N%20DE%20ALUMNADO%20PARA%20EL%20CURSO%202021-2022.pdf\" target=\"_blank\" rel=\"noopener noreferrer\"><span style=\"color: #ff0000\"><img decoding=\"async\" class=\"alignnone wp-image-542\" src=\"https:\/\/blogsaverroes.juntadeandalucia.es\/iesalbaytar\/files\/2021\/02\/dedo-se\u00f1al.jpg\" alt=\"\" width=\"36\" height=\"29\"><\/span><\/a><strong><a style=\"color: #0000ff\" href=\"https:\/\/blogsaverroes.juntadeandalucia.es\/iesalbaytar\/files\/2025\/02\/Autorizacion-oferta-educativa.pdf\" target=\"_blank\" rel=\"noopener noreferrer\">PROCEDIMIENTO ADMISI\u00d3N ALUMNADO CURSO 2025-26<\/a><\/strong><\/li>\n<\/ul>\n<\/blockquote>\n","protected":false},"excerpt":{"rendered":"<p>&nbsp; ADMISI\u00d3N DE E.S.O. Y BACHILLERATO: TODOS LOS ALUMNOS YA MATRICULADOS EN CENTROS P\u00daBLICOS DE ANDALUC\u00cdA DEBEN REALIZAR EL TR\u00c1MITE UTILIZANDO LA CLAVE IANDE QUE ENCONTRAR\u00c1N EN EL APARTADO \u00abCOMUNICACIONES\u00bb DE IPASEN: enlace a la secretar\u00eda virtual para SOLICITUD DE PLAZA de ESO y BACHILLERATO CALENDARIO DE ACTUACIONES ADMISI\u00d3N y BAREMACI\u00d3N CURSO 2025-26 NORMATIVA ESCOLARIZACI\u00d3N [&hellip;]<\/p>\n","protected":false},"author":12088,"featured_media":0,"parent":0,"menu_order":0,"comment_status":"closed","ping_status":"closed","template":"","meta":{"_et_pb_use_builder":"","_et_pb_old_content":"","_et_gb_content_width":"","ngg_post_thumbnail":0,"footnotes":""},"aioseo_notices":[],"_links":{"self":[{"href":"https:\/\/blogsaverroes.juntadeandalucia.es\/iesalbaytar\/wp-json\/wp\/v2\/pages\/732"}],"collection":[{"href":"https:\/\/blogsaverroes.juntadeandalucia.es\/iesalbaytar\/wp-json\/wp\/v2\/pages"}],"about":[{"href":"https:\/\/blogsaverroes.juntadeandalucia.es\/iesalbaytar\/wp-json\/wp\/v2\/types\/page"}],"author":[{"embeddable":true,"href":"https:\/\/blogsaverroes.juntadeandalucia.es\/iesalbaytar\/wp-json\/wp\/v2\/users\/12088"}],"replies":[{"embeddable":true,"href":"https:\/\/blogsaverroes.juntadeandalucia.es\/iesalbaytar\/wp-json\/wp\/v2\/comments?post=732"}],"version-history":[{"count":18,"href":"https:\/\/blogsaverroes.juntadeandalucia.es\/iesalbaytar\/wp-json\/wp\/v2\/pages\/732\/revisions"}],"predecessor-version":[{"id":2035,"href":"https:\/\/blogsaverroes.juntadeandalucia.es\/iesalbaytar\/wp-json\/wp\/v2\/pages\/732\/revisions\/2035"}],"wp:attachment":[{"href":"https:\/\/blogsaverroes.juntadeandalucia.es\/iesalbaytar\/wp-json\/wp\/v2\/media?parent=732"}],"curies":[{"name":"wp","href":"https:\/\/api.w.org\/{rel}","templated":true}]}}