{"id":739,"date":"2021-04-07T10:15:43","date_gmt":"2021-04-07T08:15:43","guid":{"rendered":"https:\/\/blogsaverroes.juntadeandalucia.es\/iesalbaytar\/?page_id=739"},"modified":"2024-07-22T10:52:38","modified_gmt":"2024-07-22T08:52:38","slug":"admision-ciclos-formativos-f-p-2021-22","status":"publish","type":"page","link":"https:\/\/blogsaverroes.juntadeandalucia.es\/iesalbaytar\/admision-ciclos-formativos-f-p-2021-22\/","title":{"rendered":"ADMISI\u00d3N CICLOS FORMATIVOS F.P. 2024-25"},"content":{"rendered":"<p style=\"text-align: center\"><span style=\"color: #ff0000\"><strong><span style=\"text-decoration: underline\"><em>ADMISI\u00d3N\/MATRICULACI\u00d3N CICLOS FORMATIVOS F.P.<\/em><\/span><\/strong><\/span><\/p>\n<p><img fetchpriority=\"high\" fetchpriority=\"high\" decoding=\"async\" class=\"aligncenter wp-image-1762 size-full\" src=\"https:\/\/blogsaverroes.juntadeandalucia.es\/iesalbaytar\/files\/2024\/07\/calendario-FP-2.png\" alt=\"\" width=\"554\" height=\"770\" srcset=\"https:\/\/blogsaverroes.juntadeandalucia.es\/iesalbaytar\/files\/2024\/07\/calendario-FP-2.png 554w, https:\/\/blogsaverroes.juntadeandalucia.es\/iesalbaytar\/files\/2024\/07\/calendario-FP-2-480x667.png 480w\" sizes=\"(min-width: 0px) and (max-width: 480px) 480px, (min-width: 481px) 554px, 100vw\" \/><\/p>\n<p><span style=\"font-size: 12pt\"><strong>LA FECHA DE LA SEGUNDA ADJUDICACI\u00d3N CAMBIA DEL 18 AL 22 DE JULIO<\/strong><\/span><\/p>\n<p><span style=\"font-size: 12pt\"><strong>LOS PLAZOS PARA LA MATRICULA OBLIGATORIA DEL ALUMNADO QUE OBTIENE PLAZA EN LA SEGUNDA ADJUDICACI\u00d3N SER\u00c1N DEL 23 AL 26 DE JULIO<\/strong><\/span>.<\/p>\n<h2><span style=\"font-size: 8pt\"><span style=\"color: #0000ff;font-size: 12pt\"><span style=\"color: #ff0000;font-size: 10pt\"><strong><span style=\"color: #0000ff\"><img decoding=\"async\" class=\"alignnone wp-image-542\" src=\"https:\/\/blogsaverroes.juntadeandalucia.es\/iesalbaytar\/files\/2021\/02\/dedo-se\u00f1al.jpg\" alt=\"\" width=\"40\" height=\"32\"><span style=\"color: #ff0000\"><a style=\"color: #ff0000\" href=\"https:\/\/blogsaverroes.juntadeandalucia.es\/iesalbaytar\/files\/2024\/06\/Calendario-Ciclos-Formativos.pdf\" target=\"_blank\" rel=\"noopener noreferrer\">CALENDARIO Ciclos Formativos de Grado Medio y Superior<\/a><\/span><\/span><\/strong><\/span><\/span><\/span><\/h2>\n<h2><span style=\"font-size: 8pt\"><span style=\"color: #0000ff;font-size: 12pt\"><span style=\"color: #ff0000;font-size: 10pt\"><strong><span style=\"color: #0000ff\"><img decoding=\"async\" class=\"alignnone wp-image-542\" src=\"https:\/\/blogsaverroes.juntadeandalucia.es\/iesalbaytar\/files\/2021\/02\/dedo-se\u00f1al.jpg\" alt=\"\" width=\"40\" height=\"32\"><span style=\"color: #ff0000\"><a style=\"color: #ff0000\" href=\"https:\/\/blogsaverroes.juntadeandalucia.es\/iesalbaytar\/files\/2024\/06\/Calendario-Ciclos-Formativos.pdf\" target=\"_blank\" rel=\"noopener noreferrer\">CALENDARIO 2\u00ba curso de ciclos formativos de grado medio o superior<\/a><\/span><\/span><\/strong><\/span><\/span><\/span><\/h2>\n<p><span style=\"color: #ff6600\"><strong>TODA LA INFORMACI\u00d3N SE ENCUENTRA EN EL BOJA&nbsp;<\/strong> N\u00famero 111 de viernes, 11 de junio de 2021 Orden de 7 de junio de 2021<\/span>, <span style=\"font-size: 8pt\">por la que se regulan los criterios y el procedimiento de admisi\u00f3n y matriculaci\u00f3n para cursar ciclos formativos de grado medio y superior, as\u00ed como cursos de especializaci\u00f3n de formaci\u00f3n profesional en los <\/span><span style=\"font-size: 8pt\">centros docentes sostenidos con fondos p\u00fablicos en la Comunidad Aut\u00f3noma de Andaluc\u00eda. <span style=\"color: #0000ff;font-size: 12pt\"><span style=\"color: #ff0000;font-size: 10pt\">Haga click en el enlace<strong><span style=\"color: #0000ff\"><img decoding=\"async\" class=\"alignnone wp-image-542\" src=\"https:\/\/blogsaverroes.juntadeandalucia.es\/iesalbaytar\/files\/2021\/02\/dedo-se\u00f1al.jpg\" alt=\"\" width=\"40\" height=\"32\"><\/span><span style=\"text-decoration: underline\"><span style=\"color: #0000ff\"><a style=\"color: #0000ff;text-decoration: underline\" href=\"https:\/\/blogsaverroes.juntadeandalucia.es\/iesalbaytar\/files\/2021\/06\/ADMISI\u00d3N-Y-MATRICULACI\u00d3N-CICLOS-2021-22.pdf\" target=\"_blank\" rel=\"noopener noreferrer\">ADMISI\u00d3N Y MATRICULACI\u00d3N CICLOS 2021-22<\/a><\/span><\/span><\/strong><\/span> <\/span><\/span><\/p>\n<p style=\"margin: 0cm 0cm 0.0001pt;text-align: center\"><strong><span style=\"color: #ff9900\">CALENDARIO :<\/span><\/strong><\/p>\n<p style=\"text-align: center\"><strong style=\"color: #993300\"><span style=\"color: #993366\">OFERTA EDUCATIVA de GRADO MEDIO [G.M] y GRADO SUPERIOR [G.S.]:<\/span> <span style=\"color: #0000ff;font-size: 12pt\"><span style=\"color: #ff0000;font-size: 10pt\">Haga click en el enlace<\/span> <strong><span style=\"color: #0000ff\"><img decoding=\"async\" class=\"alignnone wp-image-542\" src=\"https:\/\/blogsaverroes.juntadeandalucia.es\/iesalbaytar\/files\/2021\/02\/dedo-se\u00f1al.jpg\" alt=\"\" width=\"40\" height=\"32\"><\/span><\/strong><\/span><span style=\"color: #0000ff\"><a style=\"color: #0000ff\" href=\"https:\/\/www.juntadeandalucia.es\/educacion\/secretariavirtual\/consulta\/oferta-educativa-formacion-profesional\/\" target=\"_blank\" rel=\"noopener noreferrer\">Oferta de centros docentes sostenidos con fondos p\u00fablicos para el procedimiento de admisi\u00f3n en ciclos formativos de grado medio y superior en oferta completa para el curso escolar 2024\/2025<\/a><\/span><\/strong><\/p>\n<ul style=\"list-style-type: circle\">\n<li><strong><span style=\"color: #000000\"><span style=\"color: #993300\">ADMISI\u00d3N A G.M.:<\/span>&nbsp;<\/span><\/strong><span style=\"color: #0000ff;font-size: 12pt\"><span style=\"color: #ff0000;font-size: 10pt\">Haga click en el enlace<\/span> <strong><span style=\"color: #0000ff\"><img decoding=\"async\" class=\"alignnone wp-image-542\" src=\"https:\/\/blogsaverroes.juntadeandalucia.es\/iesalbaytar\/files\/2021\/02\/dedo-se\u00f1al.jpg\" alt=\"\" width=\"40\" height=\"32\"><\/span><\/strong><\/span><span style=\"color: #0000ff\"><a style=\"color: #0000ff\" href=\"https:\/\/www.juntadeandalucia.es\/educacion\/secretariavirtual\/accesoTramite\/308\/\" target=\"_blank\" rel=\"noopener noreferrer\">Acceso a Admisi\u00f3n en ciclos formativos de<span style=\"text-decoration: underline\"><strong> grado medio de Formaci\u00f3n Profesional<\/strong> <\/span>en oferta completa. Proc. Ordinario. 1er per\u00edodo de solicitudes<\/a><\/span><\/li>\n<li><span style=\"color: #0000ff;font-size: 12pt\"><span style=\"color: #ff0000;font-size: 10pt\"><strong><span style=\"color: #000000\"><span style=\"color: #993300\">ADMISI\u00d3N A G.S.:<\/span>&nbsp;<\/span><\/strong>Haga click en el enlace<\/span> <strong><span style=\"color: #0000ff\"><img decoding=\"async\" class=\"alignnone wp-image-542\" src=\"https:\/\/blogsaverroes.juntadeandalucia.es\/iesalbaytar\/files\/2021\/02\/dedo-se\u00f1al.jpg\" alt=\"\" width=\"40\" height=\"32\"><\/span><\/strong><\/span><span style=\"color: #0000ff\"><a style=\"color: #0000ff\" href=\"https:\/\/www.juntadeandalucia.es\/educacion\/secretariavirtual\/accesoTramite\/317\/\" target=\"_blank\" rel=\"noopener noreferrer\">Acceso a Admisi\u00f3n en ciclos formativos de <span style=\"text-decoration: underline\"><strong>grado superior de Formaci\u00f3n Profesional<\/strong> <\/span>en oferta completa. Proc. Ordinario. 1er Per\u00edodo de solicitudes.<\/a><\/span><\/li>\n<\/ul>\n<p style=\"margin: 0cm;margin-bottom: .0001pt\">-La matr\u00edcula para alumnos que se encuentran <strong>cursando 1<sup>er<\/sup> curso para repetir o vayan a promocionar a 2\u00ba curso o repitan 2\u00ba curso&nbsp;<\/strong> es <strong><span style=\"color: #ff0000;font-size: 12pt\">del 25 al 30 junio<\/span>.<\/strong><\/p>\n<p><img decoding=\"async\" class=\"aligncenter wp-image-919 size-full\" src=\"https:\/\/blogsaverroes.juntadeandalucia.es\/iesalbaytar\/files\/2021\/06\/\u00daNICA-SOLICITUD-CICLOS.jpg\" alt=\"\" width=\"919\" height=\"110\" srcset=\"https:\/\/blogsaverroes.juntadeandalucia.es\/iesalbaytar\/files\/2021\/06\/\u00daNICA-SOLICITUD-CICLOS.jpg 919w, https:\/\/blogsaverroes.juntadeandalucia.es\/iesalbaytar\/files\/2021\/06\/\u00daNICA-SOLICITUD-CICLOS-300x36.jpg 300w, https:\/\/blogsaverroes.juntadeandalucia.es\/iesalbaytar\/files\/2021\/06\/\u00daNICA-SOLICITUD-CICLOS-768x92.jpg 768w, https:\/\/blogsaverroes.juntadeandalucia.es\/iesalbaytar\/files\/2021\/06\/\u00daNICA-SOLICITUD-CICLOS-480x57.jpg 480w\" sizes=\"(max-width: 919px) 100vw, 919px\" \/><\/p>\n<p>&nbsp;<\/p>\n<p style=\"text-align: center\"><span style=\"color: #ff0000;font-size: 12pt;font-family: helvetica, arial, sans-serif\"><em>Puede encontrar toda la informaci\u00f3n sobre ciclos formativos en los siguientes enlaces:<\/em><\/span><\/p>\n<p><span style=\"color: #000000\">De la Delegaci\u00f3n de Educaci\u00f3n en <strong>M\u00c1LAGA<\/strong>:<\/span> <strong><span style=\"color: #0000ff\"><img decoding=\"async\" class=\"alignnone wp-image-542\" src=\"https:\/\/blogsaverroes.juntadeandalucia.es\/iesalbaytar\/files\/2021\/02\/dedo-se\u00f1al.jpg\" alt=\"\" width=\"40\" height=\"32\"> <\/span><\/strong><strong><span style=\"color: #0000ff\"><a style=\"color: #0000ff\" href=\"https:\/\/blogsaverroes.juntadeandalucia.es\/fpmalaga\/\" target=\"_blank\" rel=\"noopener noreferrer\">BLOG F.P. delegaci\u00f3n en M\u00c1LAGA<\/a><\/span><\/strong><\/p>\n<p><span style=\"color: #000000\">De la JUNTA de <strong>ANDALUC\u00cdA<\/strong>:<\/span> <strong><span style=\"color: #0000ff\"><img decoding=\"async\" class=\"alignnone wp-image-542\" src=\"https:\/\/blogsaverroes.juntadeandalucia.es\/iesalbaytar\/files\/2021\/02\/dedo-se\u00f1al.jpg\" alt=\"\" width=\"40\" height=\"32\"><\/span><\/strong> <strong><span style=\"color: #0000ff\"><a style=\"color: #0000ff\" href=\"https:\/\/www.juntadeandalucia.es\/educacion\/portals\/web\/formacion-profesional-andaluza\" target=\"_blank\" rel=\"noopener noreferrer\">F.P. ANDALUZA<\/a><\/span><\/strong><\/p>\n<p><span style=\"color: #000000\">Del <strong>MINISTERIO<\/strong>:<\/span><strong><span style=\"color: #0000ff\"> <img decoding=\"async\" class=\"alignnone wp-image-542\" src=\"https:\/\/blogsaverroes.juntadeandalucia.es\/iesalbaytar\/files\/2021\/02\/dedo-se\u00f1al.jpg\" alt=\"\" width=\"40\" height=\"32\"><a style=\"color: #0000ff\" href=\"https:\/\/www.todofp.es\/inicio.html\" target=\"_blank\" rel=\"noopener noreferrer\">TODO F.P.<\/a><\/span><\/strong><\/p>\n","protected":false},"excerpt":{"rendered":"<p>ADMISI\u00d3N\/MATRICULACI\u00d3N CICLOS FORMATIVOS F.P. LA FECHA DE LA SEGUNDA ADJUDICACI\u00d3N CAMBIA DEL 18 AL 22 DE JULIO LOS PLAZOS PARA LA MATRICULA OBLIGATORIA DEL ALUMNADO QUE OBTIENE PLAZA EN LA SEGUNDA ADJUDICACI\u00d3N SER\u00c1N DEL 23 AL 26 DE JULIO. CALENDARIO Ciclos Formativos de Grado Medio y Superior CALENDARIO 2\u00ba curso de ciclos formativos de grado [&hellip;]<\/p>\n","protected":false},"author":12088,"featured_media":0,"parent":0,"menu_order":0,"comment_status":"closed","ping_status":"closed","template":"","meta":{"_et_pb_use_builder":"","_et_pb_old_content":"","_et_gb_content_width":"","ngg_post_thumbnail":0,"footnotes":""},"aioseo_notices":[],"_links":{"self":[{"href":"https:\/\/blogsaverroes.juntadeandalucia.es\/iesalbaytar\/wp-json\/wp\/v2\/pages\/739"}],"collection":[{"href":"https:\/\/blogsaverroes.juntadeandalucia.es\/iesalbaytar\/wp-json\/wp\/v2\/pages"}],"about":[{"href":"https:\/\/blogsaverroes.juntadeandalucia.es\/iesalbaytar\/wp-json\/wp\/v2\/types\/page"}],"author":[{"embeddable":true,"href":"https:\/\/blogsaverroes.juntadeandalucia.es\/iesalbaytar\/wp-json\/wp\/v2\/users\/12088"}],"replies":[{"embeddable":true,"href":"https:\/\/blogsaverroes.juntadeandalucia.es\/iesalbaytar\/wp-json\/wp\/v2\/comments?post=739"}],"version-history":[{"count":44,"href":"https:\/\/blogsaverroes.juntadeandalucia.es\/iesalbaytar\/wp-json\/wp\/v2\/pages\/739\/revisions"}],"predecessor-version":[{"id":1766,"href":"https:\/\/blogsaverroes.juntadeandalucia.es\/iesalbaytar\/wp-json\/wp\/v2\/pages\/739\/revisions\/1766"}],"wp:attachment":[{"href":"https:\/\/blogsaverroes.juntadeandalucia.es\/iesalbaytar\/wp-json\/wp\/v2\/media?parent=739"}],"curies":[{"name":"wp","href":"https:\/\/api.w.org\/{rel}","templated":true}]}}