{"id":765,"date":"2021-04-27T10:35:24","date_gmt":"2021-04-27T08:35:24","guid":{"rendered":"https:\/\/blogsaverroes.juntadeandalucia.es\/iesalbaytar\/?page_id=765"},"modified":"2024-07-21T18:50:56","modified_gmt":"2024-07-21T16:50:56","slug":"instrucciones-matricula-eso-2019-20","status":"publish","type":"page","link":"https:\/\/blogsaverroes.juntadeandalucia.es\/iesalbaytar\/instrucciones-matricula-eso-2019-20\/","title":{"rendered":"MATR\u00cdCULA E.S.O."},"content":{"rendered":"<p><strong><span style=\"color: #000000\">Cada mano se\u00f1ala un enlace, haga<span style=\"color: #ff0000\"> click<\/span> en ellos. Siga las <span style=\"color: #ff0000\">instrucciones<\/span> para rellenar la <span style=\"color: #ff0000\">solicitud telem\u00e1tica<\/span> en la Secretar\u00eda Virtual de los Centros Docentes Andaluces.<\/span><\/strong><\/p>\n<p><a title=\"enlace a la secretar\u00eda virtual para matr\u00edcula de ESO y BACHILLERATO\" href=\"https:\/\/www.juntadeandalucia.es\/educacion\/secretariavirtual\/accesoTramite\/543\/\" target=\"_blank\" rel=\"noopener noreferrer\"><span style=\"color: #0000ff\"><strong><img decoding=\"async\" class=\"alignnone wp-image-542\" src=\"https:\/\/blogsaverroes.juntadeandalucia.es\/iesalbaytar\/files\/2021\/02\/dedo-se\u00f1al.jpg\" alt=\"\" width=\"60\" height=\"48\"><\/strong><\/span><\/a>&nbsp; &nbsp; &nbsp;<span style=\"color: #ff0000\"><strong>&nbsp;<a style=\"color: #ff0000\" href=\"https:\/\/www.juntadeandalucia.es\/educacion\/secretariavirtual\/solicitudes\/\" target=\"_blank\" rel=\"noopener noreferrer\">SECRETAR\u00cdA VIRTUAL: <span style=\"text-decoration: underline\">SOBRE DE MATR\u00cdCULA <\/span><\/a><\/strong><\/span><\/p>\n<p><a title=\"enlace a la secretar\u00eda virtual para matr\u00edcula de ESO y BACHILLERATO\" href=\"https:\/\/www.juntadeandalucia.es\/educacion\/secretariavirtual\/accesoTramite\/543\/\" target=\"_blank\" rel=\"noopener noreferrer\"><span style=\"color: #0000ff\"><strong><img decoding=\"async\" class=\"alignnone wp-image-542\" src=\"https:\/\/blogsaverroes.juntadeandalucia.es\/iesalbaytar\/files\/2021\/02\/dedo-se\u00f1al.jpg\" alt=\"\" width=\"60\" height=\"48\"><\/strong> <\/span><\/a><a style=\"color: #0000ff\" href=\"https:\/\/blogsaverroes.juntadeandalucia.es\/iesalbaytar\/files\/2021\/06\/INSTRUCCIONES-MATR\u00cdCULA-1\u00ba-ESO.pdf\" target=\"_blank\" rel=\"noopener noreferrer\">INSTRUCCIONES MATR\u00cdCULA 1\u00ba ESO<\/a><\/p>\n<p><a title=\"enlace a la secretar\u00eda virtual para matr\u00edcula de ESO y BACHILLERATO\" href=\"https:\/\/www.juntadeandalucia.es\/educacion\/secretariavirtual\/accesoTramite\/543\/\" target=\"_blank\" rel=\"noopener noreferrer\"><span style=\"color: #0000ff\"><strong><img decoding=\"async\" class=\"alignnone wp-image-542\" src=\"https:\/\/blogsaverroes.juntadeandalucia.es\/iesalbaytar\/files\/2021\/02\/dedo-se\u00f1al.jpg\" alt=\"\" width=\"60\" height=\"48\"><\/strong><\/span><\/a><a style=\"color: #0000ff\" href=\"https:\/\/blogsaverroes.juntadeandalucia.es\/iesalbaytar\/files\/2021\/06\/INSTRUCCIONES-MATR\u00cdCULA-2\u00ba-ESO.pdf\" target=\"_blank\" rel=\"noopener noreferrer\">INSTRUCCIONES MATR\u00cdCULA 2\u00ba ESO<\/a><\/p>\n<p><a title=\"enlace a la secretar\u00eda virtual para matr\u00edcula de ESO y BACHILLERATO\" href=\"https:\/\/www.juntadeandalucia.es\/educacion\/secretariavirtual\/accesoTramite\/543\/\" target=\"_blank\" rel=\"noopener noreferrer\"><span style=\"color: #0000ff\"><strong><img decoding=\"async\" class=\"alignnone wp-image-542\" src=\"https:\/\/blogsaverroes.juntadeandalucia.es\/iesalbaytar\/files\/2021\/02\/dedo-se\u00f1al.jpg\" alt=\"\" width=\"60\" height=\"48\"><\/strong><\/span><\/a><a style=\"color: #0000ff\" href=\"https:\/\/blogsaverroes.juntadeandalucia.es\/iesalbaytar\/files\/2021\/06\/INSTRUCCIONES-MATR\u00cdCULA-3\u00ba-ESO.pdf\" target=\"_blank\" rel=\"noopener noreferrer\">INSTRUCCIONES MATR\u00cdCULA 3\u00ba ESO<\/a><\/p>\n<p><a title=\"enlace a la secretar\u00eda virtual para matr\u00edcula de ESO y BACHILLERATO\" href=\"https:\/\/www.juntadeandalucia.es\/educacion\/secretariavirtual\/accesoTramite\/543\/\" target=\"_blank\" rel=\"noopener noreferrer\"><span style=\"color: #0000ff\"><strong><img decoding=\"async\" class=\"alignnone wp-image-542\" src=\"https:\/\/blogsaverroes.juntadeandalucia.es\/iesalbaytar\/files\/2021\/02\/dedo-se\u00f1al.jpg\" alt=\"\" width=\"60\" height=\"48\"><\/strong><\/span><\/a><a style=\"color: #0000ff\" href=\"https:\/\/blogsaverroes.juntadeandalucia.es\/iesalbaytar\/files\/2021\/06\/INSTRUCCIONES-MATR\u00cdCULA-4\u00ba-ESO.pdf\" target=\"_blank\" rel=\"noopener noreferrer\">INSTRUCCIONES MATR\u00cdCULA 4\u00ba ESO<\/a><\/p>\n","protected":false},"excerpt":{"rendered":"<p>Cada mano se\u00f1ala un enlace, haga click en ellos. Siga las instrucciones para rellenar la solicitud telem\u00e1tica en la Secretar\u00eda Virtual de los Centros Docentes Andaluces. &nbsp; &nbsp; &nbsp;&nbsp;SECRETAR\u00cdA VIRTUAL: SOBRE DE MATR\u00cdCULA INSTRUCCIONES MATR\u00cdCULA 1\u00ba ESO INSTRUCCIONES MATR\u00cdCULA 2\u00ba ESO INSTRUCCIONES MATR\u00cdCULA 3\u00ba ESO INSTRUCCIONES MATR\u00cdCULA 4\u00ba ESO<\/p>\n","protected":false},"author":12088,"featured_media":0,"parent":0,"menu_order":0,"comment_status":"closed","ping_status":"closed","template":"","meta":{"_et_pb_use_builder":"","_et_pb_old_content":"","_et_gb_content_width":"","ngg_post_thumbnail":0,"footnotes":""},"aioseo_notices":[],"_links":{"self":[{"href":"https:\/\/blogsaverroes.juntadeandalucia.es\/iesalbaytar\/wp-json\/wp\/v2\/pages\/765"}],"collection":[{"href":"https:\/\/blogsaverroes.juntadeandalucia.es\/iesalbaytar\/wp-json\/wp\/v2\/pages"}],"about":[{"href":"https:\/\/blogsaverroes.juntadeandalucia.es\/iesalbaytar\/wp-json\/wp\/v2\/types\/page"}],"author":[{"embeddable":true,"href":"https:\/\/blogsaverroes.juntadeandalucia.es\/iesalbaytar\/wp-json\/wp\/v2\/users\/12088"}],"replies":[{"embeddable":true,"href":"https:\/\/blogsaverroes.juntadeandalucia.es\/iesalbaytar\/wp-json\/wp\/v2\/comments?post=765"}],"version-history":[{"count":27,"href":"https:\/\/blogsaverroes.juntadeandalucia.es\/iesalbaytar\/wp-json\/wp\/v2\/pages\/765\/revisions"}],"predecessor-version":[{"id":1720,"href":"https:\/\/blogsaverroes.juntadeandalucia.es\/iesalbaytar\/wp-json\/wp\/v2\/pages\/765\/revisions\/1720"}],"wp:attachment":[{"href":"https:\/\/blogsaverroes.juntadeandalucia.es\/iesalbaytar\/wp-json\/wp\/v2\/media?parent=765"}],"curies":[{"name":"wp","href":"https:\/\/api.w.org\/{rel}","templated":true}]}}