{"id":885,"date":"2021-05-25T09:49:05","date_gmt":"2021-05-25T07:49:05","guid":{"rendered":"https:\/\/blogsaverroes.juntadeandalucia.es\/iesalbaytar\/?page_id=885"},"modified":"2025-02-21T13:00:34","modified_gmt":"2025-02-21T12:00:34","slug":"procedimiento-extraordinario-de-admision-anexo-ix","status":"publish","type":"page","link":"https:\/\/blogsaverroes.juntadeandalucia.es\/iesalbaytar\/procedimiento-extraordinario-de-admision-anexo-ix\/","title":{"rendered":"PPROCEDIMIENTO EXTRAORDINARIO DE ADMISI\u00d3N [anexo IX]"},"content":{"rendered":"<p style=\"text-align: center\"><span style=\"color: #000000\">PROCEDIMIENTO EXTRAORDINARIO DE ADMISI\u00d3N EN CENTROS DOCENTES P\u00daBLICOS Y PRIVADOS CONCERTADOS<\/span><br \/>\n<span style=\"color: #000000\">PARA CURSAR LAS ENSE\u00d1ANZAS DE SEGUNDO CICLO DE EDUCACI\u00d3N INFANTIL, EDUCACI\u00d3N PRIMARIA, EDUCACI\u00d3N<\/span><br \/>\n<span style=\"color: #000000\">ESPECIAL, EDUCACI\u00d3N SECUNDARIA OBLIGATORIA Y BACHILLERATO. (C\u00f3digo procedimiento: 2435)<\/span><\/p>\n<p><span style=\"color: #0000ff\"><span style=\"color: #ff0000\">Aquellos alumnos que soliciten durante el curso admisi\u00f3n por procedimiento extraordinario deben enviar el<\/span><strong><span style=\"font-size: 12pt\"><span style=\"color: #ff0000;font-size: 12pt\"><img decoding=\"async\" class=\"wp-image-542 alignnone\" src=\"https:\/\/blogsaverroes.juntadeandalucia.es\/iesalbaytar\/files\/2021\/02\/dedo-se\u00f1al.jpg\" alt=\"\" width=\"40\" height=\"32\"><span style=\"color: #0000ff\"><a style=\"color: #0000ff\" href=\"https:\/\/blogsaverroes.juntadeandalucia.es\/iesalbaytar\/files\/2021\/05\/0022541-A00-V03-00-ANEXO-IX.pdf\" target=\"_blank\" rel=\"noopener noreferrer\">ANEXO IX<\/a><\/span><\/span><\/span><\/strong><\/span><\/p>\n<p style=\"text-align: center\"><span style=\"color: #339966\"><strong>Recuerde:<\/strong> al cumplimentar el anexo IX debe darle a <strong>\u00abimprimir\u00bb<\/strong> y seleccionar <strong>\u00abguardar como PDF\u00bb <\/strong>poniendo el nombre del alumno al documento<\/span><\/p>\n<p><span style=\"color: #ff0000\">cumplimentado de dos maneras, a elegir:<\/span><\/p>\n<ul style=\"list-style-type: disc\">\n<li><span style=\"color: #ff0000;font-size: 12pt\"><strong>v\u00eda secretar\u00eda virtual:<\/strong><\/span><\/li>\n<\/ul>\n<p><span style=\"color: #ff0000;font-size: 12pt\"><strong><img decoding=\"async\" class=\"alignleft wp-image-542\" src=\"https:\/\/blogsaverroes.juntadeandalucia.es\/iesalbaytar\/files\/2021\/02\/dedo-se\u00f1al.jpg\" alt=\"\" width=\"42\" height=\"33\"><span style=\"color: #0000ff\"> <a style=\"color: #0000ff\" href=\"https:\/\/www.juntadeandalucia.es\/educacion\/secretariavirtual\/accesoTramite\/462\/\" target=\"_blank\" rel=\"noopener noreferrer\">https:\/\/www.juntadeandalucia.es\/educacion\/secretariavirtual\/accesoTramite\/462\/<\/a><\/span><\/strong><\/span><\/p>\n<p>&nbsp;<\/p>\n<ul>\n<li><span style=\"color: #800080;font-size: 12pt\"><strong><span style=\"color: #ff0000\">o al e-mail<\/span> <span style=\"font-size: 14pt;color: #0000ff\">secretariaalbaytar1@gmail.com<\/span><\/strong><\/span><\/li>\n<\/ul>\n","protected":false},"excerpt":{"rendered":"<p>PROCEDIMIENTO EXTRAORDINARIO DE ADMISI\u00d3N EN CENTROS DOCENTES P\u00daBLICOS Y PRIVADOS CONCERTADOS PARA CURSAR LAS ENSE\u00d1ANZAS DE SEGUNDO CICLO DE EDUCACI\u00d3N INFANTIL, EDUCACI\u00d3N PRIMARIA, EDUCACI\u00d3N ESPECIAL, EDUCACI\u00d3N SECUNDARIA OBLIGATORIA Y BACHILLERATO. (C\u00f3digo procedimiento: 2435) Aquellos alumnos que soliciten durante el curso admisi\u00f3n por procedimiento extraordinario deben enviar elANEXO IX Recuerde: al cumplimentar el anexo IX debe [&hellip;]<\/p>\n","protected":false},"author":12088,"featured_media":0,"parent":0,"menu_order":0,"comment_status":"closed","ping_status":"closed","template":"","meta":{"_et_pb_use_builder":"","_et_pb_old_content":"","_et_gb_content_width":"","ngg_post_thumbnail":0,"footnotes":""},"aioseo_notices":[],"_links":{"self":[{"href":"https:\/\/blogsaverroes.juntadeandalucia.es\/iesalbaytar\/wp-json\/wp\/v2\/pages\/885"}],"collection":[{"href":"https:\/\/blogsaverroes.juntadeandalucia.es\/iesalbaytar\/wp-json\/wp\/v2\/pages"}],"about":[{"href":"https:\/\/blogsaverroes.juntadeandalucia.es\/iesalbaytar\/wp-json\/wp\/v2\/types\/page"}],"author":[{"embeddable":true,"href":"https:\/\/blogsaverroes.juntadeandalucia.es\/iesalbaytar\/wp-json\/wp\/v2\/users\/12088"}],"replies":[{"embeddable":true,"href":"https:\/\/blogsaverroes.juntadeandalucia.es\/iesalbaytar\/wp-json\/wp\/v2\/comments?post=885"}],"version-history":[{"count":5,"href":"https:\/\/blogsaverroes.juntadeandalucia.es\/iesalbaytar\/wp-json\/wp\/v2\/pages\/885\/revisions"}],"predecessor-version":[{"id":2036,"href":"https:\/\/blogsaverroes.juntadeandalucia.es\/iesalbaytar\/wp-json\/wp\/v2\/pages\/885\/revisions\/2036"}],"wp:attachment":[{"href":"https:\/\/blogsaverroes.juntadeandalucia.es\/iesalbaytar\/wp-json\/wp\/v2\/media?parent=885"}],"curies":[{"name":"wp","href":"https:\/\/api.w.org\/{rel}","templated":true}]}}