{"id":97,"date":"2017-01-15T13:42:36","date_gmt":"2017-01-15T13:42:36","guid":{"rendered":"http:\/\/blogsaverroes.juntadeandalucia.es\/iesalcor\/?page_id=97"},"modified":"2023-08-03T19:29:54","modified_gmt":"2023-08-03T17:29:54","slug":"documentos","status":"publish","type":"page","link":"https:\/\/blogsaverroes.juntadeandalucia.es\/iesalcor\/?page_id=97","title":{"rendered":"Documentos"},"content":{"rendered":"<p><strong>-PLAN DE CENTRO DEL IES ALCOR<\/strong><\/p>\n<ul style=\"list-style-type: circle\">\n<li><a href=\"https:\/\/drive.google.com\/file\/d\/1KAjfox_FR01WcB8BgjIQ72BmyfDaJNNq\/view?usp=sharing\" target=\"_blank\" rel=\"noopener noreferrer\">Proyecto Educativo<\/a><\/li>\n<li><a href=\"https:\/\/drive.google.com\/file\/d\/12y9V7W4txx1_7gEtXAGbaHzKKa47jgTd\/view?usp=sharing\" target=\"_blank\" rel=\"noopener noreferrer\">Reglamento de Orden y funcionamiento del centro<\/a><\/li>\n<li><a href=\"https:\/\/drive.google.com\/file\/d\/1URX5knDrUegzkDVmyF4Lg2UAUfKCLYP-\/view?usp=sharing\" target=\"_blank\" rel=\"noopener noreferrer\">Proyecto de Gesti\u00f3n<\/a><\/li>\n<li><a href=\"https:\/\/drive.google.com\/file\/d\/18bkngecx7xXn6TSxT87dpmzvlzrBGBtZ\/view?usp=sharing\" target=\"_blank\" rel=\"noopener noreferrer\">Plan de Orientaci\u00f3n y Acci\u00f3n Tutorial<\/a><\/li>\n<li><a href=\"https:\/\/drive.google.com\/file\/d\/1S8zmQPhVYAwH4652kzgDb6GYgWD_QYLG\/view?usp=sharing\" target=\"_blank\" rel=\"noopener noreferrer\">Plan de Convivencia<\/a><\/li>\n<li><a href=\"https:\/\/blogsaverroes.juntadeandalucia.es\/iesalcor\/files\/2020\/07\/II-Plan-Coeducaci\u00f3n-IES-ALCOR-2016_21-.pdf\" target=\"_blank\" rel=\"noopener noreferrer\">Plan de Igualdad<\/a><\/li>\n<li><a href=\"https:\/\/drive.google.com\/file\/d\/142ZM9vHKoduY76AbrcbbSsravbVwwf7N\/view?usp=sharing\" target=\"_blank\" rel=\"noopener noreferrer\">Plan de Autoproteccci\u00f3n<\/a><\/li>\n<\/ul>\n<p><a href=\"https:\/\/blogsaverroes.juntadeandalucia.es\/iesalcor\/files\/2021\/04\/PROTOCOLO_-COVID_-IES-ALCOR-20-21.pdf\" target=\"_blank\" rel=\"noopener noreferrer\"><strong>-PROTOCOLO COVID 2020-2021<\/strong><\/a><\/p>\n<h3 style=\"text-align: left\">-CRITERIOS EE EVALUACI\u00d3N Y CALIFICACI\u00d3N (CURSO 2022\/2023)<\/h3>\n<ul style=\"list-style-type: circle\">\n<li>\n<div><a href=\"https:\/\/drive.google.com\/drive\/folders\/1OeJc4-fzEDyBvyg4fu73gtST5TSJGh3d?usp=sharing\" target=\"_blank\" rel=\"noopener noreferrer\" data-saferedirecturl=\"https:\/\/www.google.com\/url?q=https:\/\/drive.google.com\/drive\/folders\/1OeJc4-fzEDyBvyg4fu73gtST5TSJGh3d?usp%3Dsharing&amp;source=gmail&amp;ust=1671734695519000&amp;usg=AOvVaw2LtU9ciMR2hFDCxlerZubc\">Enlace a los criterios de evaluaci\u00f3n y calificaci\u00f3n 1\u00ba ESO Curso 2022-2023<\/a><\/div>\n<\/li>\n<li>\n<div><a href=\"https:\/\/drive.google.com\/drive\/folders\/1Iqne2kQuI3cwAed-Fehpqx8oYOEXQSVX?usp=sharing\" target=\"_blank\" rel=\"noopener noreferrer\" data-saferedirecturl=\"https:\/\/www.google.com\/url?q=https:\/\/drive.google.com\/drive\/folders\/1Iqne2kQuI3cwAed-Fehpqx8oYOEXQSVX?usp%3Dsharing&amp;source=gmail&amp;ust=1671734695519000&amp;usg=AOvVaw0AEmBdJfusAPfXy2JwW98c\">Enlace a los criterios de evaluaci\u00f3n y calificaci\u00f3n 2\u00ba ESO Curso 2022-2023<\/a><\/div>\n<\/li>\n<li>\n<div><a href=\"https:\/\/drive.google.com\/drive\/folders\/12gJuqoqGXAsMaE6XuPOaT05dLTiAQrtj?usp=sharing\" target=\"_blank\" rel=\"noopener noreferrer\" data-saferedirecturl=\"https:\/\/www.google.com\/url?q=https:\/\/drive.google.com\/drive\/folders\/12gJuqoqGXAsMaE6XuPOaT05dLTiAQrtj?usp%3Dsharing&amp;source=gmail&amp;ust=1671734695519000&amp;usg=AOvVaw1iTgtM9lEY4JAzq9zVBDCe\">Enlace a los criterios de evaluaci\u00f3n y calificaci\u00f3n 3\u00ba ESO Curso 2022-2023<\/a><\/div>\n<\/li>\n<li>\n<div><a href=\"https:\/\/drive.google.com\/drive\/folders\/16CHorSsj0RcuU2rh07MDU6a_c0Bc6ekR?usp=sharing\" target=\"_blank\" rel=\"noopener noreferrer\" data-saferedirecturl=\"https:\/\/www.google.com\/url?q=https:\/\/drive.google.com\/drive\/folders\/16CHorSsj0RcuU2rh07MDU6a_c0Bc6ekR?usp%3Dsharing&amp;source=gmail&amp;ust=1671734695519000&amp;usg=AOvVaw2AzVTkH6ilnSx4e03EwOvA\">Enlace a los criterios de evaluaci\u00f3n y calificaci\u00f3n 4\u00ba ESO Curso 2022-2023<\/a><\/div>\n<\/li>\n<\/ul>\n","protected":false},"excerpt":{"rendered":"<p>-PLAN DE CENTRO DEL IES ALCOR Proyecto Educativo Reglamento de Orden y funcionamiento del centro Proyecto de Gesti\u00f3n Plan de Orientaci\u00f3n y Acci\u00f3n Tutorial Plan de Convivencia Plan de Igualdad Plan de Autoproteccci\u00f3n -PROTOCOLO&#46;&#46;&#46;<\/p>\n","protected":false},"author":4192,"featured_media":0,"parent":0,"menu_order":0,"comment_status":"closed","ping_status":"closed","template":"page-template-full.php","meta":{"ngg_post_thumbnail":0,"footnotes":""},"aioseo_notices":[],"_links":{"self":[{"href":"https:\/\/blogsaverroes.juntadeandalucia.es\/iesalcor\/index.php?rest_route=\/wp\/v2\/pages\/97"}],"collection":[{"href":"https:\/\/blogsaverroes.juntadeandalucia.es\/iesalcor\/index.php?rest_route=\/wp\/v2\/pages"}],"about":[{"href":"https:\/\/blogsaverroes.juntadeandalucia.es\/iesalcor\/index.php?rest_route=\/wp\/v2\/types\/page"}],"author":[{"embeddable":true,"href":"https:\/\/blogsaverroes.juntadeandalucia.es\/iesalcor\/index.php?rest_route=\/wp\/v2\/users\/4192"}],"replies":[{"embeddable":true,"href":"https:\/\/blogsaverroes.juntadeandalucia.es\/iesalcor\/index.php?rest_route=%2Fwp%2Fv2%2Fcomments&post=97"}],"version-history":[{"count":48,"href":"https:\/\/blogsaverroes.juntadeandalucia.es\/iesalcor\/index.php?rest_route=\/wp\/v2\/pages\/97\/revisions"}],"predecessor-version":[{"id":1057,"href":"https:\/\/blogsaverroes.juntadeandalucia.es\/iesalcor\/index.php?rest_route=\/wp\/v2\/pages\/97\/revisions\/1057"}],"wp:attachment":[{"href":"https:\/\/blogsaverroes.juntadeandalucia.es\/iesalcor\/index.php?rest_route=%2Fwp%2Fv2%2Fmedia&parent=97"}],"curies":[{"name":"wp","href":"https:\/\/api.w.org\/{rel}","templated":true}]}}