{"id":1462,"date":"2023-09-28T00:22:05","date_gmt":"2023-09-27T22:22:05","guid":{"rendered":"https:\/\/blogsaverroes.juntadeandalucia.es\/iesalcrebite\/?page_id=1462"},"modified":"2023-09-28T23:01:22","modified_gmt":"2023-09-28T21:01:22","slug":"bachillerato","status":"publish","type":"page","link":"https:\/\/blogsaverroes.juntadeandalucia.es\/iesalcrebite\/bachillerato\/","title":{"rendered":"BACHILLERATO"},"content":{"rendered":"<p><span style=\"font-size: 18pt\"><strong>BACHILLERATO DE CIENCIAS Y TECNOLOG\u00cdA<\/strong><\/span><\/p>\n<p><span style=\"font-size: 18pt\"><strong>BACHILLERATO DE HUMANIDADES Y CIENCIAS SOCIALES<\/strong><\/span><\/p>\n<p>&nbsp;<\/p>\n<p>NORMATIVA:<\/p>\n<ul class=\"lista\">\n<li><a href=\"https:\/\/www.adideandalucia.es\/normas\/ordenes\/Orden30mayo2023Bachillerato.pdf\" target=\"_blank\" rel=\"noopener noreferrer\">ORDEN de 30 de mayo de 2023<\/a>, por la que se desarrolla el curr\u00edculo correspondiente a la etapa de Bachillerato en la Comunidad Aut\u00f3noma de Andaluc\u00eda, se regulan determinados aspectos de la atenci\u00f3n a la diversidad y a las diferencias individuales y se establece la ordenaci\u00f3n de la evaluaci\u00f3n del proceso de aprendizaje del alumnado (BOJA 02-06-2023).&nbsp;<a href=\"https:\/\/www.adideandalucia.es\/normas\/ordenes\/Orden30mayo2023Bachillerato-Anexo1.pdf\" target=\"_blank\" rel=\"noopener noreferrer\">Anexo I<\/a>.&nbsp;<a href=\"https:\/\/www.adideandalucia.es\/normas\/ordenes\/Orden30mayo2023Bachillerato-Anexo2.pdf\" target=\"_blank\" rel=\"noopener noreferrer\">Anexo II<\/a>.&nbsp;<a href=\"https:\/\/www.adideandalucia.es\/normas\/ordenes\/Orden30mayo2023Bachillerato-Anexo3.pdf\" target=\"_blank\" rel=\"noopener noreferrer\">Anexo III<\/a>.&nbsp;<a href=\"https:\/\/www.adideandalucia.es\/normas\/ordenes\/Orden30mayo2023Bachillerato-Anexo4.pdf\" target=\"_blank\" rel=\"noopener noreferrer\">Anexo IV<\/a>.&nbsp;<a href=\"https:\/\/www.adideandalucia.es\/normas\/ordenes\/Orden30mayo2023Bachillerato-Anexo5.pdf\" target=\"_blank\" rel=\"noopener noreferrer\">Anexo V<\/a>.&nbsp;<a href=\"https:\/\/www.adideandalucia.es\/normas\/ordenes\/Orden30mayo2023Bachillerato-Anexo6.pdf\" target=\"_blank\" rel=\"noopener noreferrer\">Anexo VI<\/a>.&nbsp;<a href=\"https:\/\/www.adideandalucia.es\/normas\/ordenes\/Orden30mayo2023Bachillerato-Anexo7.pdf\" target=\"_blank\" rel=\"noopener noreferrer\">Anexo VII<\/a>.&nbsp;<a href=\"https:\/\/www.adideandalucia.es\/normas\/ordenes\/Orden30mayo2023Bachillerato-Anexo8.pdf\" target=\"_blank\" rel=\"noopener noreferrer\">Anexo VIII<\/a>.<\/li>\n<\/ul>\n<p>&nbsp;<\/p>\n<p>&nbsp;<\/p>\n","protected":false},"excerpt":{"rendered":"<p>BACHILLERATO DE CIENCIAS Y TECNOLOG\u00cdA BACHILLERATO DE HUMANIDADES Y CIENCIAS SOCIALES &nbsp; NORMATIVA: ORDEN de 30 de mayo de 2023, por la que se desarrolla el curr\u00edculo correspondiente a la etapa de Bachillerato en&#46;&#46;&#46;<\/p>\n","protected":false},"author":14869,"featured_media":0,"parent":0,"menu_order":0,"comment_status":"closed","ping_status":"closed","template":"","meta":{"ngg_post_thumbnail":0,"footnotes":""},"aioseo_notices":[],"_links":{"self":[{"href":"https:\/\/blogsaverroes.juntadeandalucia.es\/iesalcrebite\/wp-json\/wp\/v2\/pages\/1462"}],"collection":[{"href":"https:\/\/blogsaverroes.juntadeandalucia.es\/iesalcrebite\/wp-json\/wp\/v2\/pages"}],"about":[{"href":"https:\/\/blogsaverroes.juntadeandalucia.es\/iesalcrebite\/wp-json\/wp\/v2\/types\/page"}],"author":[{"embeddable":true,"href":"https:\/\/blogsaverroes.juntadeandalucia.es\/iesalcrebite\/wp-json\/wp\/v2\/users\/14869"}],"replies":[{"embeddable":true,"href":"https:\/\/blogsaverroes.juntadeandalucia.es\/iesalcrebite\/wp-json\/wp\/v2\/comments?post=1462"}],"version-history":[{"count":2,"href":"https:\/\/blogsaverroes.juntadeandalucia.es\/iesalcrebite\/wp-json\/wp\/v2\/pages\/1462\/revisions"}],"predecessor-version":[{"id":1467,"href":"https:\/\/blogsaverroes.juntadeandalucia.es\/iesalcrebite\/wp-json\/wp\/v2\/pages\/1462\/revisions\/1467"}],"wp:attachment":[{"href":"https:\/\/blogsaverroes.juntadeandalucia.es\/iesalcrebite\/wp-json\/wp\/v2\/media?parent=1462"}],"curies":[{"name":"wp","href":"https:\/\/api.w.org\/{rel}","templated":true}]}}