{"id":1557,"date":"2023-11-26T09:44:19","date_gmt":"2023-11-26T08:44:19","guid":{"rendered":"https:\/\/blogsaverroes.juntadeandalucia.es\/iesalcrebite\/?page_id=1557"},"modified":"2023-11-26T10:30:14","modified_gmt":"2023-11-26T09:30:14","slug":"plan-de-centro-2","status":"publish","type":"page","link":"https:\/\/blogsaverroes.juntadeandalucia.es\/iesalcrebite\/plan-de-centro-2\/","title":{"rendered":"Plan de centro"},"content":{"rendered":"<p><span style=\"font-size: 24pt\"><strong>PLAN DE CENTRO<\/strong><\/span><span style=\"font-size: 24pt\"><strong>&nbsp;<img loading=\"lazy\" decoding=\"async\" class=\"wp-image-1629 alignnone\" src=\"https:\/\/blogsaverroes.juntadeandalucia.es\/iesalcrebite\/files\/2023\/11\/logo.jpg\" alt=\"\" width=\"96\" height=\"52\"><\/strong><\/span><\/p>\n<p><span style=\"font-size: 24pt\"><strong> <span style=\"font-size: 8pt\">(Noviembre 2023)<\/span><\/strong><\/span><\/p>\n<p><a href=\"https:\/\/blogsaverroes.juntadeandalucia.es\/iesalcrebite\/files\/2023\/11\/0.\u00cdndicePlanCentro.pdf\">0. \u00cdndice<\/a><\/p>\n<p><a href=\"https:\/\/blogsaverroes.juntadeandalucia.es\/iesalcrebite\/files\/2023\/11\/1.-Contextualizaci\u00f3n-Plan-Centro.pdf\">1. Contextualizaci\u00f3n<\/a><\/p>\n<p><a href=\"https:\/\/blogsaverroes.juntadeandalucia.es\/iesalcrebite\/files\/2023\/11\/2.-Normativa-Plan-Centro.pdf\">2. Normativa<\/a><\/p>\n<p><a href=\"https:\/\/blogsaverroes.juntadeandalucia.es\/iesalcrebite\/files\/2023\/11\/3PE.AObjetivos.pdf\">3PE.A) Objetivos<\/a><\/p>\n<p><a href=\"https:\/\/blogsaverroes.juntadeandalucia.es\/iesalcrebite\/files\/2023\/11\/3PE.BL\u00edneas-generales.pdf\">3PE.B) L\u00edneas generales<\/a><\/p>\n<p><a href=\"https:\/\/blogsaverroes.juntadeandalucia.es\/iesalcrebite\/files\/2023\/11\/3PE.CCoordinaci\u00f3n.pdf\">3PE.C) Coordinaci\u00f3n<\/a><\/p>\n<p><a href=\"https:\/\/blogsaverroes.juntadeandalucia.es\/iesalcrebite\/files\/2023\/11\/3PE.D\u00d3rganos-Coordinaci\u00f3n.pdf\">3PE.D) \u00d3rganos de Coordinaci\u00f3n<\/a><\/p>\n<p><a href=\"https:\/\/blogsaverroes.juntadeandalucia.es\/iesalcrebite\/files\/2023\/11\/3PE.EEvaluaci\u00f3n.pdf\">3PE.E) Evaluaci\u00f3n<\/a><\/p>\n<p><a href=\"https:\/\/blogsaverroes.juntadeandalucia.es\/iesalcrebite\/files\/2023\/11\/3PE.FAtenci\u00f3nDiversidad.pdf\">3PE.F) Atenci\u00f3n a la Diversidad<\/a><\/p>\n<p><a href=\"https:\/\/blogsaverroes.juntadeandalucia.es\/iesalcrebite\/files\/2023\/11\/3PE.GRecuperaci\u00f3n-Materias.pdf\">3PE.G) Recuperaci\u00f3n de Materias<\/a><\/p>\n<p><a href=\"https:\/\/blogsaverroes.juntadeandalucia.es\/iesalcrebite\/files\/2023\/11\/3PE.H-POAT-1.pdf\">3PE.H) POAT<\/a><\/p>\n<p><a href=\"https:\/\/blogsaverroes.juntadeandalucia.es\/iesalcrebite\/files\/2023\/11\/3PE.ICompromisos.pdf\">3PE.I) Compromisos<\/a><\/p>\n<p><a href=\"https:\/\/blogsaverroes.juntadeandalucia.es\/iesalcrebite\/files\/2023\/11\/3PE.J-PlanConvivencia.pdf\">3PE.J) Plan de Convivencia<\/a><\/p>\n<p><a href=\"https:\/\/blogsaverroes.juntadeandalucia.es\/iesalcrebite\/files\/2023\/11\/3PE.LCriterios-Tiempo-Escolar.pdf\">3PE.L) Criterios de Tiempo Escolar<\/a><\/p>\n<p><a href=\"https:\/\/blogsaverroes.juntadeandalucia.es\/iesalcrebite\/files\/2023\/11\/3PE.N-Evaluaci\u00f3n-interna.pdf\">3PE.N) Evaluaci\u00f3n interna<\/a><\/p>\n<p><a href=\"https:\/\/blogsaverroes.juntadeandalucia.es\/iesalcrebite\/files\/2023\/11\/3PE.\u00d1Agrupamientos-Tutor\u00edas.pdf\">3PE.\u00d1) Agrupamientos Tutor\u00edas<\/a><\/p>\n<p><a href=\"https:\/\/blogsaverroes.juntadeandalucia.es\/iesalcrebite\/files\/2023\/11\/3PE.OCriterios-Optativas.pdf\">3PE.O) Criterios Optativas<\/a><\/p>\n<p><a href=\"https:\/\/blogsaverroes.juntadeandalucia.es\/iesalcrebite\/files\/2023\/11\/3PE.PFPB_.pdf\">3PE.P) CFGB<\/a><\/p>\n<p><a href=\"https:\/\/blogsaverroes.juntadeandalucia.es\/iesalcrebite\/files\/2023\/11\/3PE.QProgramaciones.pdf\">3PE.Q) Programaciones<\/a><\/p>\n<p><a href=\"https:\/\/blogsaverroes.juntadeandalucia.es\/iesalcrebite\/files\/2023\/11\/3PE.RPlanes.pdf\">3PE.R) Planes<\/a><\/p>\n<p><a href=\"https:\/\/blogsaverroes.juntadeandalucia.es\/iesalcrebite\/files\/2023\/11\/3PE.SAComplementarias.pdf\">3PE.SA) Complementarias<\/a><\/p>\n<p><a href=\"https:\/\/blogsaverroes.juntadeandalucia.es\/iesalcrebite\/files\/2023\/11\/3PE.SBPlan-de-Tr\u00e1nsito.docx.pdf\">3PE.SB) Plan de Tr\u00e1nsito<\/a><\/p>\n<p><a href=\"https:\/\/blogsaverroes.juntadeandalucia.es\/iesalcrebite\/files\/2023\/11\/4.ROF_.-1.pdf\">4. ROF<\/a><\/p>\n<p><a href=\"https:\/\/blogsaverroes.juntadeandalucia.es\/iesalcrebite\/files\/2023\/11\/5.Gesti\u00f3n-Econ\u00f3mica.-1.pdf\">5. Gesti\u00f3n Econ\u00f3mica<\/a><\/p>\n<p>&nbsp;<\/p>\n","protected":false},"excerpt":{"rendered":"<p>PLAN DE CENTRO&nbsp; (Noviembre 2023) 0. \u00cdndice 1. Contextualizaci\u00f3n 2. Normativa 3PE.A) Objetivos 3PE.B) L\u00edneas generales 3PE.C) Coordinaci\u00f3n 3PE.D) \u00d3rganos de Coordinaci\u00f3n 3PE.E) Evaluaci\u00f3n 3PE.F) Atenci\u00f3n a la Diversidad 3PE.G) Recuperaci\u00f3n de Materias 3PE.H)&#46;&#46;&#46;<\/p>\n","protected":false},"author":14869,"featured_media":0,"parent":0,"menu_order":0,"comment_status":"closed","ping_status":"closed","template":"","meta":{"ngg_post_thumbnail":0,"footnotes":""},"aioseo_notices":[],"_links":{"self":[{"href":"https:\/\/blogsaverroes.juntadeandalucia.es\/iesalcrebite\/wp-json\/wp\/v2\/pages\/1557"}],"collection":[{"href":"https:\/\/blogsaverroes.juntadeandalucia.es\/iesalcrebite\/wp-json\/wp\/v2\/pages"}],"about":[{"href":"https:\/\/blogsaverroes.juntadeandalucia.es\/iesalcrebite\/wp-json\/wp\/v2\/types\/page"}],"author":[{"embeddable":true,"href":"https:\/\/blogsaverroes.juntadeandalucia.es\/iesalcrebite\/wp-json\/wp\/v2\/users\/14869"}],"replies":[{"embeddable":true,"href":"https:\/\/blogsaverroes.juntadeandalucia.es\/iesalcrebite\/wp-json\/wp\/v2\/comments?post=1557"}],"version-history":[{"count":11,"href":"https:\/\/blogsaverroes.juntadeandalucia.es\/iesalcrebite\/wp-json\/wp\/v2\/pages\/1557\/revisions"}],"predecessor-version":[{"id":1634,"href":"https:\/\/blogsaverroes.juntadeandalucia.es\/iesalcrebite\/wp-json\/wp\/v2\/pages\/1557\/revisions\/1634"}],"wp:attachment":[{"href":"https:\/\/blogsaverroes.juntadeandalucia.es\/iesalcrebite\/wp-json\/wp\/v2\/media?parent=1557"}],"curies":[{"name":"wp","href":"https:\/\/api.w.org\/{rel}","templated":true}]}}