{"id":295,"date":"2020-01-23T11:42:26","date_gmt":"2020-01-23T10:42:26","guid":{"rendered":"http:\/\/blogsaverroes.juntadeandalucia.es\/pre\/nuevoiesv2\/?page_id=295"},"modified":"2022-10-24T21:56:49","modified_gmt":"2022-10-24T19:56:49","slug":"nuestra-historia","status":"publish","type":"page","link":"https:\/\/blogsaverroes.juntadeandalucia.es\/iesalcrebite\/nuestra-historia\/","title":{"rendered":"Nuestra Historia"},"content":{"rendered":"<p><img loading=\"lazy\" decoding=\"async\" class=\"size-medium wp-image-817 aligncenter\" src=\"https:\/\/blogsaverroes.juntadeandalucia.es\/iesalcrebite\/files\/2022\/10\/CONSTRUCCION4-300x148.jpg\" alt=\"\" width=\"300\" height=\"148\" srcset=\"https:\/\/blogsaverroes.juntadeandalucia.es\/iesalcrebite\/files\/2022\/10\/CONSTRUCCION4-300x148.jpg 300w, https:\/\/blogsaverroes.juntadeandalucia.es\/iesalcrebite\/files\/2022\/10\/CONSTRUCCION4.jpg 454w\" sizes=\"(max-width: 300px) 100vw, 300px\" \/><\/p>\n<p>&nbsp;<\/p>\n<p>A\u00f1o 1956, el \u2018Movimiento\u2019 y sus representantes locales y provinciales valoran la necesidad educativa y de formaci\u00f3n de la Comarca de Baza y deciden la creaci\u00f3n de un Instituto Laboral que, gestionado por un patronato compuesto por el Excmo. Ayuntamiento, la Diputaci\u00f3n Provincial, el Sindicato, el Ministerio y algunas entidades privadas, permita que los j\u00f3venes de la zona no tengan que desplazarse a Granada o Almer\u00eda a revalidar su formaci\u00f3n o a obtener la titulaci\u00f3n que le permita continuar sus estudios.<\/p>\n<p>Casi veinte a\u00f1os despu\u00e9s deja de ser \u2018Laboral\u2019 y masculino, comienza una nueva singladura mixta auspiciada por la ley \u2018Villar Palas\u00ed\u2019 con lo que las aulas con hasta cuarenta y cinco alumnos por grupo son claramente insuficientes para atender la demanda de matr\u00edculas, por lo que se estima conveniente la creaci\u00f3n de un Instituto orientado a la formaci\u00f3n profesional (el actual IES Jim\u00e9nez Montoya), pero, sigue habiendo escasez de puestos escolares ofertados para atender una demanda de formaci\u00f3n orientada a la obtenci\u00f3n del t\u00edtulo de Bachiller superior cada vez mayor en la Comarca. Se decide la creaci\u00f3n de un nuevo edificio que soporte esta demanda (el, hoy denominado, IES Jos\u00e9 de Mora) pero el aumento de la poblaci\u00f3n joven en edad de este nivel formativo hace que sea necesario reutilizar el antiguo edificio y la creaci\u00f3n de un nuevo centro administrativo denominado Extensi\u00f3n del Instituto de Bachillerato Jos\u00e9 de Mora.<\/p>\n<p>Esta Extensi\u00f3n del IB Jos\u00e9 de Mora ser\u00e1 el germen de lo que ahora denominamos Instituto Alcrebite. En efecto, con el adelanto de la LOGSE en 1995, esta Extensi\u00f3n se convierte en Secci\u00f3n del IES Jos\u00e9 de Mora, con la nueva normativa que reduce la ratio de los grupos y que hace que la Secci\u00f3n sea un centro con relativa autonom\u00eda pero con una gesti\u00f3n complicada debido al estatus dif\u00edcil de sostener una Secci\u00f3n en la misma localidad del centro matriz, se comprueba que la demanda educativa de la zona, aconseja la conversi\u00f3n de dicha Secci\u00f3n en centro aut\u00f3nomo, tarea a la que se dedican distintos gobiernos de la administraci\u00f3n local junto con el especial inter\u00e9s de D. Manuel Avil\u00e9s, a la saz\u00f3n Inspector de Zona. Siete a\u00f1os despu\u00e9s este proyecto ve la luz la Secci\u00f3n del IES Jos\u00e9 de Mora se traslada al nuevo edificio pasando a ser el \u2018Nuevo IES\u2019 de Baza.<\/p>\n<p>Oto\u00f1o de 2002, aunque nuevo administrativa y materialmente, se inicia la andadura de este Instituto como centro de referencia de la Educaci\u00f3n Secundaria Obligatoria en Baza, no obstante, por solera educativa y experiencia docente desde el primer momento muestra una clara vocaci\u00f3n postobligatoria e inicia una lucha para ofrecer a su alumnado un periodo educativo y de formaci\u00f3n que colme las expectativas de proseguir sus estudios en la formaci\u00f3n universitaria o de formaci\u00f3n profesional superior tras seis a\u00f1os de permanencia en el instituto, es as\u00ed y gracias al esfuerzo y constancia de su comunidad escolar, del apoyo de las instituciones locales que el a\u00f1o 2011 se concede la impartici\u00f3n del bachillerato en el IES Alcrebite, y es as\u00ed que a d\u00eda de hoy ya hemos acompa\u00f1ado al alumnado del centro a las pruebas de selectividad universitaria con un 98% de \u00e9xito, lo cual nos honra y nos motiva para continuar en el esfuerzo de mejorar en educaci\u00f3n, formaci\u00f3n, convivencia, integraci\u00f3n y cooperaci\u00f3n en los pr\u00f3ximos a\u00f1os.<\/p>\n<p>&nbsp;<\/p>\n","protected":false},"excerpt":{"rendered":"<p>&nbsp; A\u00f1o 1956, el \u2018Movimiento\u2019 y sus representantes locales y provinciales valoran la necesidad educativa y de formaci\u00f3n de la Comarca de Baza y deciden la creaci\u00f3n de un Instituto Laboral que, gestionado por&#46;&#46;&#46;<\/p>\n","protected":false},"author":14869,"featured_media":0,"parent":0,"menu_order":0,"comment_status":"closed","ping_status":"closed","template":"","meta":{"ngg_post_thumbnail":0,"footnotes":""},"aioseo_notices":[],"_links":{"self":[{"href":"https:\/\/blogsaverroes.juntadeandalucia.es\/iesalcrebite\/wp-json\/wp\/v2\/pages\/295"}],"collection":[{"href":"https:\/\/blogsaverroes.juntadeandalucia.es\/iesalcrebite\/wp-json\/wp\/v2\/pages"}],"about":[{"href":"https:\/\/blogsaverroes.juntadeandalucia.es\/iesalcrebite\/wp-json\/wp\/v2\/types\/page"}],"author":[{"embeddable":true,"href":"https:\/\/blogsaverroes.juntadeandalucia.es\/iesalcrebite\/wp-json\/wp\/v2\/users\/14869"}],"replies":[{"embeddable":true,"href":"https:\/\/blogsaverroes.juntadeandalucia.es\/iesalcrebite\/wp-json\/wp\/v2\/comments?post=295"}],"version-history":[{"count":4,"href":"https:\/\/blogsaverroes.juntadeandalucia.es\/iesalcrebite\/wp-json\/wp\/v2\/pages\/295\/revisions"}],"predecessor-version":[{"id":818,"href":"https:\/\/blogsaverroes.juntadeandalucia.es\/iesalcrebite\/wp-json\/wp\/v2\/pages\/295\/revisions\/818"}],"wp:attachment":[{"href":"https:\/\/blogsaverroes.juntadeandalucia.es\/iesalcrebite\/wp-json\/wp\/v2\/media?parent=295"}],"curies":[{"name":"wp","href":"https:\/\/api.w.org\/{rel}","templated":true}]}}