{"id":113,"date":"2015-03-16T08:06:00","date_gmt":"2015-03-16T08:06:00","guid":{"rendered":"http:\/\/blogsaverroes.juntadeandalucia.es\/pre\/ceip\/?page_id=113"},"modified":"2022-07-24T22:04:34","modified_gmt":"2022-07-24T21:04:34","slug":"biblioteca","status":"publish","type":"page","link":"https:\/\/blogsaverroes.juntadeandalucia.es\/iesalfakar\/biblioteca\/","title":{"rendered":"Biblioteca"},"content":{"rendered":"<p>&nbsp;<\/p>\n<p style=\"text-align: justify\">La Biblioteca del IES Al-F<a href=\"https:\/\/blogsaverroes.juntadeandalucia.es\/iesalfakar\/files\/2022\/07\/20211217_103752-scaled.jpg\"><img loading=\"lazy\" decoding=\"async\" class=\"wp-image-5028 alignleft\" src=\"https:\/\/blogsaverroes.juntadeandalucia.es\/iesalfakar\/files\/2022\/07\/20211217_103752-1024x576.jpg\" alt=\"\" width=\"406\" height=\"228\" srcset=\"https:\/\/blogsaverroes.juntadeandalucia.es\/iesalfakar\/files\/2022\/07\/20211217_103752-1024x576.jpg 1024w, https:\/\/blogsaverroes.juntadeandalucia.es\/iesalfakar\/files\/2022\/07\/20211217_103752-300x169.jpg 300w, https:\/\/blogsaverroes.juntadeandalucia.es\/iesalfakar\/files\/2022\/07\/20211217_103752-768x432.jpg 768w, https:\/\/blogsaverroes.juntadeandalucia.es\/iesalfakar\/files\/2022\/07\/20211217_103752-1536x864.jpg 1536w, https:\/\/blogsaverroes.juntadeandalucia.es\/iesalfakar\/files\/2022\/07\/20211217_103752-2048x1152.jpg 2048w, https:\/\/blogsaverroes.juntadeandalucia.es\/iesalfakar\/files\/2022\/07\/20211217_103752-scaled.jpg 1600w\" sizes=\"(max-width: 406px) 100vw, 406px\" \/><\/a>akar constituye un recurso para el desarrollo del Proyecto Educativo, &nbsp;es un complemento para el trabajo docente y para la implicaci\u00f3n y participaci\u00f3n de la comunidad.<\/p>\n<p style=\"text-align: justify\">Actualmente tenemos abierta la biblioteca en los recreos. En cada uno de ellos un profesor\/a se hace responsable de la misma y realiza los pr\u00e9stamos y devoluciones. Independientemente del horario antes descrito, cualquier docente puede realizar un pr\u00e9stamo durante sus horas lectivas y no lectivas.<\/p>\n<p style=\"text-align: justify\">La gesti\u00f3n de los materiales se est\u00e1 realizando de biblioweb, m\u00f3dulo integrado en SENECA.<\/p>\n<p>Se puede consultar el cat\u00e1logo en el enlace:<\/p>\n<p><a href=\"https:\/\/www.juntadeandalucia.es\/educacion\/senecav2\/seneca\/biblioweb\/catalogo\/18000738\">https:\/\/www.juntadeandalucia.es\/educacion\/senecav2\/seneca\/biblioweb\/catalogo\/18000738<\/a><\/p>\n<p style=\"text-align: justify\">Adem\u00e1s, la Biblioteca tiene extensiones de aula en todos los grupos, y se invita a todo el profesorado que incluya en estas Bibliotecas de Aula todos aquellos materiales que consideren oportunos.<\/p>\n<p>La Biblioteca apoya a todos los planes y proyectos del centro en las actividades que \u00e9stos proponen.<\/p>\n<p>Se realiza el fomento de la lectura con varias actividades que son , a grandes rasgos:<\/p>\n<ul>\n<li>Programa de lecturas del departamento de Lengua Castellana y Literatura, donde se hace un gran esfuerzo por ofrecer la libre elecci\u00f3n de lecturas entre el alumnado.<\/li>\n<li>Actividades en colaboraci\u00f3n con la biblioteca p\u00fablica de Granada y la biblioteca de Alfacar.<\/li>\n<li>Actividades puntuales, como la conmemoraci\u00f3n del d\u00eda del libro, encuentro con autores literarios, intercambio de lecturas, Olimpiada Solidaria, etc.<\/li>\n<li>Formaci\u00f3n de usuarios de la biblioteca.<\/li>\n<\/ul>\n","protected":false},"excerpt":{"rendered":"<p>&nbsp; La Biblioteca del IES Al-Fakar constituye un recurso para el desarrollo del Proyecto Educativo, &nbsp;es un complemento para el trabajo docente y para la implicaci\u00f3n y participaci\u00f3n de la comunidad. Actualmente tenemos abierta&#46;&#46;&#46;<\/p>\n","protected":false},"author":1,"featured_media":0,"parent":0,"menu_order":0,"comment_status":"open","ping_status":"open","template":"page-templates\/child-menu.php","meta":{"_exactmetrics_skip_tracking":false,"_exactmetrics_sitenote_active":false,"_exactmetrics_sitenote_note":"","_exactmetrics_sitenote_category":0,"ngg_post_thumbnail":0,"footnotes":"","_mc_calendar":[]},"aioseo_notices":[],"_links":{"self":[{"href":"https:\/\/blogsaverroes.juntadeandalucia.es\/iesalfakar\/wp-json\/wp\/v2\/pages\/113"}],"collection":[{"href":"https:\/\/blogsaverroes.juntadeandalucia.es\/iesalfakar\/wp-json\/wp\/v2\/pages"}],"about":[{"href":"https:\/\/blogsaverroes.juntadeandalucia.es\/iesalfakar\/wp-json\/wp\/v2\/types\/page"}],"author":[{"embeddable":true,"href":"https:\/\/blogsaverroes.juntadeandalucia.es\/iesalfakar\/wp-json\/wp\/v2\/users\/1"}],"replies":[{"embeddable":true,"href":"https:\/\/blogsaverroes.juntadeandalucia.es\/iesalfakar\/wp-json\/wp\/v2\/comments?post=113"}],"version-history":[{"count":7,"href":"https:\/\/blogsaverroes.juntadeandalucia.es\/iesalfakar\/wp-json\/wp\/v2\/pages\/113\/revisions"}],"predecessor-version":[{"id":5031,"href":"https:\/\/blogsaverroes.juntadeandalucia.es\/iesalfakar\/wp-json\/wp\/v2\/pages\/113\/revisions\/5031"}],"wp:attachment":[{"href":"https:\/\/blogsaverroes.juntadeandalucia.es\/iesalfakar\/wp-json\/wp\/v2\/media?parent=113"}],"curies":[{"name":"wp","href":"https:\/\/api.w.org\/{rel}","templated":true}]}}