{"id":141,"date":"2015-03-17T07:13:24","date_gmt":"2015-03-17T07:13:24","guid":{"rendered":"http:\/\/blogsaverroes.juntadeandalucia.es\/pre\/ceip\/?page_id=141"},"modified":"2026-03-15T13:32:43","modified_gmt":"2026-03-15T12:32:43","slug":"escolarizacion","status":"publish","type":"page","link":"https:\/\/blogsaverroes.juntadeandalucia.es\/iesalfakar\/escolarizacion\/","title":{"rendered":"Escolarizaci\u00f3n 2026-27"},"content":{"rendered":"<p><a href=\"https:\/\/blogsaverroes.juntadeandalucia.es\/iesalfakar\/files\/2015\/03\/Captura-de-pantalla-2018-03-06-a-las-19.44.05.png\"><img loading=\"lazy\" decoding=\"async\" class=\"size-medium wp-image-3120 alignleft\" src=\"https:\/\/blogsaverroes.juntadeandalucia.es\/iesalfakar\/files\/2015\/03\/Captura-de-pantalla-2018-03-06-a-las-19.44.05-300x72.png\" alt=\"\" width=\"300\" height=\"72\" srcset=\"https:\/\/blogsaverroes.juntadeandalucia.es\/iesalfakar\/files\/2015\/03\/Captura-de-pantalla-2018-03-06-a-las-19.44.05-300x72.png 300w, https:\/\/blogsaverroes.juntadeandalucia.es\/iesalfakar\/files\/2015\/03\/Captura-de-pantalla-2018-03-06-a-las-19.44.05-768x184.png 768w, https:\/\/blogsaverroes.juntadeandalucia.es\/iesalfakar\/files\/2015\/03\/Captura-de-pantalla-2018-03-06-a-las-19.44.05-24x6.png 24w, https:\/\/blogsaverroes.juntadeandalucia.es\/iesalfakar\/files\/2015\/03\/Captura-de-pantalla-2018-03-06-a-las-19.44.05-36x9.png 36w, https:\/\/blogsaverroes.juntadeandalucia.es\/iesalfakar\/files\/2015\/03\/Captura-de-pantalla-2018-03-06-a-las-19.44.05-48x12.png 48w, https:\/\/blogsaverroes.juntadeandalucia.es\/iesalfakar\/files\/2015\/03\/Captura-de-pantalla-2018-03-06-a-las-19.44.05.png 941w\" sizes=\"(max-width: 300px) 100vw, 300px\" \/><\/a><\/p>\n<p>&nbsp;<\/p>\n<p>ESCOLARIZACI\u00d3N PARA EL CURSO 2025\/26<\/p>\n<p>&nbsp;<\/p>\n<p><iframe loading=\"lazy\" title=\"Admisi\u00f3n 26-27\" width=\"500\" height=\"281\" src=\"https:\/\/www.youtube.com\/embed\/gHftpeQ3UzE?feature=oembed&#038;wmode=opaque\" frameborder=\"0\" allow=\"accelerometer; autoplay; clipboard-write; encrypted-media; gyroscope; picture-in-picture; web-share\" referrerpolicy=\"strict-origin-when-cross-origin\" allowfullscreen><\/iframe><\/p>\n<p>&nbsp;<\/p>\n<h3><strong>SE ABRE EL PLAZO DE SOLICITUDES DE ADMISI\u00d3N DESDE EL D\u00cdA 1 HASTA EL 31 DE MARZO<\/strong><\/h3>\n<h3><strong>Informaci\u00f3n general<\/strong><\/h3>\n<p style=\"text-align: justify\">Adem\u00e1s de la informaci\u00f3n expuesta en la p\u00e1gina web de la Consejer\u00eda de Educaci\u00f3n y Deporte (<a href=\"https:\/\/www.juntadeandalucia.es\/educacion\/portales\/web\/escolarizacion\/infantil-a-bachillerato\" target=\"_blank\" rel=\"noopener noreferrer\">PORTAL DE ESCOLARIZACI\u00d3N<\/a>) y en el tabl\u00f3n de anuncios de este centro, en horario de 9:30 a 13:30, est\u00e1 a disposici\u00f3n del p\u00fablico la siguiente documentaci\u00f3n:<\/p>\n<div class=\"inner-item\">\n<div class=\"wrapper_fecha\">\n<p class=\"fecha\">&nbsp;<\/p>\n<p><a href=\"https:\/\/www.juntadeandalucia.es\/educacion\/portales\/web\/inspeccion-educativa\/w\/instrucciones-de-23-de-febrero-de-2026-de-la-viceconsejeria-sobre-los-procedimientos-de-admision-y-matriculacion-del-alumnado-en-los-centros-docentes-sostenidos-con-fondos-publicos-para-el-curso-escolar-2026-27?redirect=%2Feducacion%2Fportales%2Fweb%2Fescolarizacion%2Finfantil-a-bachillerato%2Fnormativa\">Instrucciones de 23 de febrero de 2026, de la Viceconsejer\u00eda, sobre los procedimientos de admisi\u00f3n y matriculaci\u00f3n del alumnado en los centros docentes sostenidos con fondos p\u00fablicos para el curso escolar 2026\/27<\/a><\/p>\n<p><a href=\"https:\/\/www.juntadeandalucia.es\/educacion\/portales\/web\/inspeccion-educativa\/w\/resolucion-de-11-de-febrero-de-2026-por-la-que-se-publica-el-listado-de-institutos-de-educacion-secundaria-en-los-que-tendra-prioridad-en-la-admision-el-alumnado-que-curse-simultaneamente-educacion-secundaria-y-ensenanzas-profesionales-de-musica-y-danza-2?redirect=%2Feducacion%2Fportales%2Fweb%2Fescolarizacion%2Finfantil-a-bachillerato%2Fnormativa\">Resoluci\u00f3n de 11 de febrero de 2026, de la Direcci\u00f3n General de Planificaci\u00f3n, Centros y Ense\u00f1anza Concertada, por la que se publica el listado de institutos de educaci\u00f3n secundaria en los que tendr\u00e1 prioridad en la admisi\u00f3n el alumnado que curse simult\u00e1neamente educaci\u00f3n secundaria y ense\u00f1anzas profesionales de m\u00fasica y danza o el que siga programas deportivos incluidos en los niveles del deporte de rendimiento en Andaluc\u00eda, sea deportista de alto nivel o alto rendimiento, o disponga de licencia deportiva de una sociedad an\u00f3nima deportiva andaluza que compita en la m\u00e1xima categor\u00eda nacional, para el curso escolar 2026\/27<\/a><\/p>\n<\/div>\n<\/div>\n<div class=\"journal-content-article \" data-analytics-asset-id=\"3405351\" data-analytics-asset-title=\"Correcci\u00f3n de errores de la Resoluci\u00f3n de 19 de enero de 2026 por la que se establece el calendario de actuaciones del procedimiento ordinario de admisi\u00f3n del alumnado en los centros docentes p\u00fablicos y privados concertados para cursar las ense\u00f1anzas de segundo ciclo de educaci\u00f3n infantil, educaci\u00f3n primaria, educaci\u00f3n especial, educaci\u00f3n secundaria y bachillerato para el curso escolar 2026-27\" data-analytics-asset-type=\"web-content\">\n<article class=\"contenido-listado\">\n<div class=\"contenido-title\"><a href=\"https:\/\/www.juntadeandalucia.es\/educacion\/portales\/web\/inspeccion-educativa\/w\/correccion-de-errores-de-la-resolucion-de-19-de-enero-de-2026-por-la-que-se-establece-el-calendario-de-actuaciones-del-procedimiento-ordinario-de-admision-del-alumnado-en-los-centros-docentes-publicos-y-privados-concertados-para-cursar-las-ensenanzas-de-s?redirect=%2Feducacion%2Fportales%2Fweb%2Fescolarizacion%2Finfantil-a-bachillerato%2Fnormativa\">Correcci\u00f3n de errores de la Resoluci\u00f3n de 19 de enero de 2026, de la Direcci\u00f3n General de Planificaci\u00f3n, Centros y Ense\u00f1anza Concertada, por la que se establece el calendario de actuaciones del procedimiento ordinario de admisi\u00f3n del alumnado en los centros docentes p\u00fablicos y privados concertados para cursar las ense\u00f1anzas de segundo ciclo de educaci\u00f3n infantil, educaci\u00f3n primaria, educaci\u00f3n especial, educaci\u00f3n secundaria obligatoria y bachillerato para el curso escolar 2026\/27 (BOJA n\u00fam. 16, de 26.1.2026)<\/a><\/div>\n<\/article>\n<\/div>\n<div class=\"journal-content-article \" data-analytics-asset-id=\"3394574\" data-analytics-asset-title=\"Resoluci\u00f3n de 27 de enero de 2026 por la que se establece la ratio por unidad en el procedimiento de admisi\u00f3n del primer curso del segundo ciclo de educaci\u00f3n infantil (tres a\u00f1os) en los centros educativos sostenidos con fondos p\u00fablicos en el curso escolar 2026-2027\" data-analytics-asset-type=\"web-content\">\n<article class=\"contenido-listado\">\n<div class=\"contenido-title\"><a href=\"https:\/\/www.juntadeandalucia.es\/educacion\/portales\/web\/inspeccion-educativa\/w\/resolucion-de-27-de-enero-de-2026-por-la-que-se-establece-la-ratio-por-unidad-en-el-procedimiento-de-admision-del-primer-curso-del-segundo-ciclo-de-educacion-infantil-tres-anos-en-los-centros-educativos-sostenidos-con-fondos-publicos-en-el-curso-escolar-2?redirect=%2Feducacion%2Fportales%2Fweb%2Fescolarizacion%2Finfantil-a-bachillerato%2Fnormativa\">Resoluci\u00f3n de 27 de enero de 2026, de la Direcci\u00f3n General de Planificaci\u00f3n, Centros y Ense\u00f1anza Concertada, por la que se establece la ratio por unidad en el procedimiento de admisi\u00f3n del primer curso del segundo ciclo de educaci\u00f3n infantil (tres a\u00f1os) en los centros educativos sostenidos con fondos p\u00fablicos en el curso escolar 2026\/2027<\/a><\/div>\n<\/article>\n<\/div>\n<div class=\"journal-content-article \" data-analytics-asset-id=\"3371883\" data-analytics-asset-title=\"Resoluci\u00f3n de 19 de enero de 2026 por la que se establece el calendario de actuaciones del procedimiento ordinario de admisi\u00f3n del alumnado en los centros docentes p\u00fablicos y privados concertados para cursar las ense\u00f1anzas de segundo ciclo de educaci\u00f3n infantil, educaci\u00f3n primaria, educaci\u00f3n especial, educaci\u00f3n secundaria obligatoria y bachillerato para el curso escolar 2026-27\" data-analytics-asset-type=\"web-content\">\n<article class=\"contenido-listado\">\n<div class=\"contenido-title\"><a href=\"https:\/\/www.juntadeandalucia.es\/educacion\/portales\/web\/inspeccion-educativa\/w\/resolucion-de-19-de-enero-de-2026-por-la-que-se-establece-el-calendario-de-actuaciones-del-procedimiento-ordinario-de-admision-del-alumnado-en-los-centros-docentes-publicos-y-privados-concertados-para-cursar-las-ensenanzas-de-segundo-ciclo-de-educacion-in?redirect=%2Feducacion%2Fportales%2Fweb%2Fescolarizacion%2Finfantil-a-bachillerato%2Fnormativa\">Resoluci\u00f3n de 19 de enero de 2026, de la Direcci\u00f3n General de Planificaci\u00f3n, Centros y Ense\u00f1anza Concertada, por la que se establece el calendario de actuaciones del procedimiento ordinario de admisi\u00f3n del alumnado en los centros docentes p\u00fablicos y privados concertados para cursar las ense\u00f1anzas de segundo ciclo de educaci\u00f3n infantil, educaci\u00f3n primaria, educaci\u00f3n especial, educaci\u00f3n secundaria obligatoria y bachillerato para el curso escolar 2026\/27<\/a><\/div>\n<\/article>\n<\/div>\n<ul>\n<li class=\"listado-contenidos__normativa__item\">\n<div class=\"journal-content-article \" data-analytics-asset-id=\"3350520\" data-analytics-asset-title=\"Orden de 11 de enero de 2026, por la que se modifica el apartado 2 del art\u00edculo 4 de la Orden de 20 de febrero de 2020, que desarrolla el procedimiento de admisi\u00f3n del alumnado en los centros docentes p\u00fablicos y privados concertados para cursar las ense\u00f1anzas de segundo ciclo de Educaci\u00f3n Infantil, Educaci\u00f3n Primaria, Educaci\u00f3n Especial, Educaci\u00f3n Secundaria Obligatoria y Bachillerato.\" data-analytics-asset-type=\"web-content\">De conformidad con la normativa vigente y en relaci\u00f3n al procedimiento de admisi\u00f3n del alumnado para el curso escolar 2026\/2027, se informa lo siguiente:<\/div>\n<\/li>\n<\/ul>\n<div class=\"inner-item\">&nbsp;<\/div>\n<h4>Alumnado adscrito de este Centro<\/h4>\n<p>El alumnado que cursa 6\u00ba de Educaci\u00f3n Primaria de los centros:<\/p>\n<ul style=\"list-style-type: disc\">\n<li>C.E.I.P. Alfaguarilla (Alfacar)<\/li>\n<li>C.E.I.P. Las Encinas (Alfacar)<\/li>\n<li>C.E.I.P. Arzobispo Moscoso (V\u00edznar)<\/li>\n<\/ul>\n<p>El alumnado de 4\u00ba ESO del centro est\u00e1 adscrito a los siguientes centros para cursar Bachillerato<\/p>\n<ul>\n<li>I.E.S. Cartuja<\/li>\n<li>I.E.S. Virgen de las Nieves<\/li>\n<\/ul>\n<h4><strong>Plazas vacantes ofertadas&nbsp;<\/strong><\/h4>\n<table style=\"width: 68.3607%;height: 159px\">\n<tbody>\n<tr style=\"height: 63px\">\n<td style=\"width: 213px;text-align: center;height: 63px\">\n<h5><strong>CURSO<\/strong><\/h5>\n<\/td>\n<td style=\"width: 180px;text-align: center;height: 63px\">\n<h5><strong>VACANTES<\/strong><\/h5>\n<\/td>\n<td style=\"width: 221px;text-align: center;height: 63px\">\n<h5><strong>&nbsp;UNIDADES<\/strong><\/h5>\n<\/td>\n<\/tr>\n<tr style=\"height: 24px\">\n<td style=\"width: 213px;text-align: center;height: 24px\">1\u00ba ESO<\/td>\n<td style=\"width: 180px;text-align: center;height: 24px\">60 (53 centros adscritos)<\/td>\n<td style=\"width: 221px;text-align: center;height: 24px\">2<\/td>\n<\/tr>\n<tr style=\"height: 24px\">\n<td style=\"width: 213px;text-align: center;height: 24px\">2\u00ba ESO<\/td>\n<td style=\"width: 180px;text-align: center;height: 24px\">11<\/td>\n<td style=\"width: 221px;text-align: center;height: 24px\">2<\/td>\n<\/tr>\n<tr style=\"height: 24px\">\n<td style=\"width: 213px;text-align: center;height: 24px\">3\u00ba ESO<\/td>\n<td style=\"width: 180px;text-align: center;height: 24px\">16<\/td>\n<td style=\"width: 221px;text-align: center;height: 24px\">2<\/td>\n<\/tr>\n<tr style=\"height: 24px\">\n<td style=\"width: 213px;text-align: center;height: 24px\">4\u00ba ESO<\/td>\n<td style=\"width: 180px;text-align: center;height: 24px\">5<\/td>\n<td style=\"width: 221px;text-align: center;height: 24px\">2<\/td>\n<\/tr>\n<\/tbody>\n<\/table>\n<div class=\"page\" title=\"Page 1\">\n<div class=\"section\">\n<div class=\"layoutArea\">\n<div class=\"column\">\n<p>&nbsp;<\/p>\n<p><strong>RESERVA DE PLAZAS PARA EL ALUMNADO CON NECESIDAD ESPECI\u0301FICA DE APOYO EDUCATIVO<\/strong><\/p>\n<p>Conforme a lo establecido en el arti\u0301culo 32.2 del Decreto 21\/2020, de 17 de febrero, se reservan:<\/p>\n<p>&#8211; 1 plaza en 1\u00ba de E.S.O., para la atencio\u0301n al alumnado que presenta necesidades educativas especiales debidas a diferentes grados y tipos de capacidades personales de orden fi\u0301sico, psi\u0301quico, cognitivo o sensorial, entre los que se incluyen los trastornos del desarrollo.<\/p>\n<\/div>\n<\/div>\n<div class=\"layoutArea\">\n<div class=\"column\">\n<p>&#8211; 1 plaza en 1\u00ba de E.S.O. para el alumnado que precisa actuaciones de cara\u0301cter compensatorio.<\/p>\n<div class=\"page\" title=\"Page 2\">\n<div class=\"section\">\n<div class=\"layoutArea\">\n<div class=\"column\">\n<p>&#8211; 1 plaza en 1\u00ba de E.S.O. para el alumnado que presenta altas capacidades intelectuales.&nbsp;<\/p>\n<\/div>\n<\/div>\n<\/div>\n<\/div>\n<\/div>\n<\/div>\n<\/div>\n<\/div>\n<h4><strong>Servicios complementarios<\/strong><\/h4>\n<div class=\"page\" title=\"Page 2\">\n<div class=\"section\">\n<div class=\"layoutArea\">\n<div class=\"column\">\n<p>Para el curso 2025\/2026, este Centro esta\u0301 autorizado como centro receptor del servicio complementario de transporte escolar, siendo las paradas autorizadas las que figuran en el correspondiente Anexo.<\/p>\n<\/div>\n<\/div>\n<\/div>\n<\/div>\n<div class=\"page\" title=\"Page 3\">\n<div class=\"section\">\n<div class=\"layoutArea\">\n<div class=\"column\">\n<p>&#8211; Vi\u0301znar &#8211; Kiosko Parque Libertad. Parada Bus&nbsp;<\/p>\n<p>&#8211; Vi\u0301znar &#8211; Urbanizacio\u0301n GR-3120. Parada Bus<\/p>\n<\/div>\n<\/div>\n<\/div>\n<\/div>\n<p>&nbsp;<\/p>\n<h4><strong>Calendario<\/strong><\/h4>\n<p>&nbsp;<\/p>\n<ul>\n<li><strong>Del 01 marzo 2026 al 31 marzo 2026.<\/strong>&nbsp;Presentaci\u00f3n de solicitudes.<\/li>\n<li><strong>Del 17 abril 2026 al 20 abril 2026 <\/strong>Relaci\u00f3n baremada del alumnado solicitante.<\/li>\n<li><strong>Desde el 21 abril 2026<\/strong>. Tr\u00e1mite de audiencia. (10 d\u00edas lectivos)<\/li>\n<li><strong>13 de mayo de 2026.<\/strong>&nbsp;Sorteo p\u00fablico para dirimir empates.<\/li>\n<li><strong>14 de mayo de 2026.<\/strong> Publicaci\u00f3n de la Resoluci\u00f3n del procedimiento de admisi\u00f3n.<\/li>\n<li><strong>25 de mayo de 2026.<\/strong> Publicaci\u00f3n de la Resoluci\u00f3n de la adjudicaci\u00f3n de plaza del alumnado no admitido en el centro docente elegido como prioritario (reubicaci\u00f3n en centros subsidiarios).<\/li>\n<li><strong>Del 26 mayo 2026 al 26 junio 2026.<\/strong>&nbsp;Reclamaciones\/recursos de alzada.<\/li>\n<li><strong>Del 01 junio 2026&nbsp; al 08 junio 2026.<\/strong>&nbsp;Plazo de matriculaci\u00f3n (segundo ciclo de educaci\u00f3n infantil, educaci\u00f3n primaria y educaci\u00f3n especial).<\/li>\n<li><strong>Del 01 julio 2026 al 10 julio 2026.<\/strong> Plazo de matriculaci\u00f3n (educaci\u00f3n secundaria obligatoria y bachillerato)\n<div class=\"content-evento contenido_titulo\">\n<section id=\"content\" class=\" flex-fill\">\n<div id=\"main-content\" class=\"layout-content portlet-layout\" role=\"main\">\n<div class=\" bg-contentBgColor1 d-lg-block container-fluid container-fluid-max-xl mb-lg-0 mt-lg-0 pb-lg-0 pl-lg-0 pr-lg-0 pt-lg-0 text-lg-left\">\n<div class=\" d-lg-block mb-lg-0 ml-lg-0 mr-lg-0 mt-lg-0 pb-lg-0 pl-lg-0 pr-lg-0 pt-lg-0 text-lg-left\">\n<div id=\"fragment-0-pejc\">\n<div id=\"p_p_id_com_liferay_asset_publisher_web_portlet_AssetPublisherPortlet_INSTANCE_pejc_\" class=\"portlet-boundary portlet-boundary_com_liferay_asset_publisher_web_portlet_AssetPublisherPortlet_ portlet-static portlet-static-end portlet-decorate portlet-asset-publisher \">\n<section id=\"portlet_com_liferay_asset_publisher_web_portlet_AssetPublisherPortlet_INSTANCE_pejc\" class=\"portlet\">\n<div class=\"portlet-content\">\n<div class=\" portlet-content-container\">\n<div class=\"portlet-body\">\n<div class=\"listado-eventos\">\n<div class=\"article-evento-listado\">\n<div class=\"journal-content-article \" data-analytics-asset-id=\"1679458\" data-analytics-asset-title=\"Presentaci\u00f3n de solicitudes\" data-analytics-asset-type=\"web-content\">\n<article class=\"evento-listado\">\n<div class=\"d-flex\">\n<div class=\"evento-listado__contenido\">\n<div class=\"evento-listado__contenido--wrapper\">&nbsp;<\/div>\n<\/div>\n<\/div>\n<\/article>\n<\/div>\n<\/div>\n<div class=\"article-evento-listado\">\n<div class=\"journal-content-article \" data-analytics-asset-id=\"1679491\" data-analytics-asset-title=\"Sorteo p\u00fablico para dirimir empates\" data-analytics-asset-type=\"web-content\">\n<article class=\"evento-listado\">\n<div class=\"d-flex\">\n<div class=\"evento-listado__contenido\">\n<div class=\"evento-listado__contenido--wrapper\">&nbsp;<\/div>\n<\/div>\n<\/div>\n<\/article>\n<\/div>\n<\/div>\n<div class=\"article-evento-listado\">\n<div class=\"journal-content-article \" data-analytics-asset-id=\"1679608\" data-analytics-asset-title=\"Recursos de alzada y reclamaciones\" data-analytics-asset-type=\"web-content\">\n<article class=\"evento-listado\">\n<div class=\"d-flex\">&nbsp;<\/div>\n<\/article>\n<\/div>\n<\/div>\n<div class=\"article-evento-listado\">\n<div class=\"journal-content-article \" data-analytics-asset-id=\"1679653\" data-analytics-asset-title=\"Plazo de matriculaci\u00f3n (Alumnado de Bachillerato pendiente de promoci\u00f3n)\" data-analytics-asset-type=\"web-content\">\n<article class=\"evento-listado\">\n<div class=\"d-flex\">\n<div class=\"evento-listado__contenido\">\n<div class=\"evento-listado__contenido--wrapper\">\n<div class=\"evento-listado__contenido--fechas\">&nbsp;<\/div>\n<\/div>\n<\/div>\n<\/div>\n<\/article>\n<\/div>\n<\/div>\n<\/div>\n<\/div>\n<\/div>\n<\/div>\n<\/section>\n<\/div>\n<\/div>\n<\/div>\n<\/div>\n<\/div>\n<\/section>\n<footer id=\"footer\" class=\"footer\" role=\"contentinfo\">\n<div class=\"container\">\n<div class=\"footer__main\">\n<div id=\"p_p_id_com_liferay_site_navigation_menu_web_portlet_SiteNavigationMenuPortlet_INSTANCE_enlaces_principales_pie_ced_100629_\" class=\"portlet-boundary portlet-boundary_com_liferay_site_navigation_menu_web_portlet_SiteNavigationMenuPortlet_ portlet-static portlet-static-end portlet-barebone portlet-navigation \">\n<section id=\"portlet_com_liferay_site_navigation_menu_web_portlet_SiteNavigationMenuPortlet_INSTANCE_enlaces_principales_pie_ced_100629\" class=\"portlet\">\n<div class=\"portlet-content\">\n<div class=\" portlet-content-container\">\n<div class=\"portlet-body\">\n<div class=\"footer__container\">\n<div class=\"footer__column\">\n<h3 class=\"footer__title-column\">HERRAMIENTAS<\/h3>\n<nav>\n<ul class=\"footer__column-items\">\n<li class=\"footer__column-item\"><a class=\"footer__link\" title=\"iEscolariza\" role=\"menuitem\" href=\"https:\/\/www.juntadeandalucia.es\/datosabiertos\/portal\/aplicaciones\/buscador-apps\/detalle\/101661.html\" target=\"_blank\" rel=\"noopener noreferrer\" data-senna-off=\"true\">iEscolariza<\/a><\/li>\n<li class=\"footer__column-item\"><a class=\"footer__link\" title=\"CAUCE\" role=\"menuitem\" href=\"https:\/\/www.juntadeandalucia.es\/educacion\/portals\/web\/ced\/formulario-de-contacto\" target=\"_blank\" rel=\"noopener noreferrer\" data-senna-off=\"true\">CAUCE<\/a><\/li>\n<li class=\"footer__column-item\"><a class=\"footer__link\" title=\"EducaSIG\" role=\"menuitem\" href=\"https:\/\/www.juntadeandalucia.es\/educacion\/educasig\/escolarizacion\/\" target=\"_blank\" rel=\"noopener noreferrer\" data-senna-off=\"true\">EducaSIG<\/a><\/li>\n<\/ul>\n<\/nav>\n<\/div>\n<div class=\"footer__column\">\n<h3 class=\"footer__title-column\">PLATAFORMAS<\/h3>\n<nav>\n<ul class=\"footer__column-items\">\n<li class=\"footer__column-item\"><a class=\"footer__link\" title=\"Secretar\u00eda Virtual\" role=\"menuitem\" href=\"https:\/\/www.juntadeandalucia.es\/educacion\/secretariavirtual\" target=\"_blank\" rel=\"noopener noreferrer\" data-senna-off=\"true\">Secretar\u00eda Virtual<\/a><\/li>\n<li class=\"footer__column-item\"><a class=\"footer__link\" title=\"Pasen\" role=\"menuitem\" href=\"https:\/\/seneca.juntadeandalucia.es\/seneca\/jsp\/portalpasen\" target=\"_blank\" rel=\"noopener noreferrer\" data-senna-off=\"true\">Pasen<\/a><\/li>\n<\/ul>\n<\/nav>\n<\/div>\n<\/div>\n<\/div>\n<\/div>\n<\/div>\n<\/section>\n<\/div>\n<div class=\"footer__container last-element\">\n<div class=\"footer__logo\"><a title=\"Ir a Junta de Andaluc\u00eda\" href=\"https:\/\/www.juntadeandalucia.es\/\" target=\"_blank\" rel=\"noopener\"><img decoding=\"async\" src=\"https:\/\/www.juntadeandalucia.es\/educacion\/portales\/o\/portales-theme\/images\/logos\/logo-junta-white.svg\" alt=\"Logotipo de la Junta de Andaluc\u00eda\"><\/a><\/div>\n<div class=\"footer__map\">\n<div id=\"p_p_id_com_liferay_site_navigation_menu_web_portlet_SiteNavigationMenuPortlet_INSTANCE_enlaces_secundarios_pie_ced_100629_\" class=\"portlet-boundary portlet-boundary_com_liferay_site_navigation_menu_web_portlet_SiteNavigationMenuPortlet_ portlet-static portlet-static-end portlet-barebone portlet-navigation \">\n<p>&nbsp;<\/p>\n<section id=\"portlet_com_liferay_site_navigation_menu_web_portlet_SiteNavigationMenuPortlet_INSTANCE_enlaces_secundarios_pie_ced_100629\" class=\"portlet\">\n<div class=\"portlet-content\">\n<div class=\" portlet-content-container\">\n<div class=\"portlet-body\">\n<nav>\n<ul class=\"footer__map-items\">\n<li class=\"footer__map-item\"><a class=\"footer__link\" title=\"Normativa\" href=\"https:\/\/www.juntadeandalucia.es\/educacion\/portals\/web\/ced\/normativa\" target=\"_blank\" rel=\"noopener noreferrer\" data-senna-off=\"true\">Normativa<\/a><\/li>\n<li class=\"footer__map-item\"><a class=\"footer__link\" title=\"Aviso legal\" href=\"https:\/\/www.juntadeandalucia.es\/educacion\/portales\/web\/escolarizacion\/aviso-legal\" data-senna-off=\"true\">Aviso legal<\/a><\/li>\n<li class=\"footer__map-item\"><a class=\"footer__link\" title=\"Pol\u00edtica de cookies\" href=\"https:\/\/www.juntadeandalucia.es\/educacion\/portales\/web\/escolarizacion\/politica-de-cookies\" data-senna-off=\"true\">Pol\u00edtica de cookies<\/a><\/li>\n<li class=\"footer__map-item\"><a class=\"footer__link\" title=\"Accesibilidad\" href=\"https:\/\/www.juntadeandalucia.es\/educacion\/portales\/web\/escolarizacion\/accesibilidad\" data-senna-off=\"true\">Accesibilidad<\/a><\/li>\n<\/ul>\n<\/nav>\n<\/div>\n<\/div>\n<\/div>\n<\/section>\n<\/div>\n<\/div>\n<\/div>\n<\/div>\n<\/div>\n<\/footer>\n<\/div>\n<\/li>\n<\/ul>\n","protected":false},"excerpt":{"rendered":"<p>&nbsp; ESCOLARIZACI\u00d3N PARA EL CURSO 2025\/26 &nbsp; &nbsp; SE ABRE EL PLAZO DE SOLICITUDES DE ADMISI\u00d3N DESDE EL D\u00cdA 1 HASTA EL 31 DE MARZO Informaci\u00f3n general Adem\u00e1s de la informaci\u00f3n expuesta en la&#46;&#46;&#46;<\/p>\n","protected":false},"author":1,"featured_media":0,"parent":0,"menu_order":0,"comment_status":"open","ping_status":"open","template":"page-templates\/child-menu.php","meta":{"_exactmetrics_skip_tracking":false,"_exactmetrics_sitenote_active":false,"_exactmetrics_sitenote_note":"","_exactmetrics_sitenote_category":0,"ngg_post_thumbnail":0,"footnotes":"","_mc_calendar":[]},"aioseo_notices":[],"_links":{"self":[{"href":"https:\/\/blogsaverroes.juntadeandalucia.es\/iesalfakar\/wp-json\/wp\/v2\/pages\/141"}],"collection":[{"href":"https:\/\/blogsaverroes.juntadeandalucia.es\/iesalfakar\/wp-json\/wp\/v2\/pages"}],"about":[{"href":"https:\/\/blogsaverroes.juntadeandalucia.es\/iesalfakar\/wp-json\/wp\/v2\/types\/page"}],"author":[{"embeddable":true,"href":"https:\/\/blogsaverroes.juntadeandalucia.es\/iesalfakar\/wp-json\/wp\/v2\/users\/1"}],"replies":[{"embeddable":true,"href":"https:\/\/blogsaverroes.juntadeandalucia.es\/iesalfakar\/wp-json\/wp\/v2\/comments?post=141"}],"version-history":[{"count":33,"href":"https:\/\/blogsaverroes.juntadeandalucia.es\/iesalfakar\/wp-json\/wp\/v2\/pages\/141\/revisions"}],"predecessor-version":[{"id":8538,"href":"https:\/\/blogsaverroes.juntadeandalucia.es\/iesalfakar\/wp-json\/wp\/v2\/pages\/141\/revisions\/8538"}],"wp:attachment":[{"href":"https:\/\/blogsaverroes.juntadeandalucia.es\/iesalfakar\/wp-json\/wp\/v2\/media?parent=141"}],"curies":[{"name":"wp","href":"https:\/\/api.w.org\/{rel}","templated":true}]}}