{"id":153,"date":"2015-03-17T07:48:56","date_gmt":"2015-03-17T07:48:56","guid":{"rendered":"http:\/\/blogsaverroes.juntadeandalucia.es\/pre\/ceip\/?page_id=153"},"modified":"2025-11-25T19:50:48","modified_gmt":"2025-11-25T18:50:48","slug":"geografia-e-historia","status":"publish","type":"page","link":"https:\/\/blogsaverroes.juntadeandalucia.es\/iesalfakar\/geografia-e-historia\/","title":{"rendered":"Geograf\u00eda e Historia"},"content":{"rendered":"<table style=\"width: 110.868%;height: 202px;text-align: center\" border=\"1\" cellspacing=\"2\" cellpadding=\"2\">\n<tbody>\n<tr>\n<td style=\"text-align: center;vertical-align: top;width: 99.0464%\" colspan=\"2\" rowspan=\"1\"><span style=\"font-size: large\">Jefa de Departamento: Elena Gonz\u00e1lez P\u00e1rraga<\/span><\/td>\n<\/tr>\n<tr>\n<td style=\"vertical-align: middle;width: 64.7163%\" colspan=\"1\" rowspan=\"1\"><a href=\"http:\/\/blogsaverroes.juntadeandalucia.es\/iesalfakar\/files\/2015\/03\/globo.png\"><img loading=\"lazy\" decoding=\"async\" class=\" wp-image-566 aligncenter\" src=\"http:\/\/blogsaverroes.juntadeandalucia.es\/iesalfakar\/files\/2015\/03\/globo-300x271.png\" alt=\"globo\" width=\"229\" height=\"207\" srcset=\"https:\/\/blogsaverroes.juntadeandalucia.es\/iesalfakar\/files\/2015\/03\/globo-300x271.png 300w, https:\/\/blogsaverroes.juntadeandalucia.es\/iesalfakar\/files\/2015\/03\/globo-1024x926.png 1024w, https:\/\/blogsaverroes.juntadeandalucia.es\/iesalfakar\/files\/2015\/03\/globo.png 1280w\" sizes=\"(max-width: 229px) 100vw, 229px\" \/><\/a><\/td>\n<td style=\"vertical-align: top;width: 34.3301%\" colspan=\"1\" rowspan=\"1\">\n<p style=\"text-align: left\">Miembros del departamento:<\/p>\n<p style=\"text-align: left\">Elena Gonz\u00e1lez P\u00e1rraga<\/p>\n<p style=\"text-align: left\">Luz Mar\u00eda Mesa Li\u00f1\u00e1n<\/p>\n<p style=\"text-align: left\">&nbsp;<\/p>\n<\/td>\n<\/tr>\n<tr>\n<td style=\"vertical-align: top;width: 99.0464%\" colspan=\"2\" rowspan=\"1\"><a href=\"https:\/\/blogsaverroes.juntadeandalucia.es\/iesalfakar\/files\/2023\/12\/1.-CORTA-GEH.pdf\">PROGRAMACI\u00d3N WEB GEH <\/a><\/p>\n<p><a href=\"https:\/\/blogsaverroes.juntadeandalucia.es\/iesalfakar\/files\/2023\/12\/4.3-CORTA-VALORES.pdf\">PROGRAMACION WEB VALORES \u00c9TICOS<\/a><\/td>\n<\/tr>\n<tr>\n<td style=\"vertical-align: top;width: 99.0464%\" colspan=\"2\" rowspan=\"1\">\n<p style=\"text-align: center\">P\u00e1gina actualizada el 25 de Noviembre 2025<\/p>\n<\/td>\n<\/tr>\n<\/tbody>\n<\/table>\n<p>&nbsp;<\/p>\n","protected":false},"excerpt":{"rendered":"<p>Jefa de Departamento: Elena Gonz\u00e1lez P\u00e1rraga Miembros del departamento: Elena Gonz\u00e1lez P\u00e1rraga Luz Mar\u00eda Mesa Li\u00f1\u00e1n &nbsp; PROGRAMACI\u00d3N WEB GEH PROGRAMACION WEB VALORES \u00c9TICOS P\u00e1gina actualizada el 25 de Noviembre 2025 &nbsp;<\/p>\n","protected":false},"author":1,"featured_media":0,"parent":0,"menu_order":0,"comment_status":"open","ping_status":"open","template":"page-templates\/child-menu.php","meta":{"_exactmetrics_skip_tracking":false,"_exactmetrics_sitenote_active":false,"_exactmetrics_sitenote_note":"","_exactmetrics_sitenote_category":0,"ngg_post_thumbnail":0,"footnotes":"","_mc_calendar":[]},"aioseo_notices":[],"_links":{"self":[{"href":"https:\/\/blogsaverroes.juntadeandalucia.es\/iesalfakar\/wp-json\/wp\/v2\/pages\/153"}],"collection":[{"href":"https:\/\/blogsaverroes.juntadeandalucia.es\/iesalfakar\/wp-json\/wp\/v2\/pages"}],"about":[{"href":"https:\/\/blogsaverroes.juntadeandalucia.es\/iesalfakar\/wp-json\/wp\/v2\/types\/page"}],"author":[{"embeddable":true,"href":"https:\/\/blogsaverroes.juntadeandalucia.es\/iesalfakar\/wp-json\/wp\/v2\/users\/1"}],"replies":[{"embeddable":true,"href":"https:\/\/blogsaverroes.juntadeandalucia.es\/iesalfakar\/wp-json\/wp\/v2\/comments?post=153"}],"version-history":[{"count":25,"href":"https:\/\/blogsaverroes.juntadeandalucia.es\/iesalfakar\/wp-json\/wp\/v2\/pages\/153\/revisions"}],"predecessor-version":[{"id":8393,"href":"https:\/\/blogsaverroes.juntadeandalucia.es\/iesalfakar\/wp-json\/wp\/v2\/pages\/153\/revisions\/8393"}],"wp:attachment":[{"href":"https:\/\/blogsaverroes.juntadeandalucia.es\/iesalfakar\/wp-json\/wp\/v2\/media?parent=153"}],"curies":[{"name":"wp","href":"https:\/\/api.w.org\/{rel}","templated":true}]}}