{"id":155,"date":"2015-03-17T07:49:21","date_gmt":"2015-03-17T07:49:21","guid":{"rendered":"http:\/\/blogsaverroes.juntadeandalucia.es\/pre\/ceip\/?page_id=155"},"modified":"2026-01-06T12:04:54","modified_gmt":"2026-01-06T11:04:54","slug":"ingles","status":"publish","type":"page","link":"https:\/\/blogsaverroes.juntadeandalucia.es\/iesalfakar\/ingles\/","title":{"rendered":"Lengua Castellana"},"content":{"rendered":"<p>&nbsp;<\/p>\n<table style=\"width: 95.3019%;height: 202px;text-align: center\" border=\"1\" cellspacing=\"2\" cellpadding=\"2\">\n<tbody>\n<tr>\n<td style=\"text-align: center;vertical-align: top;width: 152.879%\" colspan=\"2\" rowspan=\"1\"><span style=\"font-size: large\">Jefa de Departamento: Mar\u00eda Ortega Castilla<\/span><\/td>\n<\/tr>\n<tr>\n<td style=\"vertical-align: middle;width: 55.0119%\" colspan=\"1\" rowspan=\"1\"><img loading=\"lazy\" decoding=\"async\" class=\"aligncenter size-medium wp-image-2126\" src=\"http:\/\/blogsaverroes.juntadeandalucia.es\/iesalfakar\/files\/2015\/03\/lengua-300x200.jpg\" alt=\"lengua\" width=\"300\" height=\"200\" srcset=\"https:\/\/blogsaverroes.juntadeandalucia.es\/iesalfakar\/files\/2015\/03\/lengua-300x200.jpg 300w, https:\/\/blogsaverroes.juntadeandalucia.es\/iesalfakar\/files\/2015\/03\/lengua.jpg 640w\" sizes=\"(max-width: 300px) 100vw, 300px\" \/><\/td>\n<td style=\"vertical-align: top;width: 97.8674%\" colspan=\"1\" rowspan=\"1\">\n<p style=\"text-align: left\"><b><span style=\"font-size: large\"> Miembros<\/span><\/b><\/p>\n<p style=\"text-align: left\"><span style=\"font-size: large\">&nbsp; 1. Mar\u00eda Ortega Castilla<\/span><span style=\"font-size: large\">&nbsp;<\/span><\/p>\n<p style=\"text-align: left\"><span style=\"font-size: large\">2. Francisco Aranda Bullejos<\/span><\/p>\n<p style=\"text-align: left\"><span style=\"font-size: large\">3. Piedad Olmedo Guzm\u00e1n<\/span>&nbsp;<\/p>\n<p style=\"text-align: left\">&nbsp;<\/p>\n<\/td>\n<\/tr>\n<tr>\n<td style=\"vertical-align: top;width: 152.879%\" colspan=\"2\" rowspan=\"1\">&nbsp;<\/p>\n<p><a href=\"https:\/\/blogsaverroes.juntadeandalucia.es\/iesalfakar\/files\/2026\/01\/Prog-corta-LCL-25-26.pdf\">Prog corta LCL 25-26<\/a><\/td>\n<\/tr>\n<tr>\n<td style=\"vertical-align: top;width: 152.879%\" colspan=\"2\" rowspan=\"1\">\n<p style=\"text-align: center\">P\u00e1gina actualizada el 7 de Enero 2026<\/p>\n<\/td>\n<\/tr>\n<\/tbody>\n<\/table>\n<p>&nbsp;<\/p>\n","protected":false},"excerpt":{"rendered":"<p>&nbsp; Jefa de Departamento: Mar\u00eda Ortega Castilla Miembros &nbsp; 1. Mar\u00eda Ortega Castilla&nbsp; 2. Francisco Aranda Bullejos 3. Piedad Olmedo Guzm\u00e1n&nbsp; &nbsp; &nbsp; Prog corta LCL 25-26 P\u00e1gina actualizada el 7 de Enero 2026&#46;&#46;&#46;<\/p>\n","protected":false},"author":1,"featured_media":0,"parent":0,"menu_order":0,"comment_status":"open","ping_status":"open","template":"page-templates\/child-menu.php","meta":{"_exactmetrics_skip_tracking":false,"_exactmetrics_sitenote_active":false,"_exactmetrics_sitenote_note":"","_exactmetrics_sitenote_category":0,"ngg_post_thumbnail":0,"footnotes":"","_mc_calendar":[]},"aioseo_notices":[],"_links":{"self":[{"href":"https:\/\/blogsaverroes.juntadeandalucia.es\/iesalfakar\/wp-json\/wp\/v2\/pages\/155"}],"collection":[{"href":"https:\/\/blogsaverroes.juntadeandalucia.es\/iesalfakar\/wp-json\/wp\/v2\/pages"}],"about":[{"href":"https:\/\/blogsaverroes.juntadeandalucia.es\/iesalfakar\/wp-json\/wp\/v2\/types\/page"}],"author":[{"embeddable":true,"href":"https:\/\/blogsaverroes.juntadeandalucia.es\/iesalfakar\/wp-json\/wp\/v2\/users\/1"}],"replies":[{"embeddable":true,"href":"https:\/\/blogsaverroes.juntadeandalucia.es\/iesalfakar\/wp-json\/wp\/v2\/comments?post=155"}],"version-history":[{"count":20,"href":"https:\/\/blogsaverroes.juntadeandalucia.es\/iesalfakar\/wp-json\/wp\/v2\/pages\/155\/revisions"}],"predecessor-version":[{"id":8402,"href":"https:\/\/blogsaverroes.juntadeandalucia.es\/iesalfakar\/wp-json\/wp\/v2\/pages\/155\/revisions\/8402"}],"wp:attachment":[{"href":"https:\/\/blogsaverroes.juntadeandalucia.es\/iesalfakar\/wp-json\/wp\/v2\/media?parent=155"}],"curies":[{"name":"wp","href":"https:\/\/api.w.org\/{rel}","templated":true}]}}